{"id":171,"date":"2023-08-25T09:50:23","date_gmt":"2023-08-25T07:50:23","guid":{"rendered":"https:\/\/wp.unil.ch\/droitetlitterature\/?page_id=171"},"modified":"2024-09-03T11:22:39","modified_gmt":"2024-09-03T09:22:39","slug":"recherche","status":"publish","type":"page","link":"https:\/\/wp.unil.ch\/droitetlitterature\/recherche\/","title":{"rendered":"Recherche"},"content":{"rendered":"\n<h2 class=\"wp-block-heading\">Le courant Droit &amp; Litt\u00e9rature<\/h2>\n\n\n\n<div class=\"wp-block-columns is-layout-flex wp-container-core-columns-is-layout-9d6595d7 wp-block-columns-is-layout-flex\">\n<div class=\"wp-block-column is-layout-flow wp-block-column-is-layout-flow\">\n<p>Le courant Droit et litt\u00e9rature (<em>Law and literature<\/em>) est n\u00e9 aux \u00c9tats-Unis dans les ann\u00e9es septante. Il a ensuite gagn\u00e9 l\u2019Europe par le biais de multiples publications, notamment celles du Prof. Fran\u00e7ois Ost. Depuis 2017, la th\u00e9matique fait l\u2019objet de la revue annuelle <em>Droit et Litt\u00e9rature<\/em>, fond\u00e9e par Nicolas Dissaux et Emmanuelle Filiberti et \u00e9dit\u00e9e par la Librairie g\u00e9n\u00e9rale de droit et de jurisprudence (LGDJ). Enfin, elle donne lieu \u00e0 diff\u00e9rents enseignements acad\u00e9miques, en particulier \u00e0 l\u2019Universit\u00e9 Saint-Louis \u00e0 Bruxelles et \u00e0 la FDCA.&nbsp;<\/p>\n<\/div>\n\n\n\n<div class=\"wp-block-column is-layout-flow wp-block-column-is-layout-flow\">\n<p>On distingue traditionnellement quatre angles d\u2019\u00e9tude&nbsp;:<\/p>\n\n\n\n<ul class=\"wp-block-list\">\n<li>le droit <em>de<\/em> la litt\u00e9rature (libert\u00e9 d\u2019expression, droit d\u2019auteur,&nbsp;<em>etc<\/em>.)&nbsp;<\/li>\n\n\n\n<li>le droit <em>comme<\/em> litt\u00e9rature (le style juridique \u00e0 l\u2019aune du style litt\u00e9raire, et vice versa)<\/li>\n\n\n\n<li>le droit <em>dans<\/em> la litt\u00e9rature (le texte fictionnel comme reflet des situations juridiques)&nbsp;<\/li>\n\n\n\n<li>le droit <em>par<\/em> la litt\u00e9rature, qui vise les hypoth\u00e8ses dans lesquelles un auteur mobilise l\u2019\u00e9criture pour influencer la l\u00e9gislation.<\/li>\n<\/ul>\n<\/div>\n\n\n\n<div class=\"wp-block-column is-layout-flow wp-block-column-is-layout-flow\">\n<p>Le projet de recherche s\u2019inscrit dans la dimension du droit <em>par<\/em> la litt\u00e9rature. Il arrive en effet que la litt\u00e9rature ait un impact direct, m\u00eame s\u2019il est diff\u00e9r\u00e9, sur l\u2019ordre juridique. On pense par exemple au combat contre la peine de mort men\u00e9 par Victor Hugo avec, entre autres, <em>Le Dernier jour d\u2019un condamn\u00e9<\/em> et <em>Claude Gueux<\/em>.<\/p>\n<\/div>\n<\/div>\n","protected":false},"excerpt":{"rendered":"<p>Le courant Droit &amp; Litt\u00e9rature Le courant Droit et litt\u00e9rature (Law and literature) est n\u00e9 aux \u00c9tats-Unis dans les ann\u00e9es septante. Il a ensuite gagn\u00e9 l\u2019Europe par le&hellip;<\/p>\n","protected":false},"author":1002658,"featured_media":223,"parent":0,"menu_order":0,"comment_status":"closed","ping_status":"closed","template":"template-full-width-cover.php","meta":{"_seopress_robots_primary_cat":"","_seopress_titles_title":"","_seopress_titles_desc":"","_seopress_robots_index":"","_EventAllDay":false,"_EventTimezone":"","_EventStartDate":"","_EventEndDate":"","_EventStartDateUTC":"","_EventEndDateUTC":"","_EventShowMap":false,"_EventShowMapLink":false,"_EventURL":"","_EventCost":"","_EventCostDescription":"","_EventCurrencySymbol":"","_EventCurrencyCode":"","_EventCurrencyPosition":"","_EventDateTimeSeparator":"","_EventTimeRangeSeparator":"","_EventOrganizerID":[],"_EventVenueID":[],"_OrganizerEmail":"","_OrganizerPhone":"","_OrganizerWebsite":"","_VenueAddress":"","_VenueCity":"","_VenueCountry":"","_VenueProvince":"","_VenueState":"","_VenueZip":"","_VenuePhone":"","_VenueURL":"","_VenueStateProvince":"","_VenueLat":"","_VenueLng":"","_VenueShowMap":false,"_VenueShowMapLink":false,"footnotes":""},"class_list":["post-171","page","type-page","status-publish","has-post-thumbnail"],"_links":{"self":[{"href":"https:\/\/wp.unil.ch\/droitetlitterature\/wp-json\/wp\/v2\/pages\/171","targetHints":{"allow":["GET"]}}],"collection":[{"href":"https:\/\/wp.unil.ch\/droitetlitterature\/wp-json\/wp\/v2\/pages"}],"about":[{"href":"https:\/\/wp.unil.ch\/droitetlitterature\/wp-json\/wp\/v2\/types\/page"}],"author":[{"embeddable":true,"href":"https:\/\/wp.unil.ch\/droitetlitterature\/wp-json\/wp\/v2\/users\/1002658"}],"replies":[{"embeddable":true,"href":"https:\/\/wp.unil.ch\/droitetlitterature\/wp-json\/wp\/v2\/comments?post=171"}],"version-history":[{"count":1,"href":"https:\/\/wp.unil.ch\/droitetlitterature\/wp-json\/wp\/v2\/pages\/171\/revisions"}],"predecessor-version":[{"id":1718,"href":"https:\/\/wp.unil.ch\/droitetlitterature\/wp-json\/wp\/v2\/pages\/171\/revisions\/1718"}],"wp:featuredmedia":[{"embeddable":true,"href":"https:\/\/wp.unil.ch\/droitetlitterature\/wp-json\/wp\/v2\/media\/223"}],"wp:attachment":[{"href":"https:\/\/wp.unil.ch\/droitetlitterature\/wp-json\/wp\/v2\/media?parent=171"}],"curies":[{"name":"wp","href":"https:\/\/api.w.org\/{rel}","templated":true}]}}