{"id":168,"date":"2023-08-25T09:50:11","date_gmt":"2023-08-25T07:50:11","guid":{"rendered":"https:\/\/wp.unil.ch\/droitetlitterature\/?page_id=168"},"modified":"2024-08-29T20:04:30","modified_gmt":"2024-08-29T18:04:30","slug":"actualites","status":"publish","type":"page","link":"https:\/\/wp.unil.ch\/droitetlitterature\/actualites\/","title":{"rendered":"Actualit\u00e9s"},"content":{"rendered":"\n<h2 class=\"wp-block-heading has-primary-color has-text-color has-link-color wp-elements-332cebe502121f5e24fd4fcd867373eb\"><a href=\"https:\/\/wp.unil.ch\/droitetlitterature\/events\/\">Ev\u00e8nements<\/a><\/h2>\n\n\n<div id=\"ect-no-events\"><p>There are no upcoming events at this time<\/p><\/div>\n\n\n<div class=\"wp-block-columns is-layout-flex wp-container-core-columns-is-layout-9d6595d7 wp-block-columns-is-layout-flex\">\n<div class=\"wp-block-column is-layout-flow wp-block-column-is-layout-flow\">\n<h2 class=\"wp-block-heading has-primary-color has-text-color has-link-color wp-elements-0c4c3cdbd5f4908185faa24174a5a4bd\"><a href=\"https:\/\/wp.unil.ch\/droitetlitterature\/category\/uncategorized\/\">Parutions<\/a><\/h2>\n\n\n<ul class=\"wp-block-latest-posts__list has-author wp-block-latest-posts\"><li><div class=\"wp-block-latest-posts__featured-image alignleft\"><img loading=\"lazy\" decoding=\"async\" width=\"150\" height=\"150\" src=\"https:\/\/wp.unil.ch\/droitetlitterature\/files\/2026\/03\/capture-decran-2026-03-30-a-19.54.52-150x150.png\" class=\"attachment-thumbnail size-thumbnail wp-post-image\" alt=\"Law &amp; Literature in Europe\" style=\"\" \/><\/div><a class=\"wp-block-latest-posts__post-title\" href=\"https:\/\/wp.unil.ch\/droitetlitterature\/nouvelle-collection-law-literature-aux-editions-springer\/\">Nouvelle collection Law &amp; Literature aux \u00c9ditions Springer !<\/a><div class=\"wp-block-latest-posts__post-author\">par Camille Loutsch<\/div><div class=\"wp-block-latest-posts__post-excerpt\">Alexandra Juster, membre de notre r\u00e9seau et membre du working group \u00ab\u00a0Les jeunes chercheur-se-s en Droit &amp; Litt\u00e9rature\u00a0\u00bb vient de lancer une nouvelle collection intitul\u00e9e \u00ab\u00a0Law and Literature in Europe\u00a0\u00bb About this book series \u00ab\u00a0The series\u00a0Law and Literature in Europe\u00a0provides a platform for anthologies and monographs that explore European research at the intersection of law&hellip;<\/div><\/li>\n<li><div class=\"wp-block-latest-posts__featured-image alignleft\"><img loading=\"lazy\" decoding=\"async\" width=\"150\" height=\"150\" src=\"https:\/\/wp.unil.ch\/droitetlitterature\/files\/2026\/02\/capture-decran-2026-02-05-a-18.36.09-150x150.png\" class=\"attachment-thumbnail size-thumbnail wp-post-image\" alt=\"UNIL_Logo\" style=\"\" \/><\/div><a class=\"wp-block-latest-posts__post-title\" href=\"https:\/\/wp.unil.ch\/droitetlitterature\/le-laboratoire-droit-litterature-represente-au-rendez-vous-de-linnovation-de-lunil\/\">Le Laboratoire Droit &amp; Litt\u00e9rature repr\u00e9sent\u00e9 au Rendez-vous de l\u2019innovation de l\u2019UNIL<\/a><div class=\"wp-block-latest-posts__post-author\">par Camille Loutsch<\/div><div class=\"wp-block-latest-posts__post-excerpt\">Comme chaque ann\u00e9e, le Rendez-vous de l\u2019innovation invite la communaut\u00e9 acad\u00e9mique de la Facult\u00e9 \u00e0 partager ses exp\u00e9riences en mati\u00e8re de m\u00e9thodes d\u2019enseignement et de recherche. Cette \u00e9dition 2026 se penchera sur les modalit\u00e9s de traitement de sujets dits \u00ab sensibles \u00bb. Peut-on lire un auteur condamn\u00e9&nbsp;? La litt\u00e9rature permet-elle d\u2019aborder l\u2019injustice quand elle s\u2019apparente&hellip;<\/div><\/li>\n<li><div class=\"wp-block-latest-posts__featured-image alignleft\"><img loading=\"lazy\" decoding=\"async\" width=\"150\" height=\"150\" src=\"https:\/\/wp.unil.ch\/droitetlitterature\/files\/2025\/11\/image1-768x512-1-150x150.jpg\" class=\"attachment-thumbnail size-thumbnail wp-post-image\" alt=\"image1 768x512\" style=\"\" \/><\/div><a class=\"wp-block-latest-posts__post-title\" href=\"https:\/\/wp.unil.ch\/droitetlitterature\/parution-des-actes-de-colloque-colloque-du-2-mai-2025-la-litterature-indiciaire-au-service-de-la-verite-judiciaire-elementaire-mon-cher-watson\/\">Parution des actes de colloque &#8211; Colloque du 2 mai 2025 : \u00ab\u00a0La litt\u00e9rature indiciaire au service de la v\u00e9rit\u00e9 judiciaire ? \u00c9l\u00e9mentaire mon cher Watson\u00a0\u00bb<\/a><div class=\"wp-block-latest-posts__post-author\">par Max<\/div><div class=\"wp-block-latest-posts__post-excerpt\">Retrouvez sur le site internet de Fabula les actes du colloque \u00ab\u00a0La litt\u00e9rature indiciaire au service de la v\u00e9rit\u00e9 judiciaire ? \u00c9l\u00e9mentaire mon cher Watson\u00a0\u00bb qui s&rsquo;est d\u00e9roul\u00e9 durant la journ\u00e9e du 2 mai 2025.<\/div><\/li>\n<li><div class=\"wp-block-latest-posts__featured-image alignleft\"><img loading=\"lazy\" decoding=\"async\" width=\"150\" height=\"150\" src=\"https:\/\/wp.unil.ch\/droitetlitterature\/files\/2025\/11\/9782275158785-150x150.jpg\" class=\"attachment-thumbnail size-thumbnail wp-post-image\" alt=\"9782275158785\" style=\"\" \/><\/div><a class=\"wp-block-latest-posts__post-title\" href=\"https:\/\/wp.unil.ch\/droitetlitterature\/parution-revue-droit-et-litterature-n9-2025\/\">Parution : Revue Droit et Litt\u00e9rature n\u00b09 (2025)<\/a><div class=\"wp-block-latest-posts__post-author\">par Max<\/div><div class=\"wp-block-latest-posts__post-excerpt\">Le th\u00e8me : \u00ab\u00a0L\u00e0 o\u00f9 se d\u00e9ploie le monde&#8230;\u00a0\u00bb La Revue Droit et Litt\u00e9rature est parue ! Vous pouvez d\u00e8s \u00e0 pr\u00e9sent vous la procurer en cliquant ici. Vous y retrouverez notamment un article r\u00e9dig\u00e9 en collaboration avec le Laboratoire Droit &amp; Litt\u00e9rature (par ses cofondateurs Charlotte Dufour et Lo\u00efc Parein) : \u00ab\u00a0La puissance instituante&hellip;<\/div><\/li>\n<li><div class=\"wp-block-latest-posts__featured-image alignleft\"><img loading=\"lazy\" decoding=\"async\" width=\"150\" height=\"150\" src=\"https:\/\/wp.unil.ch\/droitetlitterature\/files\/2025\/11\/pexels-caio-46274-150x150.jpg\" class=\"attachment-thumbnail size-thumbnail wp-post-image\" alt=\"pexels caio 46274\" style=\"\" \/><\/div><a class=\"wp-block-latest-posts__post-title\" href=\"https:\/\/wp.unil.ch\/droitetlitterature\/parution-lethique-tragique-dheraclite-a-walter-benjamin-de-peggy-larrieu\/\">Parution : \u00ab\u00a0L\u2019\u00e9thique tragique, D\u2019H\u00e9raclite \u00e0 Walter Benjamin\u00a0\u00bb, de Peggy Larrieu<\/a><div class=\"wp-block-latest-posts__post-author\">par Max<\/div><div class=\"wp-block-latest-posts__post-excerpt\">\u00ab\u00a0Lorsqu\u2019une juriste rencontre la philosophie tragique, cela donne naissance \u00e0 une \u00ab\u2009\u00e9thique tragique\u2009\u00bb, qui se distingue d\u2019une morale. Ce livre offre la parole \u00e0 neuf penseurs, allant d\u2019H\u00e9raclite \u00e0 Walter Benjamin, en passant par Georges Bataille et L\u00e9on Chestov. Chacun d\u2019eux, subversif et audacieux, a remis en question les valeurs qui ont \u00e9t\u00e9 \u00e9rig\u00e9es en&hellip;<\/div><\/li>\n<li><div class=\"wp-block-latest-posts__featured-image alignleft\"><img loading=\"lazy\" decoding=\"async\" width=\"150\" height=\"150\" src=\"https:\/\/wp.unil.ch\/droitetlitterature\/files\/2025\/11\/couverture-tintin-au-congo_v3-150x150.jpg\" class=\"attachment-thumbnail size-thumbnail wp-post-image\" alt=\"couverture tintin au congo v3\" style=\"\" \/><\/div><a class=\"wp-block-latest-posts__post-title\" href=\"https:\/\/wp.unil.ch\/droitetlitterature\/podcast-affaires-sensibles-tintin-au-congo-histoire-dun-vestige-france-inter\/\">Podcast Affaires sensibles : \u00ab Tintin au Congo\u00a0: histoire d\u2019un vestige \u00bb, France Inter<\/a><div class=\"wp-block-latest-posts__post-author\">par Max<\/div><div class=\"wp-block-latest-posts__post-excerpt\">Un podcast sur l&rsquo;un des albums les plus vendus de Herg\u00e9, mais de loin \u00e9galement le plus sensible : \u00ab\u00a0Tintin au Congo\u00a0\u00bb est-il un ouvrage raciste ? Pour \u00e9couter le podcast, veuillez cliquer sur ce lien. Pour en savoir plus concernant la saga judiciaire \u00ab\u00a0Tintin au Congo\u00a0\u00bb, vous pouvez consulter l&rsquo;article suivant : La Cour&hellip;<\/div><\/li>\n<li><div class=\"wp-block-latest-posts__featured-image alignleft\"><img loading=\"lazy\" decoding=\"async\" width=\"150\" height=\"150\" src=\"https:\/\/wp.unil.ch\/droitetlitterature\/files\/2024\/12\/400x400_sc_les-detenus-remettent-leur-goncourt-150x150.webp\" class=\"attachment-thumbnail size-thumbnail wp-post-image\" alt=\"\" style=\"\" srcset=\"https:\/\/wp.unil.ch\/droitetlitterature\/files\/2024\/12\/400x400_sc_les-detenus-remettent-leur-goncourt-150x150.webp 150w, https:\/\/wp.unil.ch\/droitetlitterature\/files\/2024\/12\/400x400_sc_les-detenus-remettent-leur-goncourt-300x300.webp 300w, https:\/\/wp.unil.ch\/droitetlitterature\/files\/2024\/12\/400x400_sc_les-detenus-remettent-leur-goncourt.webp 400w\" sizes=\"auto, (max-width: 150px) 100vw, 150px\" \/><\/div><a class=\"wp-block-latest-posts__post-title\" href=\"https:\/\/wp.unil.ch\/droitetlitterature\/documentaire-le-goncourt-des-detenus\/\">Documentaire \u00ab\u00a0Le Goncourt des d\u00e9tenus\u00a0\u00bb<\/a><div class=\"wp-block-latest-posts__post-author\">par Max<\/div><div class=\"wp-block-latest-posts__post-excerpt\">Diffus\u00e9 le 03\/11\/2025 \u00e0 22h57 &#8211; Disponible jusqu&rsquo;au 18\/04\/2026 Le Goncourt des d\u00e9tenus propose une immersion le temps d&rsquo;un automne avec quatre jur\u00e9s de l&rsquo;ombre, et interroge le r\u00f4le de la culture pour des lecteurs priv\u00e9s de libert\u00e9. Ce documentaire emm\u00e8ne au c\u0153ur de la 3e \u00e9dition du plus illustre des prix litt\u00e9raires, organis\u00e9 dans&hellip;<\/div><\/li>\n<\/ul><\/div>\n<\/div>\n\n\n\n<h2 class=\"wp-block-heading has-primary-color has-text-color has-link-color wp-elements-62c380598e22c29e225a401b8d21f4a3\"><a href=\"https:\/\/wp.unil.ch\/droitetlitterature\/events\/liste\/?eventDisplay=past\">Voir les \u00e9v\u00e8nements pass\u00e9s<\/a><\/h2>\n","protected":false},"excerpt":{"rendered":"<p>Ev\u00e8nements Parutions Voir les \u00e9v\u00e8nements pass\u00e9s<\/p>\n","protected":false},"author":1002658,"featured_media":240,"parent":0,"menu_order":0,"comment_status":"closed","ping_status":"closed","template":"template-full-width-cover.php","meta":{"_seopress_robots_primary_cat":"","_seopress_titles_title":"","_seopress_titles_desc":"","_seopress_robots_index":"","_seopress_analysis_target_kw":"","_EventAllDay":false,"_EventTimezone":"","_EventStartDate":"","_EventEndDate":"","_EventStartDateUTC":"","_EventEndDateUTC":"","_EventShowMap":false,"_EventShowMapLink":false,"_EventURL":"","_EventCost":"","_EventCostDescription":"","_EventCurrencySymbol":"","_EventCurrencyCode":"","_EventCurrencyPosition":"","_EventDateTimeSeparator":"","_EventTimeRangeSeparator":"","_EventOrganizerID":[],"_EventVenueID":[],"_OrganizerEmail":"","_OrganizerPhone":"","_OrganizerWebsite":"","_VenueAddress":"","_VenueCity":"","_VenueCountry":"","_VenueProvince":"","_VenueState":"","_VenueZip":"","_VenuePhone":"","_VenueURL":"","_VenueStateProvince":"","_VenueLat":"","_VenueLng":"","_VenueShowMap":false,"_VenueShowMapLink":false,"footnotes":""},"class_list":["post-168","page","type-page","status-publish","has-post-thumbnail"],"_links":{"self":[{"href":"https:\/\/wp.unil.ch\/droitetlitterature\/wp-json\/wp\/v2\/pages\/168","targetHints":{"allow":["GET"]}}],"collection":[{"href":"https:\/\/wp.unil.ch\/droitetlitterature\/wp-json\/wp\/v2\/pages"}],"about":[{"href":"https:\/\/wp.unil.ch\/droitetlitterature\/wp-json\/wp\/v2\/types\/page"}],"author":[{"embeddable":true,"href":"https:\/\/wp.unil.ch\/droitetlitterature\/wp-json\/wp\/v2\/users\/1002658"}],"replies":[{"embeddable":true,"href":"https:\/\/wp.unil.ch\/droitetlitterature\/wp-json\/wp\/v2\/comments?post=168"}],"version-history":[{"count":5,"href":"https:\/\/wp.unil.ch\/droitetlitterature\/wp-json\/wp\/v2\/pages\/168\/revisions"}],"predecessor-version":[{"id":1710,"href":"https:\/\/wp.unil.ch\/droitetlitterature\/wp-json\/wp\/v2\/pages\/168\/revisions\/1710"}],"wp:featuredmedia":[{"embeddable":true,"href":"https:\/\/wp.unil.ch\/droitetlitterature\/wp-json\/wp\/v2\/media\/240"}],"wp:attachment":[{"href":"https:\/\/wp.unil.ch\/droitetlitterature\/wp-json\/wp\/v2\/media?parent=168"}],"curies":[{"name":"wp","href":"https:\/\/api.w.org\/{rel}","templated":true}]}}