{"id":165,"date":"2023-08-25T09:49:49","date_gmt":"2023-08-25T07:49:49","guid":{"rendered":"https:\/\/wp.unil.ch\/droitetlitterature\/?page_id=165"},"modified":"2025-11-28T22:18:52","modified_gmt":"2025-11-28T21:18:52","slug":"reseau","status":"publish","type":"page","link":"https:\/\/wp.unil.ch\/droitetlitterature\/reseau\/","title":{"rendered":"R\u00e9seau"},"content":{"rendered":"\n<p>Sont membres du r\u00e9seau du Laboratoire Droit &amp; Litt\u00e9rature : <\/p>\n\n\n\n<figure class=\"wp-block-table is-style-stripes cesure\"><table class=\"has-fixed-layout\"><thead><tr><th class=\"has-text-align-left\" data-align=\"left\">Nom<\/th><th class=\"has-text-align-left\" data-align=\"left\">Institut de rattachement<\/th><th class=\"has-text-align-left\" data-align=\"left\">Pays<\/th><\/tr><\/thead><tbody><tr><td class=\"has-text-align-left\" data-align=\"left\">Arzoumanov Anna<\/td><td class=\"has-text-align-left\" data-align=\"left\">Sorbonne Universit\u00e9<\/td><td class=\"has-text-align-left\" data-align=\"left\">France<\/td><\/tr><tr><td class=\"has-text-align-left\" data-align=\"left\">Baron Christine<\/td><td class=\"has-text-align-left\" data-align=\"left\">Universit\u00e9 de Poitiers<\/td><td class=\"has-text-align-left\" data-align=\"left\">France<\/td><\/tr><tr><td class=\"has-text-align-left\" data-align=\"left\">Berbati Arta<\/td><td class=\"has-text-align-left\" data-align=\"left\">Universit\u00e9 de Lausanne<\/td><td class=\"has-text-align-left\" data-align=\"left\">Suisse<\/td><\/tr><tr><td class=\"has-text-align-left\" data-align=\"left\">Cantillo Max<\/td><td class=\"has-text-align-left\" data-align=\"left\">Universit\u00e9 de Lausanne<\/td><td class=\"has-text-align-left\" data-align=\"left\">Suisse<\/td><\/tr><tr><td class=\"has-text-align-left\" data-align=\"left\">Charbonnier Gil<\/td><td class=\"has-text-align-left\" data-align=\"left\">Aix-Marseille Universit\u00e9<\/td><td class=\"has-text-align-left\" data-align=\"left\">France<\/td><\/tr><tr><td class=\"has-text-align-left\" data-align=\"left\">Coquoz Esther<\/td><td class=\"has-text-align-left\" data-align=\"left\">Radio T\u00e9l\u00e9vision Suisse (RTS)<\/td><td class=\"has-text-align-left\" data-align=\"left\">Suisse<\/td><\/tr><tr><td class=\"has-text-align-left\" data-align=\"left\">Curran Kevin<\/td><td class=\"has-text-align-left\" data-align=\"left\">Universit\u00e9 de Lausanne<\/td><td class=\"has-text-align-left\" data-align=\"left\">Suisse<\/td><\/tr><tr><td class=\"has-text-align-left\" data-align=\"left\">David J\u00e9r\u00f4me<\/td><td class=\"has-text-align-left\" data-align=\"left\">Universit\u00e9 de Gen\u00e8ve<\/td><td class=\"has-text-align-left\" data-align=\"left\">Suisse<\/td><\/tr><tr><td class=\"has-text-align-left\" data-align=\"left\">Delay Vincent<\/td><td class=\"has-text-align-left\" data-align=\"left\">Police cantonale vaudoise<\/td><td class=\"has-text-align-left\" data-align=\"left\">Suisse<\/td><\/tr><tr><td class=\"has-text-align-left\" data-align=\"left\">Dissaux Nicolas<\/td><td class=\"has-text-align-left\" data-align=\"left\">Le Mans Universit\u00e9<\/td><td class=\"has-text-align-left\" data-align=\"left\">France<\/td><\/tr><tr><td class=\"has-text-align-left\" data-align=\"left\">Dufour Charlotte<\/td><td class=\"has-text-align-left\" data-align=\"left\">Universit\u00e9 de Lausanne<\/td><td class=\"has-text-align-left\" data-align=\"left\">Suisse<\/td><\/tr><tr><td class=\"has-text-align-left\" data-align=\"left\">Feuz Nicolas<\/td><td class=\"has-text-align-left\" data-align=\"left\"><\/td><td class=\"has-text-align-left\" data-align=\"left\">Suisse<\/td><\/tr><tr><td class=\"has-text-align-left\" data-align=\"left\">Gonon Laetitia<\/td><td class=\"has-text-align-left\" data-align=\"left\">Universit\u00e9 de Rouen Normandie<\/td><td class=\"has-text-align-left\" data-align=\"left\">France<\/td><\/tr><tr><td class=\"has-text-align-left\" data-align=\"left\">Gu\u00e9ry Christian <\/td><td class=\"has-text-align-left\" data-align=\"left\"><\/td><td class=\"has-text-align-left\" data-align=\"left\">France<\/td><\/tr><tr><td class=\"has-text-align-left\" data-align=\"left\">Jacquelin Alice<\/td><td class=\"has-text-align-left\" data-align=\"left\">Universit\u00e9 Paris Nanterre<\/td><td class=\"has-text-align-left\" data-align=\"left\">France<\/td><\/tr><tr><td class=\"has-text-align-left\" data-align=\"left\">Jaussi Sophie<\/td><td class=\"has-text-align-left\" data-align=\"left\">Universit\u00e9 de Fribourg<\/td><td class=\"has-text-align-left\" data-align=\"left\">Suisse<\/td><\/tr><tr><td class=\"has-text-align-left\" data-align=\"left\">Jeanneret Sylvie<\/td><td class=\"has-text-align-left\" data-align=\"left\">Universit\u00e9 de Fribourg<\/td><td class=\"has-text-align-left\" data-align=\"left\">Suisse<\/td><\/tr><tr><td class=\"has-text-align-left\" data-align=\"left\">Juster Alexandra<\/td><td class=\"has-text-align-left\" data-align=\"left\">Universit\u00e9 d&rsquo;Innsbruck<\/td><td class=\"has-text-align-left\" data-align=\"left\">Autriche<\/td><\/tr><tr><td class=\"has-text-align-left\" data-align=\"left\">Kiesow Rainer&nbsp;Maria<\/td><td class=\"has-text-align-left\" data-align=\"left\">\u00c9cole des hautes \u00e9tudes en sciences sociales (EHESS)<\/td><td class=\"has-text-align-left\" data-align=\"left\">France<\/td><\/tr><tr><td class=\"has-text-align-left\" data-align=\"left\">Lalani Shaheeza<\/td><td class=\"has-text-align-left\" data-align=\"left\">Universit\u00e9 de Lausanne<\/td><td class=\"has-text-align-left\" data-align=\"left\">Suisse<\/td><\/tr><tr><td class=\"has-text-align-left\" data-align=\"left\">Larrieu Peggy<\/td><td class=\"has-text-align-left\" data-align=\"left\">Aix-Marseille Universit\u00e9<\/td><td class=\"has-text-align-left\" data-align=\"left\">France<\/td><\/tr><tr><td class=\"has-text-align-left\" data-align=\"left\">Leichter-Flack Fr\u00e9d\u00e9rique<\/td><td class=\"has-text-align-left\" data-align=\"left\">Sciences Po<\/td><td class=\"has-text-align-left\" data-align=\"left\">France<\/td><\/tr><tr><td class=\"has-text-align-left\" data-align=\"left\">Loutsch Camille<\/td><td class=\"has-text-align-left\" data-align=\"left\">Universit\u00e9 de Neuch\u00e2tel <\/td><td class=\"has-text-align-left\" data-align=\"left\">Suisse<\/td><\/tr><tr><td class=\"has-text-align-left\" data-align=\"left\">Martin Alexandre<\/td><td class=\"has-text-align-left\" data-align=\"left\">Universit\u00e9 de Bordeaux<\/td><td class=\"has-text-align-left\" data-align=\"left\">France<\/td><\/tr><tr><td class=\"has-text-align-left\" data-align=\"left\">Meizoz J\u00e9r\u00f4me<\/td><td class=\"has-text-align-left\" data-align=\"left\">Universit\u00e9 de Lausanne<\/td><td class=\"has-text-align-left\" data-align=\"left\">Suisse<\/td><\/tr><tr><td class=\"has-text-align-left\" data-align=\"left\">Meyer-Bolzinger Dominique<\/td><td class=\"has-text-align-left\" data-align=\"left\">Universit\u00e9 de Haute-Alsace<\/td><td class=\"has-text-align-left\" data-align=\"left\">France<\/td><\/tr><tr><td class=\"has-text-align-left\" data-align=\"left\">Ney Seema<\/td><td class=\"has-text-align-left\" data-align=\"left\">Universit\u00e9 de Lausanne<\/td><td class=\"has-text-align-left\" data-align=\"left\">Suisse<\/td><\/tr><tr><td class=\"has-text-align-left\" data-align=\"left\">Ost Fran\u00e7ois<\/td><td class=\"has-text-align-left\" data-align=\"left\">Universit\u00e9 Saint-Louis<\/td><td class=\"has-text-align-left\" data-align=\"left\">Belgique<\/td><\/tr><tr><td class=\"has-text-align-left\" data-align=\"left\">Parein Lo\u00efc<\/td><td class=\"has-text-align-left\" data-align=\"left\">Universit\u00e9 de Lausanne<\/td><td class=\"has-text-align-left\" data-align=\"left\">Suisse<\/td><\/tr><tr><td class=\"has-text-align-left\" data-align=\"left\">Peroz Anne<\/td><td class=\"has-text-align-left\" data-align=\"left\">Universit\u00e9 de Lausanne<\/td><td class=\"has-text-align-left\" data-align=\"left\">Suisse<\/td><\/tr><tr><td class=\"has-text-align-left\" data-align=\"left\">Rigoni Clara<\/td><td class=\"has-text-align-left\" data-align=\"left\">Universit\u00e9 de Lausanne<\/td><td class=\"has-text-align-left\" data-align=\"left\">Suisse<\/td><\/tr><tr><td class=\"has-text-align-left\" data-align=\"left\">Salas Denis<\/td><td class=\"has-text-align-left\" data-align=\"left\">Association fran\u00e7aise pour l&rsquo;histoire de la justice (AFHJ)<\/td><td class=\"has-text-align-left\" data-align=\"left\">France<\/td><\/tr><tr><td class=\"has-text-align-left\" data-align=\"left\">Verrey Coralie<\/td><td class=\"has-text-align-left\" data-align=\"left\">Gymnase de Beaulieu<\/td><td class=\"has-text-align-left\" data-align=\"left\">Suisse<\/td><\/tr><tr><td class=\"has-text-align-left\" data-align=\"left\">Vuille Jo\u00eblle<\/td><td class=\"has-text-align-left\" data-align=\"left\">Universit\u00e9 de Fribourg<\/td><td class=\"has-text-align-left\" data-align=\"left\">Suisse<\/td><\/tr><\/tbody><\/table><\/figure>\n\n\n\n<p><br><br><\/p>\n","protected":false},"excerpt":{"rendered":"<p>Sont membres du r\u00e9seau du Laboratoire Droit &amp; Litt\u00e9rature : Nom Institut de rattachement Pays Arzoumanov Anna Sorbonne Universit\u00e9 France Baron Christine Universit\u00e9 de Poitiers France Berbati Arta&hellip;<\/p>\n","protected":false},"author":1002658,"featured_media":409,"parent":0,"menu_order":0,"comment_status":"closed","ping_status":"closed","template":"template-full-width-cover.php","meta":{"_seopress_robots_primary_cat":"","_seopress_titles_title":"","_seopress_titles_desc":"","_seopress_robots_index":"","_EventAllDay":false,"_EventTimezone":"","_EventStartDate":"","_EventEndDate":"","_EventStartDateUTC":"","_EventEndDateUTC":"","_EventShowMap":false,"_EventShowMapLink":false,"_EventURL":"","_EventCost":"","_EventCostDescription":"","_EventCurrencySymbol":"","_EventCurrencyCode":"","_EventCurrencyPosition":"","_EventDateTimeSeparator":"","_EventTimeRangeSeparator":"","_EventOrganizerID":[],"_EventVenueID":[],"_OrganizerEmail":"","_OrganizerPhone":"","_OrganizerWebsite":"","_VenueAddress":"","_VenueCity":"","_VenueCountry":"","_VenueProvince":"","_VenueState":"","_VenueZip":"","_VenuePhone":"","_VenueURL":"","_VenueStateProvince":"","_VenueLat":"","_VenueLng":"","_VenueShowMap":false,"_VenueShowMapLink":false,"footnotes":""},"class_list":["post-165","page","type-page","status-publish","has-post-thumbnail"],"_links":{"self":[{"href":"https:\/\/wp.unil.ch\/droitetlitterature\/wp-json\/wp\/v2\/pages\/165","targetHints":{"allow":["GET"]}}],"collection":[{"href":"https:\/\/wp.unil.ch\/droitetlitterature\/wp-json\/wp\/v2\/pages"}],"about":[{"href":"https:\/\/wp.unil.ch\/droitetlitterature\/wp-json\/wp\/v2\/types\/page"}],"author":[{"embeddable":true,"href":"https:\/\/wp.unil.ch\/droitetlitterature\/wp-json\/wp\/v2\/users\/1002658"}],"replies":[{"embeddable":true,"href":"https:\/\/wp.unil.ch\/droitetlitterature\/wp-json\/wp\/v2\/comments?post=165"}],"version-history":[{"count":4,"href":"https:\/\/wp.unil.ch\/droitetlitterature\/wp-json\/wp\/v2\/pages\/165\/revisions"}],"predecessor-version":[{"id":2625,"href":"https:\/\/wp.unil.ch\/droitetlitterature\/wp-json\/wp\/v2\/pages\/165\/revisions\/2625"}],"wp:featuredmedia":[{"embeddable":true,"href":"https:\/\/wp.unil.ch\/droitetlitterature\/wp-json\/wp\/v2\/media\/409"}],"wp:attachment":[{"href":"https:\/\/wp.unil.ch\/droitetlitterature\/wp-json\/wp\/v2\/media?parent=165"}],"curies":[{"name":"wp","href":"https:\/\/api.w.org\/{rel}","templated":true}]}}