{"id":1648,"date":"2024-09-03T11:22:03","date_gmt":"2024-09-03T09:22:03","guid":{"rendered":"https:\/\/wp.unil.ch\/droitetlitterature\/?page_id=1648"},"modified":"2026-02-01T19:08:49","modified_gmt":"2026-02-01T18:08:49","slug":"la-litterature-indiciaire-au-service-de-la-verite-judiciaire-elementaire-mon-cher-watson","status":"publish","type":"page","link":"https:\/\/wp.unil.ch\/droitetlitterature\/la-litterature-indiciaire-au-service-de-la-verite-judiciaire-elementaire-mon-cher-watson\/","title":{"rendered":"La litt\u00e9rature indiciaire au service de la v\u00e9rit\u00e9 judiciaire ? \u00c9l\u00e9mentaire, mon cher Watson !"},"content":{"rendered":"\n<p>Pour l\u2019ann\u00e9e 2024-2025,&nbsp;le&nbsp;Laboratoire Droit et Litt\u00e9rature s&rsquo;est concentr\u00e9 sur un nouvel axe de recherche, explorant le r\u00f4le de la litt\u00e9rature indiciaire dans la manifestation de la v\u00e9rit\u00e9 judiciaire. Ce projet s\u2019est&nbsp;plus&nbsp;particuli\u00e8rement int\u00e9ress\u00e9 \u00e0 la question du d\u00e9tail&nbsp;comme&nbsp;outil d\u2019investigation et de d\u00e9chiffrement, crucial tant&nbsp;en&nbsp;litt\u00e9rature que dans la pratique judiciaire.<\/p>\n\n\n\n<p>\u00c0 partir du moment o\u00f9 le d\u00e9tail est per\u00e7u comme une trace de la r\u00e9alit\u00e9, il devient un indice, c\u2019est-\u00e0-dire un r\u00e9ceptacle de signification \u00e0 (re)construire, permettant de poser des questions essentielles sur le sens. Ce que l\u2019historien Carlo Ginzburg appelle le \u00ab\u00a0paradigme indiciaire\u00a0\u00bb est particuli\u00e8rement pertinent pour comprendre les productions litt\u00e9raires du XIX<sup>e<\/sup>\u00a0si\u00e8cle, comme le roman r\u00e9aliste et le roman policier. Ce dernier, en tant que genre moderne, illustre\u00a0notamment\u00a0ce paradigme en exploitant le d\u00e9tail comme cl\u00e9 narrative pour saisir le r\u00e9el\u00a0et pour ficeler une intrigue autour de la r\u00e9solution des enqu\u00eates criminelles.<\/p>\n\n\n\n<h2 class=\"wp-block-heading\">R\u00e9sultats de la recherche : <\/h2>\n\n\n\n<p><strong>Colloque du 2 mai 2025 \u00ab\u00a0La litt\u00e9rature indiciaire au service de la v\u00e9rit\u00e9 judiciaire ? \u00c9l\u00e9mentaire mon cher Watson\u00a0\u00bb<\/strong> : Le\u00a0projet a permis de r\u00e9unir plusieurs intervenant-e-s lors d&rsquo;un colloque co-organis\u00e9 par Lo\u00efc Parein, Charlotte Dufour avec l&rsquo;aide de Max Cantillo le 2 mai 2025. Ce fut l\u2019occasion d\u2019observer les \u00e9changes entre les romans policiers et judiciaires d\u2019une part et le droit d\u2019autre part dans une perspective interdisciplinaire. A \u00e9t\u00e9 particuli\u00e8rement examin\u00e9 le r\u00f4le de la production litt\u00e9raire dans la manifestation de la v\u00e9rit\u00e9 judiciaire, par le biais, par exemple, de la question du d\u00e9tail comme\u00a0outil d\u2019investigation et de d\u00e9chiffrement, crucial tant\u00a0en\u00a0litt\u00e9rature que dans la pratique judiciaire. Les actes du colloque ont fait l&rsquo;objet d&rsquo;une publication en ligne sur Fabula. Ces interventions ont assur\u00e9ment r\u00e9v\u00e9l\u00e9 la f\u00e9condit\u00e9 du rapprochement des deux disciplines dans une perspective de mutualisation des r\u00e9flexions. <a href=\"https:\/\/wp.unil.ch\/droitetlitterature\/files\/2025\/03\/flyer_2025.pdf\" data-type=\"link\" data-id=\"https:\/\/wp.unil.ch\/droitetlitterature\/files\/2025\/03\/flyer_2025.pdf\">Programme du colloque (en format PDF)<\/a>.<\/p>\n\n\n\n<p><strong>Actes du colloques<\/strong> : Les actes du colloques ont \u00e9t\u00e9 publi\u00e9s et sont disponibles sur le<strong>\u00a0<a href=\"https:\/\/www.fabula.org\/colloques\/sommaire14242.php\" target=\"_blank\" rel=\"noreferrer noopener\">site internet de Fabula<\/a><\/strong>.<\/p>\n\n\n\n<p><strong>Collaboration avec les m\u00e9dias <\/strong>: Dans un hors-s\u00e9rie de \u00ab\u00a0Crimes suisses\u00a0\u00bb intitul\u00e9 \u00ab\u00a0Polars et justice\u00a0\u00bb (\u00e9t\u00e9 2025), la journaliste Esther Coquoz explore l&rsquo;univers des auteurs et autrices de polar pour \u00e9tudier les liens entre fiction et r\u00e9alit\u00e9. Le podcast r\u00e9unit de nombreux invit\u00e9s, tels Marc Voltenauer, auteur de polars reconnu, Pascale Robert-Diard, autrice et chroniqueuse judiciaire au Monde ou encore Nicolas Feuz, procureur et \u00e9crivain &#8211; une double casquette rare qui apporte un \u00e9clairage unique -, et Lo\u00efc Parein, avocat sp\u00e9cialiste en droit p\u00e9nal. \u00c0 retrouver <a href=\"https:\/\/www.rts.ch\/info\/societe\/2025\/article\/podcast-polars-et-justice-quand-la-fiction-inspire-l-enquete-criminelle-28937520.html\" data-type=\"link\" data-id=\"https:\/\/www.rts.ch\/info\/societe\/2025\/article\/podcast-polars-et-justice-quand-la-fiction-inspire-l-enquete-criminelle-28937520.html\" target=\"_blank\" rel=\"noreferrer noopener\">sur la RTS<\/a> et <a href=\"https:\/\/open.spotify.com\/show\/6sJ8iWTKy5YClUIA3BDVS9\" data-type=\"link\" data-id=\"https:\/\/open.spotify.com\/show\/6sJ8iWTKy5YClUIA3BDVS9\">sur Spotify<\/a>.<\/p>\n\n\n\n<p><strong>Collaboration avec Plume de Justice <\/strong>: Le 11 novembre 2024, le projet Plume de Justice de l&rsquo;Universit\u00e9 de Neuch\u00e2tel en collaboration avec le Laboratoire Droit &amp; Litt\u00e9rature, organisait un d\u00e9bat intitul\u00e9 \u00ab\u00a0Que peut le roman policier pour la v\u00e9rit\u00e9 judiciaire\u00a0\u00bb r\u00e9unissant Marc Voltenauer et Lo\u00efc Parein autour de l&rsquo;ouvrage \u00ab\u00a0Fatal ab\u00eeme\u00a0\u00bb. Le d\u00e9bat \u00e9tait mod\u00e9r\u00e9 par Camille Loutsch et Micha\u00ebl Althaus (Universit\u00e9 de Neuch\u00e2tel). Flyer disponible <a href=\"https:\/\/wp.unil.ch\/droitetlitterature\/files\/2024\/09\/UNIL_PJU_E.M.V_AFFICHE.v.3.1.jpg\" data-type=\"link\" data-id=\"https:\/\/wp.unil.ch\/droitetlitterature\/files\/2024\/09\/UNIL_PJU_E.M.V_AFFICHE.v.3.1.jpg\" target=\"_blank\" rel=\"noreferrer noopener\">ici<\/a>.<\/p>\n\n\n\n<div class=\"wp-block-group\"><div class=\"wp-block-group__inner-container is-layout-constrained wp-block-group-is-layout-constrained\">\n<div class=\"wp-block-columns is-layout-flex wp-container-core-columns-is-layout-9d6595d7 wp-block-columns-is-layout-flex\">\n<div class=\"wp-block-column is-layout-flow wp-block-column-is-layout-flow\" style=\"flex-basis:100%\">\n<blockquote class=\"wp-block-quote is-layout-flow wp-block-quote-is-layout-flow\">\n<h2 class=\"wp-block-heading\">Photos prises lors du colloque du 2 mai 2025<\/h2>\n<\/blockquote>\n<\/div>\n<\/div>\n<\/div><\/div>\n\n\n\n<figure class=\"wp-block-gallery has-nested-images columns-default is-cropped wp-block-gallery-1 is-layout-flex wp-block-gallery-is-layout-flex\">\n<figure class=\"wp-block-image size-large\"><img loading=\"lazy\" decoding=\"async\" width=\"1024\" height=\"907\" data-id=\"2238\" src=\"https:\/\/wp.unil.ch\/droitetlitterature\/files\/2025\/05\/whatsapp-image-2025-05-27-a-15.34.52_4f2b0a3b-1024x907.jpg\" alt=\"whatsapp image 2025 05 27 \u00e0 15.34.52 4f2b0a3b\" class=\"wp-image-2238\" srcset=\"https:\/\/wp.unil.ch\/droitetlitterature\/files\/2025\/05\/whatsapp-image-2025-05-27-a-15.34.52_4f2b0a3b-1024x907.jpg 1024w, https:\/\/wp.unil.ch\/droitetlitterature\/files\/2025\/05\/whatsapp-image-2025-05-27-a-15.34.52_4f2b0a3b-300x266.jpg 300w, https:\/\/wp.unil.ch\/droitetlitterature\/files\/2025\/05\/whatsapp-image-2025-05-27-a-15.34.52_4f2b0a3b-768x680.jpg 768w, https:\/\/wp.unil.ch\/droitetlitterature\/files\/2025\/05\/whatsapp-image-2025-05-27-a-15.34.52_4f2b0a3b-540x478.jpg 540w, https:\/\/wp.unil.ch\/droitetlitterature\/files\/2025\/05\/whatsapp-image-2025-05-27-a-15.34.52_4f2b0a3b-1080x956.jpg 1080w, https:\/\/wp.unil.ch\/droitetlitterature\/files\/2025\/05\/whatsapp-image-2025-05-27-a-15.34.52_4f2b0a3b-1320x1169.jpg 1320w, https:\/\/wp.unil.ch\/droitetlitterature\/files\/2025\/05\/whatsapp-image-2025-05-27-a-15.34.52_4f2b0a3b.jpg 1355w\" sizes=\"auto, (max-width: 1024px) 100vw, 1024px\" \/><\/figure>\n\n\n\n<figure class=\"wp-block-image size-large\"><img loading=\"lazy\" decoding=\"async\" width=\"1024\" height=\"768\" data-id=\"2232\" src=\"https:\/\/wp.unil.ch\/droitetlitterature\/files\/2025\/05\/img-20250527-wa0011-1024x768.jpg\" alt=\"img 20250527 wa0011\" class=\"wp-image-2232\" srcset=\"https:\/\/wp.unil.ch\/droitetlitterature\/files\/2025\/05\/img-20250527-wa0011-1024x768.jpg 1024w, https:\/\/wp.unil.ch\/droitetlitterature\/files\/2025\/05\/img-20250527-wa0011-300x225.jpg 300w, https:\/\/wp.unil.ch\/droitetlitterature\/files\/2025\/05\/img-20250527-wa0011-768x576.jpg 768w, https:\/\/wp.unil.ch\/droitetlitterature\/files\/2025\/05\/img-20250527-wa0011-1536x1152.jpg 1536w, https:\/\/wp.unil.ch\/droitetlitterature\/files\/2025\/05\/img-20250527-wa0011-540x405.jpg 540w, https:\/\/wp.unil.ch\/droitetlitterature\/files\/2025\/05\/img-20250527-wa0011-1080x810.jpg 1080w, https:\/\/wp.unil.ch\/droitetlitterature\/files\/2025\/05\/img-20250527-wa0011-1320x990.jpg 1320w, https:\/\/wp.unil.ch\/droitetlitterature\/files\/2025\/05\/img-20250527-wa0011.jpg 1600w\" sizes=\"auto, (max-width: 1024px) 100vw, 1024px\" \/><\/figure>\n\n\n\n<figure class=\"wp-block-image size-large\"><img loading=\"lazy\" decoding=\"async\" width=\"1024\" height=\"768\" data-id=\"2239\" src=\"https:\/\/wp.unil.ch\/droitetlitterature\/files\/2025\/05\/whatsapp-image-2025-05-27-a-15.48.44_756fbcfa-1024x768.jpg\" alt=\"whatsapp image 2025 05 27 \u00e0 15.48.44 756fbcfa\" class=\"wp-image-2239\" srcset=\"https:\/\/wp.unil.ch\/droitetlitterature\/files\/2025\/05\/whatsapp-image-2025-05-27-a-15.48.44_756fbcfa-1024x768.jpg 1024w, https:\/\/wp.unil.ch\/droitetlitterature\/files\/2025\/05\/whatsapp-image-2025-05-27-a-15.48.44_756fbcfa-300x225.jpg 300w, https:\/\/wp.unil.ch\/droitetlitterature\/files\/2025\/05\/whatsapp-image-2025-05-27-a-15.48.44_756fbcfa-768x576.jpg 768w, https:\/\/wp.unil.ch\/droitetlitterature\/files\/2025\/05\/whatsapp-image-2025-05-27-a-15.48.44_756fbcfa-1536x1152.jpg 1536w, https:\/\/wp.unil.ch\/droitetlitterature\/files\/2025\/05\/whatsapp-image-2025-05-27-a-15.48.44_756fbcfa-540x405.jpg 540w, https:\/\/wp.unil.ch\/droitetlitterature\/files\/2025\/05\/whatsapp-image-2025-05-27-a-15.48.44_756fbcfa-1080x810.jpg 1080w, https:\/\/wp.unil.ch\/droitetlitterature\/files\/2025\/05\/whatsapp-image-2025-05-27-a-15.48.44_756fbcfa-1320x990.jpg 1320w, https:\/\/wp.unil.ch\/droitetlitterature\/files\/2025\/05\/whatsapp-image-2025-05-27-a-15.48.44_756fbcfa.jpg 1600w\" sizes=\"auto, (max-width: 1024px) 100vw, 1024px\" \/><\/figure>\n\n\n\n<figure class=\"wp-block-image size-large\"><img loading=\"lazy\" decoding=\"async\" width=\"818\" height=\"1024\" data-id=\"2237\" src=\"https:\/\/wp.unil.ch\/droitetlitterature\/files\/2025\/05\/whatsapp-image-2025-05-27-a-15.34.42_9aa0b454-1-818x1024.jpg\" alt=\"whatsapp image 2025 05 27 \u00e0 15.34.42 9aa0b454\" class=\"wp-image-2237\" srcset=\"https:\/\/wp.unil.ch\/droitetlitterature\/files\/2025\/05\/whatsapp-image-2025-05-27-a-15.34.42_9aa0b454-1-818x1024.jpg 818w, https:\/\/wp.unil.ch\/droitetlitterature\/files\/2025\/05\/whatsapp-image-2025-05-27-a-15.34.42_9aa0b454-1-240x300.jpg 240w, https:\/\/wp.unil.ch\/droitetlitterature\/files\/2025\/05\/whatsapp-image-2025-05-27-a-15.34.42_9aa0b454-1-768x961.jpg 768w, https:\/\/wp.unil.ch\/droitetlitterature\/files\/2025\/05\/whatsapp-image-2025-05-27-a-15.34.42_9aa0b454-1-540x676.jpg 540w, https:\/\/wp.unil.ch\/droitetlitterature\/files\/2025\/05\/whatsapp-image-2025-05-27-a-15.34.42_9aa0b454-1.jpg 959w\" sizes=\"auto, (max-width: 818px) 100vw, 818px\" \/><\/figure>\n\n\n\n<figure class=\"wp-block-image size-large\"><img loading=\"lazy\" decoding=\"async\" width=\"1024\" height=\"768\" data-id=\"2231\" src=\"https:\/\/wp.unil.ch\/droitetlitterature\/files\/2025\/05\/img-20250527-wa0010-1024x768.jpg\" alt=\"img 20250527 wa0010\" class=\"wp-image-2231\" srcset=\"https:\/\/wp.unil.ch\/droitetlitterature\/files\/2025\/05\/img-20250527-wa0010-1024x768.jpg 1024w, https:\/\/wp.unil.ch\/droitetlitterature\/files\/2025\/05\/img-20250527-wa0010-300x225.jpg 300w, https:\/\/wp.unil.ch\/droitetlitterature\/files\/2025\/05\/img-20250527-wa0010-768x576.jpg 768w, https:\/\/wp.unil.ch\/droitetlitterature\/files\/2025\/05\/img-20250527-wa0010-1536x1152.jpg 1536w, https:\/\/wp.unil.ch\/droitetlitterature\/files\/2025\/05\/img-20250527-wa0010-540x405.jpg 540w, https:\/\/wp.unil.ch\/droitetlitterature\/files\/2025\/05\/img-20250527-wa0010-1080x810.jpg 1080w, https:\/\/wp.unil.ch\/droitetlitterature\/files\/2025\/05\/img-20250527-wa0010-1320x990.jpg 1320w, https:\/\/wp.unil.ch\/droitetlitterature\/files\/2025\/05\/img-20250527-wa0010.jpg 1600w\" sizes=\"auto, (max-width: 1024px) 100vw, 1024px\" \/><\/figure>\n\n\n\n<figure class=\"wp-block-image size-large\"><img loading=\"lazy\" decoding=\"async\" width=\"1024\" height=\"768\" data-id=\"2226\" src=\"https:\/\/wp.unil.ch\/droitetlitterature\/files\/2025\/05\/img-20250527-wa0008-1024x768.jpg\" alt=\"img 20250527 wa0008\" class=\"wp-image-2226\" srcset=\"https:\/\/wp.unil.ch\/droitetlitterature\/files\/2025\/05\/img-20250527-wa0008-1024x768.jpg 1024w, https:\/\/wp.unil.ch\/droitetlitterature\/files\/2025\/05\/img-20250527-wa0008-300x225.jpg 300w, https:\/\/wp.unil.ch\/droitetlitterature\/files\/2025\/05\/img-20250527-wa0008-768x576.jpg 768w, https:\/\/wp.unil.ch\/droitetlitterature\/files\/2025\/05\/img-20250527-wa0008-1536x1152.jpg 1536w, https:\/\/wp.unil.ch\/droitetlitterature\/files\/2025\/05\/img-20250527-wa0008-540x405.jpg 540w, https:\/\/wp.unil.ch\/droitetlitterature\/files\/2025\/05\/img-20250527-wa0008-1080x810.jpg 1080w, https:\/\/wp.unil.ch\/droitetlitterature\/files\/2025\/05\/img-20250527-wa0008-1320x990.jpg 1320w, https:\/\/wp.unil.ch\/droitetlitterature\/files\/2025\/05\/img-20250527-wa0008.jpg 1600w\" sizes=\"auto, (max-width: 1024px) 100vw, 1024px\" \/><\/figure>\n\n\n\n<figure class=\"wp-block-image size-large\"><img loading=\"lazy\" decoding=\"async\" width=\"1024\" height=\"768\" data-id=\"2228\" src=\"https:\/\/wp.unil.ch\/droitetlitterature\/files\/2025\/05\/img-20250527-wa0002-1-1024x768.jpg\" alt=\"img 20250527 wa0002\" class=\"wp-image-2228\" srcset=\"https:\/\/wp.unil.ch\/droitetlitterature\/files\/2025\/05\/img-20250527-wa0002-1-1024x768.jpg 1024w, https:\/\/wp.unil.ch\/droitetlitterature\/files\/2025\/05\/img-20250527-wa0002-1-300x225.jpg 300w, https:\/\/wp.unil.ch\/droitetlitterature\/files\/2025\/05\/img-20250527-wa0002-1-768x576.jpg 768w, https:\/\/wp.unil.ch\/droitetlitterature\/files\/2025\/05\/img-20250527-wa0002-1-1536x1152.jpg 1536w, https:\/\/wp.unil.ch\/droitetlitterature\/files\/2025\/05\/img-20250527-wa0002-1-540x405.jpg 540w, https:\/\/wp.unil.ch\/droitetlitterature\/files\/2025\/05\/img-20250527-wa0002-1-1080x810.jpg 1080w, https:\/\/wp.unil.ch\/droitetlitterature\/files\/2025\/05\/img-20250527-wa0002-1-1320x990.jpg 1320w, https:\/\/wp.unil.ch\/droitetlitterature\/files\/2025\/05\/img-20250527-wa0002-1.jpg 1600w\" sizes=\"auto, (max-width: 1024px) 100vw, 1024px\" \/><\/figure>\n\n\n\n<figure class=\"wp-block-image size-large\"><img loading=\"lazy\" decoding=\"async\" width=\"1024\" height=\"768\" data-id=\"2229\" src=\"https:\/\/wp.unil.ch\/droitetlitterature\/files\/2025\/05\/img-20250527-wa0005-1024x768.jpg\" alt=\"img 20250527 wa0005\" class=\"wp-image-2229\" srcset=\"https:\/\/wp.unil.ch\/droitetlitterature\/files\/2025\/05\/img-20250527-wa0005-1024x768.jpg 1024w, https:\/\/wp.unil.ch\/droitetlitterature\/files\/2025\/05\/img-20250527-wa0005-300x225.jpg 300w, https:\/\/wp.unil.ch\/droitetlitterature\/files\/2025\/05\/img-20250527-wa0005-768x576.jpg 768w, https:\/\/wp.unil.ch\/droitetlitterature\/files\/2025\/05\/img-20250527-wa0005-1536x1152.jpg 1536w, https:\/\/wp.unil.ch\/droitetlitterature\/files\/2025\/05\/img-20250527-wa0005-540x405.jpg 540w, https:\/\/wp.unil.ch\/droitetlitterature\/files\/2025\/05\/img-20250527-wa0005-1080x810.jpg 1080w, https:\/\/wp.unil.ch\/droitetlitterature\/files\/2025\/05\/img-20250527-wa0005-1320x990.jpg 1320w, https:\/\/wp.unil.ch\/droitetlitterature\/files\/2025\/05\/img-20250527-wa0005.jpg 1600w\" sizes=\"auto, (max-width: 1024px) 100vw, 1024px\" \/><\/figure>\n\n\n\n<figure class=\"wp-block-image size-large\"><img loading=\"lazy\" decoding=\"async\" width=\"768\" height=\"1024\" data-id=\"2255\" src=\"https:\/\/wp.unil.ch\/droitetlitterature\/files\/2025\/05\/img-20250527-wa0031-768x1024.jpg\" alt=\"img 20250527 wa0031\" class=\"wp-image-2255\" srcset=\"https:\/\/wp.unil.ch\/droitetlitterature\/files\/2025\/05\/img-20250527-wa0031-768x1024.jpg 768w, https:\/\/wp.unil.ch\/droitetlitterature\/files\/2025\/05\/img-20250527-wa0031-225x300.jpg 225w, https:\/\/wp.unil.ch\/droitetlitterature\/files\/2025\/05\/img-20250527-wa0031-540x720.jpg 540w, https:\/\/wp.unil.ch\/droitetlitterature\/files\/2025\/05\/img-20250527-wa0031.jpg 900w\" sizes=\"auto, (max-width: 768px) 100vw, 768px\" \/><\/figure>\n\n\n\n<figure class=\"wp-block-image size-large\"><img loading=\"lazy\" decoding=\"async\" width=\"768\" height=\"1024\" data-id=\"2253\" src=\"https:\/\/wp.unil.ch\/droitetlitterature\/files\/2025\/05\/img-20250527-wa0029-768x1024.jpg\" alt=\"img 20250527 wa0029\" class=\"wp-image-2253\" srcset=\"https:\/\/wp.unil.ch\/droitetlitterature\/files\/2025\/05\/img-20250527-wa0029-768x1024.jpg 768w, https:\/\/wp.unil.ch\/droitetlitterature\/files\/2025\/05\/img-20250527-wa0029-225x300.jpg 225w, https:\/\/wp.unil.ch\/droitetlitterature\/files\/2025\/05\/img-20250527-wa0029-540x720.jpg 540w, https:\/\/wp.unil.ch\/droitetlitterature\/files\/2025\/05\/img-20250527-wa0029.jpg 900w\" sizes=\"auto, (max-width: 768px) 100vw, 768px\" \/><\/figure>\n\n\n\n<figure class=\"wp-block-image size-large\"><img loading=\"lazy\" decoding=\"async\" width=\"768\" height=\"1024\" data-id=\"2236\" src=\"https:\/\/wp.unil.ch\/droitetlitterature\/files\/2025\/05\/img-20250527-wa0015-768x1024.jpg\" alt=\"img 20250527 wa0015\" class=\"wp-image-2236\" srcset=\"https:\/\/wp.unil.ch\/droitetlitterature\/files\/2025\/05\/img-20250527-wa0015-768x1024.jpg 768w, https:\/\/wp.unil.ch\/droitetlitterature\/files\/2025\/05\/img-20250527-wa0015-225x300.jpg 225w, https:\/\/wp.unil.ch\/droitetlitterature\/files\/2025\/05\/img-20250527-wa0015-540x720.jpg 540w, https:\/\/wp.unil.ch\/droitetlitterature\/files\/2025\/05\/img-20250527-wa0015.jpg 900w\" sizes=\"auto, (max-width: 768px) 100vw, 768px\" \/><\/figure>\n\n\n\n<figure class=\"wp-block-image size-large\"><img loading=\"lazy\" decoding=\"async\" width=\"1024\" height=\"768\" data-id=\"2233\" src=\"https:\/\/wp.unil.ch\/droitetlitterature\/files\/2025\/05\/img-20250527-wa0013-1024x768.jpg\" alt=\"img 20250527 wa0013\" class=\"wp-image-2233\" srcset=\"https:\/\/wp.unil.ch\/droitetlitterature\/files\/2025\/05\/img-20250527-wa0013-1024x768.jpg 1024w, https:\/\/wp.unil.ch\/droitetlitterature\/files\/2025\/05\/img-20250527-wa0013-300x225.jpg 300w, https:\/\/wp.unil.ch\/droitetlitterature\/files\/2025\/05\/img-20250527-wa0013-768x576.jpg 768w, https:\/\/wp.unil.ch\/droitetlitterature\/files\/2025\/05\/img-20250527-wa0013-1536x1152.jpg 1536w, https:\/\/wp.unil.ch\/droitetlitterature\/files\/2025\/05\/img-20250527-wa0013-540x405.jpg 540w, https:\/\/wp.unil.ch\/droitetlitterature\/files\/2025\/05\/img-20250527-wa0013-1080x810.jpg 1080w, https:\/\/wp.unil.ch\/droitetlitterature\/files\/2025\/05\/img-20250527-wa0013-1320x990.jpg 1320w, https:\/\/wp.unil.ch\/droitetlitterature\/files\/2025\/05\/img-20250527-wa0013.jpg 1600w\" sizes=\"auto, (max-width: 1024px) 100vw, 1024px\" \/><\/figure>\n<\/figure>\n\n\n\n<p><\/p>\n","protected":false},"excerpt":{"rendered":"<p>Pour l\u2019ann\u00e9e 2024-2025,&nbsp;le&nbsp;Laboratoire Droit et Litt\u00e9rature s&rsquo;est concentr\u00e9 sur un nouvel axe de recherche, explorant le r\u00f4le de la litt\u00e9rature indiciaire dans la manifestation de la v\u00e9rit\u00e9 judiciaire.&hellip;<\/p>\n","protected":false},"author":1002668,"featured_media":223,"parent":0,"menu_order":0,"comment_status":"closed","ping_status":"closed","template":"template-full-width-cover.php","meta":{"_seopress_robots_primary_cat":"","_seopress_titles_title":"","_seopress_titles_desc":"","_seopress_robots_index":"","_EventAllDay":false,"_EventTimezone":"","_EventStartDate":"","_EventEndDate":"","_EventStartDateUTC":"","_EventEndDateUTC":"","_EventShowMap":false,"_EventShowMapLink":false,"_EventURL":"","_EventCost":"","_EventCostDescription":"","_EventCurrencySymbol":"","_EventCurrencyCode":"","_EventCurrencyPosition":"","_EventDateTimeSeparator":"","_EventTimeRangeSeparator":"","_EventOrganizerID":[],"_EventVenueID":[],"_OrganizerEmail":"","_OrganizerPhone":"","_OrganizerWebsite":"","_VenueAddress":"","_VenueCity":"","_VenueCountry":"","_VenueProvince":"","_VenueState":"","_VenueZip":"","_VenuePhone":"","_VenueURL":"","_VenueStateProvince":"","_VenueLat":"","_VenueLng":"","_VenueShowMap":false,"_VenueShowMapLink":false,"footnotes":""},"class_list":["post-1648","page","type-page","status-publish","has-post-thumbnail"],"_links":{"self":[{"href":"https:\/\/wp.unil.ch\/droitetlitterature\/wp-json\/wp\/v2\/pages\/1648","targetHints":{"allow":["GET"]}}],"collection":[{"href":"https:\/\/wp.unil.ch\/droitetlitterature\/wp-json\/wp\/v2\/pages"}],"about":[{"href":"https:\/\/wp.unil.ch\/droitetlitterature\/wp-json\/wp\/v2\/types\/page"}],"author":[{"embeddable":true,"href":"https:\/\/wp.unil.ch\/droitetlitterature\/wp-json\/wp\/v2\/users\/1002668"}],"replies":[{"embeddable":true,"href":"https:\/\/wp.unil.ch\/droitetlitterature\/wp-json\/wp\/v2\/comments?post=1648"}],"version-history":[{"count":4,"href":"https:\/\/wp.unil.ch\/droitetlitterature\/wp-json\/wp\/v2\/pages\/1648\/revisions"}],"predecessor-version":[{"id":2738,"href":"https:\/\/wp.unil.ch\/droitetlitterature\/wp-json\/wp\/v2\/pages\/1648\/revisions\/2738"}],"wp:featuredmedia":[{"embeddable":true,"href":"https:\/\/wp.unil.ch\/droitetlitterature\/wp-json\/wp\/v2\/media\/223"}],"wp:attachment":[{"href":"https:\/\/wp.unil.ch\/droitetlitterature\/wp-json\/wp\/v2\/media?parent=1648"}],"curies":[{"name":"wp","href":"https:\/\/api.w.org\/{rel}","templated":true}]}}