{"id":1647,"date":"2024-09-03T11:21:37","date_gmt":"2024-09-03T09:21:37","guid":{"rendered":"https:\/\/wp.unil.ch\/droitetlitterature\/?page_id=1647"},"modified":"2026-02-01T19:27:42","modified_gmt":"2026-02-01T18:27:42","slug":"la-puissance-instituante-de-la-litterature-envers-le-droit-les-livres-font-ils-la-loi","status":"publish","type":"page","link":"https:\/\/wp.unil.ch\/droitetlitterature\/la-puissance-instituante-de-la-litterature-envers-le-droit-les-livres-font-ils-la-loi\/","title":{"rendered":"La puissance instituante de la litt\u00e9rature envers le droit : Les livres font-ils la loi ?"},"content":{"rendered":"\n<p><strong>Le projet de recherche collective mobilise plus sp\u00e9cifiquement un corpus de livres r\u00e9cemment publi\u00e9s par exemple en lien avec la protection p\u00e9nale contre la violence sexuelle faite aux femmes et la lutte contre les in\u00e9galit\u00e9s.<\/strong><\/p>\n\n\n\n<p><strong>L\u2019hypoth\u00e8se de recherche est que ce type de publications a cristallis\u00e9 un genre litt\u00e9raire puissant de nature \u00e0 favoriser une r\u00e9orientation de la politique r\u00e9pressive et <em>a fortiori<\/em> des institutions juridiques dans le sens des repr\u00e9sentations contemporaines.<\/strong><\/p>\n\n\n\n<p><strong>Ce projet est conduit par plusieurs membres du <a href=\"https:\/\/wp.unil.ch\/droitetlitterature\/reseau\/\">r\u00e9seau<\/a> du laboratoire entre 2023\/2024.<\/strong><\/p>\n\n\n\n<p><strong>Cette recherche a \u00e9t\u00e9 rendue possible gr\u00e2ce au soutien de la Facult\u00e9 de droit, des sciences criminelles et d\u2019administration publique (<a href=\"https:\/\/www.unil.ch\/fdca\/fr\/home.html\">FDCA<\/a>) de l\u2019Universit\u00e9 de Lausanne (<a href=\"https:\/\/www.unil.ch\/index.html\">Unil<\/a>).<\/strong><\/p>\n\n\n\n<h2 class=\"wp-block-heading\"><strong>La puissance instituante de la litt\u00e9rature<\/strong><\/h2>\n\n\n\n<p>Aujourd\u2019hui, la loi p\u00e9nale semble de plus en plus prise \u00e0 partie au travers des \u0153uvres litt\u00e9raires. Durant les trois derni\u00e8res ann\u00e9es, diff\u00e9rentes institutions ont en particulier \u00e9t\u00e9 directement remises en question par des auteures quant \u00e0 la violence sexuelle, notamment celle faite aux femmes&nbsp;:<\/p>\n\n\n\n<ul class=\"wp-block-list\">\n<li>en 2020 est sorti <em>Le Consentement<\/em> de Vanessa Springora, qui revient sur les abus sexuels dont l\u2019auteure a \u00e9t\u00e9 la victime lorsqu\u2019elle avait 14 ans et qu\u2019elle \u00e9tait sous l\u2019emprise du romancier Gabriel Matzneff, alors \u00e2g\u00e9 de 50 ans.<\/li>\n\n\n\n<li>en 2021, Camille Kouchner publie <em>La Familia grande, <\/em>qui r\u00e9v\u00e8le des actes d\u2019inceste au sein de sa famille commis contre son fr\u00e8re par son beau-p\u00e8re, le politiste Olivier Duhamel, abus dont elle a \u00e9t\u00e9 la victime indirecte puisque t\u00e9moin sans pouvoir le dire.<\/li>\n\n\n\n<li>dans son livre <em>Impunit\u00e9<\/em> paru en 2022, H\u00e9l\u00e8ne Devynck d\u00e9nonce les agressions dont Patrick Poivre d\u2019Arvor serait l\u2019auteur sur plusieurs dizaines de femmes, dont elle.<\/li>\n<\/ul>\n\n\n\n<p>Au-del\u00e0 de l\u2019\u00e9cho m\u00e9diatique, ces trois livres ont eu une incidence sur l\u2019application de la loi, respectivement sa r\u00e9vision, dans le cadre des politiques publiques.<\/p>\n\n\n\n<p>Il ressort de ce qui pr\u00e9c\u00e8de que la litt\u00e9rature pr\u00e9senterait bien une puissance instituante susceptible de remettre en question l\u2019ordre juridique \u00e9tabli. Le projet tend ainsi \u00e0 investiguer cette hypoth\u00e8se en cherchant notamment \u00e0 identifier les dispositifs litt\u00e9raires (contexte \u00e9ditorial, r\u00e9ception\/diffusion, genre, posture, style) les plus mobilis\u00e9s \u00e0 cette fin. L\u2019\u00e9tude sera resserr\u00e9e sur un des trois livres pr\u00e9cit\u00e9s avec un point de vue comparatiste entre la France, la Belgique et la Suisse. En tant que juristes de droit suisse, les chercheurs analyserons aussi la reconduction d\u2019un tel mod\u00e8le \u00ab militant \u00bb dans la litt\u00e9rature suisse (M.-Ch. Horn, <em>Le cri du li\u00e8vre<\/em>, 2019 ; M. Burnier, <em>Les orageuses<\/em>, 2020 ; S. Jollien-Fardel, <em>Sa pr\u00e9f\u00e9r\u00e9e<\/em>, 2022) et entreprendront plus largement des recherches sur un corpus suisse (Robert Walser ; Friedrich D\u00fcrrenmatt ; Daniel de Roulet) sous l\u2019angle de l\u2019interaction entre droit et litt\u00e9rature, encore non exploit\u00e9 comme tel par la critique.<\/p>\n\n\n\n<h2 class=\"wp-block-heading\">R\u00e9sultats de la recherche<\/h2>\n\n\n\n<p><strong>Publication dans la Revue scientifique Droit &amp; Litt\u00e9rature<\/strong> : Le projet a mobilis\u00e9 une partie du r\u00e9seau du Laboratoire Droit &amp; Litt\u00e9rature. Le r\u00e9sultat de cette recherche a \u00e9t\u00e9 diffus\u00e9 en par le biais d\u2019une publication collective dans le <a href=\"https:\/\/www.lgdj-editions.fr\/livres\/revue-droit-et-litterature-n9-2025\/9782275158785\" data-type=\"link\" data-id=\"https:\/\/www.lgdj-editions.fr\/livres\/revue-droit-et-litterature-n9-2025\/9782275158785\" target=\"_blank\" rel=\"noreferrer noopener\">volume n\u00b0 9 de la revue Droit &amp; Litt\u00e9rature<\/a> : L&rsquo;article est intitul\u00e9 \u00ab&nbsp;<em>La puissance instituante de la litt\u00e9rature envers le droit. Les livres font-ils la loi ?<\/em>&nbsp;\u00bb et a \u00e9t\u00e9 co-r\u00e9dig\u00e9 par Anna Arzoumanov, Charlotte Dufour, Peggy Larrieu, Lo\u00efc Parein et Mathilde Zbaeren.<\/p>\n\n\n\n<p><strong>Colloque<\/strong> : Le 4 octobre 2023, un colloque co-organis\u00e9 par Charlotte Dufour, Anne Peroz et Lo\u00efc Parein \u00e0 l&rsquo;Universit\u00e9 de Lausanne a r\u00e9uni de nombreux sp\u00e9cialistes autour de la question : \u00ab\u00a0La Fiction au pouvoir?\u00a0\u00bb. <a href=\"https:\/\/wp.unil.ch\/droitetlitterature\/files\/2023\/09\/Flyer.pdf\" data-type=\"link\" data-id=\"https:\/\/wp.unil.ch\/droitetlitterature\/files\/2023\/09\/Flyer.pdf\" target=\"_blank\" rel=\"noreferrer noopener\">Flyer disponible ici<\/a>. <\/p>\n\n\n\n<p><strong>Actes du colloques<\/strong> : Les actes du colloque ont \u00e9t\u00e9 publi\u00e9s et sont disponibles sur le <a href=\"https:\/\/www.fabula.org\/colloques\/sommaire12363.php\" data-type=\"link\" data-id=\"https:\/\/www.fabula.org\/colloques\/sommaire12363.php\" target=\"_blank\" rel=\"noreferrer noopener\">site de Fabula<\/a>.<\/p>\n\n\n\n<p><strong>Collaboration avec les m\u00e9dias<\/strong> : Ce projet de recherche a \u00e9galement fait l&rsquo;objet d&rsquo;un podcast dans le cadre d&rsquo;un projet men\u00e9 avec l&rsquo;\u00e9mission Forum de la RTS. Ce podcast a produit une s\u00e9rie d&rsquo;entretiens qui montrent comment la litt\u00e9rature post-#MeToo traduit l&rsquo;\u00e9volution des mentalit\u00e9s depuis 2017, tout en questionnant la justice. Dans chaque \u00e9pisode, l&rsquo;autrice ou l&rsquo;auteur raconte au micro d&rsquo;Esther Coquoz la r\u00e9ception de son livre par le public et son espoir de voir la soci\u00e9t\u00e9 se transformer. Lo\u00efc Parein, avocat et sp\u00e9cialiste en droit p\u00e9nal, explique ensuite ce que l&rsquo;ouvrage dit du fonctionnement des tribunaux et l&rsquo;\u00e9volution du droit en mati\u00e8re d&rsquo;int\u00e9grit\u00e9 sexuelle. Podcast disponible en int\u00e9gralit\u00e9 sur la <a href=\"https:\/\/www.rts.ch\/info\/suisse\/14598566-le-consentement-impunite-sa-preferee-les-livres-fontils-la-loi.html\" data-type=\"link\" data-id=\"https:\/\/www.rts.ch\/info\/suisse\/14598566-le-consentement-impunite-sa-preferee-les-livres-fontils-la-loi.html\">RTS<\/a>.<\/p>\n\n\n\n<p><strong>Activit\u00e9s de m\u00e9diation<\/strong> : <\/p>\n\n\n\n<ul class=\"wp-block-list\">\n<li><strong>Repr\u00e9sentation de la pi\u00e8ce \u00ab\u00a0Le Consentement\u00a0\u00bb<\/strong> : Le 9 d\u00e9cembre 2023, l&rsquo;association Du Droit \u00e0 l&rsquo;Art avec le Laboratoire a organis\u00e9 &#8211; en collaboration avec le Th\u00e9\u00e2tre l&rsquo;Octogone de Pully &#8211; une repr\u00e9sentation de la pi\u00e8ce \u00ab\u00a0Le Consentement\u00a0\u00bb de Vanessa Springora. La pi\u00e8ce \u00e9tait suivie d&rsquo;une rencontre anim\u00e9e par Esther Coquoz et qui comptait Vanessa Springora et Lo\u00efc Parein. <\/li>\n\n\n\n<li><strong>Salon D\u00fcrrenmatt : Droit et litt\u00e9rature<\/strong> : Le 20 juin 2024, \u00e0 l&rsquo;issue de l&rsquo;Assembl\u00e9e g\u00e9n\u00e9rale de l&rsquo;association UniNExt de l&rsquo;Universit\u00e9 de Neuch\u00e2tel a eu lieu un \u00ab Salon D\u00fcrrenmatt : Droit et litt\u00e9rature \u00bb, avec deux pr\u00e9sentations, de&nbsp;<strong>Mme Madeleine Betschart,<\/strong>&nbsp;directrice du Centre D\u00fcrrenmatt Neuch\u00e2tel, \u00e0 propos de l\u2019artiste et de la gestion de son patrimoine, d\u2019une part, ainsi que de&nbsp;<strong>Mme Charlotte Dufour<\/strong>&nbsp;et de <strong>M. Lo\u00efc Parein,<\/strong>&nbsp;co-responsables du Laboratoire \u00ab Droit et litt\u00e9rature \u00bb de l\u2019Universit\u00e9 de Lausanne, sur les liens entre droit et litt\u00e9rature, notamment dans l\u2019\u0153uvre de Friedrich D\u00fcrrenmatt, d\u2019autre part. <a href=\"https:\/\/uninext.ch\/wp-content\/uploads\/2024\/07\/Flyer-AG-2024_A5.pdf\" data-type=\"link\" data-id=\"https:\/\/uninext.ch\/wp-content\/uploads\/2024\/07\/Flyer-AG-2024_A5.pdf\" target=\"_blank\" rel=\"noreferrer noopener\">Flyer disponible en format pdf<\/a>.<\/li>\n\n\n\n<li><strong>Litt\u00e9rature, th\u00e9\u00e2tre et justice<\/strong> : Le 21 novembre 2024, \u00e0 l&rsquo;issue de la repr\u00e9sentation \u00ab\u00a0Toute intention de nuire\u00a0\u00bb, les chercheur\u00b7e\u00b7s du laboratoire Droit et Litt\u00e9rature de l\u2019UNIL ont propos\u00e9 une r\u00e9flexion sur l\u2019impact de la production artistique sur l\u2019ordre juridique \u00e9tabli. Des questions telles que \u00ab\u00a0L\u2019\u00e9volution des lois est-elle influenc\u00e9e par la litt\u00e9rature\u00a0?\u00a0\u00bb, \u00ab\u00a0Comment la libert\u00e9 d\u2019expression litt\u00e9raire est-elle encadr\u00e9e\u00a0?\u00a0\u00bb ou encore \u00ab\u00a0Faut-il distinguer l\u2019auteur des personnages\u00a0?\u00a0\u00bb ont \u00e9t\u00e9 soulev\u00e9es dans ce cadre. <a href=\"https:\/\/www.grange-unil.ch\/evenement\/litterature-theatre-et-justice\/\" data-type=\"link\" data-id=\"https:\/\/www.grange-unil.ch\/evenement\/litterature-theatre-et-justice\/\" target=\"_blank\" rel=\"noreferrer noopener\">Plus d&rsquo;informations sous ce lien<\/a>.<\/li>\n<\/ul>\n\n\n\n<p><strong>Collaboration avec Plume de Justice<\/strong> : Le 13 mars 2024, le projet Plume de Justice de l&rsquo;Universit\u00e9 de Neuch\u00e2tel organisait un d\u00e9bat consacr\u00e9 intitul\u00e9 \u00ab\u00a0Femmes \u00e0 la barre. Le proc\u00e8s p\u00e9nal \u00e0 l&rsquo;\u00e8re #MeToo\u00a0\u00bb auquel a particip\u00e9 Charlotte Dufour du Laboratoire Droit &amp; Litt\u00e9rature. Le d\u00e9bat r\u00e9unissait le Prof. Andr\u00e9 Kuhn (Universit\u00e9 de Neuch\u00e2tel) et comptait comme invit\u00e9 d&rsquo;honneur la journaliste et autrice Pascale Robert-Diard. Le d\u00e9bat \u00e9tait mod\u00e9r\u00e9 par Camille Loutsch et Micha\u00ebl Althaus (Universit\u00e9 de Neuch\u00e2tel). <a href=\"https:\/\/wp.unil.ch\/droitetlitterature\/files\/2024\/02\/Femmes-a-la-barre_PDJ.jpeg\" data-type=\"link\" data-id=\"https:\/\/wp.unil.ch\/droitetlitterature\/files\/2024\/02\/Femmes-a-la-barre_PDJ.jpeg\" target=\"_blank\" rel=\"noreferrer noopener\">Flyer en pdf<\/a>.<\/p>\n","protected":false},"excerpt":{"rendered":"<p>Le projet de recherche collective mobilise plus sp\u00e9cifiquement un corpus de livres r\u00e9cemment publi\u00e9s par exemple en lien avec la protection p\u00e9nale contre la violence sexuelle faite aux&hellip;<\/p>\n","protected":false},"author":1002668,"featured_media":223,"parent":0,"menu_order":0,"comment_status":"closed","ping_status":"closed","template":"template-full-width-cover.php","meta":{"_seopress_robots_primary_cat":"","_seopress_titles_title":"","_seopress_titles_desc":"","_seopress_robots_index":"","_EventAllDay":false,"_EventTimezone":"","_EventStartDate":"","_EventEndDate":"","_EventStartDateUTC":"","_EventEndDateUTC":"","_EventShowMap":false,"_EventShowMapLink":false,"_EventURL":"","_EventCost":"","_EventCostDescription":"","_EventCurrencySymbol":"","_EventCurrencyCode":"","_EventCurrencyPosition":"","_EventDateTimeSeparator":"","_EventTimeRangeSeparator":"","_EventOrganizerID":[],"_EventVenueID":[],"_OrganizerEmail":"","_OrganizerPhone":"","_OrganizerWebsite":"","_VenueAddress":"","_VenueCity":"","_VenueCountry":"","_VenueProvince":"","_VenueState":"","_VenueZip":"","_VenuePhone":"","_VenueURL":"","_VenueStateProvince":"","_VenueLat":"","_VenueLng":"","_VenueShowMap":false,"_VenueShowMapLink":false,"footnotes":""},"class_list":["post-1647","page","type-page","status-publish","has-post-thumbnail"],"_links":{"self":[{"href":"https:\/\/wp.unil.ch\/droitetlitterature\/wp-json\/wp\/v2\/pages\/1647","targetHints":{"allow":["GET"]}}],"collection":[{"href":"https:\/\/wp.unil.ch\/droitetlitterature\/wp-json\/wp\/v2\/pages"}],"about":[{"href":"https:\/\/wp.unil.ch\/droitetlitterature\/wp-json\/wp\/v2\/types\/page"}],"author":[{"embeddable":true,"href":"https:\/\/wp.unil.ch\/droitetlitterature\/wp-json\/wp\/v2\/users\/1002668"}],"replies":[{"embeddable":true,"href":"https:\/\/wp.unil.ch\/droitetlitterature\/wp-json\/wp\/v2\/comments?post=1647"}],"version-history":[{"count":5,"href":"https:\/\/wp.unil.ch\/droitetlitterature\/wp-json\/wp\/v2\/pages\/1647\/revisions"}],"predecessor-version":[{"id":2744,"href":"https:\/\/wp.unil.ch\/droitetlitterature\/wp-json\/wp\/v2\/pages\/1647\/revisions\/2744"}],"wp:featuredmedia":[{"embeddable":true,"href":"https:\/\/wp.unil.ch\/droitetlitterature\/wp-json\/wp\/v2\/media\/223"}],"wp:attachment":[{"href":"https:\/\/wp.unil.ch\/droitetlitterature\/wp-json\/wp\/v2\/media?parent=1647"}],"curies":[{"name":"wp","href":"https:\/\/api.w.org\/{rel}","templated":true}]}}