{"id":889,"date":"2013-06-19T15:50:52","date_gmt":"2013-06-19T13:50:52","guid":{"rendered":"http:\/\/wp.unil.ch\/dispositifs\/?page_id=889"},"modified":"2026-02-11T17:36:06","modified_gmt":"2026-02-11T16:36:06","slug":"alain-boillat","status":"publish","type":"page","link":"https:\/\/wp.unil.ch\/dispositifs\/bibliographie\/alain-boillat\/","title":{"rendered":"Alain Boillat"},"content":{"rendered":"\n<p>Alain Boillat a recouru \u00e0 la notion de \u00ab\u00a0dispositif\u00a0\u00bb dans une perspective d\u2019arch\u00e9ologie des m\u00e9dias pour \u00e9tudier la place de la voix vive au sein de spectacles audiovisuels (lanterne magique, cin\u00e9ma des premiers temps) ou dans le cadre de technologies d\u2019enregistrement et de t\u00e9l\u00e9communication (phonographie, t\u00e9l\u00e9phonie, visiophonie), puis il a \u00e9largi cette approche bas\u00e9e sur les modalit\u00e9 d\u2019interactions entre l\u2019humain et la machine en interrogeant les liens, d\u00e9finitoires de la collection \u00ab\u00a0Emprise de vue\u00a0\u00bb qu\u2019il dirige chez l\u2019\u00e9diteur Georg, entre les technologies (num\u00e9riques) repr\u00e9sent\u00e9es \u00e0 l\u2019\u00e9cran (y compris dans des s\u00e9ries TV) et les moyens filmiques mobilis\u00e9s (en termes d\u2019effets visuels, de r\u00e9cit, de connotations genr\u00e9es, etc.), en particulier au sein du genre de la science-fiction. Il s\u2019est ainsi r\u00e9cemment attach\u00e9 \u00e0 retracer certaines filiations entre l\u2019histoire des repr\u00e9sentations de la technologie dans le (pr\u00e9)cin\u00e9ma parlant et les logiciels de communication ou les agents conversationnels recourant \u00e0 l\u2019intelligence artificielle.<\/p>\n\n\n\n<hr class=\"wp-block-separator has-alpha-channel-opacity\" \/>\n\n\n<p>Alain Boillat, \u00ab L&rsquo;imaginaire social de la t\u00e9l\u00e9phonie. Les dispositifs fictifs du XXe si\u00e8cle d&rsquo;Albert Robida et l&rsquo;arch\u00e9ologie du cin\u00e9ma parlant \u00bb, dans Fran\u00e7ois Albera et Maria Tortajada (dir.), <em>Cin\u00e9-dispositifs. Spectacles, cin\u00e9ma, t\u00e9l\u00e9vision, litt\u00e9rature<\/em>,\u00a0Lausanne, L&rsquo;\u00c2ge d&rsquo;Homme, 2012, p.\u00a0229-259.<\/p>\n<p>Alain Boillat, \u00ab\u00a0Ren\u00e9 Clair als Widerstandsk\u00e4mpfer gegen die synchron gesprochene Stimme. Was die Sprechmaschinen von <em>A nous la libert\u00e9<\/em> zu sagen haben \u00bb, dans Oksana Bulgakowa (ed.), <em>Resonanz-R\u00e4ume. Die Stimme und die Medien<\/em>, Bertz+Fischer, 2012, p. 21-40.<\/p>\n<p>Alain Boillat, \u00ab The paradoxical status of the referent of stillness in comics \u00bb, dans Laurent Guido, Olivier Lugon (eds.), <em>Between Still and Moving Images. Photography and cinema in the 20th century<\/em>, John Libbey Publishing, 2012, p. 369-388.<\/p>\n<p>Alain Boillat, <em>Cin\u00e9ma, machine \u00e0 mondes : essai sur les films \u00e0 univers multiples,<\/em> Gen\u00e8ve, Georg, 2014.<\/p>\n<p>Alain Boillat, \u00ab Ren\u00e9 Clair et la r\u00e9sistance \u00e0 la voix synchrone parl\u00e9e. Ce que nous disent les \u00ab machines parlantes \u00bb d&rsquo;<em>\u00c0 nous la libert\u00e9 !<\/em> \u00bb, <em>1895. Mille huit cent quatre-vingt-quinze<\/em>, 72, 2014, p. 85-107.<\/p>\n<p>Alain Boillat, \u00ab Le spectacle de lanterne magique consid\u00e9r\u00e9 sous l&rsquo;angle de la conf\u00e9rence: quelques traces \u00e9crites d&rsquo;une performance orale \u00bb, dans Askari K., Curtis S., Gray F., Pelletier L., Williams T., Yumibe J. (eds.) <em>Performing New Media, 1890-1915<\/em>, Arcueil, John Libbey, 2014, p. 227-235.<\/p>\n<p>Alain Boillat, \u00ab Le h\u00e9ros hollywoodien dans les mailles de la t\u00e9l\u00e9surveillance et dans la ligne de mire du drone \u00bb, <em>D\u00e9cadrages<\/em>, 26-27, 2014, p. 14-47.<\/p>\n<p>Alain Boillat, \u00ab La suspension du mouvement comme lieu d&rsquo;interm\u00e9dialit\u00e9 privil\u00e9gi\u00e9: sculpture, (chrono)photographie et bande dessin\u00e9e \u00e0 l&rsquo;\u00e9cran \u00bb, dans <em>Xi Dong\/Ouest-Est. Voies esth\u00e9tiques<\/em>, Lausanne, L&rsquo;\u00c2ge d&rsquo;Homme, 2015, p. 289-315.<\/p>\n<p>Alain Boillat et Valentine Robert, \u00ab Tableau Variation in Early Cinema: Life and Passion of Christ (Path\u00e9, 1902-1905) \u00bb dans\u00a0 David Shepherd (ed.), The Silents of Jesus in the Early Cinema, Routledge, 2016, p. 24-59.<\/p>\n<p>Germain Lacasse, Alain Boillat, Vincent Bouchard, Gwenn Scheppler (eds.) <em>Dialogues avec le cin\u00e9ma: Approches interdisciplinaires de l\u2019oralit\u00e9 cin\u00e9matographique<\/em>, Montr\u00e9al, Nota Bene, 2016.<\/p>\n<p>Alain Boillat, \u00ab The Comic Book Effect in the Age of CGI: When Film Adaptations of Comic Book Evoke the Fixity of Their Model \u00bb, dans Mitaine Benoit, Roche David, Schmitt-Pitiot Isabelle (eds.) Comics and Adaptation, University of Mississippi Press, 2018. p. 135-158.<\/p>\n<p>Alain Boillat, Pr\u00e9face \u00e0 Selim Krichane, <em>La Cam\u00e9ra imaginaire. Jeux vid\u00e9o et modes de visualisation<\/em>, Gen\u00e8ve, Georg, 2018.<\/p>\n<p>Alain Boillat et Laurent Guido, <em>Loin des yeux&#8230; le cin\u00e9ma : De la t\u00e9l\u00e9phonie \u00e0 Internet : imaginaires m\u00e9diatiques des t\u00e9l\u00e9communications et de la surveillance, <\/em>Lausanne, L\u2019\u00c2ge d\u2019Homme, 2019.<\/p>\n<p>Alain Boillat, \u00ab Cin\u00e9ma et paradigme t\u00e9l\u00e9phonique : l\u2019ambivalence de la repr\u00e9sentation des t\u00e9l\u00e9communications \u00e0 l\u2019\u00e8re (des imaginaires) du num\u00e9rique \u00bb, dans Alain Boillat et Laurent Guido, <em>Loin des yeux&#8230; le cin\u00e9ma. De la t\u00e9l\u00e9phonie \u00e0 Internet : imaginaires m\u00e9diatiques des t\u00e9l\u00e9communications et de la surveillance<\/em>, Lausanne, L\u2019\u00c2ge d\u2019Homme, 2019, p.\u00a025-97.<\/p>\n<p>Alain Boillat et Stefania Maffei Boillat, \u00ab L\u2019adaptation rohm\u00e9rienne du <em>Conte du Graal<\/em>. Une performance orale au carrefour des dispositifs \u00bb, <em>Interc\u00e2mbio<\/em>, 13, 2020, p. 7-35.<\/p>\n<p>Alain Boillat, \u00ab Corps et mondes de synth\u00e8se au cin\u00e9ma \u00bb, dans Rapha\u00ebl Baroni et Claus Gunti (dir.), <em>Introduction \u00e0 l\u2019\u00e9tude des cultures num\u00e9riques. La transition num\u00e9rique des m\u00e9dias<\/em>, Paris, Armand Colin, 2020, p. 271-295.<\/p>\n<p>Alain Boillat, <a href=\"https:\/\/journals.openedition.org\/itineraires\/7956\">\u00ab Le DVD comme vecteur d&rsquo;une culture du chapitre en contexte m\u00e9diatique : Quelques manifestations d&rsquo;une \u00e9nonciation chapitrale \u00bb<\/a>,\u00a0 <em>Itin\u00e9raires<\/em>, 1, 2020<\/p>\n<p>Alain Boillat, \u00ab Lanterne magique, mode(s) d&#8217;emploi: images \u00ab\u00a0fixes\u00a0\u00bb et \u00ab\u00a0anim\u00e9es\u00a0\u00bb aux premiers temps du cin\u00e9ma \u00bb, 2020\/10\/01. dans Selim Krichane et Beno\u00eet Turquety (dir.), <em>Des avant-derni\u00e8res machines. Cin\u00e9ma, techniques, histoire<\/em>, Lausanne, L&rsquo;\u00c2ge d&rsquo;Homme, 2020.<\/p>\n<p>Alain Boillat, <em>Cinema as a Worldbuilding Machine in the Digital Era. Essay on Multiverse Films and TV Series<\/em>, New Barnet, John Libbey, 2022.<\/p>\n<p>Alain Boillat, \u00ab Phonographie et cin\u00e9matographie. Pour une histoire crois\u00e9e des discours sur les technologies audio\/visuelles (1929-1934) \u00bb, dans Nicolas Dulac (\u00e9d.), <em>Du m\u00e9dia au postm\u00e9dia: continuit\u00e9s et ruptures<\/em>,\u00a0Gollion, Infolio, 2022, p.\u00a013-35.<\/p>\n<p>Alain Boillat, \u00ab\u00a0Le \u201cclone\u201d comme figure m\u00e9ta-s\u00e9rielle dans le cin\u00e9ma de science-fiction \u00e0 l\u2019\u00e8re des images de synth\u00e8se\u00a0\u00bb,\u00a0<em>Cahiers de Narratologie<\/em>, 43, 2023.<\/p>\n<p>Alain Boillat, \u00ab Dans le labyrinthe des possibles du cin\u00e9ma \u00e0 l&rsquo;\u00e8re num\u00e9rique: la polys\u00e9mie productive de la notion de \u00ab\u00a0virtuel\u00a0\u00bb (pr\u00e9face) \u00bb dans Jean-Baptiste Massuet, <em>Le Cin\u00e9ma virtuel. De la performance capture aux imaginaires num\u00e9riques des formes cin\u00e9matographiques contemporaines<\/em>, Gen\u00e8ve, Georg, 2023, p. 11-18.<\/p>\n<p>Alain Boillat, \u00ab\u00a0Une intelligence artificielle nous \u00ab\u00a0regarde\u00a0\u00bb. Les repr\u00e9sentations filmiques \u00ab\u00a0en s\u00e9ries\u00a0\u00bb de la surveillance du corps humain et social \u00e0 l&rsquo;\u00e8re num\u00e9rique\u00a0\u00bb, <em>Soci\u00e9t\u00e9s et repr\u00e9sentations, <\/em>55, 2023, p.\u00a071-97.<\/p>\n<p>Alain Boillat, \u00ab Les repr\u00e9sentations (science-)fictionnelles de l\u2019IA \u00e0 l\u2019\u00e9cran \u00bb, dans Gilles Rouet (dir.), <em>IA\u00a0: enjeux et responsabilit\u00e9s<\/em>, Paris, CNRS, 2025, p.\u00a047-59.<\/p>\n<p>Alain Boillat, <em>Visages de l\u2019IA \u00e0 l\u2019\u00e9cran<\/em>, Rennes, PUR, \u00e0 para\u00eetre.<\/p>\n<p>Alain Boillat, \u00ab\u00a0<em>L\u2019Autre <\/em>au bout de la ligne\u00a0: la repr\u00e9sentation \u00e0 tendance technophobe de la visiophonie dans le cin\u00e9ma de science-fiction\u00a0\u00bb, dans \u00c9ric Thouvenel et Jean-Baptiste Massuet, <em>Analyser la repr\u00e9sentation des objets techniques<\/em>, \u00e0 para\u00eetre.<\/p>","protected":false},"excerpt":{"rendered":"<p>Alain Boillat a recouru \u00e0 la notion de \u00ab\u00a0dispositif\u00a0\u00bb dans une perspective d\u2019arch\u00e9ologie des m\u00e9dias pour \u00e9tudier la place de la voix vive au sein de spectacles audiovisuels (lanterne magique, &hellip; <\/p>\n","protected":false},"author":270,"featured_media":0,"parent":515,"menu_order":1,"comment_status":"closed","ping_status":"closed","template":"","meta":{"_seopress_robots_primary_cat":"","_seopress_titles_title":"","_seopress_titles_desc":"","_seopress_robots_index":"","footnotes":""},"class_list":["post-889","page","type-page","status-publish"],"_links":{"self":[{"href":"https:\/\/wp.unil.ch\/dispositifs\/wp-json\/wp\/v2\/pages\/889","targetHints":{"allow":["GET"]}}],"collection":[{"href":"https:\/\/wp.unil.ch\/dispositifs\/wp-json\/wp\/v2\/pages"}],"about":[{"href":"https:\/\/wp.unil.ch\/dispositifs\/wp-json\/wp\/v2\/types\/page"}],"author":[{"embeddable":true,"href":"https:\/\/wp.unil.ch\/dispositifs\/wp-json\/wp\/v2\/users\/270"}],"replies":[{"embeddable":true,"href":"https:\/\/wp.unil.ch\/dispositifs\/wp-json\/wp\/v2\/comments?post=889"}],"version-history":[{"count":3,"href":"https:\/\/wp.unil.ch\/dispositifs\/wp-json\/wp\/v2\/pages\/889\/revisions"}],"predecessor-version":[{"id":1605,"href":"https:\/\/wp.unil.ch\/dispositifs\/wp-json\/wp\/v2\/pages\/889\/revisions\/1605"}],"up":[{"embeddable":true,"href":"https:\/\/wp.unil.ch\/dispositifs\/wp-json\/wp\/v2\/pages\/515"}],"wp:attachment":[{"href":"https:\/\/wp.unil.ch\/dispositifs\/wp-json\/wp\/v2\/media?parent=889"}],"curies":[{"name":"wp","href":"https:\/\/api.w.org\/{rel}","templated":true}]}}