{"id":708,"date":"2012-04-21T14:19:36","date_gmt":"2012-04-21T12:19:36","guid":{"rendered":"http:\/\/wp.unil.ch\/dispositifs\/?page_id=708"},"modified":"2012-05-27T12:02:49","modified_gmt":"2012-05-27T10:02:49","slug":"enregistrements-des-conferences","status":"publish","type":"page","link":"https:\/\/wp.unil.ch\/dispositifs\/enregistrements-des-conferences\/","title":{"rendered":"Enregistrements des conf\u00e9rences"},"content":{"rendered":"<h4><a href=\"https:\/\/media.unil.ch\/lettres\/cinema\/Marta Braun - conf\u00e9rence 7mars.mp3\"><img loading=\"lazy\" decoding=\"async\" src=\"https:\/\/wp.unil.ch\/dispositifs\/files\/2011\/10\/Audio_Icon-300x300.jpg\" alt=\"\" width=\"16\" height=\"16\" \/><\/a>Prof. Marta Braun, 7 mars 2012, <em>Dispositifs du temps, Marey, Muybridge.<\/em><\/h4>\n<h4><a href=\"https:\/\/media.unil.ch\/lettres\/cinema\/VINZENZ HEDIGER_audio.mp3\"><img loading=\"lazy\" decoding=\"async\" src=\"https:\/\/wp.unil.ch\/dispositifs\/files\/2011\/10\/Audio_Icon-300x300.jpg\" alt=\"\" width=\"16\" height=\"16\" \/><\/a>Prof. Vinzenz Hediger, 20 avril 2012, <em>Le documentaire comme syst\u00e8me exp\u00e9rimental:<\/em><span style=\"color: #ffffff\">&#8211; &#8211; &#8211; &#8211; &#8211; &#8212;- &#8211; &#8211; &#8211; &#8212; \u00a0 &#8212;<\/span><em>Quelques le\u00e7ons \u00e9pist\u00e9mologiques sur le cin\u00e9ma de \u00ab\u00a0non-fiction\u00a0\u00bb.<\/em><\/h4>\n<h4><a href=\"https:\/\/media.unil.ch\/lettres\/cinema\/Andr\u00e9 Gunthert_dispositifs .mp3\"><img loading=\"lazy\" decoding=\"async\" src=\"https:\/\/wp.unil.ch\/dispositifs\/files\/2011\/10\/Audio_Icon-300x300.jpg\" alt=\"\" width=\"16\" height=\"16\" \/><\/a>Dr. Andr\u00e9 Gunthert, 16 mai 2012, <em>Visibilit\u00e9 du dispositif et statut de la fiction.<\/em><\/h4>\n","protected":false},"excerpt":{"rendered":"<p>Prof. Marta Braun, 7 mars 2012, Dispositifs du temps, Marey, Muybridge. Prof. Vinzenz Hediger, 20 avril 2012, Le documentaire comme syst\u00e8me exp\u00e9rimental:&#8211; &#8211; &#8211; &#8211; &#8211; &#8212;- &#8211; &#8211; &#8211; &hellip; <\/p>\n","protected":false},"author":270,"featured_media":0,"parent":0,"menu_order":6,"comment_status":"closed","ping_status":"closed","template":"","meta":{"_seopress_robots_primary_cat":"","_seopress_titles_title":"","_seopress_titles_desc":"","_seopress_robots_index":"","footnotes":""},"class_list":["post-708","page","type-page","status-publish"],"_links":{"self":[{"href":"https:\/\/wp.unil.ch\/dispositifs\/wp-json\/wp\/v2\/pages\/708","targetHints":{"allow":["GET"]}}],"collection":[{"href":"https:\/\/wp.unil.ch\/dispositifs\/wp-json\/wp\/v2\/pages"}],"about":[{"href":"https:\/\/wp.unil.ch\/dispositifs\/wp-json\/wp\/v2\/types\/page"}],"author":[{"embeddable":true,"href":"https:\/\/wp.unil.ch\/dispositifs\/wp-json\/wp\/v2\/users\/270"}],"replies":[{"embeddable":true,"href":"https:\/\/wp.unil.ch\/dispositifs\/wp-json\/wp\/v2\/comments?post=708"}],"version-history":[{"count":0,"href":"https:\/\/wp.unil.ch\/dispositifs\/wp-json\/wp\/v2\/pages\/708\/revisions"}],"wp:attachment":[{"href":"https:\/\/wp.unil.ch\/dispositifs\/wp-json\/wp\/v2\/media?parent=708"}],"curies":[{"name":"wp","href":"https:\/\/api.w.org\/{rel}","templated":true}]}}