{"id":583,"date":"2011-10-13T13:04:51","date_gmt":"2011-10-13T11:04:51","guid":{"rendered":"http:\/\/wp.unil.ch\/dispositifs\/?page_id=583"},"modified":"2017-02-26T17:00:40","modified_gmt":"2017-02-26T16:00:40","slug":"conferences-2012","status":"publish","type":"page","link":"https:\/\/wp.unil.ch\/dispositifs\/conferences-de-lausanne-2\/conferences-2012\/","title":{"rendered":"Conf\u00e9rences 2012"},"content":{"rendered":"<p><a href=\"https:\/\/wp.unil.ch\/dispositifs\/files\/2011\/10\/FLYER-SITE.png\"><img alt=\"\" loading=\"lazy\" decoding=\"async\" class=\"alignleft wp-image-700\" src=\"https:\/\/wp.unil.ch\/dispositifs\/files\/2011\/10\/FLYER-SITE.png\" alt=\"\" width=\"694\" height=\"471\" srcset=\"https:\/\/wp.unil.ch\/dispositifs\/files\/2011\/10\/FLYER-SITE.png 1157w, https:\/\/wp.unil.ch\/dispositifs\/files\/2011\/10\/FLYER-SITE-300x203.png 300w\" sizes=\"auto, (max-width: 694px) 100vw, 694px\" \/><\/a><\/p>\n<h4><\/h4>\n<p>&nbsp;<\/p>\n<h3><strong><span style=\"color: #6587ab\"><em>Dispositifs du temps, Marey, Muybridge<\/em><\/span><\/strong><\/h3>\n<p><strong>Prof. Marta Braun, University of Ryerson, Toronton<\/strong><\/p>\n<h4><a href=\"https:\/\/media.unil.ch\/lettres\/cinema\/Marta%20Braun%20-%20conf%C3%A9rence%207mars.mp3\"><img loading=\"lazy\" decoding=\"async\" class=\"alignleft wp-image-977\" src=\"https:\/\/wp.unil.ch\/dispositifs\/files\/2014\/02\/Audio_Icon-copie.jpg\" alt=\"Audio_Icon copie\" width=\"198\" height=\"25\" srcset=\"https:\/\/wp.unil.ch\/dispositifs\/files\/2014\/02\/Audio_Icon-copie.jpg 1181w, https:\/\/wp.unil.ch\/dispositifs\/files\/2014\/02\/Audio_Icon-copie-300x37.jpg 300w, https:\/\/wp.unil.ch\/dispositifs\/files\/2014\/02\/Audio_Icon-copie-624x78.jpg 624w\" sizes=\"auto, (max-width: 198px) 100vw, 198px\" \/><\/a><\/h4>\n<h4><\/h4>\n<hr \/>\n<h3><strong>\u00a0<span style=\"color: #6587ab\"><em>Le documentaire comme syst\u00e8me exp\u00e9rimental: <\/em><\/span><em><span style=\"color: #6587ab\">Quelques le\u00e7ons \u00e9pist\u00e9mologiques sur le cin\u00e9ma de \u00ab\u00a0non-fiction\u00a0\u00bb<\/span><\/em><\/strong><\/h3>\n<h4>Prof. Vinzenz Hediger, Goethe-Universit\u00e4t, Frankfurt<span style=\"color: #ffffff\">&#8211; &#8211; &#8212;- &#8211; &#8211; &#8211;\u00a0<\/span><\/h4>\n<h4><a href=\"https:\/\/media.unil.ch\/lettres\/cinema\/VINZENZ%20HEDIGER_audio.mp3\"><img loading=\"lazy\" decoding=\"async\" class=\"alignleft wp-image-977\" src=\"https:\/\/wp.unil.ch\/dispositifs\/files\/2014\/02\/Audio_Icon-copie.jpg\" alt=\"Audio_Icon copie\" width=\"198\" height=\"25\" srcset=\"https:\/\/wp.unil.ch\/dispositifs\/files\/2014\/02\/Audio_Icon-copie.jpg 1181w, https:\/\/wp.unil.ch\/dispositifs\/files\/2014\/02\/Audio_Icon-copie-300x37.jpg 300w, https:\/\/wp.unil.ch\/dispositifs\/files\/2014\/02\/Audio_Icon-copie-624x78.jpg 624w\" sizes=\"auto, (max-width: 198px) 100vw, 198px\" \/><\/a><\/h4>\n<h3><\/h3>\n<hr \/>\n<h3><\/h3>\n<h3><em><strong><span style=\"color: #6587ab\"><strong>Le regard-cam\u00e9ra, ou de la fiction dans l&rsquo;image<\/strong><br \/>\n<\/span><\/strong><\/em><\/h3>\n<h4>Dr. Andr\u00e9 Gunthert, EHESS, Paris<\/h4>\n<h4><a href=\"https:\/\/media.unil.ch\/lettres\/cinema\/Andr\u00e9 Gunthert_dispositifs .mp3\"><img loading=\"lazy\" decoding=\"async\" class=\"alignleft wp-image-977\" src=\"https:\/\/wp.unil.ch\/dispositifs\/files\/2014\/02\/Audio_Icon-copie.jpg\" alt=\"Audio_Icon copie\" width=\"198\" height=\"25\" srcset=\"https:\/\/wp.unil.ch\/dispositifs\/files\/2014\/02\/Audio_Icon-copie.jpg 1181w, https:\/\/wp.unil.ch\/dispositifs\/files\/2014\/02\/Audio_Icon-copie-300x37.jpg 300w, https:\/\/wp.unil.ch\/dispositifs\/files\/2014\/02\/Audio_Icon-copie-624x78.jpg 624w\" sizes=\"auto, (max-width: 198px) 100vw, 198px\" \/><\/a><\/h4>\n<h5><\/h5>\n<p>&nbsp;<\/p>\n<p>&nbsp;<\/p>\n<h5><\/h5>\n<h5><a href=\"..\/conferences-de-lausanne\/calendrier-2\/\"><br \/>\n<\/a><\/h5>\n<p>&nbsp;<\/p>\n<h5><\/h5>\n<h5><\/h5>\n<h5><\/h5>\n","protected":false},"excerpt":{"rendered":"<p>&nbsp; Dispositifs du temps, Marey, Muybridge Prof. Marta Braun, University of Ryerson, Toronton \u00a0Le documentaire comme syst\u00e8me exp\u00e9rimental: Quelques le\u00e7ons \u00e9pist\u00e9mologiques sur le cin\u00e9ma de \u00ab\u00a0non-fiction\u00a0\u00bb Prof. Vinzenz Hediger, Goethe-Universit\u00e4t, &hellip; <\/p>\n","protected":false},"author":270,"featured_media":0,"parent":875,"menu_order":5,"comment_status":"closed","ping_status":"closed","template":"","meta":{"_seopress_robots_primary_cat":"","_seopress_titles_title":"","_seopress_titles_desc":"","_seopress_robots_index":"","footnotes":""},"class_list":["post-583","page","type-page","status-publish"],"_links":{"self":[{"href":"https:\/\/wp.unil.ch\/dispositifs\/wp-json\/wp\/v2\/pages\/583","targetHints":{"allow":["GET"]}}],"collection":[{"href":"https:\/\/wp.unil.ch\/dispositifs\/wp-json\/wp\/v2\/pages"}],"about":[{"href":"https:\/\/wp.unil.ch\/dispositifs\/wp-json\/wp\/v2\/types\/page"}],"author":[{"embeddable":true,"href":"https:\/\/wp.unil.ch\/dispositifs\/wp-json\/wp\/v2\/users\/270"}],"replies":[{"embeddable":true,"href":"https:\/\/wp.unil.ch\/dispositifs\/wp-json\/wp\/v2\/comments?post=583"}],"version-history":[{"count":0,"href":"https:\/\/wp.unil.ch\/dispositifs\/wp-json\/wp\/v2\/pages\/583\/revisions"}],"up":[{"embeddable":true,"href":"https:\/\/wp.unil.ch\/dispositifs\/wp-json\/wp\/v2\/pages\/875"}],"wp:attachment":[{"href":"https:\/\/wp.unil.ch\/dispositifs\/wp-json\/wp\/v2\/media?parent=583"}],"curies":[{"name":"wp","href":"https:\/\/api.w.org\/{rel}","templated":true}]}}