{"id":515,"date":"2011-04-03T16:25:45","date_gmt":"2011-04-03T14:25:45","guid":{"rendered":"http:\/\/wp.unil.ch\/dispositifs\/?page_id=515"},"modified":"2026-02-19T10:52:17","modified_gmt":"2026-02-19T09:52:17","slug":"bibliographie","status":"publish","type":"page","link":"https:\/\/wp.unil.ch\/dispositifs\/bibliographie\/","title":{"rendered":"PUBLICATIONS"},"content":{"rendered":"\n<p>Les diff\u00e9rents onglets de ce menu r\u00e9unissent les publications scientifiques de membres ou d&rsquo;anciens et anciennes membres du groupe de recherche Dispositifs de l&rsquo;Universit\u00e9 de Lausanne. Ces ouvrages, articles, chapitres ou comptes rendus mobilisent tous de pr\u00e8s ou de loin la notion de \u00ab\u00a0dispositif\u00a0\u00bb dans une perspective historique, \u00e9pist\u00e9mologique ou sociologique.<\/p>\n\n\n\n<p>Les publications les plus r\u00e9centes mobilisant cette notion sont par ailleurs annonc\u00e9es ci-dessous.<\/p>\n\n\n\n<hr class=\"wp-block-separator has-alpha-channel-opacity\" \/>\n\n\n\n<p><strong>Maria Tortajada, Fran\u00e7ois Albera,\u00a0<em>El dispositivo no existe. Una epistemolog\u00eda de los medios<\/em>,\u00a0 Santiago (Chile), Metales Pesados, 2025, 337 p. ISBN: 978-956-6426-02-8<\/strong><\/p>\n\n\n<div class=\"wp-block-image\">\n<figure class=\"aligncenter size-full is-resized\"><img loading=\"lazy\" decoding=\"async\" width=\"622\" height=\"918\" src=\"https:\/\/wp.unil.ch\/dispositifs\/files\/2026\/02\/1-1.png\" alt=\"1\" class=\"wp-image-1629\" style=\"aspect-ratio:0.6775675179129157;width:228px;height:auto\" srcset=\"https:\/\/wp.unil.ch\/dispositifs\/files\/2026\/02\/1-1.png 622w, https:\/\/wp.unil.ch\/dispositifs\/files\/2026\/02\/1-1-203x300.png 203w\" sizes=\"auto, (max-width: 622px) 100vw, 622px\" \/><\/figure>\n<\/div>\n\n\n<p>\u00ab\u00a0Quand on pense \u00ab&nbsp;dispositif&nbsp;\u00bb, on pense assemblage technique, militaire, l\u00e9gal, spectaculaire, repr\u00e9sentationnel. On pense \u00e0 Michel Foucault et aux dispositifs de pouvoir&nbsp;; on pense, si on s\u2019en tient au champ du cin\u00e9ma, \u00e0 la th\u00e9orie des dispositifs des ann\u00e9es 70. Dispositif peut \u00eatre un synonyme de m\u00e9dia. Un m\u00e9dia-objet, qui met en relation et qui fonctionne. Mais il est encore plus que cela. Il devient dans cet ouvrage un assemblage de dispositifs, de pratiques, de techniques, de th\u00e9ories, de concepts, qui permettent de saisir tout moment historique \u00e0 partir des interactions multiples qui le constituent.<\/p>\n\n\n\n<p>L\u2019<em>\u00e9pist\u00e9mologie des dispositifs<\/em>&nbsp;pr\u00e9sent\u00e9e ici est d\u2019abord une&nbsp;<em>m\u00e9thode<\/em>&nbsp;h\u00e9rit\u00e9e de l\u2019\u00e9pist\u00e9mologie fran\u00e7aise des sciences&nbsp;: Bachelard, Canguilhem, Simondon. Et si l\u2019on peut dire que le \u00ab&nbsp;dispositif n\u2019existe pas&nbsp;\u00bb, c\u2019est parce que la m\u00e9thode nous fait \u00e9chapper \u00e0 l\u2019objet concret, mat\u00e9riel, voire imaginaire, pour reconstruire des&nbsp;<em>r\u00e9seaux de relations<\/em>&nbsp;qui dessinent les conditions de possibilit\u00e9 de notre exp\u00e9rience. L\u2019\u00e9pist\u00e9mologie des dispositifs est une \u00e9pist\u00e9mologie des m\u00e9dias alternative. Elle d\u00e9payse les m\u00e9dias. En interaction avec le domaine qui se dessine sous le nom d\u2019\u00e9tudes visuelles, et proche des arch\u00e9ologies des m\u00e9dias, cette m\u00e9thode permet d\u2019aborder tout dispositif repr\u00e9sentationnel qu\u2019il rel\u00e8ve de la sc\u00e8ne th\u00e9\u00e2trale ou de la t\u00e9l\u00e9vision, de l\u2019internet ou des jeux vid\u00e9os, quels que soient les sens auxquels la repr\u00e9sentation fait appel, quel que soit le moment historique abord\u00e9.\u00a0\u00bb<\/p>\n\n\n\n<hr class=\"wp-block-separator has-alpha-channel-opacity\" \/>\n","protected":false},"excerpt":{"rendered":"<p>Les diff\u00e9rents onglets de ce menu r\u00e9unissent les publications scientifiques de membres ou d&rsquo;anciens et anciennes membres du groupe de recherche Dispositifs de l&rsquo;Universit\u00e9 de Lausanne. Ces ouvrages, articles, chapitres &hellip; <\/p>\n","protected":false},"author":270,"featured_media":0,"parent":0,"menu_order":11,"comment_status":"closed","ping_status":"closed","template":"","meta":{"_seopress_robots_primary_cat":"","_seopress_titles_title":"","_seopress_titles_desc":"","_seopress_robots_index":"","footnotes":""},"class_list":["post-515","page","type-page","status-publish"],"_links":{"self":[{"href":"https:\/\/wp.unil.ch\/dispositifs\/wp-json\/wp\/v2\/pages\/515","targetHints":{"allow":["GET"]}}],"collection":[{"href":"https:\/\/wp.unil.ch\/dispositifs\/wp-json\/wp\/v2\/pages"}],"about":[{"href":"https:\/\/wp.unil.ch\/dispositifs\/wp-json\/wp\/v2\/types\/page"}],"author":[{"embeddable":true,"href":"https:\/\/wp.unil.ch\/dispositifs\/wp-json\/wp\/v2\/users\/270"}],"replies":[{"embeddable":true,"href":"https:\/\/wp.unil.ch\/dispositifs\/wp-json\/wp\/v2\/comments?post=515"}],"version-history":[{"count":5,"href":"https:\/\/wp.unil.ch\/dispositifs\/wp-json\/wp\/v2\/pages\/515\/revisions"}],"predecessor-version":[{"id":1631,"href":"https:\/\/wp.unil.ch\/dispositifs\/wp-json\/wp\/v2\/pages\/515\/revisions\/1631"}],"wp:attachment":[{"href":"https:\/\/wp.unil.ch\/dispositifs\/wp-json\/wp\/v2\/media?parent=515"}],"curies":[{"name":"wp","href":"https:\/\/api.w.org\/{rel}","templated":true}]}}