{"id":1635,"date":"2026-02-24T13:15:09","date_gmt":"2026-02-24T12:15:09","guid":{"rendered":"https:\/\/wp.unil.ch\/dispositifs\/?page_id=1635"},"modified":"2026-02-24T13:15:11","modified_gmt":"2026-02-24T12:15:11","slug":"mireille-berton","status":"publish","type":"page","link":"https:\/\/wp.unil.ch\/dispositifs\/mireille-berton\/","title":{"rendered":"Mireille Berton"},"content":{"rendered":"\n<p>Mireille Berton et St\u00e9phane Tralongo (dir.), <em>L\u2019Outre-humain. Automates, performances m\u00e9caniques et cultures spectaculaires au seuil du XX<sup>e<\/sup>\u00a0si\u00e8cle<\/em>, Villeneuve D\u2019Ascq, Presses du Septentrion, 2025.<\/p>\n\n\n\n<p>Mireille Berton et Silvio Alovisio (dir.), <em>Cinema, sogno e allucinazione dalle origini ai primi anni Venti (1895-1925)<\/em>, num\u00e9ro trilingue (italien, fran\u00e7ais et anglais) de la revue <em>peer-reviewed<\/em> <em>Immagine. Note di storia del cinema<\/em> (AIRSC), avril 2019.<\/p>\n\n\n\n<p>Mireille Berton, <em>Le Corps nerveux du spectateur. Cin\u00e9ma et sciences du psychisme autour de 1900,<\/em> pr\u00e9face de Rae Beth Gordon, Lausanne, L\u2019\u00c2ge d\u2019Homme, 2015 (635 p.).<\/p>\n\n\n\n<p>Mireille Berton et Anne-Katrin Weber (dir.), <em>La T\u00e9l\u00e9vision du T\u00e9l\u00e9phonoscope \u00e0 YouTube. Pour une arch\u00e9ologie de l&rsquo;audiovision<\/em>, Lausanne, Antipodes, coll. M\u00e9dias et Histoire, 2009 (383 p.).<\/p>\n\n\n\n<p><\/p>\n","protected":false},"excerpt":{"rendered":"<p>Mireille Berton et St\u00e9phane Tralongo (dir.), L\u2019Outre-humain. Automates, performances m\u00e9caniques et cultures spectaculaires au seuil du XXe\u00a0si\u00e8cle, Villeneuve D\u2019Ascq, Presses du Septentrion, 2025. Mireille Berton et Silvio Alovisio (dir.), Cinema, &hellip; <\/p>\n","protected":false},"author":1002955,"featured_media":0,"parent":0,"menu_order":0,"comment_status":"closed","ping_status":"closed","template":"","meta":{"_seopress_robots_primary_cat":"","_seopress_titles_title":"","_seopress_titles_desc":"","_seopress_robots_index":"","footnotes":""},"class_list":["post-1635","page","type-page","status-publish"],"_links":{"self":[{"href":"https:\/\/wp.unil.ch\/dispositifs\/wp-json\/wp\/v2\/pages\/1635","targetHints":{"allow":["GET"]}}],"collection":[{"href":"https:\/\/wp.unil.ch\/dispositifs\/wp-json\/wp\/v2\/pages"}],"about":[{"href":"https:\/\/wp.unil.ch\/dispositifs\/wp-json\/wp\/v2\/types\/page"}],"author":[{"embeddable":true,"href":"https:\/\/wp.unil.ch\/dispositifs\/wp-json\/wp\/v2\/users\/1002955"}],"replies":[{"embeddable":true,"href":"https:\/\/wp.unil.ch\/dispositifs\/wp-json\/wp\/v2\/comments?post=1635"}],"version-history":[{"count":1,"href":"https:\/\/wp.unil.ch\/dispositifs\/wp-json\/wp\/v2\/pages\/1635\/revisions"}],"predecessor-version":[{"id":1636,"href":"https:\/\/wp.unil.ch\/dispositifs\/wp-json\/wp\/v2\/pages\/1635\/revisions\/1636"}],"wp:attachment":[{"href":"https:\/\/wp.unil.ch\/dispositifs\/wp-json\/wp\/v2\/media?parent=1635"}],"curies":[{"name":"wp","href":"https:\/\/api.w.org\/{rel}","templated":true}]}}