{"id":1609,"date":"2026-02-11T17:38:23","date_gmt":"2026-02-11T16:38:23","guid":{"rendered":"https:\/\/wp.unil.ch\/dispositifs\/?page_id=1609"},"modified":"2026-02-11T17:38:24","modified_gmt":"2026-02-11T16:38:24","slug":"jeanne-de-roquefeuil","status":"publish","type":"page","link":"https:\/\/wp.unil.ch\/dispositifs\/jeanne-de-roquefeuil\/","title":{"rendered":"Jeanne de Roquefeuil"},"content":{"rendered":"\n<p>Assistante dipl\u00f4m\u00e9e \u00e0 la Section d&rsquo;histoire et esth\u00e9tique du cin\u00e9ma de l&rsquo;UNIL, Jeanne de Roquefeuil consacre sa th\u00e8se \u00e0 l&rsquo;interm\u00e9dialit\u00e9 du motif de la vague dans les arts et les m\u00e9dias autour de 1900. Elle \u00e9tudie les d\u00e9fis que ce ph\u00e9nom\u00e8ne naturel a pos\u00e9s aux dispositifs de vision qui ont cherch\u00e9 \u00e0 en capturer l&rsquo;image, et examine comment leurs \u00e9volutions techniques et \u00e9pist\u00e9mologiques ont transform\u00e9 les modes de repr\u00e9sentation et de perception des vagues.<\/p>\n","protected":false},"excerpt":{"rendered":"<p>Assistante dipl\u00f4m\u00e9e \u00e0 la Section d&rsquo;histoire et esth\u00e9tique du cin\u00e9ma de l&rsquo;UNIL, Jeanne de Roquefeuil consacre sa th\u00e8se \u00e0 l&rsquo;interm\u00e9dialit\u00e9 du motif de la vague dans les arts et les &hellip; <\/p>\n","protected":false},"author":1002955,"featured_media":0,"parent":0,"menu_order":0,"comment_status":"closed","ping_status":"closed","template":"","meta":{"_seopress_robots_primary_cat":"","_seopress_titles_title":"","_seopress_titles_desc":"","_seopress_robots_index":"","footnotes":""},"class_list":["post-1609","page","type-page","status-publish"],"_links":{"self":[{"href":"https:\/\/wp.unil.ch\/dispositifs\/wp-json\/wp\/v2\/pages\/1609","targetHints":{"allow":["GET"]}}],"collection":[{"href":"https:\/\/wp.unil.ch\/dispositifs\/wp-json\/wp\/v2\/pages"}],"about":[{"href":"https:\/\/wp.unil.ch\/dispositifs\/wp-json\/wp\/v2\/types\/page"}],"author":[{"embeddable":true,"href":"https:\/\/wp.unil.ch\/dispositifs\/wp-json\/wp\/v2\/users\/1002955"}],"replies":[{"embeddable":true,"href":"https:\/\/wp.unil.ch\/dispositifs\/wp-json\/wp\/v2\/comments?post=1609"}],"version-history":[{"count":1,"href":"https:\/\/wp.unil.ch\/dispositifs\/wp-json\/wp\/v2\/pages\/1609\/revisions"}],"predecessor-version":[{"id":1610,"href":"https:\/\/wp.unil.ch\/dispositifs\/wp-json\/wp\/v2\/pages\/1609\/revisions\/1610"}],"wp:attachment":[{"href":"https:\/\/wp.unil.ch\/dispositifs\/wp-json\/wp\/v2\/media?parent=1609"}],"curies":[{"name":"wp","href":"https:\/\/api.w.org\/{rel}","templated":true}]}}