{"id":1534,"date":"2026-01-27T17:36:43","date_gmt":"2026-01-27T16:36:43","guid":{"rendered":"https:\/\/wp.unil.ch\/dispositifs\/?page_id=1534"},"modified":"2026-02-11T17:53:27","modified_gmt":"2026-02-11T16:53:27","slug":"guilherme-machado","status":"publish","type":"page","link":"https:\/\/wp.unil.ch\/dispositifs\/guilherme-machado\/","title":{"rendered":"Guilherme Machado"},"content":{"rendered":"\n<p>Guilherme Machado est chercheur post-doctorant et Premier assistant \u00e0 la Section d\u2019histoire et esth\u00e9tique du cin\u00e9ma de l\u2019Universit\u00e9 de Lausanne. Ses recherches portent sur la culture visuelle institutionnelle du travail et les dispositifs de production\/transmission de savoirs li\u00e9s au travail, comme les dispositifs p\u00e9dagogiques d\u2019orientation professionnelle des \u00e9coliers et de formation de la main d\u2019\u0153uvre dans les entreprises, qui impliquent une multiplicit\u00e9 de m\u00e9dias. Il m\u00e8ne actuellement une recherche sur la \u00ab&nbsp;propagande du travail&nbsp;\u00bb dans les anciens empires coloniaux en Afrique (1910-1960), en particulier sur les usages du cin\u00e9ma et d\u2019autres m\u00e9dias pour le recrutement de la main d\u2019\u0153uvre dans les mines d\u2019Afrique australe. Son approche du dispositif met en avant la notion d\u2019<em>espace d\u2019observation<\/em>, suivant laquelle un dispositif de vision est consid\u00e9r\u00e9 comme tel non seulement quand il offre une \u00ab&nbsp;repr\u00e9sentation&nbsp;visuelle&nbsp;\u00bb de la r\u00e9alit\u00e9, mais lorsqu\u2019un ensemble d\u2019agents mat\u00e9riels, technologiques et discursifs donnent lieu \u00e0 un r\u00e9gime d\u2019observation particulier.<\/p>\n\n\n\n<hr class=\"wp-block-separator has-alpha-channel-opacity\" \/>\n\n\n\n<p><strong><em>Co-edited book<\/em><\/strong><\/p>\n\n\n\n<p>Rebecca Boguska, Guilherme Machado, Rebecca Puchta and Marin Reljic (eds.), \u00a0<em><a href=\"https:\/\/meson.press\/books\/tacit-cinematic-knowledge\/\">Tacit Cinematic Knowledge. Approaches and Practices<\/a><\/em>, L\u00fcneburg, Meson Press, 2024.<\/p>\n\n\n\n<p><strong><em>Articles in scientific journals\u00a0<\/em><\/strong><\/p>\n\n\n\n<p>Guilherme Machado, \u00ab\u00a0Gen\u00e8ses figurales du travail: pour une histoire g\u00e9n\u00e9rale des dispositifs esth\u00e9tiques de contr\u00f4le\u00a0\u00bb,&nbsp;<em>1895.&nbsp;Revue d\u2019histoire du cin\u00e9ma<\/em>, 103, 2025.<\/p>\n\n\n\n<p>Guilherme Machado, \u201cLe travail sera-t-il op\u00e9r\u00e9 par des dispositifs cin\u00e9matographiques? Sur les enjeux politiques des nouveaux rapports entre cin\u00e9ma et travail\u201d,&nbsp;<em>CiN\u00e9MAS.&nbsp;Revue d\u2019\u00e9tudes cin\u00e9matographiques<\/em>, 2025.<\/p>\n\n\n\n<p><strong><em>Book chapters<\/em><\/strong><\/p>\n\n\n\n<p>Guilherme Machado, \u201cSimulation as Training: Work, Cybernetic Instruction and Film\u201d, in Paul Brakmann and Lea Hilsemer (eds.),&nbsp;<em>Instruktive Bilder.&nbsp;Visuelle Anleitung praktischer Fertigkeit<\/em>, Berlin and Boston, De Gruyter, 2024, pp. 128-141.<\/p>\n\n\n\n<p>Guilherme Machado, <a href=\"https:\/\/meson.press\/books\/tacit-cinematic-knowledge\/\">\u201cTacit Cinematic Knowledge. An Operative Term\u00a0\u00bb<\/a>, introduction (co-written with Rebecca Boguska, Rebecca Puchta and Marin Reljic). In&nbsp;<em>Tacit Cinematic Knowledge. Approaches and Practices<\/em>, L\u00fcneburg, Meson Press, 2024, pp. 9-28.&nbsp;<\/p>\n\n\n\n<p>Guilherme Machado, <a href=\"https:\/\/meson.press\/books\/tacit-cinematic-knowledge\/\">\u00ab\u00a0Scripting Organizations: How Labor Is Becoming Cinematic.\u00a0\u00bb<\/a><strong>&nbsp;<\/strong>In Rebecca Boguska, Guilherme Machado, Rebecca Puchta and Marin Reljic (eds.),&nbsp;<em>Tacit Cinematic Knowledge. Approaches and Practices<\/em>. L\u00fcneburg, Meson Press, 2024, pp.&nbsp;127-144.&nbsp;<\/p>\n\n\n\n<p>Guilherme Machado, <a href=\"https:\/\/www.aup.nl\/en\/book\/9789462986534\/films-that-work-harder\">\u201cWe Must Know More than We Can See: Images for Vocational Training and the Emergence of Cognitive Ergonomics.\u00a0\u00bb<\/a>, in Vinzenz Hediger, Florian Hoof and Yvonne Zimmermann (eds.),&nbsp;<em>Films that Work Harder: The Circulations of Industrial Cinema<\/em>. Amsterdam: Amsterdam University Press, 2023, pp. 421-443.&nbsp;<\/p>\n\n\n\n<p>Guilherme Machado, <a href=\"https:\/\/pandemicmedia.meson.press\/chapters\/technologies-materialities\/zoom-in-on-the-face-the-close-%20up-at-work\/\">\u201cZoom in on the Face: The Close-Up at Work\u00a0\u00bb<\/a>, in Philipp Keidl, Laliv Melamed, Vinzenz Hediger and Antonio Somaini (eds.),&nbsp;<em>Pandemic Media: Preliminary Notes Toward an Inventory<\/em>. L\u00fcneburg: Meson Press, 2020, pp. 193-201.&nbsp;<\/p>\n","protected":false},"excerpt":{"rendered":"<p>Guilherme Machado est chercheur post-doctorant et Premier assistant \u00e0 la Section d\u2019histoire et esth\u00e9tique du cin\u00e9ma de l\u2019Universit\u00e9 de Lausanne. Ses recherches portent sur la culture visuelle institutionnelle du travail &hellip; <\/p>\n","protected":false},"author":1002955,"featured_media":0,"parent":0,"menu_order":0,"comment_status":"closed","ping_status":"closed","template":"","meta":{"_seopress_robots_primary_cat":"","_seopress_titles_title":"","_seopress_titles_desc":"","_seopress_robots_index":"","footnotes":""},"class_list":["post-1534","page","type-page","status-publish"],"_links":{"self":[{"href":"https:\/\/wp.unil.ch\/dispositifs\/wp-json\/wp\/v2\/pages\/1534","targetHints":{"allow":["GET"]}}],"collection":[{"href":"https:\/\/wp.unil.ch\/dispositifs\/wp-json\/wp\/v2\/pages"}],"about":[{"href":"https:\/\/wp.unil.ch\/dispositifs\/wp-json\/wp\/v2\/types\/page"}],"author":[{"embeddable":true,"href":"https:\/\/wp.unil.ch\/dispositifs\/wp-json\/wp\/v2\/users\/1002955"}],"replies":[{"embeddable":true,"href":"https:\/\/wp.unil.ch\/dispositifs\/wp-json\/wp\/v2\/comments?post=1534"}],"version-history":[{"count":3,"href":"https:\/\/wp.unil.ch\/dispositifs\/wp-json\/wp\/v2\/pages\/1534\/revisions"}],"predecessor-version":[{"id":1617,"href":"https:\/\/wp.unil.ch\/dispositifs\/wp-json\/wp\/v2\/pages\/1534\/revisions\/1617"}],"wp:attachment":[{"href":"https:\/\/wp.unil.ch\/dispositifs\/wp-json\/wp\/v2\/media?parent=1534"}],"curies":[{"name":"wp","href":"https:\/\/api.w.org\/{rel}","templated":true}]}}