{"id":1530,"date":"2026-01-27T17:28:04","date_gmt":"2026-01-27T16:28:04","guid":{"rendered":"https:\/\/wp.unil.ch\/dispositifs\/?page_id=1530"},"modified":"2026-02-11T17:40:13","modified_gmt":"2026-02-11T16:40:13","slug":"michael-wagnieres","status":"publish","type":"page","link":"https:\/\/wp.unil.ch\/dispositifs\/michael-wagnieres\/","title":{"rendered":"Michael Wagni\u00e8res"},"content":{"rendered":"\n<p>Michael Wagni\u00e8res est assistant dipl\u00f4m\u00e9 \u00e0 la Section d\u2019histoire et esth\u00e9tique du cin\u00e9ma de l\u2019Universit\u00e9 de Lausanne. Il est \u00e9galement membre du GameLab UNIL-EPFL. Ses travaux portent sur le m\u00e9dium vid\u00e9oludique, observ\u00e9 sous un angle historique, narratologique et interm\u00e9dial. Sa recherche doctorale est consacr\u00e9e d\u2019une part \u00e0 la disparition des manuels papier, d\u2019autre part \u00e0 l\u2019int\u00e9gration progressive des didacticiels et autres modalit\u00e9s d\u2019assistance au sein des jeux vid\u00e9o. Dans le cadre de cette recherche, il mobilise les th\u00e9ories lausannoises du dispositif, en r\u00e9adaptant pour ce m\u00e9dium le triangle du dispositif \u2013 spectateur, machinerie, repr\u00e9sentation \u2013 et en \u00e9tudiant une configuration particuli\u00e8re (le \u00ab\u00a0dispositif domestique\u00a0\u00bb, \u00e0 savoir les jeux vid\u00e9o distribu\u00e9s sur console de salon et\/ou sur ordinateur).<\/p>\n\n\n\n<hr class=\"wp-block-separator has-alpha-channel-opacity\" \/>\n\n\n\n<p>Michael Wagni\u00e8res, \u00ab La rectangularisation passag\u00e8re du format de l\u2019image dans le jeu vid\u00e9o comme strat\u00e9gie \u201ctranscin\u00e9matographique\u201d \u00bb, intervention lors du colloque&nbsp;<em>Format : Dispositif<\/em>, Universit\u00e9 de Z\u00fcrich, 8-10 juin 2022.<\/p>\n\n\n\n<p>Michael Wagni\u00e8res, \u00ab Learning to Play Video Games in the Emerging Home Market&nbsp;: A Typology of Paper Manual Functions in the 1980s&nbsp;\u00bb, intervention lors du colloque&nbsp;<em>Leisure Electronics and The Emergence of Video Games : Towards a Genealogy of Ludic Practices and Computing Artifacts<\/em>, Universit\u00e9 de Lausanne, 2-3 mai 2024.<\/p>\n\n\n\n<p>Michael Wagni\u00e8res, \u00ab From the Know-It-All Brothers to the Disembodied Text : The Evolution of Tutorials through&nbsp;<em>The Legend of Zelda<\/em>&nbsp;Series (1986-2023)&nbsp;\u00bb,&nbsp;<em>Replaying Japan<\/em>, n<sup>o<\/sup>&nbsp;7, 2025.<\/p>\n\n\n\n<p>Michael Wagni\u00e8res,&nbsp;<em>Du manuel au didacticiel : histoire et th\u00e9orie des instructions dans les jeux vid\u00e9o<\/em>, Th\u00e8se de doctorat sous la direction d\u2019Alain Boillat et Carl Therrien, Section d\u2019histoire et esth\u00e9tique du cin\u00e9ma, Universit\u00e9 de Lausanne, [en cours].<\/p>\n\n\n\n<p><\/p>\n","protected":false},"excerpt":{"rendered":"<p>Michael Wagni\u00e8res est assistant dipl\u00f4m\u00e9 \u00e0 la Section d\u2019histoire et esth\u00e9tique du cin\u00e9ma de l\u2019Universit\u00e9 de Lausanne. Il est \u00e9galement membre du GameLab UNIL-EPFL. Ses travaux portent sur le m\u00e9dium &hellip; <\/p>\n","protected":false},"author":1002955,"featured_media":0,"parent":0,"menu_order":0,"comment_status":"closed","ping_status":"closed","template":"","meta":{"_seopress_robots_primary_cat":"","_seopress_titles_title":"","_seopress_titles_desc":"","_seopress_robots_index":"","footnotes":""},"class_list":["post-1530","page","type-page","status-publish"],"_links":{"self":[{"href":"https:\/\/wp.unil.ch\/dispositifs\/wp-json\/wp\/v2\/pages\/1530","targetHints":{"allow":["GET"]}}],"collection":[{"href":"https:\/\/wp.unil.ch\/dispositifs\/wp-json\/wp\/v2\/pages"}],"about":[{"href":"https:\/\/wp.unil.ch\/dispositifs\/wp-json\/wp\/v2\/types\/page"}],"author":[{"embeddable":true,"href":"https:\/\/wp.unil.ch\/dispositifs\/wp-json\/wp\/v2\/users\/1002955"}],"replies":[{"embeddable":true,"href":"https:\/\/wp.unil.ch\/dispositifs\/wp-json\/wp\/v2\/comments?post=1530"}],"version-history":[{"count":2,"href":"https:\/\/wp.unil.ch\/dispositifs\/wp-json\/wp\/v2\/pages\/1530\/revisions"}],"predecessor-version":[{"id":1613,"href":"https:\/\/wp.unil.ch\/dispositifs\/wp-json\/wp\/v2\/pages\/1530\/revisions\/1613"}],"wp:attachment":[{"href":"https:\/\/wp.unil.ch\/dispositifs\/wp-json\/wp\/v2\/media?parent=1530"}],"curies":[{"name":"wp","href":"https:\/\/api.w.org\/{rel}","templated":true}]}}