{"id":1523,"date":"2026-01-27T17:20:13","date_gmt":"2026-01-27T16:20:13","guid":{"rendered":"https:\/\/wp.unil.ch\/dispositifs\/?page_id=1523"},"modified":"2026-02-12T10:20:24","modified_gmt":"2026-02-12T09:20:24","slug":"noe-maggetti","status":"publish","type":"page","link":"https:\/\/wp.unil.ch\/dispositifs\/noe-maggetti\/","title":{"rendered":"No\u00e9 Maggetti"},"content":{"rendered":"\n<p>Assistant dipl\u00f4m\u00e9 aupr\u00e8s de la Section d\u2019histoire et esth\u00e9tique du cin\u00e9ma de l\u2019UNIL, No\u00e9 Maggetti consacre sa th\u00e8se de doctorat aux repr\u00e9sentations de dispositifs de vision et d\u2019audition dans la culture m\u00e9diatique autour de 1900. Dans ce cadre, il s\u2019int\u00e9resse \u00e0 la mani\u00e8re dont des appareils mettant en relation une instance spectatorielle et une repr\u00e9sentation sont utilis\u00e9s par des \u00e9crivains, des scientifiques, des journalistes ou encore des op\u00e9rateurs de cin\u00e9matographe pour g\u00e9n\u00e9rer de la narrativit\u00e9 au sein de leurs productions.<\/p>\n\n\n\n<hr class=\"wp-block-separator has-alpha-channel-opacity\" \/>\n\n\n\n<p>No\u00e9 Maggetti, \u00ab&nbsp;Qu\u2019inventent vraiment les \u00e9crivains&nbsp;? Autour de quelques dispositifs dans la fiction&nbsp;\u00bb, <em>Le Magasin du XIX<sup>e<\/sup> si\u00e8cle<\/em>, n\u00b0 13, 2023, p. 58-67.<\/p>\n\n\n\n<p>No\u00e9 Maggetti,<a href=\"http:\/\/www.fabula.org\/colloques\/document11736.php\"> \u00ab Variations m\u00e9diatiques de la \u2018\u2018t\u00e9l\u00e9-vision\u2019\u2019 autour de 1900&nbsp;\u00bb<\/a>, <em>Fabula\/Les colloques <\/em>[en ligne], \u00ab&nbsp;Variantes. La d\u00e9clinaison des possibles comme objet de la recherche (dir. Anne Besson, Alain Boillat, Matthieu Letourneux), 2024.<\/p>\n\n\n\n<p>No\u00e9 Maggetti, \u00ab&nbsp;Le merveilleux-scientifique et ses machines \u00e0 voir&nbsp;: Fleur Hopkins-Lof\u00e9ron, <em>Voir l&rsquo;invisible. Histoire visuelle du mouvement merveilleux-scientifique (1909-1930)&nbsp;<\/em>\u00bb, <em>1895, revue d\u2019histoire du cin\u00e9ma<\/em>, n<sup>o <\/sup>104, printemps 2025, p. 200-203.<\/p>\n\n\n\n<p>No\u00e9 Maggetti, \u00ab&nbsp;Dispositif&nbsp;\u00bb, dans Sophie-Valentine Borloz, Marta Caraion, Judith Lyon-Caen (dir.), <em>\u00c9crire les choses. Litt\u00e9rature et culture mat\u00e9rielle, 1830-2020<\/em>, Ceyz\u00e9rieu, Champ Vallon, 2025, p. 713-714.<\/p>\n\n\n\n<p>No\u00e9 Maggetti, \u00ab&nbsp;<em>Locus Solus<\/em>, Raymond Roussel&nbsp;\u00bb, dans Sophie-Valentine Borloz, Marta Caraion, Judith Lyon-Caen (dir.), <em>\u00c9crire les choses. Litt\u00e9rature et culture mat\u00e9rielle, 1830-2020<\/em>, Ceyz\u00e9rieu, Champ Vallon, 2025, p.&nbsp;735-736.<\/p>\n\n\n\n<p>No\u00e9 Maggetti (dir.), <a href=\"https:\/\/www.fabula.org\/revue\/sommaire19645.php.\">dossier critique \u00ab\u00a0Dispositifs de vision\u00a0\u00bb<\/a>, <em>Acta Fabula<\/em>, vol. 26, n<sup>o<\/sup> 5, mai 2025.<\/p>\n\n\n\n<p>No\u00e9 Maggetti, <a href=\"https:\/\/www.fabula.org\/revue\/document19659.php.\">\u00ab&nbsp;Le cin\u00e9ma par le texte : Jos\u00e9 Moure, <em>Aux commencements du cin\u00e9ma,<\/em> 2023&nbsp;\u00bb<\/a>, <em>Acta Fabula<\/em>, vol. 26, n<sup>o<\/sup> 5, mai 2025.<\/p>\n\n\n\n<p>No\u00e9 Maggetti, <a href=\"https:\/\/journals.openedition.org\/decadrages\/2234\">\u00ab&nbsp;Achever un objet technique par la fiction&nbsp;?&nbsp;\u00bb<\/a>, <em>D\u00e9cadrages. Cin\u00e9ma, \u00e0 travers champs<\/em>, dossier \u00ab&nbsp;Inach\u00e8vements&nbsp;\u00bb (dir. No\u00e9 Maggetti), n<sup>o<\/sup> 53-54, 2025, p.&nbsp;147-155.<\/p>\n\n\n\n<p><\/p>\n","protected":false},"excerpt":{"rendered":"<p>Assistant dipl\u00f4m\u00e9 aupr\u00e8s de la Section d\u2019histoire et esth\u00e9tique du cin\u00e9ma de l\u2019UNIL, No\u00e9 Maggetti consacre sa th\u00e8se de doctorat aux repr\u00e9sentations de dispositifs de vision et d\u2019audition dans la &hellip; <\/p>\n","protected":false},"author":1002955,"featured_media":0,"parent":0,"menu_order":0,"comment_status":"closed","ping_status":"closed","template":"","meta":{"_seopress_robots_primary_cat":"","_seopress_titles_title":"","_seopress_titles_desc":"","_seopress_robots_index":"","footnotes":""},"class_list":["post-1523","page","type-page","status-publish"],"_links":{"self":[{"href":"https:\/\/wp.unil.ch\/dispositifs\/wp-json\/wp\/v2\/pages\/1523","targetHints":{"allow":["GET"]}}],"collection":[{"href":"https:\/\/wp.unil.ch\/dispositifs\/wp-json\/wp\/v2\/pages"}],"about":[{"href":"https:\/\/wp.unil.ch\/dispositifs\/wp-json\/wp\/v2\/types\/page"}],"author":[{"embeddable":true,"href":"https:\/\/wp.unil.ch\/dispositifs\/wp-json\/wp\/v2\/users\/1002955"}],"replies":[{"embeddable":true,"href":"https:\/\/wp.unil.ch\/dispositifs\/wp-json\/wp\/v2\/comments?post=1523"}],"version-history":[{"count":5,"href":"https:\/\/wp.unil.ch\/dispositifs\/wp-json\/wp\/v2\/pages\/1523\/revisions"}],"predecessor-version":[{"id":1622,"href":"https:\/\/wp.unil.ch\/dispositifs\/wp-json\/wp\/v2\/pages\/1523\/revisions\/1622"}],"wp:attachment":[{"href":"https:\/\/wp.unil.ch\/dispositifs\/wp-json\/wp\/v2\/media?parent=1523"}],"curies":[{"name":"wp","href":"https:\/\/api.w.org\/{rel}","templated":true}]}}