{"id":1513,"date":"2026-01-27T17:05:41","date_gmt":"2026-01-27T16:05:41","guid":{"rendered":"https:\/\/wp.unil.ch\/dispositifs\/?page_id=1513"},"modified":"2026-02-11T17:32:25","modified_gmt":"2026-02-11T16:32:25","slug":"stephane-tralongo","status":"publish","type":"page","link":"https:\/\/wp.unil.ch\/dispositifs\/stephane-tralongo\/","title":{"rendered":"St\u00e9phane Tralongo"},"content":{"rendered":"\n<p>Historien du cin\u00e9ma, St\u00e9phane Tralongo m\u00e8ne des recherches sur le cin\u00e9ma des premiers temps, l\u2019arch\u00e9ologie des m\u00e9dias et l\u2019histoire des techniques et des pratiques du cin\u00e9ma. Dans ses travaux, il mobilise r\u00e9guli\u00e8rement une approche en \u00ab\u00a0dispositifs\u00a0\u00bb des m\u00e9dias, faisant intervenir des \u00e9l\u00e9ments li\u00e9s \u00e0 l\u2019histoire spatiale et architecturale des lieux de production et de consommation d\u2019images anim\u00e9es (jardins, th\u00e9\u00e2tres, music-halls, grands magasins, etc.). Plus r\u00e9cemment, il a int\u00e9gr\u00e9 \u00e0 sa r\u00e9flexion sur les dispositifs une composante atmosph\u00e9rique, visant \u00e0 mieux rendre compte des conditions environnementales et climatiques de fonctionnement des m\u00e9dias.<\/p>\n\n\n\n<hr class=\"wp-block-separator has-alpha-channel-opacity\" \/>\n\n\n\n<p>Mireille Berton et St\u00e9phane Tralongo&nbsp;(dir.), <em>L\u2019outre-humain. Automates, performances m\u00e9caniques et cultures spectaculaires<\/em>, Villeneuve-d\u2019Ascq, Presses universitaires du Septentrion, 2025.<\/p>\n\n\n\n<p>Mireille Berton et St\u00e9phane Tralongo, \u00ab&nbsp;Introduction. Dispositifs et performativit\u00e9s de l\u2019automate&nbsp;\u00bb, in&nbsp;Mireille Berton et St\u00e9phane Tralongo&nbsp;(dir.), <em>L\u2019outre-humain. Automates, performances m\u00e9caniques et cultures spectaculaires<\/em>, Villeneuve-d\u2019Ascq, Presses universitaires du Septentrion, 2025, pp.&nbsp;9-37.<\/p>\n\n\n\n<p>St\u00e9phane Tralongo, \u00ab&nbsp;Sur le seuil du cin\u00e9ma. Automates, machines \u00e0 sous et dispositifs de vision&nbsp;\u00bb, in&nbsp;Mireille Berton et St\u00e9phane Tralongo&nbsp;(dir.), <em>L\u2019outre-humain. Automates, performances m\u00e9caniques et cultures spectaculaires<\/em>, Villeneuve-d\u2019Ascq, Presses universitaires du Septentrion, 2025, pp.&nbsp;177-195.<\/p>\n\n\n\n<p>St\u00e9phane Tralongo, \u00ab&nbsp;Un monde en miniature. Cin\u00e9ma et consommation aux Grands Magasins Dufayel&nbsp;\u00bb, <em>1895 revue d\u2019histoire du cin\u00e9ma<\/em>, n<sup>o<\/sup>&nbsp;96, hiver 2022, pp.&nbsp;102-129.<\/p>\n\n\n\n<p>St\u00e9phane Tralongo, \u00ab&nbsp;Des passages aux cin\u00e9mas. Le music-hall comme espace de mobilit\u00e9<strong>&nbsp;<\/strong>\u00bb, in Florence Baillet, Mireille Losco-Lena et Arnaud Rykner&nbsp;(dir.), \u00ab&nbsp;L\u2019\u0152il et le th\u00e9\u00e2tre. La question du regard au tournant des xix<sup>e<\/sup> et xx<sup>e<\/sup> si\u00e8cles sur les sc\u00e8nes europ\u00e9ennes. \u00c9tudes th\u00e9\u00e2trales et \u00e9tudes visuelles \u2013 Approches crois\u00e9es&nbsp;\u00bb, <em>\u00c9tudes th\u00e9\u00e2trales<\/em>, n<sup>o<\/sup>&nbsp;65, 2016, pp.&nbsp;28-40.<\/p>\n","protected":false},"excerpt":{"rendered":"<p>Historien du cin\u00e9ma, St\u00e9phane Tralongo m\u00e8ne des recherches sur le cin\u00e9ma des premiers temps, l\u2019arch\u00e9ologie des m\u00e9dias et l\u2019histoire des techniques et des pratiques du cin\u00e9ma. Dans ses travaux, il &hellip; <\/p>\n","protected":false},"author":1002955,"featured_media":0,"parent":0,"menu_order":0,"comment_status":"closed","ping_status":"closed","template":"","meta":{"_seopress_robots_primary_cat":"","_seopress_titles_title":"","_seopress_titles_desc":"","_seopress_robots_index":"","footnotes":""},"class_list":["post-1513","page","type-page","status-publish"],"_links":{"self":[{"href":"https:\/\/wp.unil.ch\/dispositifs\/wp-json\/wp\/v2\/pages\/1513","targetHints":{"allow":["GET"]}}],"collection":[{"href":"https:\/\/wp.unil.ch\/dispositifs\/wp-json\/wp\/v2\/pages"}],"about":[{"href":"https:\/\/wp.unil.ch\/dispositifs\/wp-json\/wp\/v2\/types\/page"}],"author":[{"embeddable":true,"href":"https:\/\/wp.unil.ch\/dispositifs\/wp-json\/wp\/v2\/users\/1002955"}],"replies":[{"embeddable":true,"href":"https:\/\/wp.unil.ch\/dispositifs\/wp-json\/wp\/v2\/comments?post=1513"}],"version-history":[{"count":2,"href":"https:\/\/wp.unil.ch\/dispositifs\/wp-json\/wp\/v2\/pages\/1513\/revisions"}],"predecessor-version":[{"id":1599,"href":"https:\/\/wp.unil.ch\/dispositifs\/wp-json\/wp\/v2\/pages\/1513\/revisions\/1599"}],"wp:attachment":[{"href":"https:\/\/wp.unil.ch\/dispositifs\/wp-json\/wp\/v2\/media?parent=1513"}],"curies":[{"name":"wp","href":"https:\/\/api.w.org\/{rel}","templated":true}]}}