{"id":1417,"date":"2024-01-23T14:10:51","date_gmt":"2024-01-23T13:10:51","guid":{"rendered":"https:\/\/wp.unil.ch\/dispositifs\/?page_id=1417"},"modified":"2024-01-23T14:12:34","modified_gmt":"2024-01-23T13:12:34","slug":"conferences-2023-2","status":"publish","type":"page","link":"https:\/\/wp.unil.ch\/dispositifs\/conferences-de-lausanne-2\/conferences-2023-2\/","title":{"rendered":"Conf\u00e9rences 2023"},"content":{"rendered":"\n<p class=\"has-medium-font-size\"><strong>Laurent Mannoni<\/strong> <strong>(Cin\u00e9math\u00e8que fran\u00e7aise) : <em>La Machine-cin\u00e9ma.<\/em><\/strong><br>Jeudi 16 mars  |  18h  |  salle Unith\u00e8que 4.215<\/p>\n\n\n\n<p>N\u00e9 de la science, le cin\u00e9ma \u2013 un art hautement technique \u2013 nous offre en permanence, depuis sa naissance, un m\u00e9lange d\u00e9tonnant de technologie et de sensibilit\u00e9 artistique. La chronophotographie (fin du XIXe si\u00e8cle), les Talkies (1927), le Technicolor (1932), le Cin\u00e9maScope (1953), le format 70 mm (1955), la cam\u00e9ra l\u00e9g\u00e8re et la Nouvelle Vague (ann\u00e9es 1950), l&rsquo;\u00e8re num\u00e9rique (ann\u00e9es 1990), etc., ont engendr\u00e9 \u00e0 chaque fois des formes totalement nouvelles. Les images et les sons se forment par la gr\u00e2ce des artistes, mais aussi des machines, de l\u2019optique, de la chimie, de l\u2019\u00e9lectronique. \u00ab Le cin\u00e9matographe manifeste tr\u00e8s haut et tr\u00e8s clairement un g\u00e9nie propre, dont aucun m\u00e9canisme n\u2019a donn\u00e9 jusqu\u2019ici un aussi net exemple \u00bb (Jean Epstein, L\u2019Intelligence d\u2019une machine). L\u2019Homme-machine de La Mettrie s\u2019est transform\u00e9 en Homme-cam\u00e9ra. Il est aujourd\u2019hui l\u2019Homme-num\u00e9rique. Comment la technique engendre-t-elle des formes nouvelles et, r\u00e9ciproquement, de quelle fa\u00e7on la recherche esth\u00e9tique donne-t-elle naissance \u00e0 de nouveaux appareils, syst\u00e8mes ou proc\u00e9d\u00e9s ? On retracera les grands jalons de cette riche histoire technique et esth\u00e9tique.<\/p>\n\n\n\n<p class=\"has-medium-font-size\">   <br><strong>Marta Caraion (Universit\u00e9 de Lausanne) :<\/strong> <strong><em>Dispositifs photolitt\u00e9raires<\/em><\/strong><br>Mercredi 29 mars  |  18h  |  salle Unith\u00e8que 4.215<\/p>\n\n\n\n<p><em>Photolitt\u00e9rature<\/em>\u00a0: cette appellation commode permet de regrouper, pour les penser en globalit\u00e9 et en d\u00e9gager les lignes de force, tous les rapports complexes qui, depuis presque deux si\u00e8cles, lient (et confrontent) litt\u00e9rature et photographie, dans la diversit\u00e9 de leurs formes conceptuelles et esth\u00e9tiques, de leurs appartenances g\u00e9n\u00e9riques, de leurs supports mat\u00e9riels de monstration. La r\u00e9flexion que je propose, en chronologie large, avec quelques arr\u00eats sur des cas d\u2019\u00e9tude cibl\u00e9s, vise \u00e0 interroger quelques modes d\u2019existence des dispositifs photolitt\u00e9raires\u00a0:<\/p>\n\n\n\n<ul class=\"wp-block-list\">\n<li>en tant que producteurs de discours de l\u00e9gitimation historique et th\u00e9orique de la photographie&nbsp;;<\/li>\n\n\n\n<li>comme lieux d\u2019apprivoisement, de glose et de sc\u00e9nographie (voire de fiction) de la technique ou de l\u2019appareillage photographique&nbsp;;<\/li>\n\n\n\n<li>comme syst\u00e8mes inters\u00e9miotiques mat\u00e9riellement \u00e9labor\u00e9s.<\/li>\n<\/ul>\n\n\n\n<p> <figure class=\"wp-block-image size-full is-resized\"><img alt=\"\" loading=\"lazy\" decoding=\"async\" width=\"501\" height=\"296\" class=\"wp-image-1408\" style=\"width:736px;height:435px\" src=\"https:\/\/wp.unil.ch\/dispositifs\/files\/2023\/01\/Sans-titre-2.png\" alt=\"\" srcset=\"https:\/\/wp.unil.ch\/dispositifs\/files\/2023\/01\/Sans-titre-2.png 501w, https:\/\/wp.unil.ch\/dispositifs\/files\/2023\/01\/Sans-titre-2-300x177.png 300w\" sizes=\"auto, (max-width: 501px) 100vw, 501px\" \/><figcaption class=\"wp-element-caption\"><em>La daguerr\u00e9otypomanie<\/em>, lithographie, Th\u00e9odore Maurisset, 1839<\/figcaption><\/figure><\/p>\n\n\n\n<p class=\"has-medium-font-size\"><strong>Guillaume Le Gall (Universit\u00e9 de Lorraine) : <\/strong><em><strong>Les dispositifs visuels de l\u2019aquarium et de la photographie<\/strong><\/em><br>Mercredi 24 mai  |  18h  |  salle Unith\u00e8que 4.215<\/p>\n\n\n\n<p>Nous aborderons dans cette pr\u00e9sentation les relations qu\u2019entretiennent l\u2019aquarium et la photographie sous l\u2019angle des dispositifs. Invent\u00e9s simultan\u00e9ment, l\u2019aquarium et la photographie constituent deux dispositifs qui ont particip\u00e9 \u00e0 la red\u00e9finition du r\u00e9gime de vision au XIX<sup>e<\/sup> si\u00e8cle. Dans la qu\u00eate des mondes inaccessibles au regard non instrument\u00e9, l\u2019aquarium va non seulement offrir un agencement incomparable pour la repr\u00e9sentation photographique du monde subaquatique, mais va jusqu\u2019\u00e0 constituer un mod\u00e8le de vision pour la production d\u2019images sous-marines.<\/p>\n","protected":false},"excerpt":{"rendered":"<p>Laurent Mannoni (Cin\u00e9math\u00e8que fran\u00e7aise) : La Machine-cin\u00e9ma.Jeudi 16 mars | 18h | salle Unith\u00e8que 4.215 N\u00e9 de la science, le cin\u00e9ma \u2013 un art hautement technique \u2013 nous offre en &hellip; <\/p>\n","protected":false},"author":1002544,"featured_media":0,"parent":875,"menu_order":1,"comment_status":"closed","ping_status":"closed","template":"","meta":{"_seopress_robots_primary_cat":"","_seopress_titles_title":"","_seopress_titles_desc":"","_seopress_robots_index":"","footnotes":""},"class_list":["post-1417","page","type-page","status-publish"],"_links":{"self":[{"href":"https:\/\/wp.unil.ch\/dispositifs\/wp-json\/wp\/v2\/pages\/1417","targetHints":{"allow":["GET"]}}],"collection":[{"href":"https:\/\/wp.unil.ch\/dispositifs\/wp-json\/wp\/v2\/pages"}],"about":[{"href":"https:\/\/wp.unil.ch\/dispositifs\/wp-json\/wp\/v2\/types\/page"}],"author":[{"embeddable":true,"href":"https:\/\/wp.unil.ch\/dispositifs\/wp-json\/wp\/v2\/users\/1002544"}],"replies":[{"embeddable":true,"href":"https:\/\/wp.unil.ch\/dispositifs\/wp-json\/wp\/v2\/comments?post=1417"}],"version-history":[{"count":1,"href":"https:\/\/wp.unil.ch\/dispositifs\/wp-json\/wp\/v2\/pages\/1417\/revisions"}],"predecessor-version":[{"id":1418,"href":"https:\/\/wp.unil.ch\/dispositifs\/wp-json\/wp\/v2\/pages\/1417\/revisions\/1418"}],"up":[{"embeddable":true,"href":"https:\/\/wp.unil.ch\/dispositifs\/wp-json\/wp\/v2\/pages\/875"}],"wp:attachment":[{"href":"https:\/\/wp.unil.ch\/dispositifs\/wp-json\/wp\/v2\/media?parent=1417"}],"curies":[{"name":"wp","href":"https:\/\/api.w.org\/{rel}","templated":true}]}}