{"id":1304,"date":"2021-01-08T11:23:07","date_gmt":"2021-01-08T10:23:07","guid":{"rendered":"https:\/\/wp.unil.ch\/dispositifs\/?page_id=1304"},"modified":"2021-09-01T16:16:37","modified_gmt":"2021-09-01T14:16:37","slug":"conferences-2021","status":"publish","type":"page","link":"https:\/\/wp.unil.ch\/dispositifs\/conferences-2021\/","title":{"rendered":"Conf\u00e9rences 2021"},"content":{"rendered":"\n<p class=\"has-medium-font-size\"><strong>Mercredi 21 avril 2021, 18h, en visioconf\u00e9rence (Zoom)<\/strong><\/p>\n\n\n\n<p class=\"has-medium-font-size\"><strong>Fabienne Liptay (Universit\u00e9 de Zurich) : <em>The Statistical Complex: Film as a Dispositif of Testing<\/em><\/strong><\/p>\n\n\n\n<p>Testing is a common practice deployed in a broad field of social engineering and governance. It relies on venturous experimentation as well as calculation and estimation in the service of risk management, controlling processes and even predicting their probable outcomes based on statistical reasoning. Testing thus operates on social life by creating scenarios in which social order is maintained, disrupted, or restored according to prescriptive and regulatory measures. In my lecture, I will explore the idea that film not only participates in social life, but is also placed in the service of its testing. The works discussed are Andy Warhol\u2019s&nbsp;<em>Screen Tests<\/em> (1964-66), William Greaves\u2019s&nbsp;<em>Symbiopsychotaxiplasm<\/em> (1968), and Hito Steyerl\u2019s&nbsp;<em>SocialSim<\/em> (2020), all of which use technologies of testing to explore the social complexities and tensions at play in the process of their making. Albeit diverse, these works critically engage with theoretical models and practices from the social sciences (Alphonse Bertillon in Warhol, Arthur F. Bentley in Greaves, and Joshua Epstein in Steyerl) to reveal the technological and ideological parameters used to regulate and control society. Departing from Tony Bennett\u2019s concept of the \u201cexhibitionary complex\u201d and its indebtedness to Foucault, I wish to draw attention to another web of relations, one in which power is exercised not through modes of visibility, but through statistical measures operating in and through images as part of the \u201ctransactional realities\u201d of civil society.<\/p>\n\n\n\n<p>Enregistrement vid\u00e9o de la conf\u00e9rence :<\/p>\n\n\n\n<p><a href=\"https:\/\/www.youtube.com\/watch?v=VqOoDKMzE4I\">https:\/\/www.youtube.com\/watch?v=VqOoDKMzE4I<\/a><\/p>\n\n\n\n\n\n<p class=\"has-medium-font-size\"><strong>Mercredi 12 mai 2021, 18h, <strong>en visioconf\u00e9rence (Zoom)<\/strong><\/strong><\/p>\n\n\n\n<p class=\"has-medium-font-size\"><strong>Markus Krajewski (Universit\u00e9 de B\u00e2le) : <em>Constructing the Conscience. About German Post-War Architecture and its Media <\/em><\/strong><\/p>\n\n\n\n<p>This talk will be about Architecture and Media, more precisely, about a specific form of&nbsp;town houses&rsquo; exteriors and how these specific elements served as a medium of silence: tiles. My case study will discuss tiled facades as a certain dispositive of hiding and hygiene which was used in the 1950ies in predominantly Western German house building, as an architectural shape as well as a reflex to Germany\u2019s recent past.&nbsp;<\/p>\n\n\n\n<p class=\"has-white-color has-text-color\">lll<\/p>\n\n\n\n<p class=\"has-medium-font-size\"><strong>Mercredi 26 mai 2021, 18h, <strong><strong>en visioconf\u00e9rence (Zoom)<\/strong><\/strong><\/strong><\/p>\n\n\n\n<p class=\"has-medium-font-size\"><strong>Estelle Doudet (Universit\u00e9 de Lausanne) : <\/strong> <strong><em>Arch\u00e9ologies m\u00e9di\u00e9vales du t\u00e9l\u00e9visuel : penser les dispositifs avant l\u2019\u00e8re des machines<\/em><\/strong><\/p>\n\n\n\n<p>Penser aujourd\u2019hui les dispositifs de vision et d\u2019audition signifie souvent se pencher sur les relations m\u00e9diatiques caract\u00e9ristiques de l\u2019\u00e8re des machines (XIXe-XXIe\u00a0s.)\u00a0: enregistrements, projections, algorithmes, etc. L\u2019arch\u00e9ologie des media, une approche encore \u00e9mergente dans les pays francophones, invite toutefois \u00e0 explorer plus profond\u00e9ment les \u00e9poques \u00e9loign\u00e9es de notre \u00e2ge technologique. Ainsi, en Europe, du XIIIe\u00a0au XVIe\u00a0si\u00e8cle, se sont d\u00e9ploy\u00e9es des th\u00e9ories et des pratiques du t\u00e9l\u00e9visuel \u2013 la capacit\u00e9 de voir ce qui est situ\u00e9 loin du regard humain gr\u00e2ce \u00e0 divers supports \u2013 au croisement de la science optique, de la pens\u00e9e religieuse et des innovations artistiques. Est-il pertinent d\u2019approcher cette ancienne culture par la notion\u00a0a priori\u00a0anachronique de \u00ab\u00a0dispositif\u00a0\u00bb\u00a0? Quels nouveaux \u00e9clairages sur nos usages contemporains pourrait nous apporter l\u2019\u00e9tude d\u2019un temps o\u00f9 le visible \u00e9tait consid\u00e9r\u00e9 comme une travers\u00e9e vers l\u2019invisible et o\u00f9 l\u2019image oscillait entre surface de projection et performance d\u2019une pr\u00e9sence\u00a0?<\/p>\n\n\n\n<p>Enregistrement vid\u00e9o de la conf\u00e9rence : <\/p>\n\n\n\n<p><a href=\"https:\/\/youtu.be\/eFiygZLIx88\">https:\/\/youtu.be\/eFiygZLIx88<\/a><\/p>\n","protected":false},"excerpt":{"rendered":"<p>Mercredi 21 avril 2021, 18h, en visioconf\u00e9rence (Zoom) Fabienne Liptay (Universit\u00e9 de Zurich) : The Statistical Complex: Film as a Dispositif of Testing Testing is a common practice deployed in &hellip; <\/p>\n","protected":false},"author":1001189,"featured_media":0,"parent":0,"menu_order":0,"comment_status":"closed","ping_status":"closed","template":"","meta":{"_seopress_robots_primary_cat":"","_seopress_titles_title":"","_seopress_titles_desc":"","_seopress_robots_index":"","footnotes":""},"class_list":["post-1304","page","type-page","status-publish"],"_links":{"self":[{"href":"https:\/\/wp.unil.ch\/dispositifs\/wp-json\/wp\/v2\/pages\/1304","targetHints":{"allow":["GET"]}}],"collection":[{"href":"https:\/\/wp.unil.ch\/dispositifs\/wp-json\/wp\/v2\/pages"}],"about":[{"href":"https:\/\/wp.unil.ch\/dispositifs\/wp-json\/wp\/v2\/types\/page"}],"author":[{"embeddable":true,"href":"https:\/\/wp.unil.ch\/dispositifs\/wp-json\/wp\/v2\/users\/1001189"}],"replies":[{"embeddable":true,"href":"https:\/\/wp.unil.ch\/dispositifs\/wp-json\/wp\/v2\/comments?post=1304"}],"version-history":[{"count":0,"href":"https:\/\/wp.unil.ch\/dispositifs\/wp-json\/wp\/v2\/pages\/1304\/revisions"}],"wp:attachment":[{"href":"https:\/\/wp.unil.ch\/dispositifs\/wp-json\/wp\/v2\/media?parent=1304"}],"curies":[{"name":"wp","href":"https:\/\/api.w.org\/{rel}","templated":true}]}}