{"id":119,"date":"2011-01-25T12:01:09","date_gmt":"2011-01-25T11:01:09","guid":{"rendered":"http:\/\/wp.unil.ch\/dispositifs\/"},"modified":"2013-06-07T13:42:55","modified_gmt":"2013-06-07T11:42:55","slug":"vincent-barras","status":"publish","type":"page","link":"https:\/\/wp.unil.ch\/dispositifs\/vincent-barras\/","title":{"rendered":"Des dispositifs sonores et du corps humain"},"content":{"rendered":"<p>Vincent Barras, directeur de l&rsquo; institut universitaire d\u2019histoire de la m\u00e9decine et de la sant\u00e9, CHUV-Facult\u00e9 de biologie et de m\u00e9decine, Universit\u00e9 de Lausanne.<\/p>\n<p style=\"text-align: left\"><strong><em>Dispositifs du corps sonore\u00a0: clinique de l\u2019auscultation de 1820 \u00e0 1950<\/em><\/strong><\/p>\n<p style=\"text-align: justify\">S\u2019interrogeant de mani\u00e8re critique sur le statut des diff\u00e9rents registres s<img alt=\"\" loading=\"lazy\" decoding=\"async\" class=\"size-full wp-image-340 alignright\" alt=\"\" src=\"..\/files\/2011\/01\/stethoscope.jpg\" width=\"201\" height=\"150\" srcset=\"https:\/\/wp.unil.ch\/dispositifs\/files\/2011\/01\/stethoscope.jpg 400w, https:\/\/wp.unil.ch\/dispositifs\/files\/2011\/01\/stethoscope-300x225.jpg 300w\" sizes=\"auto, (max-width: 201px) 100vw, 201px\" \/>ensoriels participant \u00e0 l\u2019\u00e9pist\u00e9mologie m\u00e9dicale et scientifique contemporaine, cet expos\u00e9 s\u2019attachera \u00e0 d\u00e9crire les diff\u00e9rents technologies ayant particip\u00e9, du 19<sup>e<\/sup> si\u00e8cle au 21<sup>e<\/sup> si\u00e8cle, au fa\u00e7onnage du corps en objet sonore\u00a0: du st\u00e9thoscope de La\u00ebnnec aux enregistrements sur cylindre des \u00ab\u00a0libres associations\u00a0\u00bb du psychiatre viennois E. Stranksy au d\u00e9but du 20 si\u00e8cle ou aux disques vinyl 33t. de la s\u00e9rie \u00ab Schall und Ton in der Medizin\u00a0\u00bb de l\u2019\u00e9diteur munichois Lehmann dans les ann\u00e9es 1960. Dans cette perspective, le \u00ab\u00a0regard m\u00e9dical\u00a0\u00bb et sa capacit\u00e9 de structuration de la m\u00e9decine contemporaine, devenu depuis M. Foucault le passage oblig\u00e9 de toute historiographie, ne doit pas occulter ce registre obscur de la sensorialit\u00e9 qu\u2019est le domaine sonore, dont il convient de mesurer l\u2019importance dans la construction du corps contemporain.<\/p>\n<p style=\"text-align: justify\"><a title=\"Enregistrement de la conf\u00e9rence\" href=\"https:\/\/media.unil.ch\/lettres\/cinema\/COnf_barrasmp3.mp3\" target=\"_blank\"><img alt=\"\" loading=\"lazy\" decoding=\"async\" class=\"alignnone size-full wp-image-392\" alt=\"\" src=\"https:\/\/wp.unil.ch\/dispositifs\/files\/2011\/01\/logo-audio.png\" width=\"58\" height=\"58\" \/><\/a><\/p>\n<p style=\"text-align: left\">\n","protected":false},"excerpt":{"rendered":"<p>Vincent Barras, directeur de l&rsquo; institut universitaire d\u2019histoire de la m\u00e9decine et de la sant\u00e9, CHUV-Facult\u00e9 de biologie et de m\u00e9decine, Universit\u00e9 de Lausanne. Dispositifs du corps sonore\u00a0: clinique de &hellip; <\/p>\n","protected":false},"author":270,"featured_media":0,"parent":0,"menu_order":15,"comment_status":"closed","ping_status":"closed","template":"","meta":{"_seopress_robots_primary_cat":"","_seopress_titles_title":"","_seopress_titles_desc":"","_seopress_robots_index":"","footnotes":""},"class_list":["post-119","page","type-page","status-publish"],"_links":{"self":[{"href":"https:\/\/wp.unil.ch\/dispositifs\/wp-json\/wp\/v2\/pages\/119","targetHints":{"allow":["GET"]}}],"collection":[{"href":"https:\/\/wp.unil.ch\/dispositifs\/wp-json\/wp\/v2\/pages"}],"about":[{"href":"https:\/\/wp.unil.ch\/dispositifs\/wp-json\/wp\/v2\/types\/page"}],"author":[{"embeddable":true,"href":"https:\/\/wp.unil.ch\/dispositifs\/wp-json\/wp\/v2\/users\/270"}],"replies":[{"embeddable":true,"href":"https:\/\/wp.unil.ch\/dispositifs\/wp-json\/wp\/v2\/comments?post=119"}],"version-history":[{"count":0,"href":"https:\/\/wp.unil.ch\/dispositifs\/wp-json\/wp\/v2\/pages\/119\/revisions"}],"wp:attachment":[{"href":"https:\/\/wp.unil.ch\/dispositifs\/wp-json\/wp\/v2\/media?parent=119"}],"curies":[{"name":"wp","href":"https:\/\/api.w.org\/{rel}","templated":true}]}}