{"id":1187,"date":"2017-02-26T16:44:55","date_gmt":"2017-02-26T15:44:55","guid":{"rendered":"http:\/\/wp.unil.ch\/dispositifs\/?page_id=1187"},"modified":"2017-02-26T16:58:28","modified_gmt":"2017-02-26T15:58:28","slug":"conferences-2017","status":"publish","type":"page","link":"https:\/\/wp.unil.ch\/dispositifs\/conferences-de-lausanne-2\/conferences-2017\/","title":{"rendered":"Conf\u00e9rences 2017"},"content":{"rendered":"<h1><img alt=\"\" loading=\"lazy\" decoding=\"async\" class=\"alignnone wp-image-1183\" src=\"https:\/\/wp.unil.ch\/dispositifs\/files\/2017\/02\/Dispositif-2017-affiche-v.2-212x300.png\" alt=\"\" width=\"507\" height=\"717\" srcset=\"https:\/\/wp.unil.ch\/dispositifs\/files\/2017\/02\/Dispositif-2017-affiche-v.2-212x300.png 212w, https:\/\/wp.unil.ch\/dispositifs\/files\/2017\/02\/Dispositif-2017-affiche-v.2-768x1086.png 768w, https:\/\/wp.unil.ch\/dispositifs\/files\/2017\/02\/Dispositif-2017-affiche-v.2.png 1414w, https:\/\/wp.unil.ch\/dispositifs\/files\/2017\/02\/Dispositif-2017-affiche-v.2-624x883.png 624w\" sizes=\"auto, (max-width: 507px) 100vw, 507px\" \/><\/h1>\n<p><span style=\"color: #ffffff\">\u00a0<\/span><\/p>\n<h2><strong>Le mercredi 5 avril 2017, 18 heures, salle 4215<\/strong><\/h2>\n<h3><strong>Fran\u00e7ois Jarrige\u00a0: Penser la manivelle \u00e0 l\u2019\u00e2ge industriel : dispositifs, usages et m\u00e9taphores au XIXe si\u00e8cle<\/strong><\/h3>\n<p>La manivelle repr\u00e9sente un dispositif simple mais qui soul\u00e8ve de nombreuses questions pour l\u2019historien des techniques. Il s\u2019agit d\u2019un composant m\u00e9canique qui permet de mobiliser une force pour transformer un mouvement circulaire continu en mouvement lin\u00e9aire alternatif. Malgr\u00e9 sa simplicit\u00e9, ce dispositif n\u2019existait pas dans le monde antique occidental ; et ce n\u2019est qu\u2019avec les moulins \u00e0 bras qu\u2019appara\u00eet une manivelle rudimentaire, simple poign\u00e9e qui permet de moudre le grain par des mouvements d\u2019aller-retour. Les premi\u00e8res repr\u00e9sentations de manivelles apparaissent aux XIe et XIIe si\u00e8cles, puis leur usage s\u2019\u00e9tend et se diversifie au fur et \u00e0 mesure des d\u00e9veloppements techniques et industriels des si\u00e8cles suivants. De m\u00eame qu\u2019elle met en mouvement le moulin \u00e0 bras, elle permet au joueur de vielle d\u2019actionner sa roue ; au XIXe si\u00e8cle elle sert \u00e0 de multiples usages et correspond \u00e0 un temps domin\u00e9 par les Low tech. Elle accompagne l&rsquo;industrialisation \u00e0 l&rsquo;\u00e8re des moteurs simples et permet un accroissement de la productivit\u00e9 du travail humain durant la phrase proto-industrielle, \u00e0 l\u2019image du rouet des fileuses \u00e0 domicile actionn\u00e9 par une simple manivelle, ou des cam\u00e9ras aux premiers temps du cin\u00e9ma. L\u2019enjeu de cette communication sera de r\u00e9fl\u00e9chir \u00e0 la diversit\u00e9 de ces usages, d\u2019\u00e9tudier les repr\u00e9sentations et fonctions de ce dispositif technique \u00e0 l&rsquo;\u00e2ge industriel naissant. Il s\u2019agit de croiser un questionnement \u00e9pist\u00e9mologique sur l\u2019\u00e9criture de l\u2019histoire des techniques tout en \u00e9clairant ce qu&rsquo;est la manivelle, \u00e0 quoi elle sert, et comment elle contraint l&rsquo;historien \u00e0 d\u00e9caler le regard par rapport aux innovations qui sont g\u00e9n\u00e9ralement au c\u0153ur de son r\u00e9cit.<\/p>\n<h2><strong>Le mercredi 26 avril 2017, 18 heures, salle 4215<\/strong><\/h2>\n<h3><strong>Yves Citton\u00a0: Que nous font les media ?<\/strong><\/h3>\n<p>Est-il possible de caract\u00e9riser ce que nous font les media d\u2019une fa\u00e7on tr\u00e8s g\u00e9n\u00e9rale (et forc\u00e9ment abstraite), tout en s\u2019en faisant n\u00e9anmoins une repr\u00e9sentation concr\u00e8te et intuitive ? Que peut-il y avoir de commun entre un film, un appel t\u00e9l\u00e9phonique, un livre, un tweet et une page internet ? On essaiera de r\u00e9pondre \u00e0 cette question en pr\u00e9sentant la notion de \u00ab coupe agentielle \u00bb (agential cut), d\u00e9velopp\u00e9e par Karen Barad de l\u2019universit\u00e9 de Santa Cruz \u00e0 partir de la physique quantique et de la th\u00e9orie des appareils de Niels Bohr. Un film comme un po\u00e8me ou une carte postale op\u00e8rent une certaine \u00ab coupe \u00bb faisant que certains aspects de cette r\u00e9alit\u00e9 font effet de \u00ab matter \u00bb, terme qui en anglais d\u00e9signe aussi bien ce qui fait \u00ab mati\u00e8re \u00bb et ce qui fait \u00ab sens \u00bb. Cette convergence de la mati\u00e8re et du sens \u00e0 travers les appareils de m\u00e9dialit\u00e9 peut-elle converger avec la th\u00e9orie des \u00ab dispositifs \u00bb d\u00e9velopp\u00e9e par les chercheurs de l\u2019universit\u00e9 de Lausanne ? C\u2019est ce qu\u2019on essaiera de mettre en discussion.<\/p>\n<h2><strong>Le mercredi 17 mai 2017, 18 heures, salle 4215<\/strong><\/h2>\n<h3>Fran\u00e7ois Albera\u00a0: Le dispositif social du Cin\u00e9-\u0152il (<em>Kino-Glaz<\/em>), du Radio-\u0152il (<em>Radio-Glaz<\/em>) et de la Radio-Oreille (<em>Radio-ouka<\/em>)<\/h3>\n<p>Le Soviet des Trois puis le groupe des Kinoks autour de Dziga Vertov, enfin Vertov et Elizaveta Svilova au sein d\u2019unit\u00e9s de production, d\u00e9veloppent successivement un ensemble de propositions strat\u00e9giques et de mises en pratique de l\u2019organisation de l\u2019information cin\u00e9matographique dans l\u2019URSS des ann\u00e9es 1920-1940 (actualit\u00e9s, propagande, p\u00e9dagogie) qui rompt avec le syst\u00e8me usuel de s\u00e9paration (vertical et hi\u00e9rarchis\u00e9) de la production, en pluralisant et cong\u00e9diant la notion d\u2019auteur, lui substituant celle de coordinateur d\u2019un r\u00e9seau de correspondants et r\u00e9fl\u00e9chissant ces dispositions dans la mise en \u0153uvre m\u00eame du \u00ab texte \u00bb filmique. Tous les composants du dispositif cin\u00e9matographique se voient ainsi redistribu\u00e9s \u2013 destinateur, destinataire, technologie, repr\u00e9sentation \u2013 eu \u00e9gard \u00e0 la fonction sociale qui lui est donn\u00e9 et \u00e0 son inscription dans la relation aux pouvoirs politiques.<\/p>\n","protected":false},"excerpt":{"rendered":"<p>\u00a0 Le mercredi 5 avril 2017, 18 heures, salle 4215 Fran\u00e7ois Jarrige\u00a0: Penser la manivelle \u00e0 l\u2019\u00e2ge industriel : dispositifs, usages et m\u00e9taphores au XIXe si\u00e8cle La manivelle repr\u00e9sente un &hellip; <\/p>\n","protected":false},"author":1001460,"featured_media":0,"parent":875,"menu_order":0,"comment_status":"closed","ping_status":"closed","template":"","meta":{"_seopress_robots_primary_cat":"","_seopress_titles_title":"","_seopress_titles_desc":"","_seopress_robots_index":"","footnotes":""},"class_list":["post-1187","page","type-page","status-publish"],"_links":{"self":[{"href":"https:\/\/wp.unil.ch\/dispositifs\/wp-json\/wp\/v2\/pages\/1187","targetHints":{"allow":["GET"]}}],"collection":[{"href":"https:\/\/wp.unil.ch\/dispositifs\/wp-json\/wp\/v2\/pages"}],"about":[{"href":"https:\/\/wp.unil.ch\/dispositifs\/wp-json\/wp\/v2\/types\/page"}],"author":[{"embeddable":true,"href":"https:\/\/wp.unil.ch\/dispositifs\/wp-json\/wp\/v2\/users\/1001460"}],"replies":[{"embeddable":true,"href":"https:\/\/wp.unil.ch\/dispositifs\/wp-json\/wp\/v2\/comments?post=1187"}],"version-history":[{"count":0,"href":"https:\/\/wp.unil.ch\/dispositifs\/wp-json\/wp\/v2\/pages\/1187\/revisions"}],"up":[{"embeddable":true,"href":"https:\/\/wp.unil.ch\/dispositifs\/wp-json\/wp\/v2\/pages\/875"}],"wp:attachment":[{"href":"https:\/\/wp.unil.ch\/dispositifs\/wp-json\/wp\/v2\/media?parent=1187"}],"curies":[{"name":"wp","href":"https:\/\/api.w.org\/{rel}","templated":true}]}}