{"id":1172,"date":"2016-12-12T23:19:12","date_gmt":"2016-12-12T22:19:12","guid":{"rendered":"http:\/\/wp.unil.ch\/dispositifs\/?page_id=1172"},"modified":"2017-02-26T16:58:43","modified_gmt":"2017-02-26T15:58:43","slug":"conferences-2016","status":"publish","type":"page","link":"https:\/\/wp.unil.ch\/dispositifs\/conferences-de-lausanne-2\/conferences-2016\/","title":{"rendered":"Conf\u00e9rences 2016"},"content":{"rendered":"<h1><img loading=\"lazy\" decoding=\"async\" class=\"alignleft size-full wp-image-1119\" src=\"https:\/\/wp.unil.ch\/dispositifs\/files\/2013\/06\/Dispositif_2016.png\" alt=\"Dispositif_2016\" width=\"1414\" height=\"2000\" srcset=\"https:\/\/wp.unil.ch\/dispositifs\/files\/2013\/06\/Dispositif_2016.png 1414w, https:\/\/wp.unil.ch\/dispositifs\/files\/2013\/06\/Dispositif_2016-212x300.png 212w, https:\/\/wp.unil.ch\/dispositifs\/files\/2013\/06\/Dispositif_2016-768x1086.png 768w, https:\/\/wp.unil.ch\/dispositifs\/files\/2013\/06\/Dispositif_2016-624x883.png 624w\" sizes=\"auto, (max-width: 1414px) 100vw, 1414px\" \/><\/h1>\n<h4><\/h4>\n<h2>Einstein, Bergson and film<\/h2>\n<h4>Prof. Jimena Canales (University of Illinois)<\/h4>\n<p><a href=\"\/\/cinema.unil.ch\/cine_serveur\/Conf\u00e9rence dispositifs_audio\/Jimena Canales_audio_.mp3\"><img loading=\"lazy\" decoding=\"async\" class=\"alignleft wp-image-977\" src=\"https:\/\/wp.unil.ch\/dispositifs\/files\/2014\/02\/Audio_Icon-copie.jpg\" alt=\"Audio_Icon copie\" width=\"230\" height=\"29\" srcset=\"https:\/\/wp.unil.ch\/dispositifs\/files\/2014\/02\/Audio_Icon-copie.jpg 1181w, https:\/\/wp.unil.ch\/dispositifs\/files\/2014\/02\/Audio_Icon-copie-300x37.jpg 300w, https:\/\/wp.unil.ch\/dispositifs\/files\/2014\/02\/Audio_Icon-copie-624x78.jpg 624w\" sizes=\"auto, (max-width: 230px) 100vw, 230px\" \/><\/a><\/p>\n<h2><\/h2>\n<h2><em>Comment photographier les sculptures?<\/em>\u00a0Dispositif visuel et cat\u00e9gories du voir chez Heinrich W\u00f6lfflin<\/h2>\n<h4>Prof. Carole Maign\u00e9 (Universit\u00e9 de lausanne)<\/h4>\n<p><img loading=\"lazy\" decoding=\"async\" class=\"alignleft wp-image-977\" src=\"https:\/\/wp.unil.ch\/dispositifs\/files\/2014\/02\/Audio_Icon-copie.jpg\" alt=\"Audio_Icon copie\" width=\"230\" height=\"29\" srcset=\"https:\/\/wp.unil.ch\/dispositifs\/files\/2014\/02\/Audio_Icon-copie.jpg 1181w, https:\/\/wp.unil.ch\/dispositifs\/files\/2014\/02\/Audio_Icon-copie-300x37.jpg 300w, https:\/\/wp.unil.ch\/dispositifs\/files\/2014\/02\/Audio_Icon-copie-624x78.jpg 624w\" sizes=\"auto, (max-width: 230px) 100vw, 230px\" \/><\/p>\n","protected":false},"excerpt":{"rendered":"<p>Einstein, Bergson and film Prof. Jimena Canales (University of Illinois) Comment photographier les sculptures?\u00a0Dispositif visuel et cat\u00e9gories du voir chez Heinrich W\u00f6lfflin Prof. Carole Maign\u00e9 (Universit\u00e9 de lausanne)<\/p>\n","protected":false},"author":1001460,"featured_media":0,"parent":875,"menu_order":1,"comment_status":"closed","ping_status":"closed","template":"","meta":{"_seopress_robots_primary_cat":"","_seopress_titles_title":"","_seopress_titles_desc":"","_seopress_robots_index":"","footnotes":""},"class_list":["post-1172","page","type-page","status-publish"],"_links":{"self":[{"href":"https:\/\/wp.unil.ch\/dispositifs\/wp-json\/wp\/v2\/pages\/1172","targetHints":{"allow":["GET"]}}],"collection":[{"href":"https:\/\/wp.unil.ch\/dispositifs\/wp-json\/wp\/v2\/pages"}],"about":[{"href":"https:\/\/wp.unil.ch\/dispositifs\/wp-json\/wp\/v2\/types\/page"}],"author":[{"embeddable":true,"href":"https:\/\/wp.unil.ch\/dispositifs\/wp-json\/wp\/v2\/users\/1001460"}],"replies":[{"embeddable":true,"href":"https:\/\/wp.unil.ch\/dispositifs\/wp-json\/wp\/v2\/comments?post=1172"}],"version-history":[{"count":0,"href":"https:\/\/wp.unil.ch\/dispositifs\/wp-json\/wp\/v2\/pages\/1172\/revisions"}],"up":[{"embeddable":true,"href":"https:\/\/wp.unil.ch\/dispositifs\/wp-json\/wp\/v2\/pages\/875"}],"wp:attachment":[{"href":"https:\/\/wp.unil.ch\/dispositifs\/wp-json\/wp\/v2\/media?parent=1172"}],"curies":[{"name":"wp","href":"https:\/\/api.w.org\/{rel}","templated":true}]}}