{"id":1062,"date":"2015-02-16T15:34:27","date_gmt":"2015-02-16T14:34:27","guid":{"rendered":"http:\/\/wp.unil.ch\/dispositifs\/?page_id=1062"},"modified":"2026-02-11T18:13:41","modified_gmt":"2026-02-11T17:13:41","slug":"la-recherche","status":"publish","type":"page","link":"https:\/\/wp.unil.ch\/dispositifs\/la-recherche\/","title":{"rendered":"LA RECHERCHE"},"content":{"rendered":"<header class=\"entry-header\"><\/header>\n<div class=\"entry-content\"><\/div>\n<header class=\"entry-header\">\n<h1 class=\"entry-title\">Le programme doctoral \u00ab\u00a0Dispositifs de vision : cin\u00e9ma, photographie et autres m\u00e9dias\u00a0\u00bb<\/h1>\n<\/header>\n<div class=\"entry-content\">\n<p>Ce programme a comme principe d&rsquo;aborder le cin\u00e9ma, la photographie et les m\u00e9dias \u00e0 travers leur constitution en dispositifs. Envisager l\u2019\u00e9tude des dispositifs revient \u00e0 d\u00e9velopper une recherche sur ce qui lie un spectateur, une repr\u00e9sentation et une \u00ab machinerie \u00bb, que celle-ci soit architecturale, urbanistique, sociale, institutionnelle, \u00e9conomique, etc.<\/p>\n<p>Les dispositifs rel\u00e8vent de toutes les \u00e9poques et doivent \u00eatre d\u00e9crits dans leur cadre historique. Si l\u2019image et la vue semblent privil\u00e9gi\u00e9es, la dimension auditive des dispositifs est n\u00e9anmoins incontournable pour beaucoup d\u2019entre eux, tels le cin\u00e9ma, la t\u00e9l\u00e9vision ou les \u00e9crans num\u00e9riques divers d\u2019aujourd\u2019hui (t\u00e9l\u00e9phones portables, webcam, etc.).<\/p>\n<p>Il peut \u00e9galement \u00eatre question d\u2019aspects moins apparents li\u00e9s \u00e0 la fabrication de la repr\u00e9sentation : processus de production des images et des sons, questions techniques et technologiques, imaginaires repr\u00e9sentationnels, cadres conceptuels de la cr\u00e9ation, etc.<\/p>\n<p>Les dispositifs permettent notamment de comprendre et de r\u00e9examiner les trois cat\u00e9gories classiques de production\/diffusion\/r\u00e9ception, et impliquent de les articuler.<\/p>\n<p>Les approches au sein de cette \u00e9cole doctorale sont diverses : \u00e9pist\u00e9mologie, histoire, histoire culturelle, \u00e9tude des repr\u00e9sentations, analyse des discours sont mises \u00e0 contribution et peuvent s\u2019appuyer sur des m\u00e9thodologies sp\u00e9cifiques, telle \u00ab l\u2019\u00e9pist\u00e9mologie des dispositifs de vision et d\u2019audition \u00bb.<\/p>\n<p><a href=\"https:\/\/www.unil.ch\/cin\/page95278.html\">Le site du programme doctoral de l\u2019Universit\u00e9 de Lausanne<\/a><\/p>\n<p><a href=\"https:\/\/www.film.uzh.ch\/research\/projects\/phdprogrammes\/visuelledispositive.html\">Le site du programme doctoral de l\u2019Universit\u00e9 de Z\u00fcrich<\/a> (en allemand)<\/p>\n<header class=\"entry-header\">\n<h1 class=\"entry-title\">TECHN\u00c8S<\/h1>\n<\/header>\n<div class=\"entry-content\">\n<p>TECHN\u00c8S est une initiative de partenariat international qui unit depuis 2012 les efforts de trois groupes de recherche universitaires de l\u2019espace francophone, dont chacun est associ\u00e9 \u00e0 une cin\u00e9math\u00e8que et \u00e0 une \u00e9cole de cin\u00e9ma, \u00e0 savoir : en France, le laboratoire de cin\u00e9ma de l\u2019\u00e9quipe \u00ab Arts : pratiques et po\u00e9tiques \u00bb de l\u2019Universit\u00e9 Rennes 2 (sous la direction de Laurent Le Forestier), la Cin\u00e9math\u00e8que fran\u00e7aise et la F\u00c9MIS (\u00c9cole nationale sup\u00e9rieure des m\u00e9tiers de l\u2019image et du son); au Canada, le GRAFICS de l\u2019Universit\u00e9 de Montr\u00e9al (sous la direction d\u2019Andr\u00e9 Gaudreault), la Cin\u00e9math\u00e8que qu\u00e9b\u00e9coise et l\u2019INIS (Institut national de l\u2019image et du son)\u00a0; en Suisse, le groupe \u00ab Dispositifs \u00bb de l\u2019Universit\u00e9 de Lausanne (sous la responsabilit\u00e9 de Maria Tortajada), la Cin\u00e9math\u00e8que suisse et l\u2019\u00c9cole cantonale d\u2019art de Lausanne.<br \/>\nEn plus des diff\u00e9rentes activit\u00e9s communes en cours ou\u00a0 ayant abouti \u2013 colloques, publications, \u00e9changes au niveau doctoral et post-doctoral, \u00a0les membres du partenariat TECHN\u00c8S se proposent de cr\u00e9er une Encyclop\u00e9die raisonn\u00e9e des techniques au cin\u00e9ma \u2013 num\u00e9rique et bilingue \u2013 qui permettra de mener une \u00e9tude approfondie des liens qui se sont tiss\u00e9s, durant diff\u00e9rents moments de bouleversements technologiques, entre esth\u00e9tique et technique cin\u00e9matographiques, pratiques et formes filmiques, machineries et conceptions du cin\u00e9ma, \u00e0 travers une \u00e9tude \u00e0 la fois synchronique et diachronique de ces moments o\u00f9 le cin\u00e9ma a \u00e9t\u00e9 appel\u00e9 \u00e0 subir des mutations profondes.<\/p>\n<\/div>\n<\/div>\n<p><strong>\u00a0<\/strong><\/p>\n<h4><\/h4>\n","protected":false},"excerpt":{"rendered":"<p>Le programme doctoral \u00ab\u00a0Dispositifs de vision : cin\u00e9ma, photographie et autres m\u00e9dias\u00a0\u00bb Ce programme a comme principe d&rsquo;aborder le cin\u00e9ma, la photographie et les m\u00e9dias \u00e0 travers leur constitution en &hellip; <\/p>\n","protected":false},"author":270,"featured_media":0,"parent":0,"menu_order":0,"comment_status":"closed","ping_status":"closed","template":"","meta":{"_seopress_robots_primary_cat":"","_seopress_titles_title":"","_seopress_titles_desc":"","_seopress_robots_index":"","footnotes":""},"class_list":["post-1062","page","type-page","status-publish"],"_links":{"self":[{"href":"https:\/\/wp.unil.ch\/dispositifs\/wp-json\/wp\/v2\/pages\/1062","targetHints":{"allow":["GET"]}}],"collection":[{"href":"https:\/\/wp.unil.ch\/dispositifs\/wp-json\/wp\/v2\/pages"}],"about":[{"href":"https:\/\/wp.unil.ch\/dispositifs\/wp-json\/wp\/v2\/types\/page"}],"author":[{"embeddable":true,"href":"https:\/\/wp.unil.ch\/dispositifs\/wp-json\/wp\/v2\/users\/270"}],"replies":[{"embeddable":true,"href":"https:\/\/wp.unil.ch\/dispositifs\/wp-json\/wp\/v2\/comments?post=1062"}],"version-history":[{"count":3,"href":"https:\/\/wp.unil.ch\/dispositifs\/wp-json\/wp\/v2\/pages\/1062\/revisions"}],"predecessor-version":[{"id":1621,"href":"https:\/\/wp.unil.ch\/dispositifs\/wp-json\/wp\/v2\/pages\/1062\/revisions\/1621"}],"wp:attachment":[{"href":"https:\/\/wp.unil.ch\/dispositifs\/wp-json\/wp\/v2\/media?parent=1062"}],"curies":[{"name":"wp","href":"https:\/\/api.w.org\/{rel}","templated":true}]}}