{"id":44,"date":"2016-05-12T16:03:37","date_gmt":"2016-05-12T14:03:37","guid":{"rendered":"http:\/\/wp.unil.ch\/dishumanities\/?page_id=44"},"modified":"2018-01-22T14:07:03","modified_gmt":"2018-01-22T13:07:03","slug":"humanisyeux","status":"publish","type":"page","link":"https:\/\/wp.unil.ch\/dishumanities\/decompositions\/humanisyeux\/","title":{"rendered":"Humanisyeux"},"content":{"rendered":"<div class=\"justif\">\n<strong><em>Rita Haodiche et Julia Oswald\u00a0<\/em><\/strong><br \/>\n<a href=\"https:\/\/wp.unil.ch\/dishumanities\/decompositions\/humanisyeux\/interview-du-projet-humanisyeux\/\"><em>Cliquez ici pour acc\u00e9der \u00e0 l&rsquo;interview de ce projet !<\/em><\/a><\/p>\n<hr \/>\n<p><img loading=\"lazy\" decoding=\"async\" class=\"aligncenter wp-image-237 \" src=\"https:\/\/wp.unil.ch\/dishumanities\/files\/2016\/05\/fresque-Finale2.jpg\" alt=\"fresque Finale2\" width=\"1200\" height=\"204\" srcset=\"https:\/\/wp.unil.ch\/dishumanities\/files\/2016\/05\/fresque-Finale2.jpg 1200w, https:\/\/wp.unil.ch\/dishumanities\/files\/2016\/05\/fresque-Finale2-300x51.jpg 300w, https:\/\/wp.unil.ch\/dishumanities\/files\/2016\/05\/fresque-Finale2-768x131.jpg 768w, https:\/\/wp.unil.ch\/dishumanities\/files\/2016\/05\/fresque-Finale2-1024x174.jpg 1024w, https:\/\/wp.unil.ch\/dishumanities\/files\/2016\/05\/fresque-Finale2-1176x200.jpg 1176w\" sizes=\"auto, (max-width: 1200px) 100vw, 1200px\" \/><\/p>\n<hr \/>\n<p>Une cr\u00e9ature recherche \u00e0 <em>s\u2019humaniser<\/em> en rassemblant des yeux d\u2019humain car elles sont la plus belle partie de son corps, son outil de communication, son organe de reconnaissance, en outre\u2026 le reflet des sentiments humains. Sa qu\u00eate ne se soucie pas de l\u2019origine, de la couleur, de la forme, de la taille ou de l\u2019\u00e2ge des yeux.\u00a0L\u2019humain se retrouve devant la cr\u00e9ature, et avant qu\u2019il ne s\u2019en rende compte elle a captur\u00e9 ses yeux. La cr\u00e9ature s\u2019est va avec une collection d\u2019\u0153il plus grande et l\u2019humain se trouve d\u00e9shumanis\u00e9.<\/p>\n<hr \/>\n<p>Est-ce que nous restons\u00a0humains sans\u00a0nos yeux\u00a0?<\/p>\n<p>Nous nous sommes int\u00e9ress\u00e9es \u00e0 la question de ce qui d\u00e9finit l\u2019apparence physique d\u2019un \u00eatre humain. Comment pouvons-nous aller au-del\u00e0 de la d\u00e9finition d\u2019un \u00eatre humain\u00a0? Est-ce qu\u2019on peut toujours parler d\u2019un \u00eatre humain lorsqu\u2019on modifie les caract\u00e9ristiques d\u2019un visage\u00a0?<\/p>\n<p>Afin\u00a0de trouver des r\u00e9ponses, nous nous sommes mises \u00e0 la place du docteur\u00a0Frankenstein, avec l&rsquo;ambition de cr\u00e9er une cr\u00e9ature \u00e0 partir des \u00e9l\u00e9ments existants des \u00eatres humains, et de tester les limites de notre esp\u00e8ce. Parmi plusieurs crit\u00e8res qui d\u00e9finissent l\u2019\u00eatre humain nous nous sommes int\u00e9ress\u00e9es aux yeux car ils sont\u00a0une partie tr\u00e8s importante de notre corps, nous permettant de voir ce qui nous entoure, et de\u00a0reconna\u00eetre d&rsquo;autres \u00eatres humains. Mais c\u2019est \u00e9galement cette partie de nous-m\u00eame que nous ne pouvons pas voir sans un reflet. Nous avons donc essay\u00e9 de travailler avec cette partie et de cr\u00e9er cette cr\u00e9ature dont nous reconnaitrions encore les traces d\u2019un \u00eatre humain mais il perd certaines caract\u00e9ristiques d\u2019un humain\u00a0par d\u00e9finition.<\/p>\n<hr \/>\n<p>Pour en cr\u00e9er une histoire nous nous avons imagin\u00e9 une cr\u00e9ature qui est fait des yeux et qui rassemble d\u2019autres yeux pour pouvoir s\u2019humaniser.\u00a0Pendant notre travail nous avons \u00e9t\u00e9 confront\u00e9 \u00e0 la question des aveugles et des personnes qui ont perdu la vue ou les yeux, mais nous avons pris la d\u00e9cision de se concentrer sur la d\u00e9finition classique d\u2019un \u00eatre humain.\u00a0Les filtres ont \u00e9t\u00e9 utilis\u00e9s pour mettre un accent sur les parties les plus importantes de l\u2019histoire et pour renforcer l\u2019apparence de cette cr\u00e9ature.<\/p>\n<\/div>\n","protected":false},"excerpt":{"rendered":"<p>Rita Haodiche et Julia Oswald\u00a0 Cliquez ici pour acc\u00e9der \u00e0 l&rsquo;interview de ce projet ! Une cr\u00e9ature recherche \u00e0 s\u2019humaniser en rassemblant des yeux d\u2019humain car elles sont la plus belle partie de son&#46;&#46;&#46;<\/p>\n","protected":false},"author":1548,"featured_media":0,"parent":377,"menu_order":4,"comment_status":"closed","ping_status":"closed","template":"","meta":{"_seopress_robots_primary_cat":"","_seopress_titles_title":"","_seopress_titles_desc":"","_seopress_robots_index":"","footnotes":""},"class_list":["post-44","page","type-page","status-publish"],"_links":{"self":[{"href":"https:\/\/wp.unil.ch\/dishumanities\/wp-json\/wp\/v2\/pages\/44","targetHints":{"allow":["GET"]}}],"collection":[{"href":"https:\/\/wp.unil.ch\/dishumanities\/wp-json\/wp\/v2\/pages"}],"about":[{"href":"https:\/\/wp.unil.ch\/dishumanities\/wp-json\/wp\/v2\/types\/page"}],"author":[{"embeddable":true,"href":"https:\/\/wp.unil.ch\/dishumanities\/wp-json\/wp\/v2\/users\/1548"}],"replies":[{"embeddable":true,"href":"https:\/\/wp.unil.ch\/dishumanities\/wp-json\/wp\/v2\/comments?post=44"}],"version-history":[{"count":0,"href":"https:\/\/wp.unil.ch\/dishumanities\/wp-json\/wp\/v2\/pages\/44\/revisions"}],"up":[{"embeddable":true,"href":"https:\/\/wp.unil.ch\/dishumanities\/wp-json\/wp\/v2\/pages\/377"}],"wp:attachment":[{"href":"https:\/\/wp.unil.ch\/dishumanities\/wp-json\/wp\/v2\/media?parent=44"}],"curies":[{"name":"wp","href":"https:\/\/api.w.org\/{rel}","templated":true}]}}