{"id":385,"date":"2016-06-05T18:37:08","date_gmt":"2016-06-05T16:37:08","guid":{"rendered":"http:\/\/wp.unil.ch\/dishumanities\/?page_id=385"},"modified":"2018-01-22T14:32:14","modified_gmt":"2018-01-22T13:32:14","slug":"interviews","status":"publish","type":"page","link":"https:\/\/wp.unil.ch\/dishumanities\/decompositions\/interviews\/","title":{"rendered":"Interviews"},"content":{"rendered":"<div class=\"justif\">\n<p><strong><em>Rapha\u00ebl Nicolet-dit-F\u00e9lix et Marine Van Campenhoudt<\/em><\/strong><\/p>\n<p>Je m\u2019appelle Marine, et j\u2019ai travaill\u00e9 avec Rapha\u00ebl (responsable du site web), pour mener \u00e0 bien ces interviews. Si nous avons choisi de r\u00e9aliser un tel travail, c\u2019\u00e9tait non seulement pour d\u00e9couvrir tous ces passionnants projets qui ont tent\u00e9 de r\u00e9pondre \u00e0 la question de l\u2019humain, mais aussi pour rendre compte \u00e0 vous &#8211; visiteurs du site &#8211; du travail qu\u2019ils ont effectu\u00e9 et de toute son authenticit\u00e9. Un tel projet nous aura \u00e9galement permis \u00e0 Rapha\u00ebl et \u00e0 moi de d\u00e9couvrir une fascinante diversit\u00e9 humaine \u00e0 travers les diff\u00e9rents entretiens : introverti, extraverti, concern\u00e9, d\u00e9tach\u00e9, \u00e9motif, froid, chaleureux&#8230; Et ce qui m\u2019aura sans doute le plus marqu\u00e9, aura \u00e9t\u00e9 la diff\u00e9rence entre les interviews orales et \u00e9crites : si ces premi\u00e8res \u00e9taient tr\u00e8s agr\u00e9ables et traduisaient vraiment l\u2019authenticit\u00e9 recherch\u00e9e, les \u00e9crits eux \u00e9taient dignes de r\u00e9ponses artificielles, presque robotiques, comme des r\u00e9ponses d\u2019examen crach\u00e9es et trop travaill\u00e9es&#8230;<\/p>\n<p>Au final, ce cours, c&rsquo;est aussi le n\u00f4tre. En ayant pu suivre tous les projets, nous avions en effet une vision \u00ab\u00a0privil\u00e9gi\u00e9e\u00a0\u00bb sur les coulisses. Il est aussi remarquable de constater \u00e0 quel point il est difficile de se mettre d&rsquo;accord avec quelqu&rsquo;un pour pouvoir se voir, surtout qu&rsquo;apr\u00e8s, il faut trouver la personne sans forc\u00e9ment savoir \u00e0 quoi elle ressemble ! On constate ici la n\u00e9cessit\u00e9 d&rsquo;humanisation !<\/p>\n<p>Bonne lecture !<\/p>\n<table>\n<tbody>\n<tr>\n<th>Projet<\/th>\n<th>Interview<\/th>\n<\/tr>\n<tr>\n<td>Effacement<\/td>\n<td><a href=\"..\/effacement\/interview\/\">Clic !<\/a><\/td>\n<\/tr>\n<tr>\n<td>Hu main<\/td>\n<td><a href=\"..\/ho-manus\/interview\/\">Clic !<\/a><\/td>\n<\/tr>\n<tr>\n<td>Faux portraits<\/td>\n<td><a href=\"..\/faux-portraits\/interview\/\">Clic !<\/a><\/td>\n<\/tr>\n<tr>\n<td>Humanisyeux<\/td>\n<td><a href=\"..\/humanisyeux\/interview\/\">Clic !<\/a><\/td>\n<\/tr>\n<tr>\n<td>SCIPER 234357<\/td>\n<td><a href=\"..\/deshumain-film\/interview\/\">Clic !<\/a><\/td>\n<\/tr>\n<tr>\n<td>Une vie<\/td>\n<td><a href=\"..\/unevie\/interview\/\">Clic !<\/a><\/td>\n<\/tr>\n<tr>\n<td>Edible Woman<\/td>\n<td><a href=\"..\/the-edible-woman\/interview\/\">Clic !<\/a><\/td>\n<\/tr>\n<tr>\n<td>M\u00e9tac\u00e9ros<\/td>\n<td><a href=\"..\/..\/creatures\/metaceros\/interview\/\">Clic !<\/a><\/td>\n<\/tr>\n<tr>\n<td>La transformation de Jean<\/td>\n<td><a href=\"..\/..\/creatures\/la-transformation-de-jean\/interview\/\">Clic !<\/a><\/td>\n<\/tr>\n<tr>\n<td>Confession d&rsquo;un monstre<\/td>\n<td><a href=\"..\/..\/creatures\/confession-dun-monstre\/interview\/\">Clic !<\/a><\/td>\n<\/tr>\n<tr>\n<td>R\u00e9g\u00e9n\u00e9rations<\/td>\n<td><a href=\"..\/..\/creatures\/frankenstein-recupere\/interview\/\">Clic !<\/a><\/td>\n<\/tr>\n<tr>\n<td>R E S O N A N C E S<\/td>\n<td><a href=\"..\/..\/creatures\/resonances\/interview\/\">Clic !<\/a><\/td>\n<\/tr>\n<tr>\n<td>The Rocky Horror EPFL Show<\/td>\n<td><a href=\"https:\/\/wp.unil.ch\/dishumanities\/creatures\/rocky-horror\/interview\/\">Clic !<\/a><\/td>\n<\/tr>\n<\/tbody>\n<\/table>\n<\/div>\n","protected":false},"excerpt":{"rendered":"<p>Rapha\u00ebl Nicolet-dit-F\u00e9lix et Marine Van Campenhoudt Je m\u2019appelle Marine, et j\u2019ai travaill\u00e9 avec Rapha\u00ebl (responsable du site web), pour mener \u00e0 bien ces interviews. Si nous avons choisi de r\u00e9aliser un tel travail, c\u2019\u00e9tait&#46;&#46;&#46;<\/p>\n","protected":false},"author":1548,"featured_media":0,"parent":377,"menu_order":0,"comment_status":"closed","ping_status":"closed","template":"","meta":{"_seopress_robots_primary_cat":"","_seopress_titles_title":"","_seopress_titles_desc":"","_seopress_robots_index":"","footnotes":""},"class_list":["post-385","page","type-page","status-publish"],"_links":{"self":[{"href":"https:\/\/wp.unil.ch\/dishumanities\/wp-json\/wp\/v2\/pages\/385","targetHints":{"allow":["GET"]}}],"collection":[{"href":"https:\/\/wp.unil.ch\/dishumanities\/wp-json\/wp\/v2\/pages"}],"about":[{"href":"https:\/\/wp.unil.ch\/dishumanities\/wp-json\/wp\/v2\/types\/page"}],"author":[{"embeddable":true,"href":"https:\/\/wp.unil.ch\/dishumanities\/wp-json\/wp\/v2\/users\/1548"}],"replies":[{"embeddable":true,"href":"https:\/\/wp.unil.ch\/dishumanities\/wp-json\/wp\/v2\/comments?post=385"}],"version-history":[{"count":0,"href":"https:\/\/wp.unil.ch\/dishumanities\/wp-json\/wp\/v2\/pages\/385\/revisions"}],"up":[{"embeddable":true,"href":"https:\/\/wp.unil.ch\/dishumanities\/wp-json\/wp\/v2\/pages\/377"}],"wp:attachment":[{"href":"https:\/\/wp.unil.ch\/dishumanities\/wp-json\/wp\/v2\/media?parent=385"}],"curies":[{"name":"wp","href":"https:\/\/api.w.org\/{rel}","templated":true}]}}