{"id":373,"date":"2016-06-05T18:10:25","date_gmt":"2016-06-05T16:10:25","guid":{"rendered":"http:\/\/wp.unil.ch\/dishumanities\/?page_id=373"},"modified":"2018-01-22T14:14:31","modified_gmt":"2018-01-22T13:14:31","slug":"interview","status":"publish","type":"page","link":"https:\/\/wp.unil.ch\/dishumanities\/decompositions\/rewritingatwoodsthe-edible-woman\/interview\/","title":{"rendered":"Interview du projet \u00ab\u00a0The Edible Woman\u00a0\u00bb"},"content":{"rendered":"<div class=\"justif\">\n<a href=\"..\/\"><em>Cliquez ici pour acc\u00e9der au projet relatif \u00e0 cette interview !<\/em><\/a><\/p>\n<h6>Membres du groupe :<\/h6>\n<ul>\n<li>Thomas Meyer, MA (Repr\u00e9sentant)<\/li>\n<li>S\u00e9bastien Gaspoz, SC<\/li>\n<li>L\u00e9onore Guillain, SC<\/li>\n<li>Iris Ruider, PH<\/li>\n<\/ul>\n<h6>Qu\u2019est-ce qui t&rsquo;a donn\u00e9 envie de t&rsquo;inscrire dans ce cours ?<\/h6>\n<p>\u00c7a avait l\u2019air int\u00e9ressant. En plus, j\u2019avais envie de refaire des analyses litt\u00e9raires parce que \u00e7a me manquait, j\u2019aimais beaucoup le fran\u00e7ais au gymnase.<\/p>\n<h6>En bref, ce n\u00e9ologisme, \u00ab Dishumanities \u00bb qu\u2019est-ce que cela t&rsquo;\u00e9voque ?<\/h6>\n<p>\u00c7a m\u2019\u00e9voque un futur, mi-humain, mi-robot, ce genre de choses.<\/p>\n<h6>Quel \u00e9tait l\u2019\u00e9l\u00e9ment d\u00e9clencheur derri\u00e8re le choix de votre sujet pour le projet de fin de semestre ?<\/h6>\n<p>Le livre avait l\u2019air vachement int\u00e9ressant, j\u2019ai lu le d\u00e9but, et il \u00e9tait vraiment tr\u00e8s int\u00e9ressant. J&rsquo;ai propos\u2019 \u00e0 des gens de faire quelque chose l\u00e0-dessus, et voil\u00e0. On s\u2019est s\u00e9par\u00e9 en deux groupes, L\u00e9onore et Iris font un travail analytique de recherche sur le genre dans le livre, et S\u00e9bastien et moi on fait un travail plus cr\u00e9atif, c\u2019est-\u00e0-dire on r\u00e9\u00e9crit chacun un extrait du livre d\u2019une mani\u00e8re moderne. [2010]<\/p>\n<h6>Qu\u2019est-ce qui vous a motiv\u00e9 \u00e0 travailler sur un m\u00e9dium en particulier (\u00e9criture) pour illustrer votre sujet ?<\/h6>\n<p>\u00c7a ne se voit pas, mais je suis quelqu\u2019un d\u2019assez timide en fait, et du coup, je n\u2019avais pas envie de pr\u00e9senter quelque chose devant les gens, style Rocky Horror ou Rhinoc\u00e9ros. J\u2019aime beaucoup \u00e9crire, j\u2019aime beaucoup lire, je n\u2019\u00e9cris presque pas du tout, mais j\u2019aime bien essayer, surtout dans un cadre o\u00f9 on peut contr\u00f4ler ce que je fais, et c\u2019est pour \u00e7a que j\u2019ai choisi de faire une cr\u00e9ation \u00e9crite.<\/p>\n<p>L\u2019autre sous-groupe avait envie d\u2019en apprendre plus fondamentalement, et c\u2019est pour \u00e7a qu\u2019elles ont pr\u00e9f\u00e9r\u00e9 faire une analyse litt\u00e9raire, elles ont aussi travaill\u00e9 sur un autre livre. On a fait deux ateliers avec Val\u00e9rie dans son bureau, et elle \u00e9tait tr\u00e8s int\u00e9ress\u00e9e par ce genre de sujet, et elle \u00e9tait du coup tr\u00e8s int\u00e9ressante et a un peu transmis l\u2019envie de faire de genre de choses.<\/p>\n<h6>Quelles \u00e9taient les difficult\u00e9s que vous avez rencontr\u00e9es lors de la r\u00e9alisation du projet ?<\/h6>\n<p>Trouver du temps pour \u00e9crire, avant tout. La difficult\u00e9 technique du projet est de bien identifier les personnages du livre d\u2019Atwood pour ce qu\u2019ils repr\u00e9sentent, et du coup voir ce qu\u2019ils repr\u00e9senteraient en 2010. Par exemple, dans le livre, la pression fondamentale que subissent les femmes c\u2019est qu\u2019une femme doit, \u00e0 25 ans, arr\u00eater de travailler et se marier. Et \u00e7a c\u2019est vrai dans les ann\u00e9es 60, mais plus vraiment dans les ann\u00e9es 2010. Du coup, la pression qu\u2019on a choisi \u00e0 la place, c\u2019est qu\u2019une femme est oblig\u00e9e, si elle a des enfants, de s\u2019en occuper. Ainsi par exemple, la sc\u00e8ne des fian\u00e7ailles du livre est remplac\u00e9e par l\u2019anniversaire d\u2019un des enfants.<\/p>\n<\/div>\n","protected":false},"excerpt":{"rendered":"<p>Cliquez ici pour acc\u00e9der au projet relatif \u00e0 cette interview ! Membres du groupe : Thomas Meyer, MA (Repr\u00e9sentant) S\u00e9bastien Gaspoz, SC L\u00e9onore Guillain, SC Iris Ruider, PH Qu\u2019est-ce qui t&rsquo;a donn\u00e9 envie de&#46;&#46;&#46;<\/p>\n","protected":false},"author":1548,"featured_media":0,"parent":371,"menu_order":0,"comment_status":"closed","ping_status":"closed","template":"","meta":{"_seopress_robots_primary_cat":"","_seopress_titles_title":"","_seopress_titles_desc":"","_seopress_robots_index":"","footnotes":""},"class_list":["post-373","page","type-page","status-publish"],"_links":{"self":[{"href":"https:\/\/wp.unil.ch\/dishumanities\/wp-json\/wp\/v2\/pages\/373","targetHints":{"allow":["GET"]}}],"collection":[{"href":"https:\/\/wp.unil.ch\/dishumanities\/wp-json\/wp\/v2\/pages"}],"about":[{"href":"https:\/\/wp.unil.ch\/dishumanities\/wp-json\/wp\/v2\/types\/page"}],"author":[{"embeddable":true,"href":"https:\/\/wp.unil.ch\/dishumanities\/wp-json\/wp\/v2\/users\/1548"}],"replies":[{"embeddable":true,"href":"https:\/\/wp.unil.ch\/dishumanities\/wp-json\/wp\/v2\/comments?post=373"}],"version-history":[{"count":0,"href":"https:\/\/wp.unil.ch\/dishumanities\/wp-json\/wp\/v2\/pages\/373\/revisions"}],"up":[{"embeddable":true,"href":"https:\/\/wp.unil.ch\/dishumanities\/wp-json\/wp\/v2\/pages\/371"}],"wp:attachment":[{"href":"https:\/\/wp.unil.ch\/dishumanities\/wp-json\/wp\/v2\/media?parent=373"}],"curies":[{"name":"wp","href":"https:\/\/api.w.org\/{rel}","templated":true}]}}