{"id":371,"date":"2016-06-05T18:06:06","date_gmt":"2016-06-05T16:06:06","guid":{"rendered":"http:\/\/wp.unil.ch\/dishumanities\/?page_id=371"},"modified":"2018-01-22T14:14:00","modified_gmt":"2018-01-22T13:14:00","slug":"rewritingatwoodsthe-edible-woman","status":"publish","type":"page","link":"https:\/\/wp.unil.ch\/dishumanities\/decompositions\/rewritingatwoodsthe-edible-woman\/","title":{"rendered":"Rewriting Atwood&rsquo;s The Edible Woman"},"content":{"rendered":"<div class=\"justif\"><strong><em>S\u00e9bastien Gaspoz, L\u00e9onore Guillain, Thomas Meyer et Iris Ruider<\/em><\/strong><br \/>\n<a href=\"interview\/\"><em>Cliquez ici pour acc\u00e9der \u00e0 l&rsquo;interview de ce projet !<\/em><\/a><\/p>\n<hr \/>\n<p>D\u00e9couvrez une analyse du roman de Maraget Atwood men\u00e9e par L\u00e9onore Guillain et Iris Ruider:<\/p>\n<ul>\n<li><a href=\"https:\/\/wp.unil.ch\/dishumanities\/files\/2016\/06\/Analyzing-the-performance-of-feminine-gender-roles-in-Atwoods-Edible-Woman.pdf\">Analyzing the performance of feminine gender roles in Atwood&rsquo;s Edible Woman<\/a><\/li>\n<\/ul>\n<p>Ainsi que deux cr\u00e9ations originales par S\u00e9bastien Gaspoz et Thomas Meyer:<\/p>\n<ul>\n<li><a href=\"https:\/\/wp.unil.ch\/dishumanities\/files\/2016\/06\/The-Twenty-first-century-Edible-Woman.pdf\">The Twenty-first century Edible Woman<\/a><\/li>\n<li><a href=\"https:\/\/wp.unil.ch\/dishumanities\/files\/2016\/06\/Before-the-Party.pdf\">Before the Party<\/a><\/li>\n<\/ul>\n<\/div>\n","protected":false},"excerpt":{"rendered":"<p>S\u00e9bastien Gaspoz, L\u00e9onore Guillain, Thomas Meyer et Iris Ruider Cliquez ici pour acc\u00e9der \u00e0 l&rsquo;interview de ce projet ! D\u00e9couvrez une analyse du roman de Maraget Atwood men\u00e9e par L\u00e9onore Guillain et Iris Ruider:&#46;&#46;&#46;<\/p>\n","protected":false},"author":1548,"featured_media":0,"parent":377,"menu_order":7,"comment_status":"closed","ping_status":"closed","template":"","meta":{"_seopress_robots_primary_cat":"","_seopress_titles_title":"","_seopress_titles_desc":"","_seopress_robots_index":"","footnotes":""},"class_list":["post-371","page","type-page","status-publish"],"_links":{"self":[{"href":"https:\/\/wp.unil.ch\/dishumanities\/wp-json\/wp\/v2\/pages\/371","targetHints":{"allow":["GET"]}}],"collection":[{"href":"https:\/\/wp.unil.ch\/dishumanities\/wp-json\/wp\/v2\/pages"}],"about":[{"href":"https:\/\/wp.unil.ch\/dishumanities\/wp-json\/wp\/v2\/types\/page"}],"author":[{"embeddable":true,"href":"https:\/\/wp.unil.ch\/dishumanities\/wp-json\/wp\/v2\/users\/1548"}],"replies":[{"embeddable":true,"href":"https:\/\/wp.unil.ch\/dishumanities\/wp-json\/wp\/v2\/comments?post=371"}],"version-history":[{"count":0,"href":"https:\/\/wp.unil.ch\/dishumanities\/wp-json\/wp\/v2\/pages\/371\/revisions"}],"up":[{"embeddable":true,"href":"https:\/\/wp.unil.ch\/dishumanities\/wp-json\/wp\/v2\/pages\/377"}],"wp:attachment":[{"href":"https:\/\/wp.unil.ch\/dishumanities\/wp-json\/wp\/v2\/media?parent=371"}],"curies":[{"name":"wp","href":"https:\/\/api.w.org\/{rel}","templated":true}]}}