{"id":353,"date":"2016-06-05T17:14:16","date_gmt":"2016-06-05T15:14:16","guid":{"rendered":"http:\/\/wp.unil.ch\/dishumanities\/?page_id=353"},"modified":"2018-01-22T13:51:57","modified_gmt":"2018-01-22T12:51:57","slug":"interview","status":"publish","type":"page","link":"https:\/\/wp.unil.ch\/dishumanities\/decompositions\/faux-portraits\/interview\/","title":{"rendered":"Interview du projet \u00ab\u00a0Faux portraits\u00a0\u00bb"},"content":{"rendered":"<div class=\"justif\">\n<a href=\"..\/\"><em>Cliquez ici pour acc\u00e9der au projet relatif \u00e0 cette interview !<\/em><\/a><\/p>\n<h6>Membres du groupe :<\/h6>\n<ul>\n<li>Laetitia Hourse, GC (Repr\u00e9sentante)<\/li>\n<li>Alessandro Accardo, AR<\/li>\n<li>Michela Casanova, GC<\/li>\n<li>Yasmine El Karmoudi, AR<\/li>\n<li>Monia Woehner, GC<\/li>\n<\/ul>\n<h6>Qu\u2019est-ce qui t&rsquo;a donn\u00e9 envie de t&rsquo;inscrire dans ce cours ?<\/h6>\n<p>D\u00e9j\u00e0 moi c\u2019\u00e9tait le titre \u00e0 la base, le genre et ses repr\u00e9sentations : c\u2019est un truc qui m\u2019int\u00e9resse vraiment, je suis tr\u00e8s active l\u00e0-dessus, je me renseigne beaucoup. Je suis plut\u00f4t f\u00e9ministe, je voulais parler de \u00e7a\u2026 et en plus j\u2019adore le cin\u00e9ma ! Ca m\u2019int\u00e9ressait trop d\u2019\u00e9tudier des films m\u00eame si je ne sais pas trop\u2026 enfin moi je regarde des films mais je ne me rends pas du tout compte de ce qu\u2019il y a derri\u00e8re du coup \u00e7a m\u2019int\u00e9ressait vraiment de faire \u00e7a. Bon, apr\u00e8s \u00e7a [le cours] a compl\u00e9tement chang\u00e9 et puis je ne voulais pas me desinscrire parce que je me suis dit \u00ab pourquoi pas ? A voir\u2026 \u00bb.<\/p>\n<h6>En bref, ce n\u00e9ologisme, \u00ab Dishumanities \u00bb qu\u2019est-ce que cela t&rsquo;\u00e9voque ?<\/h6>\n<p>[Laetitia] Euhm\u2026<\/p>\n<p>[Moi] Pour certains, \u00e7a leur a \u00e9voqu\u00e9 la probl\u00e9matique actuelle des migrants, pour d\u2019autres c\u2019\u00e9tait plut\u00f4t le mod\u00e8le soci\u00e9tal actuel\u2026<\/p>\n<p>[Laetitia] Moi je pense que c\u2019est plut\u00f4t \u00e7a\u2026 Mais apr\u00e8s Anas a tr\u00e8s vite parler des machines, du monde dans lequel on vit o\u00f9 la personne elle-m\u00eame n\u2019a plus du tout d\u2019int\u00e9r\u00eat, genre on est une soci\u00e9t\u00e9, on est juste un groupe o\u00f9 nous avan\u00e7ons tous ensemble.<\/p>\n<h6>Quel \u00e9tait l\u2019\u00e9l\u00e9ment d\u00e9clencheur derri\u00e8re le choix de votre sujet pour le projet de fin de semestre ?<\/h6>\n<p>Notre projet\u2026 c\u2019est venu d\u2019une envie de d\u00e9shumaniser l\u2019humain. On s\u2019est dit qu\u2019on avait vraiment envie de faire \u00e7a : de prendre des gens et de les d\u00e9shumaniser. A partir de l\u00e0, on s\u2019est demand\u00e9 comment le faire. Et on aimait tous la photographie alors on en est venu \u00e0 prendre des photos et \u00e0 les \u00ab photoshopper \u00bb pour rendre des visages o\u00f9 tu ne sais pas vraiment ce qui cloche, mais il y a un truc qui te d\u00e9range quoi. On ne voulait pas faire du gros trash, on voulait juste qu\u2019il y ait des petits \u00e9l\u00e9ments qui font que \u00e7a d\u00e9range au regard.<\/p>\n<h6>Qu\u2019est-ce qui vous a motiv\u00e9 \u00e0 travailler sur un m\u00e9dium en particulier (photo) pour illustrer votre sujet ?<\/h6>\n<p>On \u00e9tait tous int\u00e9ress\u00e9s l\u00e0-dessus, plus que les films, le chant ou le th\u00e9\u00e2tre etc. il y avait aussi le fait que le logiciel photoshop soit un logiciel hyper cool. On \u00e9tait plusieurs dans le groupe \u00e0 ne pas savoir l\u2019utiliser\u2026 Il y en avait qui savait l\u2019utilliser, du coup on s\u2019est dit pourquoi ne pas s\u2019aider et apprendre ? C\u2019\u00e9tait une occasion comme une autre d\u2019apprendre \u00e0 se servir de ce logiciel o\u00f9 tu peux vraiment faire tellement de trucs !<\/p>\n<h6>Quelles \u00e9taient les difficult\u00e9s que vous avez rencontr\u00e9es lors de la r\u00e9alisation du projet ?<\/h6>\n<p>D\u2019abord, celle qu\u2019il n\u2019y en avait seulement deux qui savaient se servir de photoshop. Du coup ce n\u2019\u00e9tait pas hyper pratique au d\u00e9but, surtout que les Archis (membres du groupe) n\u2019ont pas beaucoup de temps. \u00c7a, \u00e7a a \u00e9t\u00e9 un peu compliqu\u00e9 au d\u00e9but. Apr\u00e8s il y a eu l\u2019id\u00e9e elle-m\u00eame : notre projet a muri tout au long de sa r\u00e9alisation : au d\u00e9but on ne savait pas si on prenait une seule personne ou peut-\u00eatre en prendre deux. En fait on a eu plein d\u2019id\u00e9es diff\u00e9rentes, on a essay\u00e9 plein de trucs avant d\u2019avoir vraiment un id\u00e9e pr\u00e9cise ; et cette id\u00e9e et ce projet se s\u2019ont construit au fur et \u00e0 mesure.<\/p>\n<\/div>\n","protected":false},"excerpt":{"rendered":"<p>Cliquez ici pour acc\u00e9der au projet relatif \u00e0 cette interview ! Membres du groupe : Laetitia Hourse, GC (Repr\u00e9sentante) Alessandro Accardo, AR Michela Casanova, GC Yasmine El Karmoudi, AR Monia Woehner, GC Qu\u2019est-ce qui&#46;&#46;&#46;<\/p>\n","protected":false},"author":1548,"featured_media":0,"parent":32,"menu_order":0,"comment_status":"closed","ping_status":"closed","template":"","meta":{"_seopress_robots_primary_cat":"","_seopress_titles_title":"","_seopress_titles_desc":"","_seopress_robots_index":"","footnotes":""},"class_list":["post-353","page","type-page","status-publish"],"_links":{"self":[{"href":"https:\/\/wp.unil.ch\/dishumanities\/wp-json\/wp\/v2\/pages\/353","targetHints":{"allow":["GET"]}}],"collection":[{"href":"https:\/\/wp.unil.ch\/dishumanities\/wp-json\/wp\/v2\/pages"}],"about":[{"href":"https:\/\/wp.unil.ch\/dishumanities\/wp-json\/wp\/v2\/types\/page"}],"author":[{"embeddable":true,"href":"https:\/\/wp.unil.ch\/dishumanities\/wp-json\/wp\/v2\/users\/1548"}],"replies":[{"embeddable":true,"href":"https:\/\/wp.unil.ch\/dishumanities\/wp-json\/wp\/v2\/comments?post=353"}],"version-history":[{"count":0,"href":"https:\/\/wp.unil.ch\/dishumanities\/wp-json\/wp\/v2\/pages\/353\/revisions"}],"up":[{"embeddable":true,"href":"https:\/\/wp.unil.ch\/dishumanities\/wp-json\/wp\/v2\/pages\/32"}],"wp:attachment":[{"href":"https:\/\/wp.unil.ch\/dishumanities\/wp-json\/wp\/v2\/media?parent=353"}],"curies":[{"name":"wp","href":"https:\/\/api.w.org\/{rel}","templated":true}]}}