{"id":350,"date":"2016-06-05T10:36:13","date_gmt":"2016-06-05T08:36:13","guid":{"rendered":"http:\/\/wp.unil.ch\/dishumanities\/?page_id=350"},"modified":"2018-01-22T12:15:27","modified_gmt":"2018-01-22T11:15:27","slug":"remerciements","status":"publish","type":"page","link":"https:\/\/wp.unil.ch\/dishumanities\/remerciements\/","title":{"rendered":"Merci pour une aventure humaine en SHS !"},"content":{"rendered":"<div class=\"justif\">\n<p>Anas et moi avions sereinement pr\u00e9vu les choses selon le sc\u00e9nario bien r\u00f4d\u00e9 du cours que nous avions exp\u00e9riment\u00e9 l\u2019ann\u00e9e pass\u00e9e, tout en marquant, cette fois-ci, les 200 ans de la cr\u00e9ation de Frankenstein par une jeune surdou\u00e9e de l\u2019\u00e2ge de nos \u00e9tudiant-e-s, Mary Godwin (1797-1851), \u00e0 quelques dizaines de kilom\u00e8tres de l\u2019EPFL, lors d\u2019un mois de juin 1816 aussi pourri que le mois de mai 2016. Le patronyme qu\u2019allait retenir pour elle l\u2019histoire litt\u00e9raire est celui qu\u2019elle acquit en \u00e9pousant le jeune po\u00e8te en devenir qui l\u2019accompagnait alors \u00e0 Gen\u00e8ve : Mary Shelley.<\/p>\n<p>Mais, deux semaines avant le d\u00e9but de ce semestre de printemps nous avons r\u00e9alis\u00e9 que vous seriez s\u00e9rieusement plus nombreux que les classes auxquelles nous sommes habitu\u00e9s : extr\u00eamement plus nombreux qu\u2019il ne le faut, selon notre exp\u00e9rience, pour avoir une chance de donner un sens aux \u00ab humanit\u00e9s \u00bb.<\/p>\n<p>Mais Anas ne s\u2019est pas d\u00e9courag\u00e9 et vous avez \u00e9t\u00e9 formidables en relevant le d\u00e9fi de ces SHS que nous craignions voir devenir inhumaines, raison pour laquelle nous avions d\u2019embl\u00e9e chang\u00e9 le titre de notre cours en : \u00ab dishumanities\/d\u00e9shumanit\u00e9s \u00bb.<\/p>\n<p>Tout autant pour nous que pour vous (et peut-\u00eatre plus encore pour Anas et moi), ce semestre a \u00e9t\u00e9 un apprentissage et une aventure : comment faire pour enseigner en impliquant chacun-e d\u2019entre vous, telle \u00e9tait la question \u00e0 laquelle nous tenions \u00e0 trouver une r\u00e9ponse.<\/p>\n<p>Gr\u00e2ce \u00e0 l\u2019\u00e9nergie surhumaine et carr\u00e9ment miraculeuse d\u00e9ploy\u00e9e par Anas, gr\u00e2ce au soutien fourni par des coll\u00e8gues enthousiastes et convaincus, \u2013 Julien Bono, Anna Iatsenko, Karim Kattan, Xander Ryan et Gaspard\u00a0Vignon \u2013, gr\u00e2ce \u00e0 l\u2019intervention de Mads Rosendahl, et gr\u00e2ce \u00e0 l\u2019enthousiasme qu\u2019ils ont suscit\u00e9 et auquel vous avez r\u00e9pondu de mani\u00e8re tellement extraordinaire, nous avons eu cette m\u00e9morable s\u00e9ance du 31 mai.<\/p>\n<p>Je tiens \u00e0 vous remercier et \u00e0 vous f\u00e9liciter pour vos projets, pour leur qualit\u00e9, pour le s\u00e9rieux et le nombre d\u2019heures que vous y avez investies. Je suis plus qu\u2019impressionn\u00e9e par les talents et l\u2019engagement dont vous avez fait preuve. Gr\u00e2ce \u00e0 vous, j\u2019ai pass\u00e9 deux heures exceptionnelles dans mon exp\u00e9rience d\u2019enseignante.<\/p>\n<p>Je suis touch\u00e9e par votre audace, par votre enthousiasme, par les heures que vous avez investies souvent sans compter dans la r\u00e9alisation de vos projets, pour \u00e9crire, photographier, cr\u00e9er, filmer, interpr\u00e9ter, performer\u2026. quitte \u00e0 vous jeter dans les eaux froides du lac et \u00e0 affronter les feux de la rampe, pour nous faire tous r\u00e9agir, r\u00e9fl\u00e9chir, rire, \u00eatre \u00e9mus, nous faire nous sentir humains.<\/p>\n<p>Je suis heureuse et reconnaissante que ce site garde la trace de vos travaux afin que nous puissions prolonger et renouveler l\u2019exp\u00e9rience du 31 mai. Vos cr\u00e9ations sont \u00e0 la hauteur du talent et de la folie g\u00e9niale des Shelley ! Long live <em>Frankenstein<\/em> !<\/p>\n<p>Je vous dis sinc\u00e8rement merci et bravo \u00e0 tous.<\/p>\n<p>Val\u00e9rie Cossy<\/p>\n<\/div>\n","protected":false},"excerpt":{"rendered":"<p>Anas et moi avions sereinement pr\u00e9vu les choses selon le sc\u00e9nario bien r\u00f4d\u00e9 du cours que nous avions exp\u00e9riment\u00e9 l\u2019ann\u00e9e pass\u00e9e, tout en marquant, cette fois-ci, les 200 ans de la cr\u00e9ation de Frankenstein&#46;&#46;&#46;<\/p>\n","protected":false},"author":1548,"featured_media":0,"parent":0,"menu_order":0,"comment_status":"closed","ping_status":"closed","template":"","meta":{"_seopress_robots_primary_cat":"","_seopress_titles_title":"","_seopress_titles_desc":"","_seopress_robots_index":"","footnotes":""},"class_list":["post-350","page","type-page","status-publish"],"_links":{"self":[{"href":"https:\/\/wp.unil.ch\/dishumanities\/wp-json\/wp\/v2\/pages\/350","targetHints":{"allow":["GET"]}}],"collection":[{"href":"https:\/\/wp.unil.ch\/dishumanities\/wp-json\/wp\/v2\/pages"}],"about":[{"href":"https:\/\/wp.unil.ch\/dishumanities\/wp-json\/wp\/v2\/types\/page"}],"author":[{"embeddable":true,"href":"https:\/\/wp.unil.ch\/dishumanities\/wp-json\/wp\/v2\/users\/1548"}],"replies":[{"embeddable":true,"href":"https:\/\/wp.unil.ch\/dishumanities\/wp-json\/wp\/v2\/comments?post=350"}],"version-history":[{"count":0,"href":"https:\/\/wp.unil.ch\/dishumanities\/wp-json\/wp\/v2\/pages\/350\/revisions"}],"wp:attachment":[{"href":"https:\/\/wp.unil.ch\/dishumanities\/wp-json\/wp\/v2\/media?parent=350"}],"curies":[{"name":"wp","href":"https:\/\/api.w.org\/{rel}","templated":true}]}}