{"id":343,"date":"2016-06-02T14:32:47","date_gmt":"2016-06-02T12:32:47","guid":{"rendered":"http:\/\/wp.unil.ch\/dishumanities\/?page_id=343"},"modified":"2018-01-22T14:20:21","modified_gmt":"2018-01-22T13:20:21","slug":"interview","status":"publish","type":"page","link":"https:\/\/wp.unil.ch\/dishumanities\/creatures\/frankenstein-recupere\/interview\/","title":{"rendered":"Interview des projets \u00ab\u00a0Frankenstein, r\u00e9cup\u00e9r\u00e9\u00a0\u00bb, \u00ab\u00a0Cr\u00e2nes\u00a0\u00bb et \u00ab\u00a0Organes\u00a0\u00bb"},"content":{"rendered":"<div class=\"justif\"><a href=\"https:\/\/wp.unil.ch\/dishumanities\/creatures\/frankenstein-recupere\/\"><em>Cliquez ici pour acc\u00e9der au projet \u00ab\u00a0Frankenstein, r\u00e9cup\u00e9r\u00e9\u00a0\u00bb !<\/em><\/a><br \/>\n<a href=\"..\/..\/cranes\/\"><em>Cliquez ici pour acc\u00e9der au projet \u00ab\u00a0Cr\u00e2nes\u00a0\u00bb !<\/em><\/a><br \/>\n<a href=\"..\/..\/organes\/\"><em>Cliquez ici pour acc\u00e9der au projet \u00ab\u00a0Organes\u00a0\u00bb !<\/em><\/a><\/p>\n<h6>Membres du groupe :<\/h6>\n<ul>\n<li>Martin Privet, GM (Repr\u00e9sentant)<\/li>\n<li>Arnaud Rubin, GM<\/li>\n<li>Othman Bennaghmouch, GM<\/li>\n<li>Oscar Jenot, GM<\/li>\n<\/ul>\n<h6>Qu\u2019est-ce qui vous a donn\u00e9 envie de vous inscrire dans ce cours ?<\/h6>\n<p>Alors \u00e0 la base, c\u2019\u00e9tait parce que\u2026 je ne sais plus comment s\u2019appelait le cours ?<\/p>\n<p>[Interviewer] : Le genre et ses repr\u00e9sentations<\/p>\n<p>Voil\u00e0 ! Du coup, comme ma copine est en Sciences-Po, elle est f\u00e9ministe et je me suis ne dit pourquoi pas \u00e9tudier \u00e7a un peu plus en profondeur, histoire de comprendre\u2026 Parce que ce n\u2019est pas vraiment mon domaine d\u2019\u00e9tude. Et donc je me suis lanc\u00e9 l\u00e0-dedans.<\/p>\n<p>Apr\u00e8s \u00e7a [L\u2019intitul\u00e9 du cours et le mode de fonctionnement] a chang\u00e9, je dirais en bien parce que ce n\u2019\u00e9tait quand m\u00eame pas mal et puis quand on a parl\u00e9 de \u00ab\u00a0d\u00e9shumanit\u00e9\u00a0\u00bb, directement le travail pratique m\u2019est venu \u00e0 l\u2019esprit. Puis vu que j\u2019aime \u00e7a, cela m\u2019a plu et je me suis bien amus\u00e9 !<\/p>\n<h6>En bref, ce n\u00e9ologisme, \u00ab Dishumanities \u00bb qu\u2019est-ce que cela vous \u00e9voque ?<\/h6>\n<p>Les deux ou trois points qui ont \u00e9t\u00e9s abord\u00e9s en cours : le cannibalisme, les clones etc, tout ce qui est li\u00e9 \u00e0 l\u2019id\u00e9e de cr\u00e9er un monstre par exemple comme Frankenstein. C\u2019est une dimension que pas grand monde n\u2019\u00e9tudie, ni ne conna\u00eet \u00e0\u00a0l\u2019EPFL. Du coup, \u00e7a j\u2019ai trouv\u00e9 super int\u00e9ressant. Apr\u00e8s, au niveau de Frankenstein et de mon projet, la d\u00e9shumanit\u00e9\u2026 \u00e0 la base je ne savais pas trop comment y parvenir. Mais c\u2019est vrai que \u00e7a s\u2019est construit petit \u00e0 petit. Et dans ce projet, c\u2019\u00e9tait vraiment l\u2019id\u00e9e, avec les organes, de cannibalisme : je voulais vraiment cr\u00e9er quelque chose \u00e0 partir de rien, quelque chose qui a l\u2019air d\u2019humain mais qui ne l\u2019est pas du tout. Dans la mise en sc\u00e8ne du projet, je voulais le faire paraitre humain, mais avec le mat\u00e9riel, on voit bien que ce ne l\u2019est pas du tout.<\/p>\n<h6>Quel \u00e9tait l\u2019\u00e9l\u00e9ment d\u00e9clencheur derri\u00e8re le choix de votre sujet pour le projet de fin de semestre ?<\/h6>\n<p>Anas a abord\u00e9 en premier Frankenstein, du coup c\u2019est l\u00e0 que l\u2019id\u00e9e a commenc\u00e9 \u00e0 germer. A la base, ce n\u2019\u00e9tait pas vraiment \u00e7a du tout, c\u2019\u00e9tait faire une \u00ab histoire \u00bb autour de d\u00e9chets, partir de rien et cr\u00e9er un homme mais l\u2019id\u00e9e \u00e9tait plut\u00f4t de l\u2019habiller, le deshabiller, voir comment les gens r\u00e9agissait devant l\u2019habill\u00e9 et le pas habill\u00e9. Qu\u2019est-ce que \u00e7a faisait de voir quelque chose d\u2019humain voire moins. Du coup c\u2019est l\u00e0 que c\u2019est parti. Apr\u00e8s pour tout ce qui est clone etc, c\u2019est vrai qu\u2019avec les potes, on s\u2019est plut\u00f4t focalis\u00e9 sur Frankenstein. En taillant les bouchons, l\u2019id\u00e9e a \u00e9volu\u00e9.<\/p>\n<h6>Qu\u2019est-ce qui vous a motiv\u00e9 \u00e0 travailler sur un m\u00e9dium en particulier (photo) pour illustrer votre sujet ?<\/h6>\n<p>Je la pratique depuis plusieurs ann\u00e9es. J\u2019aime beaucoup \u00e7a, d\u00e8s que je pars en voyage etc. L\u2019id\u00e9e de rendre un projet sous ce format : un plan avec des jeux de lumi\u00e8re, c\u2019est quelque chose qui me faisait particuli\u00e8rement plaisir. Quand j\u2019ai entendu qu\u2019Anas faisait de la\u00a0photographie, \u00e7a m\u2019a d\u2019autant plus plu car je me suis dit \u00ab il va m\u2019aider pour la discussion du projet et la mise en page \u00bb.<\/p>\n<h6>Quelles \u00e9taient les difficult\u00e9s que vous avez rencontr\u00e9es lors de la r\u00e9alisation du projet ?<\/h6>\n<p>Premi\u00e8re grosses difficult\u00e9s, c\u2019\u00e9tait de trouver des bouchons : \u00e7a c\u2019\u00e9tait vraiment gal\u00e8re ! Apr\u00e8s je dirai que la plus grosse difficult\u00e9 c\u2019\u00e9tait de rendre quelque chose de concret pour la premi\u00e8re id\u00e9e qu\u2019on a eu puis de trouver l\u2019\u00e9volution qui correspondait plus ou moins\u2026 Parce que \u00e7a ne sert \u00e0 rien de changer du tout au tout\u2026<\/p>\n<p>Et en dernier lieu, de rendre quelque chose qui collait au sujet\u2026 C\u2019est assez facile d&rsquo;\u00eatre faire un hors-sujet.<\/p>\n<\/div>\n","protected":false},"excerpt":{"rendered":"<p>Cliquez ici pour acc\u00e9der au projet \u00ab\u00a0Frankenstein, r\u00e9cup\u00e9r\u00e9\u00a0\u00bb ! Cliquez ici pour acc\u00e9der au projet \u00ab\u00a0Cr\u00e2nes\u00a0\u00bb ! Cliquez ici pour acc\u00e9der au projet \u00ab\u00a0Organes\u00a0\u00bb ! Membres du groupe : Martin Privet, GM (Repr\u00e9sentant) Arnaud&#46;&#46;&#46;<\/p>\n","protected":false},"author":1548,"featured_media":0,"parent":246,"menu_order":0,"comment_status":"closed","ping_status":"closed","template":"","meta":{"_seopress_robots_primary_cat":"","_seopress_titles_title":"","_seopress_titles_desc":"","_seopress_robots_index":"","footnotes":""},"class_list":["post-343","page","type-page","status-publish"],"_links":{"self":[{"href":"https:\/\/wp.unil.ch\/dishumanities\/wp-json\/wp\/v2\/pages\/343","targetHints":{"allow":["GET"]}}],"collection":[{"href":"https:\/\/wp.unil.ch\/dishumanities\/wp-json\/wp\/v2\/pages"}],"about":[{"href":"https:\/\/wp.unil.ch\/dishumanities\/wp-json\/wp\/v2\/types\/page"}],"author":[{"embeddable":true,"href":"https:\/\/wp.unil.ch\/dishumanities\/wp-json\/wp\/v2\/users\/1548"}],"replies":[{"embeddable":true,"href":"https:\/\/wp.unil.ch\/dishumanities\/wp-json\/wp\/v2\/comments?post=343"}],"version-history":[{"count":0,"href":"https:\/\/wp.unil.ch\/dishumanities\/wp-json\/wp\/v2\/pages\/343\/revisions"}],"up":[{"embeddable":true,"href":"https:\/\/wp.unil.ch\/dishumanities\/wp-json\/wp\/v2\/pages\/246"}],"wp:attachment":[{"href":"https:\/\/wp.unil.ch\/dishumanities\/wp-json\/wp\/v2\/media?parent=343"}],"curies":[{"name":"wp","href":"https:\/\/api.w.org\/{rel}","templated":true}]}}