{"id":339,"date":"2016-06-02T14:11:46","date_gmt":"2016-06-02T12:11:46","guid":{"rendered":"http:\/\/wp.unil.ch\/dishumanities\/?page_id=339"},"modified":"2018-01-22T14:07:51","modified_gmt":"2018-01-22T13:07:51","slug":"interview-du-projet-humanisyeux","status":"publish","type":"page","link":"https:\/\/wp.unil.ch\/dishumanities\/decompositions\/humanisyeux\/interview-du-projet-humanisyeux\/","title":{"rendered":"Interview du projet \u00ab\u00a0Humanisyeux\u00a0\u00bb"},"content":{"rendered":"<div class=\"justif\"><a href=\"..\/\"><em>Cliquez ici pour acc\u00e9der au projet relatif \u00e0 cette interview !<\/em><\/a><\/p>\n<h6>Membres du groupe :<\/h6>\n<ul>\n<li>Rita Haodiche, AR<\/li>\n<li>Julia Oswald, AR<\/li>\n<\/ul>\n<h6>Qu\u2019est-ce qui vous a donn\u00e9 envie de vous inscrire dans ce cours ?<\/h6>\n<p>Pour plusieurs raisons : Le fait que ce soit diff\u00e9rent de ce qu\u2019on voit d\u2019habitude, qu\u2019il n\u2019y a pas de cours \u00e0 apprendre par c\u0153ur mais \u00e9galement qu\u2019on puisse \u00ab modifier \u00bb le cours au fil des semaines. En plus le th\u00e8me de \u00ab Dishumanities \u00bb est un th\u00e8me tr\u00e8s int\u00e9ressant, surtout pour d\u00e9velopper son propre projet.<\/p>\n<h6>En bref, ce n\u00e9ologisme, \u00ab Dishumanities \u00bb qu\u2019est-ce que cela vous \u00e9voque ?<\/h6>\n<p>Le contr\u00f4le de l\u2019humain et ses limites. Que la question de l\u2019humain est plus difficile et complexe qu\u2019on le pense et qu\u2019il a plein des facteurs qui interviennent dans cette question sans qu\u2019on s\u2019en rende compte<\/p>\n<h6>Quel \u00e9tait l\u2019\u00e9l\u00e9ment d\u00e9clencheur derri\u00e8re le choix de votre sujet pour le projet de fin de semestre ?<\/h6>\n<p>Nous voulions absolument travailler avec la photographie donc quand ils nous ont montr\u00e9 les photos criminelles on a d\u00e9cid\u00e9 de faire un projet dans cette direction. Ensuite, le th\u00e8me de Frankenstein nous a \u00e9galement inspir\u00e9.<\/p>\n<h6>Qu\u2019est-ce qui vous a motiv\u00e9 \u00e0 travailler sur un m\u00e9dium en particulier (photo) pour illustrer votre sujet ?<\/h6>\n<p>Vu qu\u2019on voulait faire un projet dans le m\u00eame genre que les photos criminelles la question ne s\u2019est pas pos\u00e9e.<\/p>\n<h6>Quelles \u00e9taient les difficult\u00e9s que vous avez rencontr\u00e9es lors de la r\u00e9alisation du projet ?<\/h6>\n<p>Au d\u00e9but c\u2019\u00e9tait difficile de comprendre ce que s\u2019attendaient les professeurs.<\/p>\n<p>Le fait que le th\u00e8me est tr\u00e8s large et qu\u2019on s\u2019y perd facilement, donc pour nous c\u2019\u00e9tait difficile de choisir un th\u00e8me pr\u00e9cis. Et puis le fait que pas toutes les personnes ont voulu \u00eatre prises en photo et de ne pas savoir r\u00e9ellement pourquoi.<\/p>\n<\/div>\n","protected":false},"excerpt":{"rendered":"<p>Cliquez ici pour acc\u00e9der au projet relatif \u00e0 cette interview ! Membres du groupe : Rita Haodiche, AR Julia Oswald, AR Qu\u2019est-ce qui vous a donn\u00e9 envie de vous inscrire dans ce cours ?&#46;&#46;&#46;<\/p>\n","protected":false},"author":1548,"featured_media":0,"parent":44,"menu_order":0,"comment_status":"closed","ping_status":"closed","template":"","meta":{"_seopress_robots_primary_cat":"","_seopress_titles_title":"","_seopress_titles_desc":"","_seopress_robots_index":"","footnotes":""},"class_list":["post-339","page","type-page","status-publish"],"_links":{"self":[{"href":"https:\/\/wp.unil.ch\/dishumanities\/wp-json\/wp\/v2\/pages\/339","targetHints":{"allow":["GET"]}}],"collection":[{"href":"https:\/\/wp.unil.ch\/dishumanities\/wp-json\/wp\/v2\/pages"}],"about":[{"href":"https:\/\/wp.unil.ch\/dishumanities\/wp-json\/wp\/v2\/types\/page"}],"author":[{"embeddable":true,"href":"https:\/\/wp.unil.ch\/dishumanities\/wp-json\/wp\/v2\/users\/1548"}],"replies":[{"embeddable":true,"href":"https:\/\/wp.unil.ch\/dishumanities\/wp-json\/wp\/v2\/comments?post=339"}],"version-history":[{"count":0,"href":"https:\/\/wp.unil.ch\/dishumanities\/wp-json\/wp\/v2\/pages\/339\/revisions"}],"up":[{"embeddable":true,"href":"https:\/\/wp.unil.ch\/dishumanities\/wp-json\/wp\/v2\/pages\/44"}],"wp:attachment":[{"href":"https:\/\/wp.unil.ch\/dishumanities\/wp-json\/wp\/v2\/media?parent=339"}],"curies":[{"name":"wp","href":"https:\/\/api.w.org\/{rel}","templated":true}]}}