{"id":325,"date":"2016-06-02T11:02:33","date_gmt":"2016-06-02T09:02:33","guid":{"rendered":"http:\/\/wp.unil.ch\/dishumanities\/?page_id=325"},"modified":"2018-01-22T14:01:17","modified_gmt":"2018-01-22T13:01:17","slug":"interview","status":"publish","type":"page","link":"https:\/\/wp.unil.ch\/dishumanities\/decompositions\/ho-manus\/interview\/","title":{"rendered":"Interview du projet \u00ab\u00a0Hu main\u00a0\u00bb"},"content":{"rendered":"<div class=\"justif\">\n<a href=\"https:\/\/wp.unil.ch\/dishumanities\/decompositions\/ho-manus\/interview\/\"><em>Cliquez ici pour acc\u00e9der au projet relatif \u00e0 cette interview !<\/em><\/a><\/p>\n<h6>Membres du groupe :<\/h6>\n<ul>\n<li>Marta De Benito, AR (Repr\u00e9sentante)<\/li>\n<li>Hanna Elatifi, AR<\/li>\n<li>Lo\u00efc Godon, AR<\/li>\n<\/ul>\n<h6>Qu\u2019est-ce qui t&rsquo;a donn\u00e9 envie de t&rsquo;inscrire dans ce cours ?<\/h6>\n<p>Pouvoir continuer \u00e0 travailler sur le th\u00e8me de l\u2019humain [dans le cadre des SHS] : l\u2019ann\u00e9e pass\u00e9e j\u2019\u00e9tais en Sant\u00e9 et d\u00e9but de cette ann\u00e9e, j\u2019\u00e9tais en Sciences et Religion. J\u2019ai donc trait\u00e9s des sujets assez li\u00e9s \u00e0 l\u2019humain. Je trouvais que \u00e7a se compl\u00e9tait assez bien de traiter du f\u00e9minisme [ce dont ce cours a pu parler].<\/p>\n<h6>En bref, ce n\u00e9ologisme, \u00ab Dishumanities \u00bb qu\u2019est-ce que cela t&rsquo;\u00e9voque ?<\/h6>\n<p>Au d\u00e9but, Rien du tout !!! [Rires]. Ensuite j\u2019ai pu faire le lien avec les films qu\u2019on a vu. Je l\u2019associe notamment avec le film Cloud Atlas.<\/p>\n<h6>Quel \u00e9tait l\u2019\u00e9l\u00e9ment d\u00e9clencheur derri\u00e8re le choix de votre sujet pour le projet de fin de semestre ?<\/h6>\n<p>Le fait de trouver un rapport avec ce que l\u2019on fait en architecture, surtout avec l\u2019objectif d\u2019illustrer une partie du corps qu\u2019on utilise le plus en architecture : les mains. Et le fait de faire un projet de photographie nous a aussi motiv\u00e9 : d\u2019habitude on utilise notre appareil photo pour les maquettes et l\u00e0 on s\u2019est dit chouette ! on va pouvoir l\u2019utiliser sur des corps humains. Photographie et mains, \u00e7a nous convenait bien.<\/p>\n<h6>Qu\u2019est-ce qui vous a motiv\u00e9 \u00e0 travailler sur un m\u00e9dium en particulier (photo) pour illustrer votre sujet ?<\/h6>\n<p>On a l\u2019habitude d\u2019immortaliser ce que l\u2019on fait par des dessins en architecture et la photographie s\u2019est pr\u00e9sent\u00e9e comme une alternative un peu plus rapide : on peut retoucher sur Photoshop facilement d\u2019autant plus qu\u2019on commence \u00e0 bien connaitre ces logiciels. C\u2019\u00e9tait clairement plus adapt\u00e9 que la peinture par exemple !<\/p>\n<h6>Quelles \u00e9taient les difficult\u00e9s que vous avez rencontr\u00e9es lors de la r\u00e9alisation du projet ?<\/h6>\n<p>On n\u2019en a pas forc\u00e9ment eu beaucoup\u2026 \u00e0 part le fait d\u2019essayer vraiment de d\u00e9shumaniser la main d\u2019une fa\u00e7on ou d\u2019une autre. On avait un peu peur que \u00e7a finisse par \u00eatre juste des photos jolies : c\u2019est vrai qu\u2019\u00e0 des moments on \u00e9tait plus tent\u00e9 de se focaliser sur la beaut\u00e9 de la photo et de ne pas chercher derri\u00e8re\u2026 mais sinon, on n\u2019a pas eu d\u2019autres difficult\u00e9s.<\/p>\n<\/div>\n","protected":false},"excerpt":{"rendered":"<p>Cliquez ici pour acc\u00e9der au projet relatif \u00e0 cette interview ! Membres du groupe : Marta De Benito, AR (Repr\u00e9sentante) Hanna Elatifi, AR Lo\u00efc Godon, AR Qu\u2019est-ce qui t&rsquo;a donn\u00e9 envie de t&rsquo;inscrire dans&#46;&#46;&#46;<\/p>\n","protected":false},"author":1548,"featured_media":0,"parent":113,"menu_order":0,"comment_status":"closed","ping_status":"closed","template":"","meta":{"_seopress_robots_primary_cat":"","_seopress_titles_title":"","_seopress_titles_desc":"","_seopress_robots_index":"","footnotes":""},"class_list":["post-325","page","type-page","status-publish"],"_links":{"self":[{"href":"https:\/\/wp.unil.ch\/dishumanities\/wp-json\/wp\/v2\/pages\/325","targetHints":{"allow":["GET"]}}],"collection":[{"href":"https:\/\/wp.unil.ch\/dishumanities\/wp-json\/wp\/v2\/pages"}],"about":[{"href":"https:\/\/wp.unil.ch\/dishumanities\/wp-json\/wp\/v2\/types\/page"}],"author":[{"embeddable":true,"href":"https:\/\/wp.unil.ch\/dishumanities\/wp-json\/wp\/v2\/users\/1548"}],"replies":[{"embeddable":true,"href":"https:\/\/wp.unil.ch\/dishumanities\/wp-json\/wp\/v2\/comments?post=325"}],"version-history":[{"count":0,"href":"https:\/\/wp.unil.ch\/dishumanities\/wp-json\/wp\/v2\/pages\/325\/revisions"}],"up":[{"embeddable":true,"href":"https:\/\/wp.unil.ch\/dishumanities\/wp-json\/wp\/v2\/pages\/113"}],"wp:attachment":[{"href":"https:\/\/wp.unil.ch\/dishumanities\/wp-json\/wp\/v2\/media?parent=325"}],"curies":[{"name":"wp","href":"https:\/\/api.w.org\/{rel}","templated":true}]}}