{"id":322,"date":"2016-06-02T10:52:01","date_gmt":"2016-06-02T08:52:01","guid":{"rendered":"http:\/\/wp.unil.ch\/dishumanities\/?page_id=322"},"modified":"2018-01-22T14:15:18","modified_gmt":"2018-01-22T13:15:18","slug":"interview","status":"publish","type":"page","link":"https:\/\/wp.unil.ch\/dishumanities\/creatures\/metaceros\/interview\/","title":{"rendered":"Interview du projet \u00ab\u00a0M\u00e9tac\u00e9ros\u00a0\u00bb"},"content":{"rendered":"<div class=\"justif\"><a href=\"..\/\"><em>Cliquez ici pour acc\u00e9der au projet relatif \u00e0 cette interview !<\/em><\/a><\/p>\n<h6>Membres du groupe :<\/h6>\n<ul>\n<li>Florence Revaz, AR<\/li>\n<li>Salla Sivunen, AR<\/li>\n<\/ul>\n<h6>Qu\u2019est-ce qui vous a donn\u00e9 envie de vous inscrire dans ce cours ?<\/h6>\n<p>Pour \u00eatre sinc\u00e8re le cours de SHS que l&rsquo;on voulait \u00e9tait complet, mais finalement ce cours nous a sembl\u00e9 \u00eatre plus interactif, cr\u00e9atif et original.<\/p>\n<h6>En bref, ce n\u00e9ologisme, \u00ab Dishumanities \u00bb qu\u2019est-ce que cela vous \u00e9voque ?<\/h6>\n<p>Un mot difficile \u00e0 d\u00e9finir tant son champ d&rsquo;application peut \u00eatre vari\u00e9 et nuanc\u00e9\u2026<\/p>\n<h6>Quel \u00e9tait l\u2019\u00e9l\u00e9ment d\u00e9clencheur derri\u00e8re le choix de votre sujet pour le projet de fin de semestre ?<\/h6>\n<p>L\u2019envie de se faire plaisir dans un cours et d\u2019avoir l&rsquo;occasion de s&rsquo;exprimer d&rsquo;une fa\u00e7on diff\u00e9rente et plus artistique.<\/p>\n<h6>Qu\u2019est-ce qui vous a motiv\u00e9 \u00e0 travailler sur un m\u00e9dium en particulier (peinture) pour illustrer votre sujet ?<\/h6>\n<p>Nous avons tout d&rsquo;abord choisi la peinture, n&rsquo;ayant plus eu depuis longtemps l&rsquo;occasion d&rsquo;en faire. Notre difficult\u00e9 a \u00e9t\u00e9 de trouver un sujet. De ce fait, Anas nous a mis en lien avec le groupe Rhinoc\u00e9ros. Apr\u00e8s discussion avec eux, nous avons d\u00e9cider d&rsquo;illustrer la transformation de l&rsquo;acteur en Rhinoc\u00e9ros.<\/p>\n<p>La premi\u00e8re \u00e9tape \u00e9tait de r\u00e9aliser des photos de l&rsquo;acteur pour ensuite les utiliser en collage-d\u00e9coupage-peinture.<\/p>\n<h6>Quelles \u00e9taient les difficult\u00e9s que vous avez rencontr\u00e9es lors de la r\u00e9alisation du projet ?<\/h6>\n<p>Nous avons eu des difficult\u00e9s comme dit pr\u00e9c\u00e9demment \u00e0 s&rsquo;arr\u00eater sur un sujet pr\u00e9cis. De ce fait, Anas nous ayant aid\u00e9, il s&rsquo;est un peu \u00ab emport\u00e9 \u00bb avec plein d&rsquo;entrain \u00e0 imaginer notre projet et nous a un peut trop dirig\u00e9 vers sa vision de notre projet. Apr\u00e8s avoir discut\u00e9, nous avons conclu que le principal \u00e9tait de r\u00e9aliser un projet qui nous corresponde et qui nous fasse plaisir. C\u2019\u00e9tait tr\u00e8s enrichissant d&rsquo;avoir un enseignant passionn\u00e9, ouvert d&rsquo;esprit et avec qui le dialogue est facile.<\/p>\n<\/div>\n","protected":false},"excerpt":{"rendered":"<p>Cliquez ici pour acc\u00e9der au projet relatif \u00e0 cette interview ! Membres du groupe : Florence Revaz, AR Salla Sivunen, AR Qu\u2019est-ce qui vous a donn\u00e9 envie de vous inscrire dans ce cours ?&#46;&#46;&#46;<\/p>\n","protected":false},"author":1548,"featured_media":0,"parent":147,"menu_order":0,"comment_status":"closed","ping_status":"closed","template":"","meta":{"_seopress_robots_primary_cat":"","_seopress_titles_title":"","_seopress_titles_desc":"","_seopress_robots_index":"","footnotes":""},"class_list":["post-322","page","type-page","status-publish"],"_links":{"self":[{"href":"https:\/\/wp.unil.ch\/dishumanities\/wp-json\/wp\/v2\/pages\/322","targetHints":{"allow":["GET"]}}],"collection":[{"href":"https:\/\/wp.unil.ch\/dishumanities\/wp-json\/wp\/v2\/pages"}],"about":[{"href":"https:\/\/wp.unil.ch\/dishumanities\/wp-json\/wp\/v2\/types\/page"}],"author":[{"embeddable":true,"href":"https:\/\/wp.unil.ch\/dishumanities\/wp-json\/wp\/v2\/users\/1548"}],"replies":[{"embeddable":true,"href":"https:\/\/wp.unil.ch\/dishumanities\/wp-json\/wp\/v2\/comments?post=322"}],"version-history":[{"count":0,"href":"https:\/\/wp.unil.ch\/dishumanities\/wp-json\/wp\/v2\/pages\/322\/revisions"}],"up":[{"embeddable":true,"href":"https:\/\/wp.unil.ch\/dishumanities\/wp-json\/wp\/v2\/pages\/147"}],"wp:attachment":[{"href":"https:\/\/wp.unil.ch\/dishumanities\/wp-json\/wp\/v2\/media?parent=322"}],"curies":[{"name":"wp","href":"https:\/\/api.w.org\/{rel}","templated":true}]}}