{"id":315,"date":"2016-06-02T10:30:17","date_gmt":"2016-06-02T08:30:17","guid":{"rendered":"http:\/\/wp.unil.ch\/dishumanities\/?page_id=315"},"modified":"2018-01-22T12:25:52","modified_gmt":"2018-01-22T11:25:52","slug":"interview","status":"publish","type":"page","link":"https:\/\/wp.unil.ch\/dishumanities\/decompositions\/effacement\/interview\/","title":{"rendered":"Interview du projet \u00ab\u00a0Effacement\u00a0\u00bb"},"content":{"rendered":"<div class=\"justif\">\n<a href=\"..\/\"><em>Cliquez ici pour acc\u00e9der au projet relatif \u00e0 cette interview !<\/em><\/a><\/p>\n<h6>Membres du groupe :<\/h6>\n<ul>\n<li>Fabien Jacot-Descombes, GC (Repr\u00e9sentant)<\/li>\n<li>Gr\u00e9goire Mudry, GC (Repr\u00e9sentant)<\/li>\n<li>Maxime Gillet, GC<\/li>\n<li>Samuel Reyes, GC<\/li>\n<\/ul>\n<h6>Qu\u2019est-ce qui vous a donn\u00e9 envie de vous inscrire dans ce cours ?<\/h6>\n<p><strong>Fabien :<\/strong> Je pense que c\u2019est le mode diff\u00e9rent des autres cours, de pouvoir faire un projet sur un th\u00e8me qui m\u2019int\u00e9ressait plut\u00f4t que de b\u00eatement faire une dissertation.<\/p>\n<p><strong>Gr\u00e9goire :<\/strong> Pour moi, plus ou moins pareil, c\u2019est que c\u2019est une atmosph\u00e8re plus ou moins diff\u00e9rente de l\u2019EPFL puis aussi le syst\u00e8me d\u2019\u00e9valuation qui \u00e9tait \u00e0 la base des expos\u00e9s ce qui me plaisait bien et qui est aussi \u00ab rapide \u00bb.<\/p>\n<h6>En bref, ce n\u00e9ologisme, \u00ab Dishumanities \u00bb qu\u2019est-ce que cela vous \u00e9voque ?<\/h6>\n<p><strong>Fabien :<\/strong> La premi\u00e8re fois que j\u2019ai entendu ce mot, j\u2019\u00e9tais un peu surpris dans le sens o\u00f9 cela m\u2019a interpel\u00e9 n\u2019ayant jamais \u00e9t\u00e9 en lettres et donc ne m\u2019y \u00e9tant jamais int\u00e9ress\u00e9. C\u2019est en lisant le descriptif du cours qui m\u2019a donn\u00e9 plus de d\u00e9tails que j\u2019ai eu une id\u00e9e plus pr\u00e9cise de ce que cette deshumanisation repr\u00e9sente. On voit tout de suite quelque chose de violent, de perte d\u2019humanit\u00e9, de perte d\u2019identit\u00e9, de froideur.<\/p>\n<h6>Quel \u00e9tait l\u2019\u00e9l\u00e9ment d\u00e9clencheur derri\u00e8re le choix de votre sujet pour le projet de fin de semestre ?<\/h6>\n<p><strong>Fabien :<\/strong> C\u2019est justement cet aspect-l\u00e0 de Dishumanities qu\u2019on a voulu illustrer, en mettant en sc\u00e8ne un migrant mort, sans lui exposer le visage : une sorte de bout de corps d\u00e9sarticul\u00e9, d\u00e9shumanis\u00e9.<\/p>\n<p><strong>Gr\u00e9goire :<\/strong> Et aussi en entendant ce mot Dishumanities, on a tout de suite envie de se raccrocher \u00e0 quelle chose de r\u00e9cent d\u2019actualit\u00e9 qui rentre dans le contexte ; c\u2019est pourquoi on a d\u00e9cid\u00e9 de traiter des migrants.<\/p>\n<p><strong>Fabien :<\/strong> C\u2019est vrai qu\u2019au d\u00e9but on cherchait quelque chose sur le genre ou autres, mais on avait de la peine \u00e0 trouver un projet qui nous satisfaisait. Anas nous avait parl\u00e9 de ce th\u00e8me et cela nous avait interpell\u00e9 : on trouvait qu\u2019il y avait vraiment quelque chose \u00e0 faire derri\u00e8re. On a aussi \u00e9t\u00e9 s\u00e9duit par le m\u00e9dia qu\u2019il proposait celui de la photo.<\/p>\n<p>On a vraiment voulu mettre en sc\u00e8ne ce c\u00f4t\u00e9 pervers : ce corps mort \u00e9tendu entour\u00e9 par tous ces m\u00e9dias qui ne font rien. On le voit finalement souvent dans les journaux, sur internet : ces gens qui prennent en photo des migrants juste pour leur propre publicit\u00e9 sans s\u2019occuper du gars mourant ou en besoin d\u2019aide. Ce c\u00f4t\u00e9 capitaliste des m\u00e9dias et cette deshumanisation comme dans le film The Night Crawler o\u00f9 le protagoniste prend en photo son coll\u00e8gue mourant en photo plut\u00f4t que de l\u2019aider sont vraiment des \u00e9l\u00e9ments qui nous ont inspir\u00e9s.<\/p>\n<h6>Qu\u2019est-ce qui vous a motiv\u00e9 \u00e0 travailler sur un m\u00e9dium en particulier (photo) pour illustrer votre sujet ?<\/h6>\n<p><strong>Fabien :<\/strong> Tout simplement parce que c\u2019\u00e9tait un medium qui nous convenait assez bien puisque Samuel se d\u00e9brouille assez bien en photo et a son propre mat\u00e9riel\u2026 mais aussi parce qu\u2019on ne se voyait pas trop faire du th\u00e9\u00e2tre ou une chor\u00e9graphie.<\/p>\n<p><strong>Gr\u00e9goire :<\/strong> en fait \u00e0 la fois par choix que par d\u00e9faut parce que les autres m\u00e9dia collaient un peu moins.<\/p>\n<h6>Quelles \u00e9taient les difficult\u00e9s que vous avez rencontr\u00e9es lors de la r\u00e9alisation du projet ?<\/h6>\n<p><strong>Gr\u00e9goire :<\/strong> on a eu pas mal de difficult\u00e9s au niveau de la mise en sc\u00e8ne : avec le jour par exemple : on voulait faire des photos sur une longue dur\u00e9e comme 20 ou 30 secondes et en journ\u00e9e y\u2019avait beaucoup d\u2019exposition ; du coup on a d\u00fb le faire pendant les couchers de soleil. Aussi on a r\u00e9alis\u00e9 des jeux de lumi\u00e8re et comme on \u00e9tait seulement quatre en tout : Fabien qui est couch\u00e9\u2026<\/p>\n<p><strong>Fabien :<\/strong> Ouais, je suis le mort quoi.<\/p>\n<p><strong>Gr\u00e9goire :<\/strong> et donc qui ne peut plus ou moins rien faire pour nous aider, Sam doit prendre la photo et \u00e9clairer le corps ce qui fait qu\u2019on n\u2019est plus que deux \u00e0 jouer les m\u00e9dias, les journalistes, les photographes. Mais au final, on se n\u2019en est pas trop mal sorti !<\/p>\n<p><strong>Fabien :<\/strong> Une autre difficult\u00e9 qu\u2019on a rencontr\u00e9e aussi, \u00e7a a \u00e9t\u00e9 de d\u00e9finir le projet. Les premi\u00e8res semaines, on \u00e9tait un peu perdus. Ce n\u2019est qu\u2019\u00e0 partir de la semaine 5-6 quand on a \u00e9t\u00e9 au mus\u00e9e de la main qu\u2019on a discut\u00e9 et qu\u2019on a eu une id\u00e9e claire de la technique qui convenait \u00e0 tout le monde. Car au d\u00e9but, on voulait faire une reproduction sur un bateau, une barque ce qui aurait \u00e9t\u00e9 un peu compliqu\u00e9 ou m\u00eame prendre des photos de migrants en ville mais \u00e9thiquement ce n\u2019\u00e9tait pas vraiment faisable.<\/p>\n<\/div>\n","protected":false},"excerpt":{"rendered":"<p>Cliquez ici pour acc\u00e9der au projet relatif \u00e0 cette interview ! Membres du groupe : Fabien Jacot-Descombes, GC (Repr\u00e9sentant) Gr\u00e9goire Mudry, GC (Repr\u00e9sentant) Maxime Gillet, GC Samuel Reyes, GC Qu\u2019est-ce qui vous a donn\u00e9&#46;&#46;&#46;<\/p>\n","protected":false},"author":1548,"featured_media":0,"parent":28,"menu_order":0,"comment_status":"closed","ping_status":"closed","template":"","meta":{"_seopress_robots_primary_cat":"","_seopress_titles_title":"","_seopress_titles_desc":"","_seopress_robots_index":"","footnotes":""},"class_list":["post-315","page","type-page","status-publish"],"_links":{"self":[{"href":"https:\/\/wp.unil.ch\/dishumanities\/wp-json\/wp\/v2\/pages\/315","targetHints":{"allow":["GET"]}}],"collection":[{"href":"https:\/\/wp.unil.ch\/dishumanities\/wp-json\/wp\/v2\/pages"}],"about":[{"href":"https:\/\/wp.unil.ch\/dishumanities\/wp-json\/wp\/v2\/types\/page"}],"author":[{"embeddable":true,"href":"https:\/\/wp.unil.ch\/dishumanities\/wp-json\/wp\/v2\/users\/1548"}],"replies":[{"embeddable":true,"href":"https:\/\/wp.unil.ch\/dishumanities\/wp-json\/wp\/v2\/comments?post=315"}],"version-history":[{"count":0,"href":"https:\/\/wp.unil.ch\/dishumanities\/wp-json\/wp\/v2\/pages\/315\/revisions"}],"up":[{"embeddable":true,"href":"https:\/\/wp.unil.ch\/dishumanities\/wp-json\/wp\/v2\/pages\/28"}],"wp:attachment":[{"href":"https:\/\/wp.unil.ch\/dishumanities\/wp-json\/wp\/v2\/media?parent=315"}],"curies":[{"name":"wp","href":"https:\/\/api.w.org\/{rel}","templated":true}]}}