{"id":30,"date":"2016-05-12T16:00:31","date_gmt":"2016-05-12T14:00:31","guid":{"rendered":"http:\/\/wp.unil.ch\/dishumanities\/?page_id=30"},"modified":"2018-01-22T14:08:36","modified_gmt":"2018-01-22T13:08:36","slug":"deshumain-film","status":"publish","type":"page","link":"https:\/\/wp.unil.ch\/dishumanities\/decompositions\/deshumain-film\/","title":{"rendered":"SCIPER 234357"},"content":{"rendered":"<div class=\"justif\"><strong><em>Christina Aberer, Emmanuelle Br\u00e8s, Laure Bruy\u00e8re, Elise Kientz, Nicolas Richard,\u00a0Nicolas Lesimple et Santiago Saint-Sup\u00e9ry<\/em><\/strong><br \/>\n<a href=\"interview\/\"><em>Cliquez ici pour acc\u00e9der \u00e0 l&rsquo;interview de ce projet !<\/em><\/a><\/p>\n<p>https:\/\/www.youtube.com\/watch?v=zDATq8NN42s&#038;feature=youtu.be?<\/p>\n<hr \/>\n<p>Notre projet consiste \u00e0 illustrer la d\u00e9shumanisation de l\u2019\u00e9tudiant\/e face \u00e0 la pression acad\u00e9mique et sociale de l\u2019EPFL. L\u2019humain devient machine, subissant la routine du quotidien l\u2019amenant \u00e0 vivre de fa\u00e7on r\u00e9p\u00e9titive, s\u00e9quentielle, comme un robot. La charge de travail rend nos journ\u00e9es monotones. On est forc\u00e9 \u00e0 rentabiliser nos actions, on ne fait plus rien par loisir, ce qui accentue une d\u00e9s-individualisation. On devient comme tous les autres, une unit\u00e9 identifi\u00e9e par une fonction\/utilit\u00e9 au sein d\u2019une plus grande entit\u00e9. Notre personnalit\u00e9 ne nous repr\u00e9sente plus, on se fond dans la masse, tant par nos actions que par notre apparence physique.<\/p>\n<p>Un court m\u00e9trage parassait \u00eatre un support id\u00e9al. En effet, celui-ci permet d\u2019accentuer sur la monotonie en jouant sur les effets, et surtout repr\u00e9sente id\u00e9alement une \u00e9volution comportementale. De plus, le choix d\u2019une focalisation interne permet d\u2019imposer une vision au spectateur: en regardant la vid\u00e9o, ce dernier entre dans la peau de l\u2019\u00e9tudiant. Cet effet est encore plus fort sachant que l\u2019\u00e9tudiant, c\u2019est nous tous, pr\u00e9sents \u00e0 ce cours. Rapidement, notre vie ne tourne plus qu\u2019autour de nos \u00e9tudes. On ne fait plus attention au monde et aux gens qui nous entourent, comme en t\u00e9moigne le d\u00e9sordre qui s\u2019accroit dans la vid\u00e9o. La pression sociale se ressent entre autres \u00e0 travers notre choix d\u2019habits, les affiches d\u2019id\u00e9aux de beaut\u00e9 inatteignables rempla\u00e7ant les photos de vacances entre amis, et la quantit\u00e9 de maquillage s\u2019intensifiant au fur et \u00e0 mesure des jours. Nous avons commenc\u00e9 par \u00e9crire un sc\u00e9nario, tout en gardant un esprit ouvert \u00e0 de nouvelles id\u00e9es. Lors du tournage, nous avons film\u00e9 plusieurs sc\u00e8nes du quotidien, en insistant sur l\u2019\u00e9volution comportementale de l\u2019\u00e9tudiant. Le montage a \u00e9t\u00e9 crucial pour le choix de l\u2019ambiance ressentie dans la vid\u00e9o, par des effets de son, de couleur et de rythme.<\/p>\n<\/div>\n","protected":false},"excerpt":{"rendered":"<p>Christina Aberer, Emmanuelle Br\u00e8s, Laure Bruy\u00e8re, Elise Kientz, Nicolas Richard,\u00a0Nicolas Lesimple et Santiago Saint-Sup\u00e9ry Cliquez ici pour acc\u00e9der \u00e0 l&rsquo;interview de ce projet ! https:\/\/www.youtube.com\/watch?v=zDATq8NN42s&#038;feature=youtu.be? Notre projet consiste \u00e0 illustrer la d\u00e9shumanisation de l\u2019\u00e9tudiant\/e&#46;&#46;&#46;<\/p>\n","protected":false},"author":1548,"featured_media":0,"parent":377,"menu_order":5,"comment_status":"closed","ping_status":"closed","template":"","meta":{"_seopress_robots_primary_cat":"","_seopress_titles_title":"","_seopress_titles_desc":"","_seopress_robots_index":"","footnotes":""},"class_list":["post-30","page","type-page","status-publish"],"_links":{"self":[{"href":"https:\/\/wp.unil.ch\/dishumanities\/wp-json\/wp\/v2\/pages\/30","targetHints":{"allow":["GET"]}}],"collection":[{"href":"https:\/\/wp.unil.ch\/dishumanities\/wp-json\/wp\/v2\/pages"}],"about":[{"href":"https:\/\/wp.unil.ch\/dishumanities\/wp-json\/wp\/v2\/types\/page"}],"author":[{"embeddable":true,"href":"https:\/\/wp.unil.ch\/dishumanities\/wp-json\/wp\/v2\/users\/1548"}],"replies":[{"embeddable":true,"href":"https:\/\/wp.unil.ch\/dishumanities\/wp-json\/wp\/v2\/comments?post=30"}],"version-history":[{"count":0,"href":"https:\/\/wp.unil.ch\/dishumanities\/wp-json\/wp\/v2\/pages\/30\/revisions"}],"up":[{"embeddable":true,"href":"https:\/\/wp.unil.ch\/dishumanities\/wp-json\/wp\/v2\/pages\/377"}],"wp:attachment":[{"href":"https:\/\/wp.unil.ch\/dishumanities\/wp-json\/wp\/v2\/media?parent=30"}],"curies":[{"name":"wp","href":"https:\/\/api.w.org\/{rel}","templated":true}]}}