{"id":28,"date":"2016-05-12T16:00:07","date_gmt":"2016-05-12T14:00:07","guid":{"rendered":"http:\/\/wp.unil.ch\/dishumanities\/?page_id=28"},"modified":"2018-01-22T13:57:18","modified_gmt":"2018-01-22T12:57:18","slug":"effacement","status":"publish","type":"page","link":"https:\/\/wp.unil.ch\/dishumanities\/decompositions\/effacement\/","title":{"rendered":"Effacement"},"content":{"rendered":"<p><strong><em>Fabien Jacot-Descombes, Maxime Gillet, Gr\u00e9goire Mudry et Samuel Reyes<\/em><\/strong><br \/>\n<a href=\"interview\/\"><em>Cliquez ici pour acc\u00e9der \u00e0 l&rsquo;interview de ce projet !<\/em><\/a><\/p>\n<p><img loading=\"lazy\" decoding=\"async\" class=\"aligncenter wp-image-86 size-large\" src=\"https:\/\/wp.unil.ch\/dishumanities\/files\/2016\/05\/IMG_8052-1024x683.jpg\" alt=\"IMG_8052\" width=\"775\" height=\"517\" srcset=\"https:\/\/wp.unil.ch\/dishumanities\/files\/2016\/05\/IMG_8052-1024x683.jpg 1024w, https:\/\/wp.unil.ch\/dishumanities\/files\/2016\/05\/IMG_8052-300x200.jpg 300w, https:\/\/wp.unil.ch\/dishumanities\/files\/2016\/05\/IMG_8052-768x512.jpg 768w, https:\/\/wp.unil.ch\/dishumanities\/files\/2016\/05\/IMG_8052.jpg 1200w\" sizes=\"auto, (max-width: 775px) 100vw, 775px\" \/><\/p>\n<p style=\"text-align: justify\">Notre projet tourne autour de la th\u00e9matique migratoire et plus pr\u00e9cis\u00e9ment de sa repr\u00e9sentation \u00e0 travers les m\u00e9dias. En effet, elle traite d&rsquo;un angle diff\u00e9rent cette th\u00e9matique de la d\u00e9shumanisation, avec comme point de d\u00e9part la photo de l&rsquo;artiste Ai Weiwei, inspir\u00e9e des photos cr\u00fbes de l&rsquo;enfant Aylan Kurdi, retrouv\u00e9 sans vie sur une plage de Lesbos. Sa mise en sc\u00e8ne froide et choquante nous a particuli\u00e8rement interpell\u00e9e. L&rsquo;id\u00e9e \u00e9tait donc de reproduire ce concept en y ajoutant une critique de l&rsquo;impact des m\u00e9dias, qui participent au processus de d\u00e9shumanisation \u00e0 l\u2019\u0153uvre dans nos images. Pour cet aspect, nous nous sommes inspir\u00e9s de photos trouv\u00e9es sur le net o\u00f9 nous voyons fr\u00e9quemment les m\u00e9dias prendre en photos de migrants.<\/p>\n<p style=\"text-align: justify\"><img loading=\"lazy\" decoding=\"async\" class=\"aligncenter wp-image-87 size-large\" src=\"https:\/\/wp.unil.ch\/dishumanities\/files\/2016\/05\/IMG_8060-1024x683.jpg\" alt=\"IMG_8060\" width=\"775\" height=\"517\" srcset=\"https:\/\/wp.unil.ch\/dishumanities\/files\/2016\/05\/IMG_8060-1024x683.jpg 1024w, https:\/\/wp.unil.ch\/dishumanities\/files\/2016\/05\/IMG_8060-300x200.jpg 300w, https:\/\/wp.unil.ch\/dishumanities\/files\/2016\/05\/IMG_8060-768x512.jpg 768w, https:\/\/wp.unil.ch\/dishumanities\/files\/2016\/05\/IMG_8060.jpg 1200w\" sizes=\"auto, (max-width: 775px) 100vw, 775px\" \/><\/p>\n<p style=\"text-align: justify\">Nous avons effectu\u00e9 des photos de jour et de nuit. Celle de jour permettant de donner un d\u00e9cor \u00e0 la photo et une de nuit o\u00f9 il \u00e9tait possible de profiter des jeux de lumi\u00e8re. Comme d\u00e9cor, nous avons choisi la plage du parc Bourget se situant \u00e0 Lausanne, sur les bords du campus universitaire. \u00c9tant donn\u00e9 que l\u2019on voulait faire une photo en exploitant un long temps d\u2019obturation, il n\u2019\u00e9tait pas possible d\u2019effectuer les photos en plein jour (l\u2019exposition \u00e9tant bien trop forte). Nous avons donc d\u00e9cid\u00e9 de nous rendre sur place juste apr\u00e8s le coucher du soleil (21h environ) afin de profiter dans un premier temps d\u2019une lumi\u00e8re assez douce et de l\u2019obscurit\u00e9 totale par la suite.<\/p>\n<p><img loading=\"lazy\" decoding=\"async\" class=\"aligncenter wp-image-88 size-large\" src=\"https:\/\/wp.unil.ch\/dishumanities\/files\/2016\/05\/IMG_8074-1024x683.jpg\" alt=\"IMG_8074\" width=\"775\" height=\"517\" srcset=\"https:\/\/wp.unil.ch\/dishumanities\/files\/2016\/05\/IMG_8074-1024x683.jpg 1024w, https:\/\/wp.unil.ch\/dishumanities\/files\/2016\/05\/IMG_8074-300x200.jpg 300w, https:\/\/wp.unil.ch\/dishumanities\/files\/2016\/05\/IMG_8074-768x512.jpg 768w, https:\/\/wp.unil.ch\/dishumanities\/files\/2016\/05\/IMG_8074.jpg 1200w\" sizes=\"auto, (max-width: 775px) 100vw, 775px\" \/><\/p>\n<p style=\"text-align: justify\">Pour les premi\u00e8res photos, nous avons utilis\u00e9 un temps d\u2019obturation d&rsquo;environ 15 secondes et pour ce qui est de celles effectu\u00e9es en pleine nuit, nous sommes pass\u00e9s \u00e0 20-30 secondes, nous laissant plus de temps pour effectuer les jeux de lumi\u00e8re. Au niveau des outils utilis\u00e9s, nous disposions d&rsquo;un appareil photo Canon 100D, d&rsquo;un tr\u00e9pied, d&rsquo;une lampe \u00e0 v\u00e9lo, de natels pour reproduire les appareils photos des m\u00e9dias et de deux lampes torches Maglite.<\/p>\n<p style=\"text-align: justify\"><img loading=\"lazy\" decoding=\"async\" class=\"aligncenter wp-image-239 size-large\" src=\"https:\/\/wp.unil.ch\/dishumanities\/files\/2016\/05\/IMG_8071-1024x683.jpg\" alt=\"IMG_8071\" width=\"775\" height=\"517\" srcset=\"https:\/\/wp.unil.ch\/dishumanities\/files\/2016\/05\/IMG_8071-1024x683.jpg 1024w, https:\/\/wp.unil.ch\/dishumanities\/files\/2016\/05\/IMG_8071-300x200.jpg 300w, https:\/\/wp.unil.ch\/dishumanities\/files\/2016\/05\/IMG_8071-768x512.jpg 768w, https:\/\/wp.unil.ch\/dishumanities\/files\/2016\/05\/IMG_8071.jpg 1200w\" sizes=\"auto, (max-width: 775px) 100vw, 775px\" \/><\/p>\n<p>&nbsp;<\/p>\n","protected":false},"excerpt":{"rendered":"<p>Fabien Jacot-Descombes, Maxime Gillet, Gr\u00e9goire Mudry et Samuel Reyes Cliquez ici pour acc\u00e9der \u00e0 l&rsquo;interview de ce projet ! Notre projet tourne autour de la th\u00e9matique migratoire et plus pr\u00e9cis\u00e9ment de sa repr\u00e9sentation \u00e0&#46;&#46;&#46;<\/p>\n","protected":false},"author":1548,"featured_media":0,"parent":377,"menu_order":1,"comment_status":"closed","ping_status":"closed","template":"","meta":{"_seopress_robots_primary_cat":"","_seopress_titles_title":"","_seopress_titles_desc":"","_seopress_robots_index":"","footnotes":""},"class_list":["post-28","page","type-page","status-publish"],"_links":{"self":[{"href":"https:\/\/wp.unil.ch\/dishumanities\/wp-json\/wp\/v2\/pages\/28","targetHints":{"allow":["GET"]}}],"collection":[{"href":"https:\/\/wp.unil.ch\/dishumanities\/wp-json\/wp\/v2\/pages"}],"about":[{"href":"https:\/\/wp.unil.ch\/dishumanities\/wp-json\/wp\/v2\/types\/page"}],"author":[{"embeddable":true,"href":"https:\/\/wp.unil.ch\/dishumanities\/wp-json\/wp\/v2\/users\/1548"}],"replies":[{"embeddable":true,"href":"https:\/\/wp.unil.ch\/dishumanities\/wp-json\/wp\/v2\/comments?post=28"}],"version-history":[{"count":0,"href":"https:\/\/wp.unil.ch\/dishumanities\/wp-json\/wp\/v2\/pages\/28\/revisions"}],"up":[{"embeddable":true,"href":"https:\/\/wp.unil.ch\/dishumanities\/wp-json\/wp\/v2\/pages\/377"}],"wp:attachment":[{"href":"https:\/\/wp.unil.ch\/dishumanities\/wp-json\/wp\/v2\/media?parent=28"}],"curies":[{"name":"wp","href":"https:\/\/api.w.org\/{rel}","templated":true}]}}