{"id":248,"date":"2016-05-31T07:22:14","date_gmt":"2016-05-31T05:22:14","guid":{"rendered":"http:\/\/wp.unil.ch\/dishumanities\/?page_id=248"},"modified":"2018-01-22T14:21:55","modified_gmt":"2018-01-22T13:21:55","slug":"cranes","status":"publish","type":"page","link":"https:\/\/wp.unil.ch\/dishumanities\/creatures\/cranes\/","title":{"rendered":"Cranes"},"content":{"rendered":"<div class=\"justif\">\n<div><em><strong>Arnaud Rubin<\/strong><\/em><\/div>\n<p><a href=\"..\/frankenstein-recupere\/interview\/\"><em>Cliquez ici pour acc\u00e9der \u00e0 l&rsquo;interview de ce projet !<\/em><\/a><\/p>\n<hr \/>\n<table border=\"0\" cellspacing=\"0\" cellpadding=\"0\">\n<tbody>\n<tr>\n<td colspan=\"1\" align=\"center\"><a title=\"Image 1\" href=\"https:\/\/wp.unil.ch\/dishumanities\/files\/2016\/05\/Face-projection-4.jpg\" rel=\"lightbox\"><img decoding=\"async\" src=\"https:\/\/wp.unil.ch\/dishumanities\/files\/2016\/05\/Face-projection-4.jpg\" alt=\"img1\" \/><\/a><\/td>\n<td colspan=\"1\" align=\"center\"><a title=\"Image 3\" href=\"https:\/\/wp.unil.ch\/dishumanities\/files\/2016\/05\/Face-projection-3.jpeg\" rel=\"lightbox\"><img decoding=\"async\" src=\"https:\/\/wp.unil.ch\/dishumanities\/files\/2016\/05\/Face-projection-2.jpeg\" alt=\"img4\" \/><\/a><\/td>\n<\/tr>\n<tr>\n<td colspan=\"1\" align=\"center\" style=\"background-color:#fff\"><a title=\"Image 4\" href=\"https:\/\/wp.unil.ch\/dishumanities\/files\/2016\/05\/Face-projection-7-1024x423.jpg\" rel=\"lightbox\"><img decoding=\"async\" src=\"https:\/\/wp.unil.ch\/dishumanities\/files\/2016\/05\/Face-projection-7-1024x423.jpg\" alt=\"img5\" \/><\/a><\/td>\n<td colspan=\"1\" align=\"center\" style=\"background-color:#fff\"><a title=\"Image 2\" href=\"https:\/\/wp.unil.ch\/dishumanities\/files\/2016\/05\/Face-projection-2-1024x576.jpeg\" rel=\"lightbox\"><img decoding=\"async\" src=\"https:\/\/wp.unil.ch\/dishumanities\/files\/2016\/05\/Face-projection-3-1024x576.jpeg\" alt=\"img2\" \/><\/a><\/p>\n<p><a title=\"Image 2\" href=\"https:\/\/wp.unil.ch\/dishumanities\/files\/2016\/05\/Face-projection-2-1024x576.jpeg\" rel=\"lightbox\"><img decoding=\"async\" src=\"https:\/\/wp.unil.ch\/dishumanities\/files\/2016\/05\/Face-projection-3-1024x576.jpeg\" alt=\"img2\" \/><\/a><\/td>\n<\/tr>\n<\/tbody>\n<\/table>\n<hr \/>\n<p>Ce projet a pour but de donner une humanit\u00e9 \u00e0 un objet. Ce cr\u00e2ne est un canevas pr\u00eat \u00e0 accueillir des traits humains. En partant d\u2019une structure de base commune \u00e0 tous , je tentais de\u00a0d\u00e9montrer que les expressions et les \u00e9motions peuvent \u00eatre d\u00e9crites, d\u00e9compos\u00e9es et \u00e9tudi\u00e9es en m&rsquo;inspirant de l\u2019\u00e9tude de \u00ab\u00a0portraits parl\u00e9s\u00a0\u00bb\u00a0pr\u00e9sents dans les manuels de photographie criminelle ca. 1900.<\/p>\n<\/div>\n<div><\/div>\n<div>\n<hr \/>\n<\/div>\n<div>Mon id\u00e9e de base \u00e9tait de cr\u00e9er de toute pi\u00e8ce un visage avec des traits que j\u2019aurais choisis au pr\u00e9alable. J\u2019ai cr\u00e9e une base, le cr\u00e2ne, en papier. Je l\u2019ai recouverte de papier mach\u00e9 pour solidifier la structure. Je voulais ensuite y graver des traits humains. Mais apr\u00e8s plusieurs essais, je me suis rendu compte que le d\u00e9fi pratique \u00e9tait trop grand et j\u2019ai donc d\u00e9cid\u00e9 de changer de m\u00e9thode.\u00a0 J\u2019ai donc consid\u00e9r\u00e9 mon cr\u00e2ne vraiment pour ce qu\u2019il \u00e9tait au d\u00e9but, une base sur laquelle je pouvais projeter des traits humains.<\/div>\n","protected":false},"excerpt":{"rendered":"<p>Arnaud Rubin Cliquez ici pour acc\u00e9der \u00e0 l&rsquo;interview de ce projet ! Ce projet a pour but de donner une humanit\u00e9 \u00e0 un objet. Ce cr\u00e2ne est un canevas pr\u00eat \u00e0 accueillir des traits&#46;&#46;&#46;<\/p>\n","protected":false},"author":1548,"featured_media":0,"parent":2,"menu_order":5,"comment_status":"closed","ping_status":"closed","template":"","meta":{"_seopress_robots_primary_cat":"","_seopress_titles_title":"","_seopress_titles_desc":"","_seopress_robots_index":"","footnotes":""},"class_list":["post-248","page","type-page","status-publish"],"_links":{"self":[{"href":"https:\/\/wp.unil.ch\/dishumanities\/wp-json\/wp\/v2\/pages\/248","targetHints":{"allow":["GET"]}}],"collection":[{"href":"https:\/\/wp.unil.ch\/dishumanities\/wp-json\/wp\/v2\/pages"}],"about":[{"href":"https:\/\/wp.unil.ch\/dishumanities\/wp-json\/wp\/v2\/types\/page"}],"author":[{"embeddable":true,"href":"https:\/\/wp.unil.ch\/dishumanities\/wp-json\/wp\/v2\/users\/1548"}],"replies":[{"embeddable":true,"href":"https:\/\/wp.unil.ch\/dishumanities\/wp-json\/wp\/v2\/comments?post=248"}],"version-history":[{"count":0,"href":"https:\/\/wp.unil.ch\/dishumanities\/wp-json\/wp\/v2\/pages\/248\/revisions"}],"up":[{"embeddable":true,"href":"https:\/\/wp.unil.ch\/dishumanities\/wp-json\/wp\/v2\/pages\/2"}],"wp:attachment":[{"href":"https:\/\/wp.unil.ch\/dishumanities\/wp-json\/wp\/v2\/media?parent=248"}],"curies":[{"name":"wp","href":"https:\/\/api.w.org\/{rel}","templated":true}]}}