{"id":246,"date":"2016-05-31T07:19:44","date_gmt":"2016-05-31T05:19:44","guid":{"rendered":"http:\/\/wp.unil.ch\/dishumanities\/?page_id=246"},"modified":"2018-01-22T12:22:22","modified_gmt":"2018-01-22T11:22:22","slug":"frankenstein-recupere","status":"publish","type":"page","link":"https:\/\/wp.unil.ch\/dishumanities\/creatures\/frankenstein-recupere\/","title":{"rendered":"Frankenstein, r\u00e9cup\u00e9r\u00e9"},"content":{"rendered":"<p><strong><em>Martin Privet<\/em><\/strong><br \/>\n<a href=\"interview\/\"><em>Cliquez ici pour acc\u00e9der \u00e0 l&rsquo;interview de ce projet !<\/em><\/a><\/p>\n<p>&nbsp;<\/p>\n<p><img loading=\"lazy\" decoding=\"async\" class=\"aligncenter wp-image-428 size-full\" src=\"https:\/\/wp.unil.ch\/dishumanities\/files\/2016\/05\/DSC_0166.jpeg\" alt=\"DSC_0166\" width=\"640\" height=\"427\" srcset=\"https:\/\/wp.unil.ch\/dishumanities\/files\/2016\/05\/DSC_0166.jpeg 640w, https:\/\/wp.unil.ch\/dishumanities\/files\/2016\/05\/DSC_0166-300x200.jpeg 300w\" sizes=\"auto, (max-width: 640px) 100vw, 640px\" \/><\/p>\n<hr \/>\n<p>24 bouchons de li\u00e8ge (vin, bi\u00e8re, cidre), 1 pot de colle \u00e0 bois \u00e0 prise rapide, 5 \u00e9pingles et 1 dessous de plat en li\u00e8ge\u00a0: 1 monstre.<\/p>\n<p>Les bouchons de li\u00e8ge ont \u00e9t\u00e9 taill\u00e9s au couteau puis assembl\u00e9s \u00e0 la colle \u00e0 bois, maintenus par des \u00e9pingles pour fortifier le tout en attendant la prise de la colle. Une plaque fait office de socle pour sur\u00e9lever ainsi que pour maintenir la sculpture en place.<\/p>\n<hr \/>\n<p><img loading=\"lazy\" decoding=\"async\" class=\"wp-image-432 size-full aligncenter\" src=\"https:\/\/wp.unil.ch\/dishumanities\/files\/2016\/05\/DSC_0313.jpeg\" alt=\"DSC_0313\" width=\"640\" height=\"427\" srcset=\"https:\/\/wp.unil.ch\/dishumanities\/files\/2016\/05\/DSC_0313.jpeg 640w, https:\/\/wp.unil.ch\/dishumanities\/files\/2016\/05\/DSC_0313-300x200.jpeg 300w\" sizes=\"auto, (max-width: 640px) 100vw, 640px\" \/><img loading=\"lazy\" decoding=\"async\" class=\"aligncenter wp-image-431 size-full\" src=\"https:\/\/wp.unil.ch\/dishumanities\/files\/2016\/05\/DSC_0300-1.jpeg\" alt=\"DSC_0300 (1)\" width=\"640\" height=\"427\" srcset=\"https:\/\/wp.unil.ch\/dishumanities\/files\/2016\/05\/DSC_0300-1.jpeg 640w, https:\/\/wp.unil.ch\/dishumanities\/files\/2016\/05\/DSC_0300-1-300x200.jpeg 300w\" sizes=\"auto, (max-width: 640px) 100vw, 640px\" \/><\/p>\n<hr \/>\n<p>Le li\u00e8ge \u00e9tant un mat\u00e9riau l\u00e9ger, r\u00e9sistant et facile \u00e0 sculpter, c\u2019est celui-ci que j\u2019ai choisi pour constituer un monstre sculpt\u00e9 par son cr\u00e9ateur. Comme le Docteur Frankenstein qui a utilis\u00e9 des parties humaines tir\u00e9es de personnes diff\u00e9rentes, ce monstre a \u00e9t\u00e9 construit de toute part de bouchons de bouteilles, aux couleurs, formes, tailles et types vari\u00e9s\u00a0; sculpt\u00e9s, assembl\u00e9s puis coll\u00e9s, ce processus rappelle comment le monstre de Frankenstein \u00e0 \u00e9t\u00e9 cr\u00e9\u00e9 et a pris vie \u00e0 partir d\u2019\u00a0\u00abobjets\u00bb inertes et sans int\u00e9r\u00eat, pour arriver \u00e0 certains attributs humains.<\/p>\n<p>Le style brut et la surface rugueuse des membres de la cr\u00e9ature en li\u00e8ge ont \u00e9t\u00e9 laiss\u00e9s volontairement, pour tout de m\u00eame se rappeler qu\u2019il s\u2019agit de mat\u00e9riaux de r\u00e9cup\u00e9ration ayant pris une forme humaine. Les marques sur son corps font office de tatouages, mais ne sont en r\u00e9alit\u00e9 que les imprim\u00e9s des bouchons de vin. Assez doux, fluide et pr\u00e9cis dans les parties basses du corps comme dans les membres sup\u00e9rieurs, le buste prend au contraire un style tr\u00e8s brut, carr\u00e9 et non lisse en accord avec la t\u00eate du monstre. Celle-ci prend une forme floue, mais il est toujours possible de voir une partie de visage, et quelques traits humains s\u2019esquisser.<\/p>\n<p>La rotation du buste du monstre immobile permet un certain mouvement dans les formes, tout comme les statues de la Gr\u00e8ce Antique. Sa posture de retrait, que l\u2019on pourrait qualifier de peureuse ou soumisse, vu la position des bras. Est-ce qu\u2019il se prot\u00e8ge en voyant son reflet dans un miroir\u00a0?<\/p>\n<p>Il n\u2019a pas de visage car la mati\u00e8re est tr\u00e8s accident\u00e9e\u00a0; la cisaille des pommettes, les fissures, ses orbites creuses et les d\u00e9coupes s\u00e9v\u00e8res des angles du visage rendent un jeu de lumi\u00e8re sur son visage possible. Sa t\u00eate est un amas de d\u00e9chets de bouchons de li\u00e8ge. A l\u2019image des statues de l\u2019\u00cele de P\u00e2ques, les traits sont accentu\u00e9s mais aucune \u00e9motion ne s\u2019y inscrit\u00a0: la douleur est traduite sur son corps, pas par son visage.<\/p>\n<p>Le but de cette mise en sc\u00e8ne est d\u2019incarner une procession, une \u00e9volution lin\u00e9aire du monstre qui se cr\u00e9e \u00e0 partir de d\u00e9chets entourant la cr\u00e9ature, qui elle, \u00e9merge d\u2019un tas d\u2019accidents. Sa position de sup\u00e9riorit\u00e9 est assur\u00e9e par sa taille, alors qu\u2019il laisse des bouts d\u2019humains inachev\u00e9s et inanim\u00e9s derri\u00e8re lui, relev\u00e9s par des num\u00e9ros dispos\u00e9s de part et d\u2019autre, autant d\u2019\u00e9checs.<\/p>\n<hr \/>\n<p><img loading=\"lazy\" decoding=\"async\" class=\"aligncenter wp-image-423 size-full\" src=\"https:\/\/wp.unil.ch\/dishumanities\/files\/2016\/05\/DSC_0100.jpeg\" alt=\"DSC_0100\" width=\"640\" height=\"427\" srcset=\"https:\/\/wp.unil.ch\/dishumanities\/files\/2016\/05\/DSC_0100.jpeg 640w, https:\/\/wp.unil.ch\/dishumanities\/files\/2016\/05\/DSC_0100-300x200.jpeg 300w\" sizes=\"auto, (max-width: 640px) 100vw, 640px\" \/><img loading=\"lazy\" decoding=\"async\" class=\"aligncenter wp-image-424 size-full\" src=\"https:\/\/wp.unil.ch\/dishumanities\/files\/2016\/05\/DSC_0101.jpeg\" alt=\"DSC_0101\" width=\"640\" height=\"427\" srcset=\"https:\/\/wp.unil.ch\/dishumanities\/files\/2016\/05\/DSC_0101.jpeg 640w, https:\/\/wp.unil.ch\/dishumanities\/files\/2016\/05\/DSC_0101-300x200.jpeg 300w\" sizes=\"auto, (max-width: 640px) 100vw, 640px\" \/> <img loading=\"lazy\" decoding=\"async\" class=\"aligncenter wp-image-292 size-full\" src=\"https:\/\/wp.unil.ch\/dishumanities\/files\/2016\/05\/Martins-Monster.jpeg\" alt=\"Martin's Monster\" width=\"640\" height=\"427\" srcset=\"https:\/\/wp.unil.ch\/dishumanities\/files\/2016\/05\/Martins-Monster.jpeg 640w, https:\/\/wp.unil.ch\/dishumanities\/files\/2016\/05\/Martins-Monster-300x200.jpeg 300w\" sizes=\"auto, (max-width: 640px) 100vw, 640px\" \/><\/p>\n<p><img loading=\"lazy\" decoding=\"async\" class=\"wp-image-433 size-full aligncenter\" src=\"https:\/\/wp.unil.ch\/dishumanities\/files\/2016\/05\/DSC_0665.jpeg\" alt=\"DSC_0665\" width=\"640\" height=\"427\" srcset=\"https:\/\/wp.unil.ch\/dishumanities\/files\/2016\/05\/DSC_0665.jpeg 640w, https:\/\/wp.unil.ch\/dishumanities\/files\/2016\/05\/DSC_0665-300x200.jpeg 300w\" sizes=\"auto, (max-width: 640px) 100vw, 640px\" \/><\/p>\n","protected":false},"excerpt":{"rendered":"<p>Martin Privet Cliquez ici pour acc\u00e9der \u00e0 l&rsquo;interview de ce projet ! &nbsp; 24 bouchons de li\u00e8ge (vin, bi\u00e8re, cidre), 1 pot de colle \u00e0 bois \u00e0 prise rapide, 5 \u00e9pingles et 1 dessous&#46;&#46;&#46;<\/p>\n","protected":false},"author":1548,"featured_media":0,"parent":2,"menu_order":4,"comment_status":"closed","ping_status":"closed","template":"","meta":{"_seopress_robots_primary_cat":"","_seopress_titles_title":"","_seopress_titles_desc":"","_seopress_robots_index":"","footnotes":""},"class_list":["post-246","page","type-page","status-publish"],"_links":{"self":[{"href":"https:\/\/wp.unil.ch\/dishumanities\/wp-json\/wp\/v2\/pages\/246","targetHints":{"allow":["GET"]}}],"collection":[{"href":"https:\/\/wp.unil.ch\/dishumanities\/wp-json\/wp\/v2\/pages"}],"about":[{"href":"https:\/\/wp.unil.ch\/dishumanities\/wp-json\/wp\/v2\/types\/page"}],"author":[{"embeddable":true,"href":"https:\/\/wp.unil.ch\/dishumanities\/wp-json\/wp\/v2\/users\/1548"}],"replies":[{"embeddable":true,"href":"https:\/\/wp.unil.ch\/dishumanities\/wp-json\/wp\/v2\/comments?post=246"}],"version-history":[{"count":0,"href":"https:\/\/wp.unil.ch\/dishumanities\/wp-json\/wp\/v2\/pages\/246\/revisions"}],"up":[{"embeddable":true,"href":"https:\/\/wp.unil.ch\/dishumanities\/wp-json\/wp\/v2\/pages\/2"}],"wp:attachment":[{"href":"https:\/\/wp.unil.ch\/dishumanities\/wp-json\/wp\/v2\/media?parent=246"}],"curies":[{"name":"wp","href":"https:\/\/api.w.org\/{rel}","templated":true}]}}