{"id":228,"date":"2016-05-30T10:09:42","date_gmt":"2016-05-30T08:09:42","guid":{"rendered":"http:\/\/wp.unil.ch\/dishumanities\/?page_id=228"},"modified":"2018-01-22T14:17:50","modified_gmt":"2018-01-22T13:17:50","slug":"confession-dun-monstre","status":"publish","type":"page","link":"https:\/\/wp.unil.ch\/dishumanities\/creatures\/confession-dun-monstre\/","title":{"rendered":"Confession d&rsquo;un monstre"},"content":{"rendered":"<div class=\"justif\"><strong><em>Gr\u00e9goire Jamet, Scott Matthews Salmon, Loic Senser, Jean Viviant et Cyril Thillaye Du Boullay<\/em><\/strong><br \/>\n<a href=\"interview\/\"><em>Cliquez ici pour acc\u00e9der \u00e0 l&rsquo;interview de ce projet !<\/em><\/a><\/p>\n<p><a title=\"Image 1\" href=\"https:\/\/wp.unil.ch\/dishumanities\/files\/2016\/05\/confession-dun-monstre-205x300.jpg\" rel=\"lightbox\"><img decoding=\"async\" class=\"aligncenter\" src=\"https:\/\/wp.unil.ch\/dishumanities\/files\/2016\/05\/confession-dun-monstre-205x300.jpg\" alt=\"img1\" width=\"300\" \/><\/a><\/p>\n<hr \/>\n<p>https:\/\/www.youtube.com\/watch?v=pJGVj_NMkCk<\/p>\n<hr \/>\n<p style=\"text-align: justify\">\u00c0 travers ce court m\u00e9trage, nous avons voulu revisiter l\u2019\u0153uvre cin\u00e9matographique de James Whale \u00ab\u00a0Frankenstein, the man who made a monster\u00a0\u00bb sortie en 1931, ainsi que certains passages du roman de Mary Shelley. Nous avons donc s\u00e9lectionn\u00e9 un certain nombre de sc\u00e8nes marquantes du film que nous avons reproduites en suivant la m\u00e9thode du \u00ab\u00a0su\u00e9dage\u00a0\u00bb. Dans notre version de ce film, que nous avons d\u00e9lib\u00e9r\u00e9ment voulu humoristique, nous proposons d\u2019engager la discussion sur la question de la \u00ab\u00a0d\u00e9shumanisation \u00bb en jouant sur\u00a0la focalisation du film. En effet, les positions de cr\u00e9ature et d\u2019humain se confrontent dans le but d\u2019amener le spectateur \u00e0 remettre en question sa perception de l\u2019humain.<\/p>\n<\/div>\n","protected":false},"excerpt":{"rendered":"<p>Gr\u00e9goire Jamet, Scott Matthews Salmon, Loic Senser, Jean Viviant et Cyril Thillaye Du Boullay Cliquez ici pour acc\u00e9der \u00e0 l&rsquo;interview de ce projet ! https:\/\/www.youtube.com\/watch?v=pJGVj_NMkCk \u00c0 travers ce court m\u00e9trage, nous avons voulu revisiter&#46;&#46;&#46;<\/p>\n","protected":false},"author":1548,"featured_media":0,"parent":2,"menu_order":3,"comment_status":"closed","ping_status":"closed","template":"","meta":{"_seopress_robots_primary_cat":"","_seopress_titles_title":"","_seopress_titles_desc":"","_seopress_robots_index":"","footnotes":""},"class_list":["post-228","page","type-page","status-publish"],"_links":{"self":[{"href":"https:\/\/wp.unil.ch\/dishumanities\/wp-json\/wp\/v2\/pages\/228","targetHints":{"allow":["GET"]}}],"collection":[{"href":"https:\/\/wp.unil.ch\/dishumanities\/wp-json\/wp\/v2\/pages"}],"about":[{"href":"https:\/\/wp.unil.ch\/dishumanities\/wp-json\/wp\/v2\/types\/page"}],"author":[{"embeddable":true,"href":"https:\/\/wp.unil.ch\/dishumanities\/wp-json\/wp\/v2\/users\/1548"}],"replies":[{"embeddable":true,"href":"https:\/\/wp.unil.ch\/dishumanities\/wp-json\/wp\/v2\/comments?post=228"}],"version-history":[{"count":0,"href":"https:\/\/wp.unil.ch\/dishumanities\/wp-json\/wp\/v2\/pages\/228\/revisions"}],"up":[{"embeddable":true,"href":"https:\/\/wp.unil.ch\/dishumanities\/wp-json\/wp\/v2\/pages\/2"}],"wp:attachment":[{"href":"https:\/\/wp.unil.ch\/dishumanities\/wp-json\/wp\/v2\/media?parent=228"}],"curies":[{"name":"wp","href":"https:\/\/api.w.org\/{rel}","templated":true}]}}