{"id":22,"date":"2016-05-12T15:58:37","date_gmt":"2016-05-12T13:58:37","guid":{"rendered":"http:\/\/wp.unil.ch\/dishumanities\/?page_id=22"},"modified":"2018-01-22T12:11:13","modified_gmt":"2018-01-22T11:11:13","slug":"manifeste","status":"publish","type":"page","link":"https:\/\/wp.unil.ch\/dishumanities\/le-cours\/manifeste\/","title":{"rendered":"Manifeste"},"content":{"rendered":"<p>Ce cours vous propose de repenser la d\u00e9finition et les limites de l\u2019humain.<\/p>\n<p>Ce cours commencera par la discussion de textes philosophiques et litt\u00e9raires (Frankenstein de Mary Shelley) avant de vous demander de vous mettre en sc\u00e8ne, de mettre votre humanit\u00e9 en sc\u00e8ne.<\/p>\n<p>Ce cours vous offre la possibilit\u00e9 de questionner les normes \u00e9conomiques en tant qu\u2019elles r\u00e9gissent le savoir acad\u00e9mique et les normes de \u00ab l\u2019humain \u00bb.<\/p>\n<p>Ce cours, vous en serez au centre. Vos corps, vos visages, vos t\u00eates.<\/p>\n<p>Ce cours sera enseign\u00e9 \u00e0 deux, puis gr\u00e2ce \u00e0 plusieurs talents confirm\u00e9s et \u00e9mergents du monde acad\u00e9mique.<\/p>\n<p>Ce cours, on le construira ensemble, puisque c\u2019est comme \u00e7a que le savoir se construit.<\/p>\n","protected":false},"excerpt":{"rendered":"<p>Ce cours vous propose de repenser la d\u00e9finition et les limites de l\u2019humain. Ce cours commencera par la discussion de textes philosophiques et litt\u00e9raires (Frankenstein de Mary Shelley) avant de vous demander de vous&#46;&#46;&#46;<\/p>\n","protected":false},"author":1548,"featured_media":0,"parent":11,"menu_order":0,"comment_status":"closed","ping_status":"closed","template":"","meta":{"_seopress_robots_primary_cat":"","_seopress_titles_title":"","_seopress_titles_desc":"","_seopress_robots_index":"","footnotes":""},"class_list":["post-22","page","type-page","status-publish"],"_links":{"self":[{"href":"https:\/\/wp.unil.ch\/dishumanities\/wp-json\/wp\/v2\/pages\/22","targetHints":{"allow":["GET"]}}],"collection":[{"href":"https:\/\/wp.unil.ch\/dishumanities\/wp-json\/wp\/v2\/pages"}],"about":[{"href":"https:\/\/wp.unil.ch\/dishumanities\/wp-json\/wp\/v2\/types\/page"}],"author":[{"embeddable":true,"href":"https:\/\/wp.unil.ch\/dishumanities\/wp-json\/wp\/v2\/users\/1548"}],"replies":[{"embeddable":true,"href":"https:\/\/wp.unil.ch\/dishumanities\/wp-json\/wp\/v2\/comments?post=22"}],"version-history":[{"count":0,"href":"https:\/\/wp.unil.ch\/dishumanities\/wp-json\/wp\/v2\/pages\/22\/revisions"}],"up":[{"embeddable":true,"href":"https:\/\/wp.unil.ch\/dishumanities\/wp-json\/wp\/v2\/pages\/11"}],"wp:attachment":[{"href":"https:\/\/wp.unil.ch\/dishumanities\/wp-json\/wp\/v2\/media?parent=22"}],"curies":[{"name":"wp","href":"https:\/\/api.w.org\/{rel}","templated":true}]}}