{"id":2,"date":"2016-05-04T12:50:03","date_gmt":"2016-05-04T10:50:03","guid":{"rendered":"http:\/\/wp.unil.ch\/dishumanities\/?page_id=2"},"modified":"2018-01-22T12:14:53","modified_gmt":"2018-01-22T11:14:53","slug":"creatures","status":"publish","type":"page","link":"https:\/\/wp.unil.ch\/dishumanities\/creatures\/","title":{"rendered":"Cr\u00e9atures"},"content":{"rendered":"<p>Sous l&rsquo;ombrelle \u00ab\u00a0cr\u00e9atures\u00a0\u00bb vous trouverez les projets qui cherchent \u00e0 explorer les limites de l&rsquo;humain \u00e0 travers un engagement avec <em>Frankenstein<\/em>, le roman de Mary Shelley \u00e9crit en 1816 sur les rives du Lac L\u00e9man et dont nous f\u00eatons les 200 ans cet \u00e9t\u00e9.<\/p>\n\n<!-- Page-list plugin v.5.9 wordpress.org\/plugins\/page-list\/ -->\n<ul class=\"page-list subpages-page-list \">\n<li class=\"page_item page-item-147 page_item_has_children\"><a href=\"https:\/\/wp.unil.ch\/dishumanities\/creatures\/metaceros\/\">M\u00e9tac\u00e9ros<\/a><\/li>\n<li class=\"page_item page-item-365 page_item_has_children\"><a href=\"https:\/\/wp.unil.ch\/dishumanities\/creatures\/la-transformation-de-jean\/\">La transformation de Jean<\/a><\/li>\n<li class=\"page_item page-item-228 page_item_has_children\"><a href=\"https:\/\/wp.unil.ch\/dishumanities\/creatures\/confession-dun-monstre\/\">Confession d&rsquo;un monstre<\/a><\/li>\n<li class=\"page_item page-item-246 page_item_has_children\"><a href=\"https:\/\/wp.unil.ch\/dishumanities\/creatures\/frankenstein-recupere\/\">Frankenstein, r\u00e9cup\u00e9r\u00e9<\/a><\/li>\n<li class=\"page_item page-item-248\"><a href=\"https:\/\/wp.unil.ch\/dishumanities\/creatures\/cranes\/\">Cranes<\/a><\/li>\n<li class=\"page_item page-item-243\"><a href=\"https:\/\/wp.unil.ch\/dishumanities\/creatures\/organes\/\">Organes<\/a><\/li>\n<li class=\"page_item page-item-168 page_item_has_children\"><a href=\"https:\/\/wp.unil.ch\/dishumanities\/creatures\/resonances\/\">R E S O N A N C E S<\/a><\/li>\n<li class=\"page_item page-item-42 page_item_has_children\"><a href=\"https:\/\/wp.unil.ch\/dishumanities\/creatures\/rocky-horror\/\">The Rocky Horror EPFL Show!<\/a><\/li>\n\n<\/ul>\n","protected":false},"excerpt":{"rendered":"<p>Sous l&rsquo;ombrelle \u00ab\u00a0cr\u00e9atures\u00a0\u00bb vous trouverez les projets qui cherchent \u00e0 explorer les limites de l&rsquo;humain \u00e0 travers un engagement avec Frankenstein, le roman de Mary Shelley \u00e9crit en 1816 sur les rives du Lac&#46;&#46;&#46;<\/p>\n","protected":false},"author":1548,"featured_media":0,"parent":0,"menu_order":3,"comment_status":"closed","ping_status":"open","template":"","meta":{"_seopress_robots_primary_cat":"","_seopress_titles_title":"","_seopress_titles_desc":"","_seopress_robots_index":"","footnotes":""},"class_list":["post-2","page","type-page","status-publish"],"_links":{"self":[{"href":"https:\/\/wp.unil.ch\/dishumanities\/wp-json\/wp\/v2\/pages\/2","targetHints":{"allow":["GET"]}}],"collection":[{"href":"https:\/\/wp.unil.ch\/dishumanities\/wp-json\/wp\/v2\/pages"}],"about":[{"href":"https:\/\/wp.unil.ch\/dishumanities\/wp-json\/wp\/v2\/types\/page"}],"author":[{"embeddable":true,"href":"https:\/\/wp.unil.ch\/dishumanities\/wp-json\/wp\/v2\/users\/1548"}],"replies":[{"embeddable":true,"href":"https:\/\/wp.unil.ch\/dishumanities\/wp-json\/wp\/v2\/comments?post=2"}],"version-history":[{"count":0,"href":"https:\/\/wp.unil.ch\/dishumanities\/wp-json\/wp\/v2\/pages\/2\/revisions"}],"wp:attachment":[{"href":"https:\/\/wp.unil.ch\/dishumanities\/wp-json\/wp\/v2\/media?parent=2"}],"curies":[{"name":"wp","href":"https:\/\/api.w.org\/{rel}","templated":true}]}}