{"id":113,"date":"2016-05-26T10:39:29","date_gmt":"2016-05-26T08:39:29","guid":{"rendered":"http:\/\/wp.unil.ch\/dishumanities\/?page_id=113"},"modified":"2018-01-22T14:02:07","modified_gmt":"2018-01-22T13:02:07","slug":"ho-manus","status":"publish","type":"page","link":"https:\/\/wp.unil.ch\/dishumanities\/decompositions\/ho-manus\/","title":{"rendered":"Hu main"},"content":{"rendered":"<p><strong><em>Marta De Benito, Hanna Elatifi et Lo\u00efc Godon<\/em><\/strong><br \/>\n<a href=\"interview\/\"><em>Cliquez ici pour acc\u00e9der \u00e0 l&rsquo;interview de ce projet !<\/em><\/a><\/p>\n<blockquote><p>\u201c<em>Il n\u2019y a pas de mod\u00e8le plus imm\u00e9diat, plus disponible et docile que la main. C\u2019est une mani\u00e8re d\u2019autoportrait, l\u2019occasion d\u2019une introspection.\u00a0On peut y voir aussi une forme d\u2019architecture qui ne cesse de se m\u00e9tamorphoser au gr\u00e9 des mouvements\u201d.<\/em><br \/>\n<strong>Claude Verdan et Dominique Rouiller<\/strong>,<em> La main cet univers.<\/em><\/p><\/blockquote>\n<p>C\u2019est cette m\u00e9tamorphose de la main et les limites du corps humain que nous avons voulu explorer \u00e0 travers la photographie.\u00a0Notre d\u00e9sir\u00a0\u00e9tait de d\u00e9shumaniser la main gr\u00e2ce aux mat\u00e9riaux qui forment l\u2019espace dans lequel l&rsquo;on vit \u00e0 travers deux\u00a0th\u00e8mes: la main dissimul\u00e9e dans la mati\u00e8re et la main comme outil\u00a0d&rsquo;exploration de la mati\u00e8re.<\/p>\n<p>Cliquez sur les images pour les agrandir.<\/p>\n<table border=\"0\" cellspacing=\"0\" cellpadding=\"0\">\n<tbody>\n<tr>\n<td colspan=\"2\" align=\"center\"><a title=\"Image 1\" href=\"https:\/\/wp.unil.ch\/dishumanities\/files\/2016\/05\/1-1024x724.jpg\" rel=\"lightbox\"><img decoding=\"async\" src=\"https:\/\/wp.unil.ch\/dishumanities\/files\/2016\/05\/1-1024x724.jpg\" alt=\"img1\" \/><\/a><\/td>\n<td colspan=\"2\" align=\"center\"><a title=\"Image 2\" href=\"https:\/\/wp.unil.ch\/dishumanities\/files\/2016\/05\/2-1024x724.jpg\" rel=\"lightbox\"><img decoding=\"async\" src=\"https:\/\/wp.unil.ch\/dishumanities\/files\/2016\/05\/2-1024x724.jpg\" alt=\"img2\" \/><\/a><\/td>\n<td colspan=\"2\" align=\"center\"><a title=\"Image 7\" href=\"https:\/\/wp.unil.ch\/dishumanities\/files\/2016\/05\/7-1024x724.jpg\" rel=\"lightbox\"><img decoding=\"async\" src=\"https:\/\/wp.unil.ch\/dishumanities\/files\/2016\/05\/7-1024x724.jpg\" alt=\"img7\" \/><\/a><\/td>\n<\/tr>\n<tr>\n<td style=\"background-color: #fff !important\" colspan=\"3\" align=\"center\"><a title=\"Image 4\" href=\"https:\/\/wp.unil.ch\/dishumanities\/files\/2016\/05\/4-1024x724.jpg\" rel=\"lightbox\"><img decoding=\"async\" src=\"https:\/\/wp.unil.ch\/dishumanities\/files\/2016\/05\/4-1024x724.jpg\" \/><\/a><\/td>\n<td style=\"background-color: #fff !important\" colspan=\"3\" align=\"center\"><a title=\"Image 5\" href=\"https:\/\/wp.unil.ch\/dishumanities\/files\/2016\/05\/5-1024x724.jpg\" rel=\"lightbox\"><img decoding=\"async\" src=\"https:\/\/wp.unil.ch\/dishumanities\/files\/2016\/05\/5-1024x724.jpg\" \/><\/a><\/td>\n<\/tr>\n<tr>\n<td colspan=\"3\" align=\"center\"><a title=\"Image 6\" href=\"https:\/\/wp.unil.ch\/dishumanities\/files\/2016\/05\/6.jpg\" rel=\"lightbox\"><img decoding=\"async\" src=\"https:\/\/wp.unil.ch\/dishumanities\/files\/2016\/05\/6.jpg\" alt=\"img6\" \/><\/a><\/td>\n<td colspan=\"3\" align=\"center\"><a title=\"Image 3\" href=\"https:\/\/wp.unil.ch\/dishumanities\/files\/2016\/05\/3.jpg\" rel=\"lightbox\"><img decoding=\"async\" src=\"https:\/\/wp.unil.ch\/dishumanities\/files\/2016\/05\/3.jpg\" alt=\"img3\" \/><\/a><\/td>\n<\/tr>\n<\/tbody>\n<\/table>\n","protected":false},"excerpt":{"rendered":"<p>Marta De Benito, Hanna Elatifi et Lo\u00efc Godon Cliquez ici pour acc\u00e9der \u00e0 l&rsquo;interview de ce projet ! \u201cIl n\u2019y a pas de mod\u00e8le plus imm\u00e9diat, plus disponible et docile que la main. C\u2019est&#46;&#46;&#46;<\/p>\n","protected":false},"author":1548,"featured_media":0,"parent":377,"menu_order":2,"comment_status":"closed","ping_status":"closed","template":"","meta":{"_seopress_robots_primary_cat":"","_seopress_titles_title":"","_seopress_titles_desc":"","_seopress_robots_index":"","footnotes":""},"class_list":["post-113","page","type-page","status-publish"],"_links":{"self":[{"href":"https:\/\/wp.unil.ch\/dishumanities\/wp-json\/wp\/v2\/pages\/113","targetHints":{"allow":["GET"]}}],"collection":[{"href":"https:\/\/wp.unil.ch\/dishumanities\/wp-json\/wp\/v2\/pages"}],"about":[{"href":"https:\/\/wp.unil.ch\/dishumanities\/wp-json\/wp\/v2\/types\/page"}],"author":[{"embeddable":true,"href":"https:\/\/wp.unil.ch\/dishumanities\/wp-json\/wp\/v2\/users\/1548"}],"replies":[{"embeddable":true,"href":"https:\/\/wp.unil.ch\/dishumanities\/wp-json\/wp\/v2\/comments?post=113"}],"version-history":[{"count":0,"href":"https:\/\/wp.unil.ch\/dishumanities\/wp-json\/wp\/v2\/pages\/113\/revisions"}],"up":[{"embeddable":true,"href":"https:\/\/wp.unil.ch\/dishumanities\/wp-json\/wp\/v2\/pages\/377"}],"wp:attachment":[{"href":"https:\/\/wp.unil.ch\/dishumanities\/wp-json\/wp\/v2\/media?parent=113"}],"curies":[{"name":"wp","href":"https:\/\/api.w.org\/{rel}","templated":true}]}}