{"id":11,"date":"2016-05-12T15:48:18","date_gmt":"2016-05-12T13:48:18","guid":{"rendered":"http:\/\/wp.unil.ch\/dishumanities\/?page_id=11"},"modified":"2018-01-22T12:11:49","modified_gmt":"2018-01-22T11:11:49","slug":"le-cours","status":"publish","type":"page","link":"https:\/\/wp.unil.ch\/dishumanities\/le-cours\/","title":{"rendered":"Le cours"},"content":{"rendered":"<p>Dans cette section, vous pourrez trouver :<\/p>\n<ul>\n<li>Des informations g\u00e9n\u00e9rales sur le cours<\/li>\n<li>Une liste des workshops propos\u00e9s<\/li>\n<li>Quelques r\u00e9f\u00e9rences bibliographiques<\/li>\n<\/ul>\n\n<!-- Page-list plugin v.5.9 wordpress.org\/plugins\/page-list\/ -->\n<ul class=\"page-list subpages-page-list \">\n<li class=\"page_item page-item-22\"><a href=\"https:\/\/wp.unil.ch\/dishumanities\/le-cours\/manifeste\/\">Manifeste<\/a><\/li>\n\n<\/ul>\n","protected":false},"excerpt":{"rendered":"<p>Dans cette section, vous pourrez trouver : Des informations g\u00e9n\u00e9rales sur le cours Une liste des workshops propos\u00e9s Quelques r\u00e9f\u00e9rences bibliographiques<\/p>\n","protected":false},"author":1548,"featured_media":0,"parent":0,"menu_order":1,"comment_status":"closed","ping_status":"closed","template":"","meta":{"_seopress_robots_primary_cat":"","_seopress_titles_title":"","_seopress_titles_desc":"","_seopress_robots_index":"","footnotes":""},"class_list":["post-11","page","type-page","status-publish"],"_links":{"self":[{"href":"https:\/\/wp.unil.ch\/dishumanities\/wp-json\/wp\/v2\/pages\/11","targetHints":{"allow":["GET"]}}],"collection":[{"href":"https:\/\/wp.unil.ch\/dishumanities\/wp-json\/wp\/v2\/pages"}],"about":[{"href":"https:\/\/wp.unil.ch\/dishumanities\/wp-json\/wp\/v2\/types\/page"}],"author":[{"embeddable":true,"href":"https:\/\/wp.unil.ch\/dishumanities\/wp-json\/wp\/v2\/users\/1548"}],"replies":[{"embeddable":true,"href":"https:\/\/wp.unil.ch\/dishumanities\/wp-json\/wp\/v2\/comments?post=11"}],"version-history":[{"count":0,"href":"https:\/\/wp.unil.ch\/dishumanities\/wp-json\/wp\/v2\/pages\/11\/revisions"}],"wp:attachment":[{"href":"https:\/\/wp.unil.ch\/dishumanities\/wp-json\/wp\/v2\/media?parent=11"}],"curies":[{"name":"wp","href":"https:\/\/api.w.org\/{rel}","templated":true}]}}