{"id":236,"date":"2026-04-24T09:18:02","date_gmt":"2026-04-24T07:18:02","guid":{"rendered":"https:\/\/wp.unil.ch\/diplomaties-sports-2026\/?page_id=236"},"modified":"2026-04-29T10:18:07","modified_gmt":"2026-04-29T08:18:07","slug":"commite-scientifique","status":"publish","type":"page","link":"https:\/\/wp.unil.ch\/diplomaties-sports-2026\/commite-scientifique\/","title":{"rendered":"Comit\u00e9 scientifique"},"content":{"rendered":"\n<ul class=\"wp-block-list\">\n<li>Laurence Badel (Universit\u00e9 Paris\u00a01 Panth\u00e9on-Sorbonne), <\/li>\n\n\n\n<li>Florence Carpentier (Universit\u00e9 de Toulouse), <\/li>\n\n\n\n<li>Mario Del Pero (Science Po, Paris), <\/li>\n\n\n\n<li>Yannick Deschamps (Universit\u00e9 de Picardie Jules Verne), <\/li>\n\n\n\n<li>Charlotte Faucher (University of Bristol), <\/li>\n\n\n\n<li>Stanislas Jeannesson (Nantes Universit\u00e9), <\/li>\n\n\n\n<li>Michal Kobierecki (University of Lodz), <\/li>\n\n\n\n<li>Pia Koivunen (University of Turku), <\/li>\n\n\n\n<li>Lindsay Krasnoff (Preston Robert Tisch Institute for Global sport, New York University), <\/li>\n\n\n\n<li>Claire Nicolas (Universit\u00e4t Basel), <\/li>\n\n\n\n<li>Nicolas Peyre (Universit\u00e9 Toulouse-Capitole), <\/li>\n\n\n\n<li>Toby Rider (Texas Tech University), <\/li>\n\n\n\n<li>Nicola Sbetti (Universit\u00e0 di\u00a0Bologna), <\/li>\n\n\n\n<li>Daniele Serapiglia (Universidad Complutense de Madrid), Ludovic Tourn\u00e8s (Universit\u00e9 de Gen\u00e8ve), <\/li>\n\n\n\n<li>Philippe Vonnard (Universit\u00e9 de Fribourg), <\/li>\n\n\n\n<li>Leslie Waters (University of Texas El Paso), <\/li>\n\n\n\n<li>Sacha Zala (Historiches Institut Universit\u00e4t Bern).<\/li>\n<\/ul>\n","protected":false},"excerpt":{"rendered":"","protected":false},"author":163,"featured_media":0,"parent":0,"menu_order":0,"comment_status":"closed","ping_status":"closed","template":"template-full-width-cover.php","meta":{"_seopress_robots_primary_cat":"","_seopress_titles_title":"","_seopress_titles_desc":"","_seopress_robots_index":"","footnotes":""},"class_list":["post-236","page","type-page","status-publish","has-post-thumbnail"],"_links":{"self":[{"href":"https:\/\/wp.unil.ch\/diplomaties-sports-2026\/wp-json\/wp\/v2\/pages\/236","targetHints":{"allow":["GET"]}}],"collection":[{"href":"https:\/\/wp.unil.ch\/diplomaties-sports-2026\/wp-json\/wp\/v2\/pages"}],"about":[{"href":"https:\/\/wp.unil.ch\/diplomaties-sports-2026\/wp-json\/wp\/v2\/types\/page"}],"author":[{"embeddable":true,"href":"https:\/\/wp.unil.ch\/diplomaties-sports-2026\/wp-json\/wp\/v2\/users\/163"}],"replies":[{"embeddable":true,"href":"https:\/\/wp.unil.ch\/diplomaties-sports-2026\/wp-json\/wp\/v2\/comments?post=236"}],"version-history":[{"count":4,"href":"https:\/\/wp.unil.ch\/diplomaties-sports-2026\/wp-json\/wp\/v2\/pages\/236\/revisions"}],"predecessor-version":[{"id":284,"href":"https:\/\/wp.unil.ch\/diplomaties-sports-2026\/wp-json\/wp\/v2\/pages\/236\/revisions\/284"}],"wp:attachment":[{"href":"https:\/\/wp.unil.ch\/diplomaties-sports-2026\/wp-json\/wp\/v2\/media?parent=236"}],"curies":[{"name":"wp","href":"https:\/\/api.w.org\/{rel}","templated":true}]}}