{"id":232,"date":"2026-04-24T09:17:31","date_gmt":"2026-04-24T07:17:31","guid":{"rendered":"https:\/\/wp.unil.ch\/diplomaties-sports-2026\/?page_id=232"},"modified":"2026-04-29T10:18:06","modified_gmt":"2026-04-29T08:18:06","slug":"bibliographie","status":"publish","type":"page","link":"https:\/\/wp.unil.ch\/diplomaties-sports-2026\/bibliographie\/","title":{"rendered":"Bibliographie"},"content":{"rendered":"\n<p><strong>Bibliographie indicative (par ordre chronologique)&nbsp;:<\/strong><\/p>\n\n\n\n<p>MEYNAUD Jean,&nbsp;<em>Sport et politique<\/em>, Paris, Payot, 1966.<\/p>\n\n\n\n<p>KANIN David Benjamin,&nbsp;<em>The Role of Sport in International Relations<\/em>, Ph. D. diss, Fletcher School of Law and Diplomacy, Tufts University, 1976, th\u00e8se publi\u00e9e sous le titre A<em>&nbsp;Political History of the Olympic Games<\/em>, Boulder (Colorado), Westview Press, 1981.<\/p>\n\n\n\n<p>DOMER Thomas,&nbsp;<em>Sport in Cold War America, 1953\u20131963: The Diplomatic and Political Use of Sport in the Eisenhower and Kennedy Administrations<\/em>, PhD diss., Marquette University, 1976.<\/p>\n\n\n\n<p>MILZA Pierre (dir.), \u00ab\u2009Sport et relations internationales\u2009\u00bb,&nbsp;<em>Relations internationales<\/em>, 1984, n\u00b0&nbsp;38.<\/p>\n\n\n\n<p>ARNAUD Pierre, WAHL Alfred (dir.),&nbsp;<em>Sports et relations internationales<\/em>, Metz, Centre de recherche histoire et civilisation de l\u2019universit\u00e9 de Metz, 1994.<\/p>\n\n\n\n<p>ARNAUD Pierre, RIORDAN James (dir.),&nbsp;<em>Sport et relations internationales (1900-1941). Les d\u00e9mocraties face au nazisme et au fascisme,<\/em>&nbsp;Paris, L\u2019Harmattan, 1998, \u00e9d. anglaise,&nbsp;<em>Sport and International Politics. Impact of Fascism and Communism on Sport<\/em>, Abingdon, Routledge, 1999.<\/p>\n\n\n\n<p>BECK Peter,&nbsp;<em>Scoring for Britain. International football and International Politics, 1900\u20131939<\/em>, Abingdon, Routledge, 1999, r\u00e9\u00e9dition enti\u00e8rement refondue,&nbsp;<em>International Football as Cultural Diplomacy. Britain versus the Dictators in the 1930s<\/em>, Abingdon, Routledge, 2025.<\/p>\n\n\n\n<p>MILZA Pierre (dir.), \u00ab\u2009Olympisme et relations internationales\u2009\u00bb,&nbsp;<em>Relations internationales<\/em>, 2002, n\u00b0&nbsp;111-112.<\/p>\n\n\n\n<p>FRANK Robert (dir.), \u00ab\u2009Sport et relations internationales\u2009\u00bb,&nbsp;<em>Bulletin de l\u2019Institut Pierre Renouvin<\/em>, 2003, 16.<\/p>\n\n\n\n<p>PROZUMENSCHIKOV Mihail,&nbsp;<em>Bol\u02b9\u0161oj sport i bol\u02b9\u0161a\u00e2 politika&nbsp;<\/em>[Le grand sport et la grande politique], Moscou, Rosspen, 2004.<\/p>\n\n\n\n<p>KEYS Barbara,&nbsp;<em>Globalizing sport: National Rivalry and International Community in the 1930s,&nbsp;<\/em>Cambridge, Harvard University Press, 2006.<\/p>\n\n\n\n<p>POLLEY Martin, \u00ab The Amateur Ideal and British Sports Diplomacy, 1900\u20131945 \u00bb,&nbsp;<em>Sport in History<\/em>, 26:3, 2006, p. 450\u2013467.<\/p>\n\n\n\n<p>ITOH Mayumi,&nbsp;<em>The Origin of Ping-Pong Diplomacy, the Forgotten Architect of Sino-US Rapprochement<\/em>, New York, Palgrave Mac Millan, 2011.<\/p>\n\n\n\n<p>GYGAX J\u00e9r\u00f4me,&nbsp;<em>Olympisme et guerre froide culturelle. Le prix de la victoire am\u00e9ricaine<\/em>, Paris, L\u2019Harmattan, 2012.<\/p>\n\n\n\n<p>FRANK Robert, \u00ab\u2009Internationalisation du sport et diplomatie sportive\u2009\u00bb, in FRANK (Robert) (dir.),&nbsp;<em>Pour l\u2019histoire des relations internationales,&nbsp;<\/em>Paris, Presses Universitaires de France, 2012, p.&nbsp;387-405.<\/p>\n\n\n\n<p>MURRAY Stuart, \u00ab\u2009The Two Halves of Sports-Diplomacy\u2009\u00bb,&nbsp;<em>Diplomacy &amp; Statecraft<\/em>, 23, 3, 2012, p.&nbsp;576-592.<\/p>\n\n\n\n<p>THOMAS Damion,&nbsp;<em>Globetrotting: African American Athletes and Cold war Politics,<\/em>&nbsp;Urbana, University of Illinois Press, 2012.<\/p>\n\n\n\n<p>DIETSCHY Paul, \u00ab\u2009Le Sport et la Grande Guerre\u2009\u00bb,&nbsp;<em>Guerres mondiales et conflits contemporains<\/em>, 251, 3, 2013.<\/p>\n\n\n\n<p>DICHTER Heather, JOHNS Andrew (eds.),&nbsp;<em>Diplomatic Games: Sport, Statecraft, and International Relations since 1945<\/em>, Lexington, University Press of Kentucky, 2014.<\/p>\n\n\n\n<p>DICHTER Heather, \u00ab&nbsp;Sport History and Diplomatic History \u00bb,&nbsp;<em>H-Diplo<\/em>, H-Diplo Essay, 17, 2014,&nbsp;122.<\/p>\n\n\n\n<p>MURRAY Stuart, PIGMAN Geoffrey Allen, \u00ab&nbsp;Mapping the Relationship between International Sport and Diplomacy&nbsp;\u00bb,&nbsp;<em>Sport in Society<\/em>, 17, 9, 2014, p. 1098\u20131118.<\/p>\n\n\n\n<p>PIGMAN Geoffrey Allen, ROFE Simon, \u00ab&nbsp;Sport and Diplomacy: an Introduction&nbsp;\u00bb,&nbsp;<em>Sport in Society<\/em>, vol.&nbsp;17, no.&nbsp;9, November 2014, pp. 1095\u20131097.<\/p>\n\n\n\n<p>PIGMAN Geoffrey Allen, \u00ab&nbsp;International Sport and Diplomacy\u2019s Public Dimension: Governments, Sporting federations and the Global Audience&nbsp;\u00bb,&nbsp;<em>Diplomacy and Statecraft<\/em>, vol.&nbsp;25, 2014, p. 94\u2013114.<\/p>\n\n\n\n<p>NOTAKER Hallvard, SCOTT-SMITH Giles, SNYDER David J., \u00ab&nbsp;Sport Diplomacy Forum Introduction&nbsp;\u00bb,&nbsp;<em>Diplomatic History<\/em>, 40, 5, november 2016.<\/p>\n\n\n\n<p>RIDER Toby,&nbsp;<em>Cold War Games: Propaganda, the Olympics and US foreign Policy<\/em>, Urbana, University of Illinois Press, 2016.<\/p>\n\n\n\n<p>DIETSCHY Paul, \u00ab\u2009Le sport et la Seconde Guerre mondiale\u2009\u00bb,&nbsp;<em>Guerres mondiales et conflits contemporains<\/em>, 268, 4, 2017.<\/p>\n\n\n\n<p>ESHERICK Craig, BAKER Robert E., JACKSON Steven, SAM Michael (ed.),&nbsp;<em>Case Studies in Sport Diplomacy<\/em>, FIT Publishing, 2018.<\/p>\n\n\n\n<p>VONNARD Philippe, SBETTI Nicola, QUIN Gr\u00e9gory (dir.),&nbsp;<em>Beyond Boycotts. Sport During the Cold War Europe<\/em>, De&nbsp;Gruyter, 2018.<\/p>\n\n\n\n<p>DUFRAISSE Sylvain,&nbsp;<em>Les H\u00e9ros du sport, une histoire des champions sovi\u00e9tiques, ann\u00e9es&nbsp;1930-ann\u00e9es 1980<\/em>, Ceyzerieu, Champ vallon, 2019.<\/p>\n\n\n\n<p>EDELMAN Robert, YOUNG Christopher (eds.),&nbsp;<em>The Whole World was watching. Sport in the Cold war<\/em>, Stanford (CA), Stanford University Press, 2019.<\/p>\n\n\n\n<p>ERENBERG Lewis A.,&nbsp;<em>The Rumble in the Jungle: Muhammad Ali and George Foreman on the Global Stage<\/em>, Chicago, University of Chicago Press, 2019.<\/p>\n\n\n\n<p>KEYS Barbara (ed.),&nbsp;<em>The Ideals of Global Sport, from Peace to Human Rights,<\/em>&nbsp;Philadelphie, University of Pennsylvania Press, 2019.<\/p>\n\n\n\n<p>PIGMAN Geoffrey Allen, \u00ab&nbsp;A Global Sports-Diplomacy Framework&nbsp;\u00bb, in MAGUIRE Joseph, FALCOUS Mark, LISTON Katie, (eds.),&nbsp;<em>The Business and Culture of Sports: Society, Politics, economy, environment<\/em>, Farmington Hills, MI: Macmillan Reference USA, 2019, p. 273-287<\/p>\n\n\n\n<p>DIETSCHY Paul (dir.), \u00ab&nbsp;Le sport et la Guerre froide&nbsp;\u00bb,&nbsp;<em>Guerres mondiales et conflits contemporains<\/em>, 277, 1, 2020.<\/p>\n\n\n\n<p>CLASTRES Patrick, \u00ab&nbsp;Olympism and the Cold War: From Realist Perspective to Cultural Paradigm&nbsp;\u00bb,&nbsp;<em>Guerres mondiales et conflits contemporains<\/em>, 277, 1, 2020, p.&nbsp;7-25.<\/p>\n\n\n\n<p>DESCHAMPS Yannick,&nbsp;<em>La diplomatie sportive entre la France et l\u2019URSS, des ann\u00e9es&nbsp;1920 \u00e0 l\u2019ann\u00e9e&nbsp;1991. Acteurs, \u00e9changes et strat\u00e9gies<\/em>, th\u00e8se de doctorat en histoire contemporaine, Universit\u00e9 de Strasbourg, dir. Andr\u00e9 Gounot, 2020.<\/p>\n\n\n\n<p>DICHTER Heather, JOHNS Andrew (ed.),&nbsp;<em>Soccer Diplomacy. International Relations and Football since 1914<\/em>, Lexington, University Press of Kentucky, 2020.<\/p>\n\n\n\n<p>KOBIERECKI Micha\u0142 Marcin,&nbsp;<em>Sports Diplomacy. Sports in the Diplomatic Activities of States and Non-state Actors<\/em>, Lanham, Lexington Books, 2020.<\/p>\n\n\n\n<p>SBETTI Nicola,&nbsp;<em>Giochi diplomatici. Sport e politica estera nell\u2019Italia del secondo dopoguerra,&nbsp;<\/em>Tr\u00e9vise, Fondazione Benetton Studi Recherche, 2020.<\/p>\n\n\n\n<p>BADEL Laurence,&nbsp;<em>Diplomaties europ\u00e9ennes, XIX-XXIe si\u00e8cle<\/em>, Paris, Presses de Science Po, 2021.<\/p>\n\n\n\n<p>TONNERRE Quentin,&nbsp;<em>Dans les tribunes du prestige. La diplomatie suisse face aux enjeux du sport international (1919-1981)<\/em>, th\u00e8se de doctorat en histoire contemporaine et en sciences du mouvement et du sport, dir. Patrick Clastres, 2021.<\/p>\n\n\n\n<p>DICHTER Heather,&nbsp;<em>Bidding for the 1968 Olympic Games: International Sport\u2019s Cold War Battle with NATO,<\/em>&nbsp;Amherst-Boston, University of Massachusetts Press, 2021.<\/p>\n\n\n\n<p>FISCHER-TIN\u00c9 Harald,&nbsp;<em>The YMCA in Late Colonial India: Modernization, Philanthropy and American Soft Power in South Asia<\/em>, Londres, Bloomsbury, 2022.<\/p>\n\n\n\n<p>GARAMV\u00d6LGYI Bence, BARDOCZ-BENCSIK Mariann, DOCZI Tamas, \u00ab&nbsp;Mapping the Role of Grassroots Sport in Public Diplomacy&nbsp;\u00bb,&nbsp;<em>Sport in Society<\/em>, 25, 5, 2022, p. 889-907.<\/p>\n\n\n\n<p>CAMARA Pascal Mamudou, \u00ab&nbsp;Divided House: The Foundation and Evolution of the Supreme Council for Sport in Africa, 1965\u20132013&nbsp;\u00bb,&nbsp;<em>Sport in History<\/em>, 43, 4, 2023, p.&nbsp;1\u201321.<\/p>\n\n\n\n<p>DUFRAISSE Sylvain,&nbsp;<em>Une Histoire sportive de la Guerre froide<\/em>, Paris, Nouveau Monde \u00e9ditions, 2023.<\/p>\n\n\n\n<p>KRASNOFF Lindsay,&nbsp;<em>Basketball Empire. France and the Making of a Global NBA and WNBA<\/em>, Londres, Bloomsbury, 2023.<\/p>\n\n\n\n<p>MURRAY Stuart, PRICE Gavin, \u00ab Athlete Activists, Sports Diplomats and Human Rights: Action versus Agency \u00bb,&nbsp;<em>Societies<\/em>, 13, 27, 2023.<\/p>\n\n\n\n<p>POSTLETHWAITE Verity&nbsp;<em>et alii<\/em>, \u00ab&nbsp;Sport Diplomacy: an Integrative Review&nbsp;\u00bb,&nbsp;<em>Sport Management Review<\/em>, 26, 3, 2023, p. 361\u2013382.<\/p>\n\n\n\n<p>CLASTRES Patrick &amp; VALLOTTON Fran\u00e7ois (dir.), \u00ab\u2009Acteurs du sport et relations internationales\u2009\u00bb,&nbsp;<em>Relations internationales<\/em>, 2023, n\u00b0&nbsp;195.<\/p>\n\n\n\n<p>CHAUBET Fran\u00e7ois, FAUCHER Charlotte, MARTIN Laurent. PEYRE Nicolas. (dir.),&nbsp;<em>Histoire(s) de la diplomatie culturelle fran\u00e7aise&nbsp;: Du rayonnement \u00e0 l\u2019influence<\/em>. Toulouse, \u00c9ditions de l\u2019Attribut, 2024, 620 p.<\/p>\n\n\n\n<p>DUMMER SCHEEL Sylvia, FAUCHER Charlotte, GATICA MIZALA Camila (eds.),&nbsp;<em>Soft Power beyond the Nation<\/em>, Washington, Georgetown University Press, 2024.<\/p>\n\n\n\n<p>DUFRAISSE Sylvain, \u00ab\u2009Construire la collaboration sportive franco-sovi\u00e9tique&nbsp;: le r\u00f4le de l\u2019ambassade d\u2019URSS \u00e0 Paris, ann\u00e9es&nbsp;1950-1980\u2009\u00bb,&nbsp;<em>Revue des \u00e9tudes slaves<\/em>, XCV-1-2,&nbsp;2024, p.&nbsp;85-97.<\/p>\n\n\n\n<p>DUFRAISSE Sylvain, \u00ab\u2009Produire la tr\u00eave olympique\u2009\u00bb,&nbsp;<em>Esprit,&nbsp;<\/em>6, 2024. p.&nbsp;69-75.<\/p>\n\n\n\n<p>LLEWELLYN Matthews, RIDER Toby,&nbsp;<em>British Sporting Relations with Apartheid South Africa: the Politics of Racism and Anti-racism, 1948\u20131994<\/em>, Oxford, Oxford University Press, 2024.<\/p>\n\n\n\n<p>ROFE Simon, \u00ab&nbsp;Sports Diplomacy and Sport for Development: a Discourse of Challenges and Opportunity&nbsp;\u00bb,&nbsp;<em>Journal of Global Sport Management<\/em>, 9, 4, 2024, p. 688\u2013703.<\/p>\n\n\n\n<p>VONNARD Philippe, DUFRAISSE Sylvain, NICOLAS Claire (dir.), \u00ab&nbsp;Les comp\u00e9titions sportives internationales dans toutes leurs dimensions&nbsp;\u00bb,&nbsp;<em>Histoire, \u00e9conomie et soci\u00e9t\u00e9<\/em>, 2024, 1-2.<\/p>\n\n\n\n<p>CLASTRES Patrick,&nbsp;<em>Les Jeux olympiques de 1892 \u00e0 2024, une aventure mondiale<\/em>, Rennes, PUR, 2025, English version,&nbsp;<em>The Olympic Games from 1892&nbsp;to&nbsp;2024. A Global Adventure<\/em>, PUR, to be published 2026.<\/p>\n\n\n\n<p>MOTA ZURDO David et SIMON SANJURJO Juan Antonio (dir.),&nbsp;<em>A sol y a sombra. Deporte, identidad y diplomacia en el siglo XX<\/em>, Granada, Editorial Comares, 2025.&nbsp;<\/p>\n\n\n\n<p>SIM\u00d3N Juan Antonio,&nbsp;<em>Football and International Relations under Francoism, 1937\u2009\u2013\u20091975<\/em>, London, Routledge, 2025.<\/p>\n\n\n\n<p>TOURN\u00c8S Ludovic,&nbsp;<em>Histoire de la diplomatie culturelle dans le monde. Les \u00c9tats entre promotion nationale et propagande<\/em>, Paris, Armand Colin, 2025.<\/p>\n","protected":false},"excerpt":{"rendered":"<p>Bibliographie indicative (par ordre chronologique)&nbsp;: MEYNAUD Jean,&nbsp;Sport et politique, Paris, Payot, 1966. KANIN David Benjamin,&nbsp;The Role of Sport in International Relations, Ph. D. diss, Fletcher School of Law&hellip;<\/p>\n","protected":false},"author":163,"featured_media":0,"parent":0,"menu_order":0,"comment_status":"closed","ping_status":"closed","template":"template-full-width-cover.php","meta":{"_seopress_robots_primary_cat":"","_seopress_titles_title":"","_seopress_titles_desc":"","_seopress_robots_index":"","footnotes":""},"class_list":["post-232","page","type-page","status-publish","has-post-thumbnail"],"_links":{"self":[{"href":"https:\/\/wp.unil.ch\/diplomaties-sports-2026\/wp-json\/wp\/v2\/pages\/232","targetHints":{"allow":["GET"]}}],"collection":[{"href":"https:\/\/wp.unil.ch\/diplomaties-sports-2026\/wp-json\/wp\/v2\/pages"}],"about":[{"href":"https:\/\/wp.unil.ch\/diplomaties-sports-2026\/wp-json\/wp\/v2\/types\/page"}],"author":[{"embeddable":true,"href":"https:\/\/wp.unil.ch\/diplomaties-sports-2026\/wp-json\/wp\/v2\/users\/163"}],"replies":[{"embeddable":true,"href":"https:\/\/wp.unil.ch\/diplomaties-sports-2026\/wp-json\/wp\/v2\/comments?post=232"}],"version-history":[{"count":2,"href":"https:\/\/wp.unil.ch\/diplomaties-sports-2026\/wp-json\/wp\/v2\/pages\/232\/revisions"}],"predecessor-version":[{"id":280,"href":"https:\/\/wp.unil.ch\/diplomaties-sports-2026\/wp-json\/wp\/v2\/pages\/232\/revisions\/280"}],"wp:attachment":[{"href":"https:\/\/wp.unil.ch\/diplomaties-sports-2026\/wp-json\/wp\/v2\/media?parent=232"}],"curies":[{"name":"wp","href":"https:\/\/api.w.org\/{rel}","templated":true}]}}