{"id":207,"date":"2024-10-05T11:29:59","date_gmt":"2024-10-05T09:29:59","guid":{"rendered":"https:\/\/wp.unil.ch\/dino\/?page_id=207"},"modified":"2024-12-04T11:44:03","modified_gmt":"2024-12-04T10:44:03","slug":"prof-liudmila-zavolokina","status":"publish","type":"page","link":"https:\/\/wp.unil.ch\/dino\/team\/prof-liudmila-zavolokina\/","title":{"rendered":"Prof. Dr. Liudmila Zavolokina"},"content":{"rendered":"\n<h4 class=\"wp-block-heading\">Assistant Professor in Information Systems &amp; Digital Innovation<\/h4>\n\n\n\n<div class=\"wp-block-columns is-layout-flex wp-container-core-columns-is-layout-9d6595d7 wp-block-columns-is-layout-flex\">\n<div class=\"wp-block-column is-vertically-aligned-top is-layout-flow wp-block-column-is-layout-flow\">\n<figure class=\"wp-block-image size-full\"><img alt=\"\" loading=\"lazy\" decoding=\"async\" width=\"946\" height=\"1004\" src=\"https:\/\/wp.unil.ch\/dino\/files\/2024\/10\/Photo_Zavolokina.png\" alt=\"\" class=\"wp-image-246\" style=\"aspect-ratio:1;object-fit:cover\" srcset=\"https:\/\/wp.unil.ch\/dino\/files\/2024\/10\/Photo_Zavolokina.png 946w, https:\/\/wp.unil.ch\/dino\/files\/2024\/10\/Photo_Zavolokina-283x300.png 283w, https:\/\/wp.unil.ch\/dino\/files\/2024\/10\/Photo_Zavolokina-768x815.png 768w\" sizes=\"auto, (max-width: 946px) 100vw, 946px\" \/><\/figure>\n<\/div>\n\n\n\n<div class=\"wp-block-column is-vertically-aligned-top is-layout-flow wp-block-column-is-layout-flow\">\n<p><br>UNIL | Universit\u00e9 de Lausanne \u2013 HEC<br>Department of Information Systems (DESI)<br>Internef Building, <a href=\"https:\/\/planete.unil.ch\/plan\/?local=NEF-136\" data-type=\"link\" data-id=\"https:\/\/planete.unil.ch\/plan\/?local=NEF-127.2\">Office 136<\/a><br>CH-1015 Lausanne<\/p>\n\n\n\n<div class=\"wp-block-group is-vertical is-content-justification-left is-layout-flex wp-container-core-group-is-layout-adc7e0b5 wp-block-group-is-layout-flex\">\n<ul class=\"wp-block-social-links has-small-icon-size has-visible-labels is-style-pill-shape is-vertical is-content-justification-left is-layout-flex wp-container-core-social-links-is-layout-aacc3761 wp-block-social-links-is-layout-flex\"><li class=\"wp-social-link wp-social-link-mail  wp-block-social-link\"><a rel=\"noopener nofollow\" target=\"_blank\" href=\"mailto:&#108;i&#117;d&#109;&#105;la&#046;&#122;av&#111;l&#111;&#107;i&#110;&#097;&#064;&#117;&#110;&#105;&#108;&#046;&#099;h\" class=\"wp-block-social-link-anchor\"><svg width=\"24\" height=\"24\" viewBox=\"0 0 24 24\" version=\"1.1\" xmlns=\"http:\/\/www.w3.org\/2000\/svg\" aria-hidden=\"true\" focusable=\"false\"><path d=\"M19,5H5c-1.1,0-2,.9-2,2v10c0,1.1.9,2,2,2h14c1.1,0,2-.9,2-2V7c0-1.1-.9-2-2-2zm.5,12c0,.3-.2.5-.5.5H5c-.3,0-.5-.2-.5-.5V9.8l7.5,5.6,7.5-5.6V17zm0-9.1L12,13.6,4.5,7.9V7c0-.3.2-.5.5-.5h14c.3,0,.5.2.5.5v.9z\"><\/path><\/svg><span class=\"wp-block-social-link-label\">Email<\/span><\/a><\/li>\n\n<li class=\"wp-social-link wp-social-link-linkedin  wp-block-social-link\"><a rel=\"noopener nofollow\" target=\"_blank\" href=\"https:\/\/www.linkedin.com\/in\/liudmila-zavolokina\/\" class=\"wp-block-social-link-anchor\"><svg width=\"24\" height=\"24\" viewBox=\"0 0 24 24\" version=\"1.1\" xmlns=\"http:\/\/www.w3.org\/2000\/svg\" aria-hidden=\"true\" focusable=\"false\"><path d=\"M19.7,3H4.3C3.582,3,3,3.582,3,4.3v15.4C3,20.418,3.582,21,4.3,21h15.4c0.718,0,1.3-0.582,1.3-1.3V4.3 C21,3.582,20.418,3,19.7,3z M8.339,18.338H5.667v-8.59h2.672V18.338z M7.004,8.574c-0.857,0-1.549-0.694-1.549-1.548 c0-0.855,0.691-1.548,1.549-1.548c0.854,0,1.547,0.694,1.547,1.548C8.551,7.881,7.858,8.574,7.004,8.574z M18.339,18.338h-2.669 v-4.177c0-0.996-0.017-2.278-1.387-2.278c-1.389,0-1.601,1.086-1.601,2.206v4.249h-2.667v-8.59h2.559v1.174h0.037 c0.356-0.675,1.227-1.387,2.526-1.387c2.703,0,3.203,1.779,3.203,4.092V18.338z\"><\/path><\/svg><span class=\"wp-block-social-link-label\">Connect<\/span><\/a><\/li>\n\n<li class=\"wp-social-link wp-social-link-chain  wp-block-social-link\"><a rel=\"noopener nofollow\" target=\"_blank\" href=\"https:\/\/www.zavolokina.com\/\" class=\"wp-block-social-link-anchor\"><svg width=\"24\" height=\"24\" viewBox=\"0 0 24 24\" version=\"1.1\" xmlns=\"http:\/\/www.w3.org\/2000\/svg\" aria-hidden=\"true\" focusable=\"false\"><path d=\"M15.6,7.2H14v1.5h1.6c2,0,3.7,1.7,3.7,3.7s-1.7,3.7-3.7,3.7H14v1.5h1.6c2.8,0,5.2-2.3,5.2-5.2,0-2.9-2.3-5.2-5.2-5.2zM4.7,12.4c0-2,1.7-3.7,3.7-3.7H10V7.2H8.4c-2.9,0-5.2,2.3-5.2,5.2,0,2.9,2.3,5.2,5.2,5.2H10v-1.5H8.4c-2,0-3.7-1.7-3.7-3.7zm4.6.9h5.3v-1.5H9.3v1.5z\"><\/path><\/svg><span class=\"wp-block-social-link-label\">Personal Website<\/span><\/a><\/li><\/ul>\n<\/div>\n<\/div>\n<\/div>\n\n\n\n<h4 class=\"wp-block-heading\">Short CV<\/h4>\n\n\n\n<ul class=\"wp-block-list\">\n<li><em>since 2024<\/em>: Tenure-track Assistant Professor of Information Systems and Digital Innovation&nbsp;at the&nbsp;<a href=\"https:\/\/www.unil.ch\/desi\/en\/home.html\">Department of Information Systems<\/a>, HEC Lausanne,&nbsp;University of Lausanne, Switzerland<\/li>\n\n\n\n<li><em>since 2021<\/em>: DIZH Postdoctoral researcher at the&nbsp;<a href=\"https:\/\/www.dsi.uzh.ch\/\">Digital Society Initiative<\/a>,&nbsp;University of Zurich, Switzerland<\/li>\n\n\n\n<li><em>2020 &#8211;&nbsp;2021<\/em>: Business-IT Consultant at&nbsp;<a href=\"https:\/\/www.ergon.ch\/de\">Ergon Informatik AG<\/a>, Zurich,&nbsp;Switzerland<\/li>\n\n\n\n<li><em>2020 &#8211;&nbsp;2021<\/em>: Postdoctoral researcher&nbsp;at the&nbsp;<a href=\"https:\/\/www.ifi.uzh.ch\/en\/imrg.html\" target=\"_blank\" rel=\"noreferrer noopener\">Information Management Research Group<\/a>, University of Zurich, Switzerland (part-time)<\/li>\n\n\n\n<li><em>2015 &#8211; 2019<\/em>: Doctoral researcher&nbsp;at the&nbsp;<a href=\"https:\/\/www.ifi.uzh.ch\/en\/imrg.html\" target=\"_blank\" rel=\"noreferrer noopener\">Information Management Research Group<\/a>, University of Zurich, Switzerland.<\/li>\n\n\n\n<li><em>2013 &#8211; 2015<\/em>: Business analyst at&nbsp;<a href=\"https:\/\/www.crif.com\/site\/en\/Pages\/default.aspx\" target=\"_blank\" rel=\"noreferrer noopener\">CRIF LLC<\/a>, Russia, Moscow<\/li>\n\n\n\n<li><em>2011 &#8211; 2013<\/em>: Master of Science &#8211; Applied Mathematics and Informatics at&nbsp;<a href=\"https:\/\/www.rudn.ru\/en\/\" target=\"_blank\" rel=\"noreferrer noopener\">Peoples&#8217; Friendship University of Russia<\/a>, Russia, Moscow<\/li>\n\n\n\n<li><em>2006 &#8211; 2011<\/em>: Bachelor of Science &#8211; Applied Mathematics and Informatics at&nbsp;<a href=\"https:\/\/www.rudn.ru\/en\/\" target=\"_blank\" rel=\"noreferrer noopener\">Peoples&#8217; Friendship University of Russia<\/a>, Russia, Moscow<\/li>\n<\/ul>\n\n\n\n<h4 class=\"wp-block-heading\">Research Interests<\/h4>\n\n\n\n<ul class=\"wp-block-list\">\n<li>Digital resilience<\/li>\n\n\n\n<li>Digital platforms and ecosystems<\/li>\n\n\n\n<li>Data-driven intelligence<\/li>\n\n\n\n<li>Blockchain and its applications<\/li>\n<\/ul>\n\n\n\n<h4 class=\"wp-block-heading\">Research Projects<\/h4>\n\n\n\n<ul class=\"wp-block-list\">\n<li><a href=\"https:\/\/www.dizh.uzh.ch\/en\/2023\/12\/21\/clarifai-making-the-unseen-seen-with-an-ai-assisted-propaganda-detection-and-fact-checking\/\">ClarifAI: Making the Unseen Seen with an AI-assisted Propaganda Detection and Fact-Checking<\/a><\/li>\n\n\n\n<li><a href=\"https:\/\/www.ifi.uzh.ch\/en\/imrg\/research\/Digital-Platforms-and-Ecosystems.html\">Digital Platforms and Ecosystems<\/a><\/li>\n\n\n\n<li><a href=\"https:\/\/www.ifi.uzh.ch\/en\/imrg\/research\/Digital-Platforms-and-Ecosystems\/Governance-as-a-Platform.html\">Government as a Platform<\/a><\/li>\n\n\n\n<li><a href=\"https:\/\/www.ifi.uzh.ch\/en\/imrg\/research\/completed-projects\/car-dossier.html\">Blockchain car dossier<\/a><\/li>\n\n\n\n<li><a href=\"https:\/\/www.ifi.uzh.ch\/en\/imrg\/research\/completed-projects\/persuasive-home-security-advice.html\">Persuasive Home Security Advice<\/a><\/li>\n<\/ul>\n\n\n\n<h4 class=\"wp-block-heading\">Supervised Thesis<\/h4>\n\n\n\n<h6 class=\"wp-block-heading\">Bachelor<\/h6>\n\n\n\n<ul class=\"wp-block-list\">\n<li>Fabian Leisibach,&nbsp;<a href=\"https:\/\/www.merlin.uzh.ch\/publication\/show\/16583\">Daten und Datenaustausch innerhalb des Blockchain-basierten Cardossiers<\/a><\/li>\n\n\n\n<li>Sukirthan Sundaralingam,&nbsp;<a href=\"https:\/\/www.merlin.uzh.ch\/publication\/show\/16660\">Understanding the Market: How the Internet and Blockchain Changes the Market for \u201cLemons\u201d<\/a><\/li>\n\n\n\n<li>Noah Zani,&nbsp;<a href=\"https:\/\/www.merlin.uzh.ch\/publication\/show\/17036\">Blockchain Car Dossier: Wie kann man die Blockchain Technologie f\u00fcr Endnutzer vertrauensw\u00fcrdig machen?<\/a><\/li>\n\n\n\n<li>Oliver Brennwald,&nbsp;<a href=\"https:\/\/www.merlin.uzh.ch\/publication\/show\/17038\">Operative Gesch\u00e4ftsprozesse innerhalb des Blockchain-basierten Cardossiers<\/a><\/li>\n\n\n\n<li>Nitharsan Yoganathan,&nbsp;<a href=\"https:\/\/www.merlin.uzh.ch\/publication\/show\/17022\">What are the characteristics of a trustworthy blockchain project?<\/a><\/li>\n\n\n\n<li>Joachim Baumann,&nbsp;<a href=\"https:\/\/www.merlin.uzh.ch\/publication\/show\/17873\" target=\"_blank\" rel=\"noreferrer noopener\">Potenziale des Blockchain-basierten Car Dossiers f\u00fcr Gebrauchtwagenh\u00e4ndler in der Schweiz<\/a><\/li>\n\n\n\n<li>Raphael Koch,&nbsp;<a href=\"https:\/\/www.merlin.uzh.ch\/publication\/show\/20587\">Potenzial einer Blockchain-basierten L\u00f6sung zur Bek\u00e4mpfung von Uhrenf\u00e4lschungen in der Schweizer Uhrenindustrie<\/a><\/li>\n<\/ul>\n\n\n\n<h6 class=\"wp-block-heading\">Master<\/h6>\n\n\n\n<ul class=\"wp-block-list\">\n<li>Li Man Wai,&nbsp;<a href=\"https:\/\/www.merlin.uzh.ch\/publication\/show\/16581\">Blockchain Technology in International Trade and Finance &#8211; State of the Art<\/a><\/li>\n\n\n\n<li>Geetha Parangi,&nbsp;<a href=\"https:\/\/www.merlin.uzh.ch\/publication\/show\/16621\">Blockchain Governance types in different application domains<\/a><\/li>\n\n\n\n<li>Luis Andr\u00e9 Pinheiro Oliveira,&nbsp;<a href=\"https:\/\/www.merlin.uzh.ch\/publication\/show\/16662\">Car Coins: The Case for Implementing Tokens in the Blockchain-based Car Dossier Application<\/a><\/li>\n\n\n\n<li>Florian Spychiger, Consistent and Self-Sustaining Incentives in a Blockchain-Based Solution to the Lemons Problem<\/li>\n\n\n\n<li>Manuel Schlegel,&nbsp;<a href=\"https:\/\/www.merlin.uzh.ch\/publication\/show\/17039\">Unsqueezing the Bitter Lemon: Reducing Information Asymmetries and Enhancing Trust through Reputation Mechanisms and Blockchain Technology: Case of the Used Car Market in Switzerland<\/a><\/li>\n\n\n\n<li>Silvan Imhof,&nbsp;<a href=\"https:\/\/www.merlin.uzh.ch\/publication\/show\/17024\">Blockchain Car Dossier: What is there for State Organizations?<\/a><\/li>\n\n\n\n<li>Christine Graff,&nbsp;<a href=\"https:\/\/www.merlin.uzh.ch\/publication\/show\/18591\">Image Data on the Car Dossier: An Explorative Study<\/a><\/li>\n\n\n\n<li>Marjan Shabani,&nbsp;<a href=\"https:\/\/www.merlin.uzh.ch\/publication\/show\/20951\">Strategic Agility &#8211; How to adopt strategic agility?<\/a><\/li>\n<\/ul>\n\n\n\n<h4 class=\"wp-block-heading\">Teaching<\/h4>\n\n\n\n<ul class=\"wp-block-list\">\n<li><a href=\"https:\/\/www.ifi.uzh.ch\/en\/imrg\/teaching\/hs2024\/informationmanagement.html\">Information Management<\/a>&nbsp;(2024)<\/li>\n\n\n\n<li><a href=\"https:\/\/www.ifi.uzh.ch\/ifi\/en\/imrg\/teaching\/fs2022\/seminar-digitalePlatformen\">Seminar: Digital Platforms (Bachelor \/ Master)<\/a><\/li>\n\n\n\n<li><a href=\"https:\/\/www.blockchain.uzh.ch\/summer-school-deep-dive-into-blockchain\/\">UZH Summer School: Deep dive into Blockchain<\/a><\/li>\n\n\n\n<li><a href=\"https:\/\/www.ifi.uzh.ch\/en\/imrg\/teaching\/Earlier-Semesters\/ss2021\/seminar-informationsmanagement.html\">Seminar: Information Management (Bachelor \/ Master)<\/a><\/li>\n\n\n\n<li><a href=\"https:\/\/www.int.uzh.ch\/en\/in\/shortprograms\/UZH-International-Summer-Schools\/DeepDiveIntoBlockchain.html\">Deep Dive into Blockchain &#8211; Linking Economics, Technology and Law<\/a><\/li>\n\n\n\n<li><a href=\"https:\/\/www.ifi.uzh.ch\/en\/imrg\/teaching\/Earlier-Semesters\/fs2018\/informationmanagement.html\">Information Management (2018)<\/a><\/li>\n\n\n\n<li><a href=\"https:\/\/www.ifi.uzh.ch\/en\/imrg\/teaching\/Earlier-Semesters\/ss2018\/seminar-informationsmanagement.html\">Seminar: Information Management (Bachelor \/ Master) (2018)<\/a>&nbsp;<\/li>\n\n\n\n<li><a href=\"https:\/\/www.ifi.uzh.ch\/en\/imrg\/teaching\/Earlier-Semesters\/fs2017\/informationmanagement.html\">Information Management (2017)<\/a><\/li>\n\n\n\n<li><a href=\"https:\/\/www.ifi.uzh.ch\/en\/imrg\/teaching\/Earlier-Semesters\/fs2016\/informationmanagement.html\">Information Management (2016)<\/a><\/li>\n\n\n\n<li><a href=\"https:\/\/www.ifi.uzh.ch\/en\/imrg\/teaching\/Earlier-Semesters\/ss2016\/inf4oek.html\" target=\"_blank\" rel=\"noreferrer noopener\">Informatik f\u00fcr \u00d6konomen III (2016)<\/a><\/li>\n<\/ul>\n\n\n\n<h4 class=\"wp-block-heading\">Involvements<\/h4>\n\n\n\n<ul class=\"wp-block-list\">\n<li>Reviewed for major IS conferences (AMCIS, ECIS, ICIS, HICSS, WI)&nbsp;and journals (JIT, JMIS, JAIS, ISJ, Electronic Markets, BISE, IEEE TEM, ISeBM)<\/li>\n\n\n\n<li>2024 &#8211;&nbsp;Minitrack co-chair &#8220;Minitrack on Design, Implementation, and Management of Digital Government Policies and Strategies&#8221; at the<em>&nbsp;Hawaii International Conference on System Sciences (HICSS)<\/em><\/li>\n\n\n\n<li>2024 &#8211; present &#8211;&nbsp;Member of the editorial board,&nbsp;<a href=\"https:\/\/www.bise-journal.com\/\">BISE Journal<\/a><\/li>\n\n\n\n<li>2023 &#8211; present &#8211; Member of the editorial board,&nbsp;<a href=\"https:\/\/aisel.aisnet.org\/cais\/\">Communications of the Association for Information Systems<\/a><\/li>\n\n\n\n<li>2022 &#8211;&nbsp;Associate editor, Track \u201cFinancial Technologies (FinTech) und Blockchain\u201d,&nbsp;<em>International Conference on Wirtschaftsinformatik<\/em><\/li>\n\n\n\n<li>2021 &#8211;&nbsp;Associate editor, Track \u201cBlockchain, DLT, and Fintech\u201d at the<em>&nbsp;International Conference on Information Systems (ICIS)<\/em><\/li>\n\n\n\n<li>2018 &#8211; 2023&nbsp;&#8211; Minitrack co-chair &#8220;Blockchain technology&#8221; at the<em>&nbsp;Hawaii International Conference on System Sciences (HICSS)<\/em><\/li>\n\n\n\n<li>2017 &#8211; 2023 &#8211; Associate editor, Tracks &#8220;Financial Technology (FinTech) and the Digitization of Financial Service&#8221;, &#8220;The Token Economy \u2013 Blockchain Applications beyond FinTech&#8221;,&nbsp;\u201cBlockchain and Fintech track\u201d&nbsp;at the&nbsp;<em>European Conference on Information Systems (ECIS)<\/em><\/li>\n<\/ul>\n\n\n\n<p><\/p>\n","protected":false},"excerpt":{"rendered":"<p>Assistant Professor in Information Systems &amp; Digital Innovation UNIL | Universit\u00e9 de Lausanne \u2013 HECDepartment of Information Systems (DESI)Internef Building, Office 136CH-1015 Lausanne Short CV Research Interests Research Projects Supervised &hellip; <\/p>\n","protected":false},"author":1002893,"featured_media":0,"parent":194,"menu_order":0,"comment_status":"closed","ping_status":"closed","template":"","meta":{"_seopress_robots_primary_cat":"","_seopress_titles_title":"","_seopress_titles_desc":"","_seopress_robots_index":"","footnotes":""},"class_list":["post-207","page","type-page","status-publish"],"_links":{"self":[{"href":"https:\/\/wp.unil.ch\/dino\/wp-json\/wp\/v2\/pages\/207","targetHints":{"allow":["GET"]}}],"collection":[{"href":"https:\/\/wp.unil.ch\/dino\/wp-json\/wp\/v2\/pages"}],"about":[{"href":"https:\/\/wp.unil.ch\/dino\/wp-json\/wp\/v2\/types\/page"}],"author":[{"embeddable":true,"href":"https:\/\/wp.unil.ch\/dino\/wp-json\/wp\/v2\/users\/1002893"}],"replies":[{"embeddable":true,"href":"https:\/\/wp.unil.ch\/dino\/wp-json\/wp\/v2\/comments?post=207"}],"version-history":[{"count":5,"href":"https:\/\/wp.unil.ch\/dino\/wp-json\/wp\/v2\/pages\/207\/revisions"}],"predecessor-version":[{"id":438,"href":"https:\/\/wp.unil.ch\/dino\/wp-json\/wp\/v2\/pages\/207\/revisions\/438"}],"up":[{"embeddable":true,"href":"https:\/\/wp.unil.ch\/dino\/wp-json\/wp\/v2\/pages\/194"}],"wp:attachment":[{"href":"https:\/\/wp.unil.ch\/dino\/wp-json\/wp\/v2\/media?parent=207"}],"curies":[{"name":"wp","href":"https:\/\/api.w.org\/{rel}","templated":true}]}}