{"id":248,"date":"2022-07-13T16:31:26","date_gmt":"2022-07-13T14:31:26","guid":{"rendered":"https:\/\/wp.unil.ch\/dinarr\/?page_id=248"},"modified":"2024-09-30T14:32:51","modified_gmt":"2024-09-30T12:32:51","slug":"resultats-de-recherche","status":"publish","type":"page","link":"https:\/\/wp.unil.ch\/dinarr\/resultats-de-recherche\/","title":{"rendered":"R\u00c9SULTATS DE RECHERCHE"},"content":{"rendered":"\n<p>Nos r\u00e9sultats se pr\u00e9sentent sous plusieurs formes. Il s&rsquo;agit tout d&rsquo;abord d&rsquo;une enqu\u00eate de terrain r\u00e9alis\u00e9e par Luc Mahieu. On trouvera ci-dessous \u00e9galement une liste des publications scientifiques de notre \u00e9quipe, ainsi qu&rsquo;un r\u00e9capitulatif des interventions de notre \u00e9quipe dans divers cadres acad\u00e9miques.<\/p>\n\n\n\n<p>Deux liens suppl\u00e9mentaires conduisent d&rsquo;une part vers les journ\u00e9es d&rsquo;\u00e9tude r\u00e9alis\u00e9es en juillet 2023, d&rsquo;autre part vers le programme du colloque, actuellement en pr\u00e9paration, qui donnera \u00e0 notre recherche son bouclage. Ce programme n&rsquo;a pas fonction d&rsquo;appel \u00e0 contributions.<\/p>\n\n\n\n<div class=\"wp-block-buttons is-content-justification-center is-layout-flex wp-container-core-buttons-is-layout-16018d1d wp-block-buttons-is-layout-flex\">\n<div class=\"wp-block-button\"><a class=\"wp-block-button__link wp-element-button\" href=\"https:\/\/wp.unil.ch\/dinarr\/resultats-de-recherche\/enquete-de-terrain\/\">Enqu\u00eate de terrain<\/a><\/div>\n\n\n\n<div class=\"wp-block-button\"><a class=\"wp-block-button__link wp-element-button\" href=\"https:\/\/wp.unil.ch\/dinarr\/resultats-de-recherche\/publications-de-la-recherche\/\">Publications<\/a><\/div>\n\n\n\n<div class=\"wp-block-button\"><a class=\"wp-block-button__link wp-element-button\" href=\"https:\/\/wp.unil.ch\/dinarr\/wp-admin\/post-new.php?post_type=page\">Interventions<\/a><\/div>\n\n\n\n<div class=\"wp-block-button\"><a class=\"wp-block-button__link wp-element-button\" href=\"https:\/\/wp.unil.ch\/dinarr\/journees-detude-2023\/\">Journ\u00e9es d&rsquo;\u00e9tude 2023<\/a><\/div>\n\n\n\n<div class=\"wp-block-button\"><a class=\"wp-block-button__link wp-element-button\" href=\"https:\/\/wp.unil.ch\/dinarr\/wp-admin\/post.php?post=1676&amp;action=edit\">Colloque 2025<\/a><\/div>\n<\/div>\n\n\n\n<p><\/p>\n","protected":false},"excerpt":{"rendered":"<p>Nos r\u00e9sultats se pr\u00e9sentent sous plusieurs formes. Il s&rsquo;agit tout d&rsquo;abord d&rsquo;une enqu\u00eate de terrain r\u00e9alis\u00e9e par Luc Mahieu. On trouvera ci-dessous \u00e9galement une liste des publications scientifiques&hellip;<\/p>\n","protected":false},"author":1002371,"featured_media":1440,"parent":0,"menu_order":0,"comment_status":"closed","ping_status":"closed","template":"template-full-width-cover.php","meta":{"_seopress_robots_primary_cat":"","_seopress_titles_title":"","_seopress_titles_desc":"","_seopress_robots_index":"","footnotes":""},"class_list":["post-248","page","type-page","status-publish","has-post-thumbnail"],"_links":{"self":[{"href":"https:\/\/wp.unil.ch\/dinarr\/wp-json\/wp\/v2\/pages\/248","targetHints":{"allow":["GET"]}}],"collection":[{"href":"https:\/\/wp.unil.ch\/dinarr\/wp-json\/wp\/v2\/pages"}],"about":[{"href":"https:\/\/wp.unil.ch\/dinarr\/wp-json\/wp\/v2\/types\/page"}],"author":[{"embeddable":true,"href":"https:\/\/wp.unil.ch\/dinarr\/wp-json\/wp\/v2\/users\/1002371"}],"replies":[{"embeddable":true,"href":"https:\/\/wp.unil.ch\/dinarr\/wp-json\/wp\/v2\/comments?post=248"}],"version-history":[{"count":5,"href":"https:\/\/wp.unil.ch\/dinarr\/wp-json\/wp\/v2\/pages\/248\/revisions"}],"predecessor-version":[{"id":1697,"href":"https:\/\/wp.unil.ch\/dinarr\/wp-json\/wp\/v2\/pages\/248\/revisions\/1697"}],"wp:featuredmedia":[{"embeddable":true,"href":"https:\/\/wp.unil.ch\/dinarr\/wp-json\/wp\/v2\/media\/1440"}],"wp:attachment":[{"href":"https:\/\/wp.unil.ch\/dinarr\/wp-json\/wp\/v2\/media?parent=248"}],"curies":[{"name":"wp","href":"https:\/\/api.w.org\/{rel}","templated":true}]}}