{"id":2047,"date":"2025-05-27T09:44:47","date_gmt":"2025-05-27T07:44:47","guid":{"rendered":"https:\/\/wp.unil.ch\/dinarr\/?page_id=2047"},"modified":"2025-05-27T09:44:47","modified_gmt":"2025-05-27T07:44:47","slug":"evenements-scientifiques","status":"publish","type":"page","link":"https:\/\/wp.unil.ch\/dinarr\/evenements-scientifiques\/","title":{"rendered":"\u00c9V\u00c9NEMENTS SCIENTIFIQUES"},"content":{"rendered":"\n<p>Au cours du <a href=\"https:\/\/wp.unil.ch\/dinarr\/equipe__trashed\/le-projet-fns\/\" data-type=\"page\" data-id=\"1381\">projet de recherche<\/a>, l&rsquo;\u00e9quipe du DiNARR a eu l&rsquo;opportunit\u00e9 d&rsquo;organiser deux \u00e9v\u00e9nements scientifiques internationaux \u00e0 l&rsquo;Universit\u00e9 de Lausanne et \u00e0 la HEP Vaud.<\/p>\n\n\n\n<div class=\"wp-block-buttons is-layout-flex wp-block-buttons-is-layout-flex\">\n<div class=\"wp-block-button\"><a class=\"wp-block-button__link wp-element-button\" href=\"https:\/\/wp.unil.ch\/dinarr\/journees-detude-2023\/\" target=\"_blank\" rel=\"noreferrer noopener\">Journ\u00e9e d&rsquo;\u00e9tude 2023<\/a><\/div>\n\n\n\n<div class=\"wp-block-button\"><a class=\"wp-block-button__link wp-element-button\" href=\"https:\/\/wp.unil.ch\/dinarr\/resultats-de-recherche\/colloque-international-a-luniversite-de-lausanne-mars-2025\/\">Colloque 2025<\/a><\/div>\n<\/div>\n","protected":false},"excerpt":{"rendered":"<p>Au cours du projet de recherche, l&rsquo;\u00e9quipe du DiNARR a eu l&rsquo;opportunit\u00e9 d&rsquo;organiser deux \u00e9v\u00e9nements scientifiques internationaux \u00e0 l&rsquo;Universit\u00e9 de Lausanne et \u00e0 la HEP Vaud.<\/p>\n","protected":false},"author":1480,"featured_media":0,"parent":0,"menu_order":0,"comment_status":"closed","ping_status":"closed","template":"","meta":{"_seopress_robots_primary_cat":"","_seopress_titles_title":"","_seopress_titles_desc":"","_seopress_robots_index":"","footnotes":""},"class_list":["post-2047","page","type-page","status-publish","has-post-thumbnail"],"_links":{"self":[{"href":"https:\/\/wp.unil.ch\/dinarr\/wp-json\/wp\/v2\/pages\/2047","targetHints":{"allow":["GET"]}}],"collection":[{"href":"https:\/\/wp.unil.ch\/dinarr\/wp-json\/wp\/v2\/pages"}],"about":[{"href":"https:\/\/wp.unil.ch\/dinarr\/wp-json\/wp\/v2\/types\/page"}],"author":[{"embeddable":true,"href":"https:\/\/wp.unil.ch\/dinarr\/wp-json\/wp\/v2\/users\/1480"}],"replies":[{"embeddable":true,"href":"https:\/\/wp.unil.ch\/dinarr\/wp-json\/wp\/v2\/comments?post=2047"}],"version-history":[{"count":2,"href":"https:\/\/wp.unil.ch\/dinarr\/wp-json\/wp\/v2\/pages\/2047\/revisions"}],"predecessor-version":[{"id":2050,"href":"https:\/\/wp.unil.ch\/dinarr\/wp-json\/wp\/v2\/pages\/2047\/revisions\/2050"}],"wp:attachment":[{"href":"https:\/\/wp.unil.ch\/dinarr\/wp-json\/wp\/v2\/media?parent=2047"}],"curies":[{"name":"wp","href":"https:\/\/api.w.org\/{rel}","templated":true}]}}