{"id":2025,"date":"2025-05-26T11:01:52","date_gmt":"2025-05-26T09:01:52","guid":{"rendered":"https:\/\/wp.unil.ch\/dinarr\/?page_id=2025"},"modified":"2025-06-02T14:26:49","modified_gmt":"2025-06-02T12:26:49","slug":"exemples-pratiques","status":"publish","type":"page","link":"https:\/\/wp.unil.ch\/dinarr\/exemples-pratiques\/","title":{"rendered":"EXEMPLES PRATIQUES"},"content":{"rendered":"\n<p>Il s\u2019agit ici de montrer comment les concepts th\u00e9oriques se concr\u00e9tisent textuellement ou graphiquement. Il devient alors possible de les utiliser pour l\u2019\u00e9tayage de l\u2019interpr\u00e9tation, de fa\u00e7on \u00e0 mettre en lumi\u00e8re les techniques narratives mobilis\u00e9es pour susciter ou maintenir l\u2019int\u00e9r\u00eat du public. Ce corpus d\u2019analyses, qui sera r\u00e9guli\u00e8rement augment\u00e9, inclut un syst\u00e8me de r\u00e9f\u00e9rencement permettant la navigation, entre la d\u00e9finition d\u2019un concept et l\u2019\u00e9tude de ses manifestations concr\u00e8tes, dans une grande diversit\u00e9 de r\u00e9cits. Le but est aussi de montrer comment la signification du r\u00e9cit et les effets de lecture se construisent sur la base d\u2019un enchev\u00eatrement de param\u00e8tres narratifs corr\u00e9l\u00e9s entre eux. Il s\u2019agit donc de passer d\u2019une approche analytique et descriptive \u00e0 une approche des ph\u00e9nom\u00e8nes orient\u00e9e vers l\u2019interpr\u00e9tation du sens et de la valeur des r\u00e9cits, et sur la mani\u00e8re dont ils entrent en r\u00e9sonance avec l\u2019exp\u00e9rience du sujet-lecteur\u00b7trice. \u00c0 terme, cette page pourrait aussi int\u00e9grer des fiches pratiques \u00e9labor\u00e9es par des enseignant\u00b7e\u00b7s qui auront choisi de s\u2019approprier les outils d\u2019analyse pr\u00e9sent\u00e9s sur ce site.<\/p>\n\n\n\n<p>On trouvera ci-dessous quelques exemples d\u2019\u0153uvres pr\u00e9sentant une richesse particuli\u00e8re par l&rsquo;usage qu&rsquo;elles font des notions narratologiques en jeu dans notre recherche. Pour chaque \u0153uvre, on proposera d&rsquo;une part les \u00e9l\u00e9ments n\u00e9cessaires \u00e0 la confection d&rsquo;une analyse personnalisable, d&rsquo;autre part une proposition d&rsquo;analyse compl\u00e8te.<\/p>\n\n\n\n<h2 class=\"wp-block-heading has-large-font-size\">Romans, nouvelles, litt\u00e9rature jeunesse<\/h2>\n\n\n\n<p>Du point de vue de leur forme m\u00e9diatique, les textes class\u00e9s dans cette cat\u00e9gorie correspondent \u00e0 des narrations verbales \u00e9crites s&rsquo;inscrivant dans le genre de la fiction, ce qui correspond \u00e0 l&rsquo;une des d\u00e9finitions courantes des textes \u00ab\u00a0litt\u00e9raires\u00a0\u00bb, en dehors de tout jugement concernant leur qualit\u00e9s formelles ou esth\u00e9tiques ou concernant les genres (populaires ou non) auxquels ils se rattachent.<\/p>\n\n\n\n<p><a href=\"https:\/\/wp.unil.ch\/dinarr\/christie-ils-etaient-dix\/\">Christie &#8211; Ils \u00e9taient dix<\/a><\/p>\n\n\n\n<p><a href=\"https:\/\/wp.unil.ch\/dinarr\/dumas-le-comte-de-monte-cristo\/\">Dumas &#8211; Le comte de Monte-Cristo<\/a><\/p>\n\n\n\n<p><a href=\"https:\/\/wp.unil.ch\/dinarr\/m-ndiaye-revelation\/\">NDiaye &#8211; R\u00e9v\u00e9lation<\/a><\/p>\n\n\n\n<p><a href=\"https:\/\/wp.unil.ch\/dinarr\/manchette-o-dingos-o-chateaux\/\">Manchette &#8211; \u00d4 dingos, \u00f4 ch\u00e2teaux<\/a><\/p>\n\n\n\n<p><a href=\"https:\/\/wp.unil.ch\/dinarr\/a-rivaz-le-chemin-des-amoureux\/\">Rivaz &#8211; Le chemin des amoureux<\/a><\/p>\n\n\n\n<p><a href=\"https:\/\/wp.unil.ch\/dinarr\/j-boyne-le-garcon-au-pyjama-raye\/\">Boyne &#8211; Le gar\u00e7on au pyjama ray\u00e9<\/a><\/p>\n\n\n\n<h2 class=\"wp-block-heading has-large-font-size\">Th\u00e9\u00e2tre<\/h2>\n\n\n\n<p>Du point de vue de leur forme m\u00e9diatique, les textes class\u00e9s dans cette cat\u00e9gorie correspondent \u00e0  des textes dramatiques ou \u00e0 des repr\u00e9sentation th\u00e9\u00e2trale de ces textes. Cette double nature du th\u00e9\u00e2tre recouvre donc deux r\u00e9gime de mat\u00e9rialit\u00e9 diff\u00e9rents, dont il s&rsquo;agit de tenir compte.<\/p>\n\n\n\n<p><a href=\"https:\/\/wp.unil.ch\/dinarr\/moliere-dom-juan\/\">Moli\u00e8re &#8211; Dom Juan<\/a><\/p>\n\n\n\n<h2 class=\"wp-block-heading has-large-font-size\">Bandes dessin\u00e9es<\/h2>\n\n\n\n<p>Du point de vue de leur forme m\u00e9diatique, les r\u00e9cits class\u00e9s dans cette cat\u00e9gorie correspondent \u00e0 des r\u00e9cits graphiques combinant des s\u00e9quences de cases dessin\u00e9es avec des \u00e9l\u00e9ments textuels (r\u00e9citatifs, dialogues, bulles de pens\u00e9e, onomatop\u00e9es, etc.). Cette cat\u00e9gorie ne fait pas de distinction entre les albums de bande dessin\u00e9e classiques et le genre identifi\u00e9 par l&rsquo;expression \u00ab\u00a0roman graphique\u00a0\u00bb.<\/p>\n\n\n\n<p><a rel=\"noreferrer noopener\" href=\"https:\/\/wp.unil.ch\/dinarr\/peeters-constellation\/\" target=\"_blank\">Peeters &#8211; Constellation<\/a><\/p>\n\n\n\n<h2 class=\"wp-block-heading has-large-font-size\">R\u00e9cits m\u00e9diatiques<\/h2>\n\n\n\n<p>Du point de vue de leur forme m\u00e9diatique, les r\u00e9cits class\u00e9s dans cette cat\u00e9gorie correspondent \u00e0 des narrations verbales imprim\u00e9es qui se r\u00e9f\u00e8rent \u00e0 des \u00e9v\u00e9nements r\u00e9els et que l&rsquo;on peut rattacher au support de la presse d&rsquo;information au sens large (quotidiens, magazines hebdomadaires, etc.).<\/p>\n\n\n\n<p><a href=\"https:\/\/wp.unil.ch\/dinarr\/attentats-du-bataclan\/\">Le Monde, Les Inrockuptibles &#8211; Attentats du Bataclan<\/a><\/p>\n","protected":false},"excerpt":{"rendered":"<p>Il s\u2019agit ici de montrer comment les concepts th\u00e9oriques se concr\u00e9tisent textuellement ou graphiquement. Il devient alors possible de les utiliser pour l\u2019\u00e9tayage de l\u2019interpr\u00e9tation, de fa\u00e7on \u00e0&hellip;<\/p>\n","protected":false},"author":1480,"featured_media":0,"parent":0,"menu_order":0,"comment_status":"closed","ping_status":"closed","template":"template-full-width.php","meta":{"_seopress_robots_primary_cat":"","_seopress_titles_title":"","_seopress_titles_desc":"","_seopress_robots_index":"","footnotes":""},"class_list":["post-2025","page","type-page","status-publish","has-post-thumbnail"],"_links":{"self":[{"href":"https:\/\/wp.unil.ch\/dinarr\/wp-json\/wp\/v2\/pages\/2025","targetHints":{"allow":["GET"]}}],"collection":[{"href":"https:\/\/wp.unil.ch\/dinarr\/wp-json\/wp\/v2\/pages"}],"about":[{"href":"https:\/\/wp.unil.ch\/dinarr\/wp-json\/wp\/v2\/types\/page"}],"author":[{"embeddable":true,"href":"https:\/\/wp.unil.ch\/dinarr\/wp-json\/wp\/v2\/users\/1480"}],"replies":[{"embeddable":true,"href":"https:\/\/wp.unil.ch\/dinarr\/wp-json\/wp\/v2\/comments?post=2025"}],"version-history":[{"count":3,"href":"https:\/\/wp.unil.ch\/dinarr\/wp-json\/wp\/v2\/pages\/2025\/revisions"}],"predecessor-version":[{"id":2056,"href":"https:\/\/wp.unil.ch\/dinarr\/wp-json\/wp\/v2\/pages\/2025\/revisions\/2056"}],"wp:attachment":[{"href":"https:\/\/wp.unil.ch\/dinarr\/wp-json\/wp\/v2\/media?parent=2025"}],"curies":[{"name":"wp","href":"https:\/\/api.w.org\/{rel}","templated":true}]}}