{"id":2018,"date":"2025-05-26T10:13:30","date_gmt":"2025-05-26T08:13:30","guid":{"rendered":"https:\/\/wp.unil.ch\/dinarr\/?page_id=2018"},"modified":"2025-06-03T08:46:26","modified_gmt":"2025-06-03T06:46:26","slug":"equipe","status":"publish","type":"page","link":"https:\/\/wp.unil.ch\/dinarr\/equipe\/","title":{"rendered":"L&rsquo;\u00c9QUIPE"},"content":{"rendered":"\n<div class=\"wp-block-columns is-layout-flex wp-container-core-columns-is-layout-9d6595d7 wp-block-columns-is-layout-flex\">\n<div class=\"wp-block-column is-layout-flow wp-block-column-is-layout-flow\" style=\"flex-basis:20%\">\n<figure class=\"wp-block-image size-large\"><img alt=\"\" loading=\"lazy\" decoding=\"async\" width=\"768\" height=\"1024\" src=\"https:\/\/wp.unil.ch\/dinarr\/files\/2022\/08\/image0-768x1024.jpeg\" alt=\"\" class=\"wp-image-627\" srcset=\"https:\/\/wp.unil.ch\/dinarr\/files\/2022\/08\/image0-768x1024.jpeg 768w, https:\/\/wp.unil.ch\/dinarr\/files\/2022\/08\/image0-225x300.jpeg 225w, https:\/\/wp.unil.ch\/dinarr\/files\/2022\/08\/image0-540x720.jpeg 540w, https:\/\/wp.unil.ch\/dinarr\/files\/2022\/08\/image0.jpeg 900w\" sizes=\"auto, (max-width: 768px) 100vw, 768px\" \/><\/figure>\n<\/div>\n\n\n\n<div class=\"wp-block-column is-layout-flow wp-block-column-is-layout-flow\" style=\"flex-basis:80%\">\n<h5 class=\"wp-block-heading\">RAPHA\u00cbL BARONI<\/h5>\n\n\n\n<p>Rapha\u00ebl Baroni est professeur associ\u00e9 \u00e0 l\u2019\u00c9cole de fran\u00e7ais langue \u00e9trang\u00e8re de l\u2019Universit\u00e9 de Lausanne. Ses travaux portent sur la th\u00e9orie du r\u00e9cit et la didactique du fran\u00e7ais. Il s\u2019int\u00e9resse aussi \u00e0 l\u2019\u00e9tude des m\u00e9dias, avec un int\u00e9r\u00eat particulier pour la bande dessin\u00e9e et la transition num\u00e9rique de la culture. Il a publi\u00e9\u00a0<em>La tension narrative<\/em>\u00a0(Seuil, 2007),\u00a0<em>L\u2019\u0153uvre du temps<\/em>\u00a0(Seuil, 2009),\u00a0<em>Les rouages de l\u2019intrigue<\/em>\u00a0(Slatkine, 2017) et\u00a0<em>Lire Houellebecq\u00a0<\/em>(Slatkine, 2022). Il a cr\u00e9\u00e9 avec Th\u00e9r\u00e8se Jeanneret le Groupe de recherche sur les biographies langagi\u00e8res (GReBL). Il a aussi particip\u00e9 \u00e0 la cr\u00e9ation du groupe de recherche\u00a0Enseigner la litt\u00e9rature en langue \u00e9trang\u00e8re ou seconde\u00a0(ELL2), du\u00a0Groupe d\u2019\u00e9tude sur la bande dessin\u00e9e\u00a0(<a class=\"\" href=\"https:\/\/wp.unil.ch\/grebd\/\">GrEBD<\/a>),\u00a0du P\u00f4le de narratologie transm\u00e9diale\u00a0(<a class=\"\" href=\"https:\/\/wp.unil.ch\/narratologie\/natrans\/\">NaTrans<\/a>) et du\u00a0R\u00e9seau des narratologues francophones\u00a0(<a class=\"\" href=\"https:\/\/wp.unil.ch\/narratologie\/renaf\/\">R\u00e9NaF<\/a>). De 2021 \u00e0 2024, il a pr\u00e9sid\u00e9 l\u2019Association internationale pour la recherche en litt\u00e9ratures populaires et cultures m\u00e9diatiques (<a class=\"\" href=\"https:\/\/lpcm.hypotheses.org\/\">LPCM<\/a>).<\/p>\n<\/div>\n<\/div>\n\n\n\n<div class=\"wp-block-columns is-layout-flex wp-container-core-columns-is-layout-9d6595d7 wp-block-columns-is-layout-flex\">\n<div class=\"wp-block-column is-layout-flow wp-block-column-is-layout-flow\" style=\"flex-basis:20%\">\n<figure class=\"wp-block-image size-full\"><img alt=\"\" loading=\"lazy\" decoding=\"async\" width=\"870\" height=\"960\" src=\"https:\/\/wp.unil.ch\/dinarr\/files\/2023\/06\/photo_profil-1.png\" alt=\"\" class=\"wp-image-1217\" srcset=\"https:\/\/wp.unil.ch\/dinarr\/files\/2023\/06\/photo_profil-1.png 870w, https:\/\/wp.unil.ch\/dinarr\/files\/2023\/06\/photo_profil-1-272x300.png 272w, https:\/\/wp.unil.ch\/dinarr\/files\/2023\/06\/photo_profil-1-768x847.png 768w, https:\/\/wp.unil.ch\/dinarr\/files\/2023\/06\/photo_profil-1-540x596.png 540w\" sizes=\"auto, (max-width: 870px) 100vw, 870px\" \/><\/figure>\n<\/div>\n\n\n\n<div class=\"wp-block-column is-layout-flow wp-block-column-is-layout-flow\" style=\"flex-basis:80%\">\n<h5 class=\"wp-block-heading\">VANESSA DEPALLENS<\/h5>\n\n\n\n<p>Titulaire d\u2019un doctorat en didactique de la litt\u00e9rature d\u00e9di\u00e9 aux \u00e9motions de la lecture scolaire, Vanessa Depallens enseigne le fran\u00e7ais au coll\u00e8ge depuis plusieurs ann\u00e9es.&nbsp;Apr\u00e8s avoir travaill\u00e9 au degr\u00e9 primaire, puis \u00e0 la HEP Vaud o\u00f9 elle a notamment mis sur pied un projet consacr\u00e9 au BookTubing, elle rejoint le projet DiNarr en tant que chercheuse FNS Senior. Sa contribution principale consiste \u00e0 penser la dimension enseignable de th\u00e9ories du r\u00e9cit et d\u2019activit\u00e9s li\u00e9es qui se retrouvent au coeur du projet.<\/p>\n<\/div>\n<\/div>\n\n\n\n<div class=\"wp-block-columns is-layout-flex wp-container-core-columns-is-layout-9d6595d7 wp-block-columns-is-layout-flex\">\n<div class=\"wp-block-column is-layout-flow wp-block-column-is-layout-flow\" style=\"flex-basis:20%\">\n<figure class=\"wp-block-image size-full\"><img alt=\"\" loading=\"lazy\" decoding=\"async\" width=\"270\" height=\"270\" src=\"https:\/\/wp.unil.ch\/dinarr\/files\/2022\/07\/Photo-Luc-Mahieu.jpg\" alt=\"\" class=\"wp-image-252\" srcset=\"https:\/\/wp.unil.ch\/dinarr\/files\/2022\/07\/Photo-Luc-Mahieu.jpg 270w, https:\/\/wp.unil.ch\/dinarr\/files\/2022\/07\/Photo-Luc-Mahieu-150x150.jpg 150w\" sizes=\"auto, (max-width: 270px) 100vw, 270px\" \/><\/figure>\n<\/div>\n\n\n\n<div class=\"wp-block-column is-vertically-aligned-top is-layout-flow wp-block-column-is-layout-flow\" style=\"flex-basis:80%\">\n<h5 class=\"wp-block-heading\">LUC MAHIEU<\/h5>\n\n\n\n<p>Enseignant de fran\u00e7ais et d&rsquo;histoire jusqu&rsquo;en 2022, puis doctorant FNS dans le cadre du projet DiNarr, Luc Mahieu se charge prioritairement de la perspective descriptive du projet en menant une enqu\u00eate de terrain en Belgique, France, Suisse et au Qu\u00e9bec. Sa contribution prend la forme d\u2019une th\u00e8se sur la place des th\u00e9ories du r\u00e9cit dans les pratiques d\u00e9clar\u00e9es des enseignant\u00b7e\u00b7s de fran\u00e7ais au secondaire, ce qui fait de lui notre ambassadeur dans quasiment toute la francophonie.<\/p>\n<\/div>\n<\/div>\n\n\n\n<div class=\"wp-block-columns is-layout-flex wp-container-core-columns-is-layout-9d6595d7 wp-block-columns-is-layout-flex\">\n<div class=\"wp-block-column is-layout-flow wp-block-column-is-layout-flow\" style=\"flex-basis:20%\">\n<figure class=\"wp-block-image size-full is-resized\"><img alt=\"\" loading=\"lazy\" decoding=\"async\" width=\"200\" height=\"200\" src=\"https:\/\/wp.unil.ch\/dinarr\/files\/2022\/07\/FIona.jpeg\" alt=\"\" class=\"wp-image-254\" style=\"aspect-ratio:1;object-fit:cover;width:221px\" srcset=\"https:\/\/wp.unil.ch\/dinarr\/files\/2022\/07\/FIona.jpeg 200w, https:\/\/wp.unil.ch\/dinarr\/files\/2022\/07\/FIona-150x150.jpeg 150w\" sizes=\"auto, (max-width: 200px) 100vw, 200px\" \/><\/figure>\n<\/div>\n\n\n\n<div class=\"wp-block-column is-layout-flow wp-block-column-is-layout-flow\" style=\"flex-basis:80%\">\n<h5 class=\"wp-block-heading\">FIONA MORENO<\/h5>\n\n\n\n<p>Chercheuse FNS Senior dans le cadre du projet DiNarr, Fiona Moreno est narratologue de formation, titulaire d&rsquo;un doctorat am\u00e9ricain consacr\u00e9 aux enjeux socio-affectifs de \u00ab\u00a0l&rsquo;entr\u00e9e en litt\u00e9rature\u00a0\u00bb francophone, et didacticienne du fran\u00e7ais. Son activit\u00e9 principale hors-UNIL consiste \u00e0 coordonner &#8211; depuis la HEP Vaud, o\u00f9 elle est par ailleurs charg\u00e9e de mission &#8211; les activit\u00e9s du&nbsp;<a href=\"https:\/\/www.2cr2d.ch\/\">Centre de comp\u00e9tences romand de didactique disciplinaire<\/a>, structure interinstitutionnelle promouvant la recherche sur l&rsquo;enseignement des diff\u00e9rentes disciplines aux degr\u00e9s primaire et secondaire. Ses contributions au projet s&rsquo;inscrivent \u00e0 l&rsquo;intersection de ces diff\u00e9rents domaines.<\/p>\n<\/div>\n<\/div>\n\n\n\n<div class=\"wp-block-columns is-layout-flex wp-container-core-columns-is-layout-9d6595d7 wp-block-columns-is-layout-flex\">\n<div class=\"wp-block-column is-layout-flow wp-block-column-is-layout-flow\" style=\"flex-basis:20%\">\n<figure class=\"wp-block-image size-full\"><img alt=\"\" loading=\"lazy\" decoding=\"async\" width=\"520\" height=\"723\" src=\"https:\/\/wp.unil.ch\/dinarr\/files\/2022\/07\/Photo.jpg\" alt=\"\" class=\"wp-image-256\" srcset=\"https:\/\/wp.unil.ch\/dinarr\/files\/2022\/07\/Photo.jpg 520w, https:\/\/wp.unil.ch\/dinarr\/files\/2022\/07\/Photo-216x300.jpg 216w\" sizes=\"auto, (max-width: 520px) 100vw, 520px\" \/><\/figure>\n<\/div>\n\n\n\n<div class=\"wp-block-column is-layout-flow wp-block-column-is-layout-flow\" style=\"flex-basis:80%\">\n<h5 class=\"wp-block-heading\">GASPARD TURIN<\/h5>\n\n\n\n<p>Charg\u00e9 de recherche FNS rattach\u00e9 \u00e0 l&rsquo;EFLE, Gaspard Turin assure un r\u00f4le de coordination, de r\u00e9daction et d&rsquo;analyses de donn\u00e9es. Ses activit\u00e9s partielles d&rsquo;enseignement dans le secondaire 2 (gymnase) font de lui une personne-ressource lorsqu&rsquo;un besoin d&rsquo;ajustement se fait sentir entre la th\u00e9orie et le terrain. Lorsque ce site aura fini d&rsquo;\u00eatre en construction, il pourra en revendiquer l&rsquo;essentiel de la paternit\u00e9. Hormis son activit\u00e9 au sein du projet DiNarr, ses recherches portent sur la litt\u00e9rature de l&rsquo;imm\u00e9diat contemporain et ses particularit\u00e9s formelles &#8211; il est l&rsquo;auteur de <em>Po\u00e9tique et usages de la liste litt\u00e9raire<\/em>.<em> Le Cl\u00e9zio, Modiano, Perec<\/em> (Droz, 2017) &#8211; ainsi que sur les enjeux de la transmission didactique de la litt\u00e9rature, dans un sens \u00e9largi \u00e0 ses pratiques transm\u00e9diales (BD, jeux de r\u00f4le, chanson).<\/p>\n<\/div>\n<\/div>\n\n\n\n<div class=\"wp-block-columns is-layout-flex wp-container-core-columns-is-layout-9d6595d7 wp-block-columns-is-layout-flex\">\n<div class=\"wp-block-column is-layout-flow wp-block-column-is-layout-flow\" style=\"flex-basis:20%\">\n<figure class=\"wp-block-image size-full wp-duotone-unset-1\"><img alt=\"\" loading=\"lazy\" decoding=\"async\" width=\"320\" height=\"400\" src=\"https:\/\/wp.unil.ch\/dinarr\/files\/2025\/02\/DSF4225-edited.jpg\" alt=\"\" class=\"wp-image-1956\" srcset=\"https:\/\/wp.unil.ch\/dinarr\/files\/2025\/02\/DSF4225-edited.jpg 320w, https:\/\/wp.unil.ch\/dinarr\/files\/2025\/02\/DSF4225-edited-240x300.jpg 240w\" sizes=\"auto, (max-width: 320px) 100vw, 320px\" \/><\/figure>\n<\/div>\n\n\n\n<div class=\"wp-block-column is-layout-flow wp-block-column-is-layout-flow\" style=\"flex-basis:80%\">\n<h5 class=\"wp-block-heading\">Olivier Stucky<\/h5>\n\n\n\n<p>Chercheur FNS Senior dans le cadre du projet DiNarr, Olivier Stucky est principalement engag\u00e9 \u00e0 partir de f\u00e9vrier 2025 pour l&rsquo;organisation et la coordination du colloque <a href=\"https:\/\/wp.unil.ch\/dinarr\/resultats-de-recherche\/colloque-international-a-luniversite-de-lausanne-mars-2025\/\" data-type=\"page\" data-id=\"1676\">\u00ab\u00a0Pour une th\u00e9orie du r\u00e9cit impliqu\u00e9e: outils narratologiques et enseignement du fran\u00e7ais\u00a0\u00bb<\/a>. Avec Rapha\u00ebl Baroni, il en co\u00e9dite une partie des actes dans les <em><a href=\"https:\/\/journals.openedition.org\/narratologie\/\" data-type=\"link\" data-id=\"https:\/\/journals.openedition.org\/narratologie\/\" target=\"_blank\" rel=\"noreferrer noopener\">Cahiers de narratologie<\/a><\/em>. D\u00e8s son engagement, il reprend, en outre, l&rsquo;\u00e9dition et l&rsquo;animation du site web associ\u00e9 au DiNarr. En parall\u00e8le de ses activit\u00e9s au sein de ce projet, ses recherches s&rsquo;inscrivent principalement dans le champ des \u00e9tudes sur la bandes dessin\u00e9e et, plus largement, des cultures populaires et m\u00e9diatiques en Europe francophone. Il est un membre actif du&nbsp;Groupe d\u2019\u00e9tude sur la bande dessin\u00e9e&nbsp;(<a class=\"\" href=\"https:\/\/wp.unil.ch\/grebd\/\">GrEBD<\/a>),&nbsp;du P\u00f4le de narratologie transm\u00e9diale&nbsp;(<a class=\"\" href=\"https:\/\/wp.unil.ch\/narratologie\/natrans\/\">NaTrans<\/a>) et du&nbsp;R\u00e9seau des narratologues francophones&nbsp;(<a class=\"\" href=\"https:\/\/wp.unil.ch\/narratologie\/renaf\/\">R\u00e9NaF<\/a>). D\u00e8s 2025, il int\u00e8gre le bureau de l\u2019Association internationale des chercheurs en litt\u00e9ratures populaires et culture m\u00e9diatique (<a class=\"\" href=\"https:\/\/lpcm.hypotheses.org\/\">LPCM<\/a>).<\/p>\n<\/div>\n<\/div>\n\n\n\n<h2 class=\"wp-block-heading has-large-font-size\">PARTENAIRES DU PROJET<\/h2>\n\n\n\n<p>Jean-Fran\u00e7ois Boutin &#8211; UQAR-L\u00e9vis<\/p>\n\n\n\n<p>Vincent Capt &#8211; HEP Vaud<\/p>\n\n\n\n<p>Bertrand Daunay &#8211; Universit\u00e9 de Lille-CIREL<\/p>\n\n\n\n<p>J\u00e9r\u00f4me David &#8211; UNIGE<\/p>\n\n\n\n<p>Nathalie Denizot &#8211; Sorbonne Universit\u00e9, INSPE Paris<\/p>\n\n\n\n<p>Jean-Louis Dufays &#8211; UCLouvain, cotutelle de th\u00e8se de L. Mahieu<\/p>\n\n\n\n<p>Chlo\u00e9 Gabathuler &#8211; HEP Valais<\/p>\n\n\n\n<p><\/p>\n\n\n\n<h2 class=\"wp-block-heading has-large-font-size\">NOTE SUR LA QUESTION DE L&rsquo;\u00c9CRITURE INCLUSIVE<\/h2>\n\n\n\n<p class=\"has-normal-font-size\">D\u00e9sireux\u00b7ses de promouvoir l&rsquo;\u00e9criture inclusive dans le cadre de ce site, nous nous sommes trouv\u00e9\u00b7e\u00b7s g\u00ean\u00e9\u00b7e\u00b7s devant un constat simple: de nombreux termes extr\u00eamement courants dans le vocabulaire des  disciplines repr\u00e9sent\u00e9es ici courraient le risque, s&rsquo;ils \u00e9taient modifi\u00e9s, de pr\u00e9senter un d\u00e9calage conceptuel dans les champs de recherches auxquels ils sont associ\u00e9s. De plus, leur indexation informatique \u00e0 des fins de r\u00e9f\u00e9rencement et de visibilit\u00e9 s&rsquo;en trouverait compromise.<\/p>\n\n\n\n<p class=\"has-normal-font-size\">C&rsquo;est pourquoi on lira ici les termes <em>sujet-lecteur<\/em>, <em>narrateur<\/em>, <em>personnage<\/em>, <em>je narr\u00e9<\/em> ou <em>narrant<\/em> [&#8230;] au masculin compris comme non marqu\u00e9, \u00e9tant entendu que ce choix se rapporte \u00e0 une codification que nous souhaiterions neutre, alors qu&rsquo;elle trouve son origine dans une histoire patriarcale de la langue.<\/p>\n\n\n\n<p>Partout o\u00f9 cela reste possible, n\u00e9anmoins, nous adoptons le point m\u00e9dian, notamment pour les termes lecteur\u00b7rice, enseignant\u00b7e, chercheur\u00b7euse, auteur\u00b7e ou \u00e9crivain\u00b7e.<\/p>\n","protected":false},"excerpt":{"rendered":"<p>RAPHA\u00cbL BARONI Rapha\u00ebl Baroni est professeur associ\u00e9 \u00e0 l\u2019\u00c9cole de fran\u00e7ais langue \u00e9trang\u00e8re de l\u2019Universit\u00e9 de Lausanne. Ses travaux portent sur la th\u00e9orie du r\u00e9cit et la didactique&hellip;<\/p>\n","protected":false},"author":1480,"featured_media":0,"parent":0,"menu_order":0,"comment_status":"closed","ping_status":"closed","template":"","meta":{"_seopress_robots_primary_cat":"","_seopress_titles_title":"","_seopress_titles_desc":"","_seopress_robots_index":"","_seopress_analysis_target_kw":"","footnotes":""},"class_list":["post-2018","page","type-page","status-publish","has-post-thumbnail"],"_links":{"self":[{"href":"https:\/\/wp.unil.ch\/dinarr\/wp-json\/wp\/v2\/pages\/2018","targetHints":{"allow":["GET"]}}],"collection":[{"href":"https:\/\/wp.unil.ch\/dinarr\/wp-json\/wp\/v2\/pages"}],"about":[{"href":"https:\/\/wp.unil.ch\/dinarr\/wp-json\/wp\/v2\/types\/page"}],"author":[{"embeddable":true,"href":"https:\/\/wp.unil.ch\/dinarr\/wp-json\/wp\/v2\/users\/1480"}],"replies":[{"embeddable":true,"href":"https:\/\/wp.unil.ch\/dinarr\/wp-json\/wp\/v2\/comments?post=2018"}],"version-history":[{"count":5,"href":"https:\/\/wp.unil.ch\/dinarr\/wp-json\/wp\/v2\/pages\/2018\/revisions"}],"predecessor-version":[{"id":2058,"href":"https:\/\/wp.unil.ch\/dinarr\/wp-json\/wp\/v2\/pages\/2018\/revisions\/2058"}],"wp:attachment":[{"href":"https:\/\/wp.unil.ch\/dinarr\/wp-json\/wp\/v2\/media?parent=2018"}],"curies":[{"name":"wp","href":"https:\/\/api.w.org\/{rel}","templated":true}]}}