{"id":1853,"date":"2025-01-17T11:02:59","date_gmt":"2025-01-17T10:02:59","guid":{"rendered":"https:\/\/wp.unil.ch\/dinarr\/?page_id=1853"},"modified":"2025-01-17T11:12:02","modified_gmt":"2025-01-17T10:12:02","slug":"references","status":"publish","type":"page","link":"https:\/\/wp.unil.ch\/dinarr\/references\/","title":{"rendered":"R\u00e9f\u00e9rences"},"content":{"rendered":"\n<p>Canvat, Karl (2000), \u00ab&nbsp;Quels savoirs pour l\u2019enseignement de la litt\u00e9rature&nbsp;? R\u00e9flexions et propositions&nbsp;\u00bb, in&nbsp;<em>Enseigner la litt\u00e9rature,&nbsp;<\/em>Toulouse, Delagrave \/ CRDP, p. 57-72.<\/p>\n\n\n\n<p>Denizot, Nathalie (2023), \u00ab&nbsp;<a href=\"https:\/\/www.transpositio.org\/articles\/view\/l-aventure-scolaire-de-la-narratologie\">L\u2019aventure scolaire de la narratologie<\/a>&nbsp;\u00bb,&nbsp;<em>Transpositio<\/em>, n\u00b0&nbsp;6, en ligne.<\/p>\n\n\n\n<p>Halt\u00e9, Jean-Fran\u00e7ois (1992),&nbsp;<em>La Didactique du fran\u00e7ais<\/em>, Paris, P.U.F., coll. Que sais-je&nbsp;?<\/p>\n\n\n\n<p>Lanser, Susan S.&nbsp;(2019), \u00ab&nbsp;The (Ir)Relevance of Narratology&nbsp;\u00bb, in&nbsp;<em>Relevance and Narrative Research<\/em>, M.&nbsp;Chihaia&nbsp;&amp; K.&nbsp;Rennhak&nbsp;(dir.), London, Lexington Books, p. 3-18.<\/p>\n\n\n\n<p>Mahieu, Luc (2023), \u00ab&nbsp;<a href=\"https:\/\/www.transpositio.org\/articles\/view\/la-narratologie-en-classe-de-francais-premiers-resultats-d-une-enquete-internationale\">La narratologie en classe de fran\u00e7ais&nbsp;: premiers r\u00e9sultats d\u2019une enqu\u00eate internationale&nbsp;<\/a>\u00bb,&nbsp;<em>Transpositio<\/em>, n\u00b0&nbsp;6, en ligne.<\/p>\n\n\n\n<p>Turin, Gaspard, Luc Mahieu, Rapha\u00ebl Baroni (dir.) (2023), \u00ab&nbsp;<a href=\"https:\/\/www.transpositio.org\/categories\/view\/n-6-les-outils-narratologiques-pour-l-enseignement-du-francais-bilan-et-perspectives\">Les outils narratologiques pour l\u2019enseignement du fran\u00e7ais&nbsp;: Bilan et perspective<\/a>&nbsp;\u00bb,&nbsp;<em>Transpositio<\/em>, n\u00b0&nbsp;6, en ligne.<\/p>\n","protected":false},"excerpt":{"rendered":"<p>Canvat, Karl (2000), \u00ab&nbsp;Quels savoirs pour l\u2019enseignement de la litt\u00e9rature&nbsp;? R\u00e9flexions et propositions&nbsp;\u00bb, in&nbsp;Enseigner la litt\u00e9rature,&nbsp;Toulouse, Delagrave \/ CRDP, p. 57-72. Denizot, Nathalie (2023), \u00ab&nbsp;L\u2019aventure scolaire de la&hellip;<\/p>\n","protected":false},"author":1002371,"featured_media":0,"parent":0,"menu_order":0,"comment_status":"closed","ping_status":"closed","template":"template-full-width.php","meta":{"_seopress_robots_primary_cat":"","_seopress_titles_title":"","_seopress_titles_desc":"","_seopress_robots_index":"","footnotes":""},"class_list":["post-1853","page","type-page","status-publish","has-post-thumbnail"],"_links":{"self":[{"href":"https:\/\/wp.unil.ch\/dinarr\/wp-json\/wp\/v2\/pages\/1853","targetHints":{"allow":["GET"]}}],"collection":[{"href":"https:\/\/wp.unil.ch\/dinarr\/wp-json\/wp\/v2\/pages"}],"about":[{"href":"https:\/\/wp.unil.ch\/dinarr\/wp-json\/wp\/v2\/types\/page"}],"author":[{"embeddable":true,"href":"https:\/\/wp.unil.ch\/dinarr\/wp-json\/wp\/v2\/users\/1002371"}],"replies":[{"embeddable":true,"href":"https:\/\/wp.unil.ch\/dinarr\/wp-json\/wp\/v2\/comments?post=1853"}],"version-history":[{"count":1,"href":"https:\/\/wp.unil.ch\/dinarr\/wp-json\/wp\/v2\/pages\/1853\/revisions"}],"predecessor-version":[{"id":1854,"href":"https:\/\/wp.unil.ch\/dinarr\/wp-json\/wp\/v2\/pages\/1853\/revisions\/1854"}],"wp:attachment":[{"href":"https:\/\/wp.unil.ch\/dinarr\/wp-json\/wp\/v2\/media?parent=1853"}],"curies":[{"name":"wp","href":"https:\/\/api.w.org\/{rel}","templated":true}]}}