{"id":1848,"date":"2025-01-17T11:01:03","date_gmt":"2025-01-17T10:01:03","guid":{"rendered":"https:\/\/wp.unil.ch\/dinarr\/?page_id=1848"},"modified":"2025-02-21T13:49:53","modified_gmt":"2025-02-21T12:49:53","slug":"modalites-pratiques","status":"publish","type":"page","link":"https:\/\/wp.unil.ch\/dinarr\/modalites-pratiques\/","title":{"rendered":"Modalit\u00e9s pratiques"},"content":{"rendered":"\n<h3 class=\"wp-block-heading\">Frais<\/h3>\n\n\n\n<p>Il n\u2019y a aucun frais d\u2019inscription. Le colloque est enti\u00e8rement financ\u00e9 par le projet de recherche FNS. Les conf\u00e9rences sont ouvertes au public qui souhaiterait y assister. Aucune inscription n\u2019est exig\u00e9e.<\/p>\n\n\n\n<h3 class=\"wp-block-heading\">Lieux<\/h3>\n\n\n\n<p>L\u2019\u00e9v\u00e9nement aura lieu du jeudi 6 au vendredi 7 mars 2025, alternativement sur le campus de l\u2019Universit\u00e9 de Lausanne (dans le b\u00e2timent Villanova) et sur le site de la Haute \u00e9cole p\u00e9dagogique du canton de Vaud (dans le b\u00e2timent C33, salle 720).<\/p>\n\n\n\n<h5 class=\"wp-block-heading\">UNIL \u2013 B\u00e2timent Villanova<\/h5>\n\n\n\n<p>Le b\u00e2timent Villanova est situ\u00e9 sur le campus de l&rsquo;UNIL, quartier Sorge.<\/p>\n\n\n\n<p><strong>Acc\u00e8s en transports publics: M\u00e9tro M1, arr\u00eat \u201cUNIL-Sorge<\/strong>\u201d.<\/p>\n\n\n\n<!-- iframe plugin v.6.0 wordpress.org\/plugins\/iframe\/ -->\n<iframe loading=\"lazy\" src=\"https:\/\/www.google.com\/maps\/embed?pb=!1m18!1m12!1m3!1d2745.3757729313443!2d6.577627800000001!3d46.5204655!2m3!1f0!2f0!3f0!3m2!1i1024!2i768!4f13.1!3m3!1m2!1s0x478c315e255bf305%3A0x76361ad96085ac05!2sUNIL%20-%20Villanova!5e0!3m2!1sfr!2sch!4v1740141403553!5m2!1sfr!2sch\" width=\"50%\" height=\"300\" scrolling=\"yes\" class=\"iframe-class\" frameborder=\"0\"><\/iframe>\n\n\n\n\n<h5 class=\"wp-block-heading\">HEP Vaud<\/h5>\n\n\n\n<p>Le b\u00e2timent de la Haute \u00e9cole p\u00e9dagogique Vaud se situe en ville de Lausanne dans le quartier sous-gare.<\/p>\n\n\n\n<p><strong>Adresse compl\u00e8te:<\/strong> Avenue de Cour 33, 1007 Lausanne<\/p>\n\n\n\n<p><strong>Acc\u00e8s en transports publics: Bus 1, 24 et 25, arr\u00eat \u201cJardin botanique\u201d; M\u00e9tro M2, arr\u00eat \u201cD\u00e9lice<\/strong>\u201d.<\/p>\n\n\n\n<!-- iframe plugin v.6.0 wordpress.org\/plugins\/iframe\/ -->\n<iframe loading=\"lazy\" src=\"https:\/\/www.google.com\/maps\/embed?pb=!1m18!1m12!1m3!1d5491.5053732301785!2d6.618757476575323!3d46.513005671110605!2m3!1f0!2f0!3f0!3m2!1i1024!2i768!4f13.1!3m3!1m2!1s0x478c2fd6a7713dd9%3A0x2d7b88d035b00708!2sHEP%20-%20Haute%20%C3%A9cole%20p%C3%A9dagogique%20du%20canton%20de%20Vaud!5e0!3m2!1sfr!2sch!4v1740141800259!5m2!1sfr!2sch\" width=\"50%\" height=\"300\" scrolling=\"yes\" class=\"iframe-class\" frameborder=\"0\"><\/iframe>\n\n\n\n\n<p><a href=\"https:\/\/g.co\/kgs\/PtPeD29\" target=\"_blank\" rel=\"noreferrer noopener\">B\u00e2timent de la HEP Vaud (Google Maps)<\/a><\/p>\n\n\n\n<h3 class=\"wp-block-heading\">Accueil des participant\u00b7es<\/h3>\n\n\n\n<h4 class=\"wp-block-heading\">Logement<\/h4>\n\n\n\n<p>Les logements des conf\u00e9renciers\u00b7\u00e8res \u00e9trangers\u00b7\u00e8res sont assur\u00e9s sur la base de trois nuits \u00e0 l&rsquo;<a href=\"https:\/\/www.voyageurs.ch\/\" data-type=\"link\" data-id=\"https:\/\/www.voyageurs.ch\/\" target=\"_blank\" rel=\"noreferrer noopener\">H\u00f4tel des Voyageurs<\/a>, du mercredi 5 mars au samedi 8 mars, avec petit d\u00e9jeuner compris. Le comit\u00e9 d\u2019organisation g\u00e8re les r\u00e9servations et le paiement du logement.<\/p>\n\n\n\n<p><a href=\"https:\/\/maps.app.goo.gl\/ozhcULFdyWBmH7956\" data-type=\"link\" data-id=\"https:\/\/maps.app.goo.gl\/ozhcULFdyWBmH7956\" target=\"_blank\" rel=\"noreferrer noopener\">H\u00f4tel des Voyageurs (Google Maps)<\/a><\/p>\n\n\n\n<h4 class=\"wp-block-heading\">Transport&nbsp;<\/h4>\n\n\n\n<p>Les titres de transport des conf\u00e9renciers\u00b7\u00e8res ne r\u00e9sidant pas \u00e0 Lausanne seront rembours\u00e9s sur la base d\u2019un trajet en train au tarif de la seconde classe. Les titres de transport doivent \u00eatre achet\u00e9s \u00e0 l\u2019avance et seront ensuite rembours\u00e9s. Pour le remboursement, il faudra remplir un formulaire et fournir les titres de transport originaux ainsi que les preuves de paiement (relev\u00e9 de carte bancaire). Il s\u2019agira aussi de signer une d\u00e9claration attestant qu\u2019aucune autre institution n\u2019a \u00e9t\u00e9 sollicit\u00e9e pour le remboursement.<\/p>\n\n\n\n<h4 class=\"wp-block-heading\">Repas&nbsp;<\/h4>\n\n\n\n<p>Les repas de midi et les pauses caf\u00e9 sont offerts \u00e0 tous\u00b7tes les conf\u00e9renciers\u00b7\u00e8res, ainsi qu\u2019un repas festif le soir du jeudi 6 mars. Pour ce repas, il est obligatoire de vous inscrire avant le 1<sup>er<\/sup>&nbsp;f\u00e9vrier 2025, en indiquant \u00e9ventuellement vos restrictions alimentaires (v\u00e9g\u00e9tarien, sans gluten, allergies, etc.).<\/p>\n","protected":false},"excerpt":{"rendered":"<p>Frais Il n\u2019y a aucun frais d\u2019inscription. Le colloque est enti\u00e8rement financ\u00e9 par le projet de recherche FNS. Les conf\u00e9rences sont ouvertes au public qui souhaiterait y assister.&hellip;<\/p>\n","protected":false},"author":1002371,"featured_media":0,"parent":0,"menu_order":0,"comment_status":"closed","ping_status":"closed","template":"template-full-width.php","meta":{"_seopress_robots_primary_cat":"","_seopress_titles_title":"","_seopress_titles_desc":"","_seopress_robots_index":"","footnotes":""},"class_list":["post-1848","page","type-page","status-publish","has-post-thumbnail"],"_links":{"self":[{"href":"https:\/\/wp.unil.ch\/dinarr\/wp-json\/wp\/v2\/pages\/1848","targetHints":{"allow":["GET"]}}],"collection":[{"href":"https:\/\/wp.unil.ch\/dinarr\/wp-json\/wp\/v2\/pages"}],"about":[{"href":"https:\/\/wp.unil.ch\/dinarr\/wp-json\/wp\/v2\/types\/page"}],"author":[{"embeddable":true,"href":"https:\/\/wp.unil.ch\/dinarr\/wp-json\/wp\/v2\/users\/1002371"}],"replies":[{"embeddable":true,"href":"https:\/\/wp.unil.ch\/dinarr\/wp-json\/wp\/v2\/comments?post=1848"}],"version-history":[{"count":5,"href":"https:\/\/wp.unil.ch\/dinarr\/wp-json\/wp\/v2\/pages\/1848\/revisions"}],"predecessor-version":[{"id":1984,"href":"https:\/\/wp.unil.ch\/dinarr\/wp-json\/wp\/v2\/pages\/1848\/revisions\/1984"}],"wp:attachment":[{"href":"https:\/\/wp.unil.ch\/dinarr\/wp-json\/wp\/v2\/media?parent=1848"}],"curies":[{"name":"wp","href":"https:\/\/api.w.org\/{rel}","templated":true}]}}